{"id":160932,"date":"2023-02-14T18:14:59","date_gmt":"2023-02-14T17:14:59","guid":{"rendered":"https:\/\/piano-academie.com\/concerts-de-fin-dannee-juin-2023\/"},"modified":"2023-06-06T06:35:31","modified_gmt":"2023-06-06T04:35:31","slug":"concerts-de-fin-dannee-juin-2023","status":"publish","type":"page","link":"https:\/\/piano-academie.com\/en\/concerts-de-fin-dannee-juin-2023\/","title":{"rendered":"Year-end concerts &#8211; June 2023"},"content":{"rendered":"\t\t<div data-elementor-type=\"wp-page\" data-elementor-id=\"160932\" class=\"elementor elementor-160932 elementor-150797\" data-elementor-post-type=\"page\">\n\t\t\t\t\t\t<section class=\"elementor-section elementor-top-section elementor-element elementor-element-932dbad elementor-section-boxed elementor-section-height-default elementor-section-height-default\" data-id=\"932dbad\" data-element_type=\"section\" data-e-type=\"section\" data-settings=\"{&quot;dotlife_ext_is_background_parallax&quot;:&quot;false&quot;}\">\n\t\t\t\t\t\t<div class=\"elementor-container elementor-column-gap-default\">\n\t\t\t\t\t<div class=\"elementor-column elementor-col-100 elementor-top-column elementor-element elementor-element-d75f7c5\" data-id=\"d75f7c5\" data-element_type=\"column\" data-e-type=\"column\" data-settings=\"{&quot;dotlife_ext_is_scrollme&quot;:&quot;false&quot;,&quot;dotlife_ext_is_smoove&quot;:&quot;false&quot;,&quot;dotlife_ext_is_parallax_mouse&quot;:&quot;false&quot;,&quot;dotlife_ext_is_infinite&quot;:&quot;false&quot;,&quot;dotlife_ext_is_fadeout_animation&quot;:&quot;false&quot;}\">\n\t\t\t<div class=\"elementor-widget-wrap elementor-element-populated\">\n\t\t\t\t\t\t<div class=\"elementor-element elementor-element-4d48a68 elementor-widget elementor-widget-heading\" data-id=\"4d48a68\" data-element_type=\"widget\" data-e-type=\"widget\" data-settings=\"{&quot;dotlife_ext_is_scrollme&quot;:&quot;false&quot;,&quot;dotlife_ext_is_smoove&quot;:&quot;false&quot;,&quot;dotlife_ext_is_parallax_mouse&quot;:&quot;false&quot;,&quot;dotlife_ext_is_infinite&quot;:&quot;false&quot;,&quot;dotlife_ext_is_fadeout_animation&quot;:&quot;false&quot;}\" data-widget_type=\"heading.default\">\n\t\t\t\t<div class=\"elementor-widget-container\">\n\t\t\t\t\t<h2 class=\"elementor-heading-title elementor-size-default\">The end-of-year concert at the Th\u00e9\u00e2tre du Ranelagh<\/h2>\t\t\t\t<\/div>\n\t\t\t\t<\/div>\n\t\t\t\t\t<\/div>\n\t\t<\/div>\n\t\t\t\t\t<\/div>\n\t\t<\/section>\n\t\t\t\t<section class=\"elementor-section elementor-top-section elementor-element elementor-element-074c83e elementor-section-boxed elementor-section-height-default elementor-section-height-default\" data-id=\"074c83e\" data-element_type=\"section\" data-e-type=\"section\" data-settings=\"{&quot;dotlife_ext_is_background_parallax&quot;:&quot;false&quot;}\">\n\t\t\t\t\t\t<div class=\"elementor-container elementor-column-gap-default\">\n\t\t\t\t\t<div class=\"elementor-column elementor-col-100 elementor-top-column elementor-element elementor-element-5d6a7ee\" data-id=\"5d6a7ee\" data-element_type=\"column\" data-e-type=\"column\" data-settings=\"{&quot;dotlife_ext_is_scrollme&quot;:&quot;false&quot;,&quot;dotlife_ext_is_smoove&quot;:&quot;false&quot;,&quot;dotlife_ext_is_parallax_mouse&quot;:&quot;false&quot;,&quot;dotlife_ext_is_infinite&quot;:&quot;false&quot;,&quot;dotlife_ext_is_fadeout_animation&quot;:&quot;false&quot;}\">\n\t\t\t<div class=\"elementor-widget-wrap elementor-element-populated\">\n\t\t\t\t\t\t<div class=\"elementor-element elementor-element-c75837f elementor-widget elementor-widget-text-editor\" data-id=\"c75837f\" data-element_type=\"widget\" data-e-type=\"widget\" data-settings=\"{&quot;dotlife_ext_is_scrollme&quot;:&quot;false&quot;,&quot;dotlife_ext_is_smoove&quot;:&quot;false&quot;,&quot;dotlife_ext_is_parallax_mouse&quot;:&quot;false&quot;,&quot;dotlife_ext_is_infinite&quot;:&quot;false&quot;,&quot;dotlife_ext_is_fadeout_animation&quot;:&quot;false&quot;}\" data-widget_type=\"text-editor.default\">\n\t\t\t\t<div class=\"elementor-widget-container\">\n\t\t\t\t\t\t\t\t\t<p>The theme of the end-of-year concert is Chopin. Each student will present a work by Fr\u00e9d\u00e9ric Chopin. Come and cheer them on!<\/p>\n\t\t\t\t\t\t\t\t<\/div>\n\t\t\t\t<\/div>\n\t\t\t\t\t<\/div>\n\t\t<\/div>\n\t\t\t\t\t<\/div>\n\t\t<\/section>\n\t\t\t\t<section class=\"elementor-section elementor-top-section elementor-element elementor-element-228bb1d elementor-section-boxed elementor-section-height-default elementor-section-height-default\" data-id=\"228bb1d\" data-element_type=\"section\" data-e-type=\"section\" data-settings=\"{&quot;dotlife_ext_is_background_parallax&quot;:&quot;false&quot;}\">\n\t\t\t\t\t\t<div class=\"elementor-container elementor-column-gap-default\">\n\t\t\t\t\t<div class=\"elementor-column elementor-col-100 elementor-top-column elementor-element elementor-element-bd98856\" data-id=\"bd98856\" data-element_type=\"column\" data-e-type=\"column\" data-settings=\"{&quot;dotlife_ext_is_scrollme&quot;:&quot;false&quot;,&quot;dotlife_ext_is_smoove&quot;:&quot;false&quot;,&quot;dotlife_ext_is_parallax_mouse&quot;:&quot;false&quot;,&quot;dotlife_ext_is_infinite&quot;:&quot;false&quot;,&quot;dotlife_ext_is_fadeout_animation&quot;:&quot;false&quot;}\">\n\t\t\t<div class=\"elementor-widget-wrap elementor-element-populated\">\n\t\t\t\t\t\t<div class=\"elementor-element elementor-element-327233b elementor-widget elementor-widget-html\" data-id=\"327233b\" data-element_type=\"widget\" data-e-type=\"widget\" data-settings=\"{&quot;dotlife_ext_is_scrollme&quot;:&quot;false&quot;,&quot;dotlife_ext_is_smoove&quot;:&quot;false&quot;,&quot;dotlife_ext_is_parallax_mouse&quot;:&quot;false&quot;,&quot;dotlife_ext_is_infinite&quot;:&quot;false&quot;,&quot;dotlife_ext_is_fadeout_animation&quot;:&quot;false&quot;}\" data-widget_type=\"html.default\">\n\t\t\t\t<div class=\"elementor-widget-container\">\n\t\t\t\t\t<a title=\"Logiciel billetterie en ligne\" href=\"https:\/\/weezevent.com\/?c=sys_widget\" class=\"weezevent-widget-integration\" data-src=\"https:\/\/widget.weezevent.com\/ticket\/E947516\/?code=34572&amp;locale=fr-FR&amp;width_auto=1&amp;color_primary=efbb00\" data-width=\"650\" data-height=\"600\" data-id=\"947516\" data-resize=\"1\" data-width_auto=\"1\" data-noscroll=\"0\" data-use-container=\"yes\" data-type=\"neo\" target=\"_blank\" rel=\"noopener\">Weezevent box office<\/a>\r\n<script type=\"text\/javascript\" src=\"https:\/\/widget.weezevent.com\/weez.js\"><\/script>\t\t\t\t<\/div>\n\t\t\t\t<\/div>\n\t\t\t\t\t<\/div>\n\t\t<\/div>\n\t\t\t\t\t<\/div>\n\t\t<\/section>\n\t\t\t\t<\/div>\n\t\t","protected":false},"excerpt":{"rendered":"<p>The end-of-year concert at the Th\u00e9\u00e2tre du Ranelagh The theme of the end-of-year concert is Chopin. Each student will present a work by Fr\u00e9d\u00e9ric Chopin. Come and cheer them on! Weezevent box office<\/p>\n","protected":false},"author":1,"featured_media":150799,"parent":0,"menu_order":0,"comment_status":"closed","ping_status":"closed","template":"","meta":{"_acf_changed":false,"_bbp_topic_count":0,"_bbp_reply_count":0,"_bbp_total_topic_count":0,"_bbp_total_reply_count":0,"_bbp_voice_count":0,"_bbp_anonymous_reply_count":0,"_bbp_topic_count_hidden":0,"_bbp_reply_count_hidden":0,"_bbp_forum_subforum_count":0,"footnotes":""},"categories":[],"tags":[],"class_list":["post-160932","page","type-page","status-publish","has-post-thumbnail","hentry"],"acf":[],"_links":{"self":[{"href":"https:\/\/piano-academie.com\/en\/wp-json\/wp\/v2\/pages\/160932","targetHints":{"allow":["GET"]}}],"collection":[{"href":"https:\/\/piano-academie.com\/en\/wp-json\/wp\/v2\/pages"}],"about":[{"href":"https:\/\/piano-academie.com\/en\/wp-json\/wp\/v2\/types\/page"}],"author":[{"embeddable":true,"href":"https:\/\/piano-academie.com\/en\/wp-json\/wp\/v2\/users\/1"}],"replies":[{"embeddable":true,"href":"https:\/\/piano-academie.com\/en\/wp-json\/wp\/v2\/comments?post=160932"}],"version-history":[{"count":0,"href":"https:\/\/piano-academie.com\/en\/wp-json\/wp\/v2\/pages\/160932\/revisions"}],"wp:featuredmedia":[{"embeddable":true,"href":"https:\/\/piano-academie.com\/en\/wp-json\/wp\/v2\/media\/150799"}],"wp:attachment":[{"href":"https:\/\/piano-academie.com\/en\/wp-json\/wp\/v2\/media?parent=160932"}],"wp:term":[{"taxonomy":"category","embeddable":true,"href":"https:\/\/piano-academie.com\/en\/wp-json\/wp\/v2\/categories?post=160932"},{"taxonomy":"post_tag","embeddable":true,"href":"https:\/\/piano-academie.com\/en\/wp-json\/wp\/v2\/tags?post=160932"}],"curies":[{"name":"wp","href":"https:\/\/api.w.org\/{rel}","templated":true}]}}