{"id":170825,"date":"2023-12-04T18:48:48","date_gmt":"2023-12-04T17:48:48","guid":{"rendered":"https:\/\/piano-academie.com\/?page_id=170825"},"modified":"2023-12-04T19:24:24","modified_gmt":"2023-12-04T18:24:24","slug":"le-chant-gregorien-aux-origines-de-la-musique-occidentale","status":"publish","type":"page","link":"https:\/\/piano-academie.com\/en\/le-chant-gregorien-aux-origines-de-la-musique-occidentale\/","title":{"rendered":"Le Chant gr\u00e9gorien, aux origines de la musique occidentale"},"content":{"rendered":"\t\t<div data-elementor-type=\"wp-page\" data-elementor-id=\"170825\" class=\"elementor elementor-170825\" data-elementor-post-type=\"page\">\n\t\t\t\t\t\t<section class=\"elementor-section elementor-top-section elementor-element elementor-element-7d23e29 elementor-section-boxed elementor-section-height-default elementor-section-height-default\" data-id=\"7d23e29\" data-element_type=\"section\" data-settings=\"{&quot;dotlife_ext_is_background_parallax&quot;:&quot;false&quot;}\">\n\t\t\t\t\t\t<div class=\"elementor-container elementor-column-gap-default\">\n\t\t\t\t\t<div class=\"elementor-column elementor-col-100 elementor-top-column elementor-element elementor-element-8d082d9\" data-id=\"8d082d9\" data-element_type=\"column\" data-settings=\"{&quot;dotlife_ext_is_scrollme&quot;:&quot;false&quot;,&quot;dotlife_ext_is_smoove&quot;:&quot;false&quot;,&quot;dotlife_ext_is_parallax_mouse&quot;:&quot;false&quot;,&quot;dotlife_ext_is_infinite&quot;:&quot;false&quot;,&quot;dotlife_ext_is_fadeout_animation&quot;:&quot;false&quot;}\">\n\t\t\t<div class=\"elementor-widget-wrap elementor-element-populated\">\n\t\t\t\t\t\t<div class=\"elementor-element elementor-element-d983569 elementor-widget elementor-widget-heading\" data-id=\"d983569\" data-element_type=\"widget\" data-settings=\"{&quot;dotlife_ext_is_scrollme&quot;:&quot;false&quot;,&quot;dotlife_ext_is_smoove&quot;:&quot;false&quot;,&quot;dotlife_ext_is_parallax_mouse&quot;:&quot;false&quot;,&quot;dotlife_ext_is_infinite&quot;:&quot;false&quot;,&quot;dotlife_ext_is_fadeout_animation&quot;:&quot;false&quot;}\" data-widget_type=\"heading.default\">\n\t\t\t\t<div class=\"elementor-widget-container\">\n\t\t\t\t\t<h2 class=\"elementor-heading-title elementor-size-default\">Conf\u00e9rence du jeudi 14 d\u00e9cembre 2023 - Sylvain Dieudonn\u00e9<\/h2>\t\t\t\t<\/div>\n\t\t\t\t<\/div>\n\t\t\t\t\t<\/div>\n\t\t<\/div>\n\t\t\t\t\t<\/div>\n\t\t<\/section>\n\t\t\t\t<section class=\"elementor-section elementor-top-section elementor-element elementor-element-f320db6 elementor-section-boxed elementor-section-height-default elementor-section-height-default\" data-id=\"f320db6\" data-element_type=\"section\" data-settings=\"{&quot;dotlife_ext_is_background_parallax&quot;:&quot;false&quot;}\">\n\t\t\t\t\t\t<div class=\"elementor-container elementor-column-gap-default\">\n\t\t\t\t\t<div class=\"elementor-column elementor-col-50 elementor-top-column elementor-element elementor-element-21220f2\" data-id=\"21220f2\" data-element_type=\"column\" data-settings=\"{&quot;dotlife_ext_is_scrollme&quot;:&quot;false&quot;,&quot;dotlife_ext_is_smoove&quot;:&quot;false&quot;,&quot;dotlife_ext_is_parallax_mouse&quot;:&quot;false&quot;,&quot;dotlife_ext_is_infinite&quot;:&quot;false&quot;,&quot;dotlife_ext_is_fadeout_animation&quot;:&quot;false&quot;}\">\n\t\t\t<div class=\"elementor-widget-wrap elementor-element-populated\">\n\t\t\t\t\t\t<div class=\"elementor-element elementor-element-468bc82 elementor-widget elementor-widget-text-editor\" data-id=\"468bc82\" data-element_type=\"widget\" data-settings=\"{&quot;dotlife_ext_is_scrollme&quot;:&quot;false&quot;,&quot;dotlife_ext_is_smoove&quot;:&quot;false&quot;,&quot;dotlife_ext_is_parallax_mouse&quot;:&quot;false&quot;,&quot;dotlife_ext_is_infinite&quot;:&quot;false&quot;,&quot;dotlife_ext_is_fadeout_animation&quot;:&quot;false&quot;}\" data-widget_type=\"text-editor.default\">\n\t\t\t\t<div class=\"elementor-widget-container\">\n\t\t\t\t\t\t\t\t\t<div class=\"\">Le Chant gr\u00e9gorien est \u00e0 l\u2019origine de la musique et de la pens\u00e9e musicale occidentale. Cette conf\u00e9rence nous permettra de d\u00e9couvrir ce riche r\u00e9pertoire monodique qui s\u2019est forg\u00e9 au cours des si\u00e8cles au service de la Parole de la\u00a0Bible. Nous aborderons ainsi les premi\u00e8res formes musicales, mais \u00e9galement les premi\u00e8res notations musicales, et d\u00e9couvrirons comment ce chant \u00ab\u00a0traditionnel\u00a0\u00bb, et de tradition orale\u00a0\u00bb, est devenu, au temps de Charlemagne, un chant v\u00e9ritablement compos\u00e9 au sens moderne du mot.<\/div>\t\t\t\t\t\t\t\t<\/div>\n\t\t\t\t<\/div>\n\t\t\t\t\t<\/div>\n\t\t<\/div>\n\t\t\t\t<div class=\"elementor-column elementor-col-50 elementor-top-column elementor-element elementor-element-b5bad34\" data-id=\"b5bad34\" data-element_type=\"column\" data-settings=\"{&quot;dotlife_ext_is_scrollme&quot;:&quot;false&quot;,&quot;dotlife_ext_is_smoove&quot;:&quot;false&quot;,&quot;dotlife_ext_is_parallax_mouse&quot;:&quot;false&quot;,&quot;dotlife_ext_is_infinite&quot;:&quot;false&quot;,&quot;dotlife_ext_is_fadeout_animation&quot;:&quot;false&quot;}\">\n\t\t\t<div class=\"elementor-widget-wrap elementor-element-populated\">\n\t\t\t\t\t\t<div class=\"elementor-element elementor-element-7aeb16e elementor-widget elementor-widget-image\" data-id=\"7aeb16e\" data-element_type=\"widget\" data-settings=\"{&quot;dotlife_image_is_animation&quot;:&quot;false&quot;,&quot;dotlife_ext_is_scrollme&quot;:&quot;false&quot;,&quot;dotlife_ext_is_smoove&quot;:&quot;false&quot;,&quot;dotlife_ext_is_parallax_mouse&quot;:&quot;false&quot;,&quot;dotlife_ext_is_infinite&quot;:&quot;false&quot;,&quot;dotlife_ext_is_fadeout_animation&quot;:&quot;false&quot;}\" data-widget_type=\"image.default\">\n\t\t\t\t<div class=\"elementor-widget-container\">\n\t\t\t\t\t\t\t\t\t\t\t\t\t\t\t<img fetchpriority=\"high\" decoding=\"async\" width=\"827\" height=\"827\" src=\"https:\/\/piano-academie.com\/wp-content\/uploads\/2023\/12\/Jeudi-12-Octobre-20H-1-rue-de-Richelieu-75001.jpg\" class=\"attachment-large size-large wp-image-170838\" alt=\"\" srcset=\"https:\/\/piano-academie.com\/wp-content\/uploads\/2023\/12\/Jeudi-12-Octobre-20H-1-rue-de-Richelieu-75001.jpg 827w, https:\/\/piano-academie.com\/wp-content\/uploads\/2023\/12\/Jeudi-12-Octobre-20H-1-rue-de-Richelieu-75001-300x300.jpg 300w, https:\/\/piano-academie.com\/wp-content\/uploads\/2023\/12\/Jeudi-12-Octobre-20H-1-rue-de-Richelieu-75001-150x150.jpg 150w, https:\/\/piano-academie.com\/wp-content\/uploads\/2023\/12\/Jeudi-12-Octobre-20H-1-rue-de-Richelieu-75001-768x768.jpg 768w, https:\/\/piano-academie.com\/wp-content\/uploads\/2023\/12\/Jeudi-12-Octobre-20H-1-rue-de-Richelieu-75001-440x440.jpg 440w, https:\/\/piano-academie.com\/wp-content\/uploads\/2023\/12\/Jeudi-12-Octobre-20H-1-rue-de-Richelieu-75001-610x610.jpg 610w, https:\/\/piano-academie.com\/wp-content\/uploads\/2023\/12\/Jeudi-12-Octobre-20H-1-rue-de-Richelieu-75001-500x500.jpg 500w, https:\/\/piano-academie.com\/wp-content\/uploads\/2023\/12\/Jeudi-12-Octobre-20H-1-rue-de-Richelieu-75001-100x100.jpg 100w\" sizes=\"(max-width: 827px) 100vw, 827px\" \/>\t\t\t\t\t\t\t\t\t\t\t\t\t\t\t<\/div>\n\t\t\t\t<\/div>\n\t\t\t\t\t<\/div>\n\t\t<\/div>\n\t\t\t\t\t<\/div>\n\t\t<\/section>\n\t\t\t\t<section class=\"elementor-section elementor-top-section elementor-element elementor-element-e38ff7f elementor-section-boxed elementor-section-height-default elementor-section-height-default\" data-id=\"e38ff7f\" data-element_type=\"section\" data-settings=\"{&quot;dotlife_ext_is_background_parallax&quot;:&quot;false&quot;}\">\n\t\t\t\t\t\t<div class=\"elementor-container elementor-column-gap-default\">\n\t\t\t\t\t<div class=\"elementor-column elementor-col-50 elementor-top-column elementor-element elementor-element-775b515\" data-id=\"775b515\" data-element_type=\"column\" data-settings=\"{&quot;dotlife_ext_is_scrollme&quot;:&quot;false&quot;,&quot;dotlife_ext_is_smoove&quot;:&quot;false&quot;,&quot;dotlife_ext_is_parallax_mouse&quot;:&quot;false&quot;,&quot;dotlife_ext_is_infinite&quot;:&quot;false&quot;,&quot;dotlife_ext_is_fadeout_animation&quot;:&quot;false&quot;}\">\n\t\t\t<div class=\"elementor-widget-wrap elementor-element-populated\">\n\t\t\t\t\t\t<div class=\"elementor-element elementor-element-6afa324 elementor-widget__width-initial elementor-widget elementor-widget-image\" data-id=\"6afa324\" data-element_type=\"widget\" data-settings=\"{&quot;dotlife_image_is_animation&quot;:&quot;false&quot;,&quot;dotlife_ext_is_scrollme&quot;:&quot;false&quot;,&quot;dotlife_ext_is_smoove&quot;:&quot;false&quot;,&quot;dotlife_ext_is_parallax_mouse&quot;:&quot;false&quot;,&quot;dotlife_ext_is_infinite&quot;:&quot;false&quot;,&quot;dotlife_ext_is_fadeout_animation&quot;:&quot;false&quot;}\" data-widget_type=\"image.default\">\n\t\t\t\t<div class=\"elementor-widget-container\">\n\t\t\t\t\t\t\t\t\t\t\t\t\t\t\t<img decoding=\"async\" width=\"200\" height=\"300\" src=\"https:\/\/piano-academie.com\/wp-content\/uploads\/2023\/12\/Gregorien-200x300.jpg\" class=\"attachment-medium size-medium wp-image-170829\" alt=\"\" srcset=\"https:\/\/piano-academie.com\/wp-content\/uploads\/2023\/12\/Gregorien-200x300.jpg 200w, https:\/\/piano-academie.com\/wp-content\/uploads\/2023\/12\/Gregorien-683x1024.jpg 683w, https:\/\/piano-academie.com\/wp-content\/uploads\/2023\/12\/Gregorien-768x1152.jpg 768w, https:\/\/piano-academie.com\/wp-content\/uploads\/2023\/12\/Gregorien-1024x1536.jpg 1024w, https:\/\/piano-academie.com\/wp-content\/uploads\/2023\/12\/Gregorien-1365x2048.jpg 1365w, https:\/\/piano-academie.com\/wp-content\/uploads\/2023\/12\/Gregorien-440x660.jpg 440w, https:\/\/piano-academie.com\/wp-content\/uploads\/2023\/12\/Gregorien-1000x1500.jpg 1000w, https:\/\/piano-academie.com\/wp-content\/uploads\/2023\/12\/Gregorien-scaled.jpg 1707w\" sizes=\"(max-width: 200px) 100vw, 200px\" \/>\t\t\t\t\t\t\t\t\t\t\t\t\t\t\t<\/div>\n\t\t\t\t<\/div>\n\t\t\t\t\t<\/div>\n\t\t<\/div>\n\t\t\t\t<div class=\"elementor-column elementor-col-50 elementor-top-column elementor-element elementor-element-b53294c\" data-id=\"b53294c\" data-element_type=\"column\" data-settings=\"{&quot;dotlife_ext_is_scrollme&quot;:&quot;false&quot;,&quot;dotlife_ext_is_smoove&quot;:&quot;false&quot;,&quot;dotlife_ext_is_parallax_mouse&quot;:&quot;false&quot;,&quot;dotlife_ext_is_infinite&quot;:&quot;false&quot;,&quot;dotlife_ext_is_fadeout_animation&quot;:&quot;false&quot;}\">\n\t\t\t<div class=\"elementor-widget-wrap elementor-element-populated\">\n\t\t\t\t\t\t<div class=\"elementor-element elementor-element-6a7314c elementor-widget elementor-widget-heading\" data-id=\"6a7314c\" data-element_type=\"widget\" data-settings=\"{&quot;dotlife_ext_is_scrollme&quot;:&quot;false&quot;,&quot;dotlife_ext_is_smoove&quot;:&quot;false&quot;,&quot;dotlife_ext_is_parallax_mouse&quot;:&quot;false&quot;,&quot;dotlife_ext_is_infinite&quot;:&quot;false&quot;,&quot;dotlife_ext_is_fadeout_animation&quot;:&quot;false&quot;}\" data-widget_type=\"heading.default\">\n\t\t\t\t<div class=\"elementor-widget-container\">\n\t\t\t\t\t<h3 class=\"elementor-heading-title elementor-size-default\">Sylvain Dieudonn\u00e9<\/h3>\t\t\t\t<\/div>\n\t\t\t\t<\/div>\n\t\t\t\t<div class=\"elementor-element elementor-element-1d6c282 elementor-widget elementor-widget-text-editor\" data-id=\"1d6c282\" data-element_type=\"widget\" data-settings=\"{&quot;dotlife_ext_is_scrollme&quot;:&quot;false&quot;,&quot;dotlife_ext_is_smoove&quot;:&quot;false&quot;,&quot;dotlife_ext_is_parallax_mouse&quot;:&quot;false&quot;,&quot;dotlife_ext_is_infinite&quot;:&quot;false&quot;,&quot;dotlife_ext_is_fadeout_animation&quot;:&quot;false&quot;}\" data-widget_type=\"text-editor.default\">\n\t\t\t\t<div class=\"elementor-widget-container\">\n\t\t\t\t\t\t\t\t\t<p>Chef de ch\u0153ur et responsable du d\u00e9partement \u00ab Chant gr\u00e9gorien et Musiques m\u00e9di\u00e9vales \u00bb au sein de la Ma\u00eetrise Notre-Dame de Paris (Musique Sacr\u00e9e \u00e0 Notre-Dame de Paris), entre 1994 et 2020.<br class=\"\" \/>Directeur artistique de l\u2019Ensemble P\u00e9rotin le Grand.<br class=\"\" \/>Professeur de Chant gr\u00e9gorien au Conservatoire National Sup\u00e9rieur de Musique et de Danse de Paris.<\/p>\t\t\t\t\t\t\t\t<\/div>\n\t\t\t\t<\/div>\n\t\t\t\t\t<\/div>\n\t\t<\/div>\n\t\t\t\t\t<\/div>\n\t\t<\/section>\n\t\t\t\t<section class=\"elementor-section elementor-top-section elementor-element elementor-element-bb94d8d elementor-section-boxed elementor-section-height-default elementor-section-height-default\" data-id=\"bb94d8d\" data-element_type=\"section\" data-settings=\"{&quot;dotlife_ext_is_background_parallax&quot;:&quot;false&quot;}\">\n\t\t\t\t\t\t<div class=\"elementor-container elementor-column-gap-default\">\n\t\t\t\t\t<div class=\"elementor-column elementor-col-100 elementor-top-column elementor-element elementor-element-b226ffd\" data-id=\"b226ffd\" data-element_type=\"column\" data-settings=\"{&quot;dotlife_ext_is_scrollme&quot;:&quot;false&quot;,&quot;dotlife_ext_is_smoove&quot;:&quot;false&quot;,&quot;dotlife_ext_is_parallax_mouse&quot;:&quot;false&quot;,&quot;dotlife_ext_is_infinite&quot;:&quot;false&quot;,&quot;dotlife_ext_is_fadeout_animation&quot;:&quot;false&quot;}\">\n\t\t\t<div class=\"elementor-widget-wrap elementor-element-populated\">\n\t\t\t\t\t\t<div class=\"elementor-element elementor-element-f4122d3 elementor-widget elementor-widget-html\" data-id=\"f4122d3\" data-element_type=\"widget\" data-settings=\"{&quot;dotlife_ext_is_scrollme&quot;:&quot;false&quot;,&quot;dotlife_ext_is_smoove&quot;:&quot;false&quot;,&quot;dotlife_ext_is_parallax_mouse&quot;:&quot;false&quot;,&quot;dotlife_ext_is_infinite&quot;:&quot;false&quot;,&quot;dotlife_ext_is_fadeout_animation&quot;:&quot;false&quot;}\" data-widget_type=\"html.default\">\n\t\t\t\t<div class=\"elementor-widget-container\">\n\t\t\t\t\t<a title=\"Logiciel billetterie en ligne\" href=\"https:\/\/weezevent.com\/?c=sys_widget\" class=\"weezevent-widget-integration\" data-src=\"https:\/\/widget.weezevent.com\/ticket\/E1069484\/?code=74170&amp;locale=fr-FR&amp;width_auto=1&amp;color_primary=efac00\" data-width=\"650\" data-height=\"600\" data-id=\"1069484\" data-resize=\"1\" data-width_auto=\"1\" data-noscroll=\"0\" data-use-container=\"yes\" data-type=\"neo\" target=\"_blank\" rel=\"noopener\">Billetterie Weezevent<\/a>\n<script type=\"text\/javascript\" src=\"https:\/\/widget.weezevent.com\/weez.js\"><\/script>\t\t\t\t<\/div>\n\t\t\t\t<\/div>\n\t\t\t\t\t<\/div>\n\t\t<\/div>\n\t\t\t\t\t<\/div>\n\t\t<\/section>\n\t\t\t\t<\/div>\n\t\t","protected":false},"excerpt":{"rendered":"<p>Conf\u00e9rence du jeudi 14 d\u00e9cembre 2023 &#8211; Sylvain Dieudonn\u00e9 Le Chant gr\u00e9gorien est \u00e0 l\u2019origine de la musique et de la pens\u00e9e musicale occidentale. Cette conf\u00e9rence nous permettra de d\u00e9couvrir ce riche r\u00e9pertoire monodique qui s\u2019est forg\u00e9 au cours des [&hellip;]<\/p>\n","protected":false},"author":1,"featured_media":0,"parent":0,"menu_order":0,"comment_status":"closed","ping_status":"closed","template":"","meta":{"_acf_changed":false,"_bbp_topic_count":0,"_bbp_reply_count":0,"_bbp_total_topic_count":0,"_bbp_total_reply_count":0,"_bbp_voice_count":0,"_bbp_anonymous_reply_count":0,"_bbp_topic_count_hidden":0,"_bbp_reply_count_hidden":0,"_bbp_forum_subforum_count":0,"footnotes":""},"categories":[],"tags":[],"class_list":["post-170825","page","type-page","status-publish","hentry"],"acf":[],"_links":{"self":[{"href":"https:\/\/piano-academie.com\/en\/wp-json\/wp\/v2\/pages\/170825","targetHints":{"allow":["GET"]}}],"collection":[{"href":"https:\/\/piano-academie.com\/en\/wp-json\/wp\/v2\/pages"}],"about":[{"href":"https:\/\/piano-academie.com\/en\/wp-json\/wp\/v2\/types\/page"}],"author":[{"embeddable":true,"href":"https:\/\/piano-academie.com\/en\/wp-json\/wp\/v2\/users\/1"}],"replies":[{"embeddable":true,"href":"https:\/\/piano-academie.com\/en\/wp-json\/wp\/v2\/comments?post=170825"}],"version-history":[{"count":0,"href":"https:\/\/piano-academie.com\/en\/wp-json\/wp\/v2\/pages\/170825\/revisions"}],"wp:attachment":[{"href":"https:\/\/piano-academie.com\/en\/wp-json\/wp\/v2\/media?parent=170825"}],"wp:term":[{"taxonomy":"category","embeddable":true,"href":"https:\/\/piano-academie.com\/en\/wp-json\/wp\/v2\/categories?post=170825"},{"taxonomy":"post_tag","embeddable":true,"href":"https:\/\/piano-academie.com\/en\/wp-json\/wp\/v2\/tags?post=170825"}],"curies":[{"name":"wp","href":"https:\/\/api.w.org\/{rel}","templated":true}]}}