{"id":180783,"date":"2024-03-14T12:52:14","date_gmt":"2024-03-14T11:52:14","guid":{"rendered":"https:\/\/piano-academie.com\/presentation\/biographie-mi-young-lee\/philosophie-copy\/"},"modified":"2024-03-14T13:05:29","modified_gmt":"2024-03-14T12:05:29","slug":"philosophie-copy","status":"publish","type":"page","link":"https:\/\/piano-academie.com\/en\/barleduc\/presentation-generale-de-bar-le-duc\/biographie-mi-young-lee-2\/philosophie-copy\/","title":{"rendered":"Philosophie &#8211; Bar-le-Duc"},"content":{"rendered":"\t\t<div data-elementor-type=\"wp-page\" data-elementor-id=\"180783\" class=\"elementor elementor-180783\" data-elementor-post-type=\"page\">\n\t\t\t\t\t\t<section class=\"elementor-section elementor-top-section elementor-element elementor-element-2f5e3233 elementor-section-content-middle elementor-section-boxed elementor-section-height-default elementor-section-height-default\" data-id=\"2f5e3233\" data-element_type=\"section\" data-e-type=\"section\" data-settings=\"{&quot;background_background&quot;:&quot;classic&quot;,&quot;dotlife_ext_is_background_parallax&quot;:&quot;false&quot;}\">\n\t\t\t\t\t\t<div class=\"elementor-container elementor-column-gap-no\">\n\t\t\t\t\t<div class=\"elementor-column elementor-col-50 elementor-top-column elementor-element elementor-element-532bcc1b\" data-id=\"532bcc1b\" data-element_type=\"column\" data-e-type=\"column\" data-settings=\"{&quot;dotlife_ext_is_scrollme&quot;:&quot;false&quot;,&quot;dotlife_ext_is_smoove&quot;:&quot;false&quot;,&quot;dotlife_ext_is_parallax_mouse&quot;:&quot;false&quot;,&quot;dotlife_ext_is_infinite&quot;:&quot;false&quot;,&quot;dotlife_ext_is_fadeout_animation&quot;:&quot;false&quot;}\">\n\t\t\t<div class=\"elementor-widget-wrap elementor-element-populated\">\n\t\t\t\t\t\t<div class=\"elementor-element elementor-element-8800e0e elementor-widget elementor-widget-image\" data-id=\"8800e0e\" data-element_type=\"widget\" data-e-type=\"widget\" data-settings=\"{&quot;dotlife_image_is_animation&quot;:&quot;false&quot;,&quot;dotlife_ext_is_scrollme&quot;:&quot;false&quot;,&quot;dotlife_ext_is_smoove&quot;:&quot;false&quot;,&quot;dotlife_ext_is_parallax_mouse&quot;:&quot;false&quot;,&quot;dotlife_ext_is_infinite&quot;:&quot;false&quot;,&quot;dotlife_ext_is_fadeout_animation&quot;:&quot;false&quot;}\" data-widget_type=\"image.default\">\n\t\t\t\t<div class=\"elementor-widget-container\">\n\t\t\t\t\t\t\t\t\t\t\t\t\t\t\t<img fetchpriority=\"high\" decoding=\"async\" width=\"1001\" height=\"1500\" src=\"https:\/\/piano-academie.com\/wp-content\/uploads\/2020\/04\/IP3GIRMIYOUNG046.jpg\" class=\"attachment-full size-full wp-image-12461\" alt=\"\" srcset=\"https:\/\/piano-academie.com\/wp-content\/uploads\/2020\/04\/IP3GIRMIYOUNG046.jpg 1001w, https:\/\/piano-academie.com\/wp-content\/uploads\/2020\/04\/IP3GIRMIYOUNG046-937x1404.jpg 937w, https:\/\/piano-academie.com\/wp-content\/uploads\/2020\/04\/IP3GIRMIYOUNG046-200x300.jpg 200w, https:\/\/piano-academie.com\/wp-content\/uploads\/2020\/04\/IP3GIRMIYOUNG046-683x1024.jpg 683w, https:\/\/piano-academie.com\/wp-content\/uploads\/2020\/04\/IP3GIRMIYOUNG046-768x1151.jpg 768w, https:\/\/piano-academie.com\/wp-content\/uploads\/2020\/04\/IP3GIRMIYOUNG046-440x659.jpg 440w, https:\/\/piano-academie.com\/wp-content\/uploads\/2020\/04\/IP3GIRMIYOUNG046-150x225.jpg 150w\" sizes=\"(max-width: 1001px) 100vw, 1001px\" \/>\t\t\t\t\t\t\t\t\t\t\t\t\t\t\t<\/div>\n\t\t\t\t<\/div>\n\t\t\t\t\t<\/div>\n\t\t<\/div>\n\t\t\t\t<div class=\"elementor-column elementor-col-50 elementor-top-column elementor-element elementor-element-65c9b39f\" data-id=\"65c9b39f\" data-element_type=\"column\" data-e-type=\"column\" data-settings=\"{&quot;dotlife_ext_is_scrollme&quot;:&quot;false&quot;,&quot;dotlife_ext_is_smoove&quot;:&quot;false&quot;,&quot;dotlife_ext_is_parallax_mouse&quot;:&quot;false&quot;,&quot;dotlife_ext_is_infinite&quot;:&quot;false&quot;,&quot;dotlife_ext_is_fadeout_animation&quot;:&quot;false&quot;}\">\n\t\t\t<div class=\"elementor-widget-wrap elementor-element-populated\">\n\t\t\t\t\t\t<div class=\"elementor-element elementor-element-1c50de41 elementor-view-default elementor-widget elementor-widget-icon\" data-id=\"1c50de41\" data-element_type=\"widget\" data-e-type=\"widget\" data-settings=\"{&quot;dotlife_ext_is_scrollme&quot;:&quot;false&quot;,&quot;dotlife_ext_is_smoove&quot;:&quot;false&quot;,&quot;dotlife_ext_is_parallax_mouse&quot;:&quot;false&quot;,&quot;dotlife_ext_is_infinite&quot;:&quot;false&quot;,&quot;dotlife_ext_is_fadeout_animation&quot;:&quot;false&quot;}\" data-widget_type=\"icon.default\">\n\t\t\t\t<div class=\"elementor-widget-container\">\n\t\t\t\t\t\t\t<div class=\"elementor-icon-wrapper\">\n\t\t\t<div class=\"elementor-icon\">\n\t\t\t\t\t\t\t<i class=\"fa fa-quote-left\" aria-hidden=\"true\"><\/i>\n\t\t\t\t\t\t<\/div>\n\t\t<\/div>\n\t\t\t\t\t\t<\/div>\n\t\t\t\t<\/div>\n\t\t\t\t<div class=\"elementor-element elementor-element-35d6970d elementor-widget elementor-widget-text-editor\" data-id=\"35d6970d\" data-element_type=\"widget\" data-e-type=\"widget\" data-settings=\"{&quot;dotlife_ext_is_scrollme&quot;:&quot;false&quot;,&quot;dotlife_ext_is_smoove&quot;:&quot;false&quot;,&quot;dotlife_ext_is_parallax_mouse&quot;:&quot;false&quot;,&quot;dotlife_ext_is_infinite&quot;:&quot;false&quot;,&quot;dotlife_ext_is_fadeout_animation&quot;:&quot;false&quot;}\" data-widget_type=\"text-editor.default\">\n\t\t\t\t<div class=\"elementor-widget-container\">\n\t\t\t\t\t\t\t\t\t<header><h1 class=\"title\"><span style=\"font-size: 16px;\">Que doit \u00eatre un pianiste aujourd\u2019hui\u00a0?<\/span><\/h1><\/header><section class=\"entry\"><div class=\"vc_row wpb_row vc_row-fluid\"><div class=\"wpb_column vc_column_container vc_col-sm-12\"><div class=\"vc_column-inner \"><div class=\"wpb_wrapper\"><div class=\"wpb_text_column wpb_content_element \"><div class=\"wpb_wrapper\"><p>On dit souvent que les pianistes asiatiques sont trop techniques.\u00a0 Je pense que c\u2019est parfois vrai mais pas seulement les pianistes asiatiques ! Pour moi, la question essentielle est avant toute chose de savoir pourquoi on fait de la musique. Et ma r\u00e9ponse tient en un mot : la puret\u00e9.<\/p><p>Pour atteindre cette puret\u00e9 de la musique, j\u2019ai choisi de travailler avec Theodor Breu, un pianiste exceptionnel capable de produire de tels moments d\u2019\u00e9motions. Le travail sur la sonorit\u00e9 est, \u00e0 mes yeux, le s\u00e9same de cette puret\u00e9.. Je suis convaincue qu\u2019une belle for\u00eat est construite d\u2019arbres en bonne sant\u00e9. Si le pianiste arrive \u00e0 ma\u00eetriser la sonorit\u00e9 de son interpr\u00e9tation, sa coloration musicale, alors, on peut tout faire\u00a0! Pour moi, c\u2019est le pianiste qui doit construire le son et non l\u2019inverse.<\/p><\/div><\/div><\/div><\/div><\/div><\/div><\/section>\t\t\t\t\t\t\t\t<\/div>\n\t\t\t\t<\/div>\n\t\t\t\t<div class=\"elementor-element elementor-element-2426b198 elementor-widget elementor-widget-heading\" data-id=\"2426b198\" data-element_type=\"widget\" data-e-type=\"widget\" data-settings=\"{&quot;dotlife_ext_is_scrollme&quot;:&quot;false&quot;,&quot;dotlife_ext_is_smoove&quot;:&quot;false&quot;,&quot;dotlife_ext_is_parallax_mouse&quot;:&quot;false&quot;,&quot;dotlife_ext_is_infinite&quot;:&quot;false&quot;,&quot;dotlife_ext_is_fadeout_animation&quot;:&quot;false&quot;}\" data-widget_type=\"heading.default\">\n\t\t\t\t<div class=\"elementor-widget-container\">\n\t\t\t\t\t<h2 class=\"elementor-heading-title elementor-size-default\">Mi-Young LEE<\/h2>\t\t\t\t<\/div>\n\t\t\t\t<\/div>\n\t\t\t\t\t<\/div>\n\t\t<\/div>\n\t\t\t\t\t<\/div>\n\t\t<\/section>\n\t\t\t\t<section class=\"elementor-section elementor-top-section elementor-element elementor-element-fb6e319 elementor-section-boxed elementor-section-height-default elementor-section-height-default\" data-id=\"fb6e319\" data-element_type=\"section\" data-e-type=\"section\" data-settings=\"{&quot;dotlife_ext_is_background_parallax&quot;:&quot;false&quot;}\">\n\t\t\t\t\t\t<div class=\"elementor-container elementor-column-gap-default\">\n\t\t\t\t\t<div class=\"elementor-column elementor-col-100 elementor-top-column elementor-element elementor-element-1952c15\" data-id=\"1952c15\" data-element_type=\"column\" data-e-type=\"column\" data-settings=\"{&quot;dotlife_ext_is_scrollme&quot;:&quot;false&quot;,&quot;dotlife_ext_is_smoove&quot;:&quot;false&quot;,&quot;dotlife_ext_is_parallax_mouse&quot;:&quot;false&quot;,&quot;dotlife_ext_is_infinite&quot;:&quot;false&quot;,&quot;dotlife_ext_is_fadeout_animation&quot;:&quot;false&quot;}\">\n\t\t\t<div class=\"elementor-widget-wrap elementor-element-populated\">\n\t\t\t\t\t\t<div class=\"elementor-element elementor-element-d898416 elementor-widget elementor-widget-spacer\" data-id=\"d898416\" data-element_type=\"widget\" data-e-type=\"widget\" data-settings=\"{&quot;dotlife_ext_is_scrollme&quot;:&quot;false&quot;,&quot;dotlife_ext_is_smoove&quot;:&quot;false&quot;,&quot;dotlife_ext_is_parallax_mouse&quot;:&quot;false&quot;,&quot;dotlife_ext_is_infinite&quot;:&quot;false&quot;,&quot;dotlife_ext_is_fadeout_animation&quot;:&quot;false&quot;}\" data-widget_type=\"spacer.default\">\n\t\t\t\t<div class=\"elementor-widget-container\">\n\t\t\t\t\t\t\t<div class=\"elementor-spacer\">\n\t\t\t<div class=\"elementor-spacer-inner\"><\/div>\n\t\t<\/div>\n\t\t\t\t\t\t<\/div>\n\t\t\t\t<\/div>\n\t\t\t\t\t<\/div>\n\t\t<\/div>\n\t\t\t\t\t<\/div>\n\t\t<\/section>\n\t\t\t\t<\/div>\n\t\t","protected":false},"excerpt":{"rendered":"<p>Que doit \u00eatre un pianiste aujourd\u2019hui&nbsp;? On dit souvent que les pianistes asiatiques sont trop techniques.&nbsp; Je pense que c\u2019est parfois vrai mais pas seulement les pianistes asiatiques ! Pour moi, la question essentielle est avant toute chose de savoir [&hellip;]<\/p>\n","protected":false},"author":1,"featured_media":0,"parent":180797,"menu_order":0,"comment_status":"closed","ping_status":"closed","template":"","meta":{"_acf_changed":false,"_bbp_topic_count":0,"_bbp_reply_count":0,"_bbp_total_topic_count":0,"_bbp_total_reply_count":0,"_bbp_voice_count":0,"_bbp_anonymous_reply_count":0,"_bbp_topic_count_hidden":0,"_bbp_reply_count_hidden":0,"_bbp_forum_subforum_count":0,"footnotes":""},"categories":[458],"tags":[],"class_list":["post-180783","page","type-page","status-publish","hentry","category-bar-le-duc"],"acf":[],"_links":{"self":[{"href":"https:\/\/piano-academie.com\/en\/wp-json\/wp\/v2\/pages\/180783","targetHints":{"allow":["GET"]}}],"collection":[{"href":"https:\/\/piano-academie.com\/en\/wp-json\/wp\/v2\/pages"}],"about":[{"href":"https:\/\/piano-academie.com\/en\/wp-json\/wp\/v2\/types\/page"}],"author":[{"embeddable":true,"href":"https:\/\/piano-academie.com\/en\/wp-json\/wp\/v2\/users\/1"}],"replies":[{"embeddable":true,"href":"https:\/\/piano-academie.com\/en\/wp-json\/wp\/v2\/comments?post=180783"}],"version-history":[{"count":0,"href":"https:\/\/piano-academie.com\/en\/wp-json\/wp\/v2\/pages\/180783\/revisions"}],"up":[{"embeddable":true,"href":"https:\/\/piano-academie.com\/en\/wp-json\/wp\/v2\/pages\/180797"}],"wp:attachment":[{"href":"https:\/\/piano-academie.com\/en\/wp-json\/wp\/v2\/media?parent=180783"}],"wp:term":[{"taxonomy":"category","embeddable":true,"href":"https:\/\/piano-academie.com\/en\/wp-json\/wp\/v2\/categories?post=180783"},{"taxonomy":"post_tag","embeddable":true,"href":"https:\/\/piano-academie.com\/en\/wp-json\/wp\/v2\/tags?post=180783"}],"curies":[{"name":"wp","href":"https:\/\/api.w.org\/{rel}","templated":true}]}}