{"id":180852,"date":"2024-03-14T15:40:48","date_gmt":"2024-03-14T14:40:48","guid":{"rendered":"https:\/\/piano-academie.com\/?page_id=180852"},"modified":"2024-03-14T17:20:58","modified_gmt":"2024-03-14T16:20:58","slug":"estela-oliviero","status":"publish","type":"page","link":"https:\/\/piano-academie.com\/en\/barleduc\/presentation-generale-de-bar-le-duc\/estela-oliviero\/","title":{"rendered":"Estela OLIVIERO"},"content":{"rendered":"\t\t<div data-elementor-type=\"wp-page\" data-elementor-id=\"180852\" class=\"elementor elementor-180852\" data-elementor-post-type=\"page\">\n\t\t\t\t<div class=\"elementor-element elementor-element-148e9a3 e-flex e-con-boxed e-con e-parent\" data-id=\"148e9a3\" data-element_type=\"container\">\n\t\t\t\t\t<div class=\"e-con-inner\">\n\t\t\t\t<div class=\"elementor-element elementor-element-dc36047 elementor-widget elementor-widget-pp-breadcrumbs\" data-id=\"dc36047\" data-element_type=\"widget\" data-settings=\"{&quot;breadcrumbs_type&quot;:&quot;powerpack&quot;,&quot;dotlife_ext_is_scrollme&quot;:&quot;false&quot;,&quot;dotlife_ext_is_smoove&quot;:&quot;false&quot;,&quot;dotlife_ext_is_parallax_mouse&quot;:&quot;false&quot;,&quot;dotlife_ext_is_infinite&quot;:&quot;false&quot;,&quot;dotlife_ext_is_fadeout_animation&quot;:&quot;false&quot;}\" data-widget_type=\"pp-breadcrumbs.default\">\n\t\t\t\t<div class=\"elementor-widget-container\">\n\t\t\t\t\t<ul class=\"pp-breadcrumbs pp-breadcrumbs-powerpack\"><\/ul>\t\t\t\t<\/div>\n\t\t\t\t<\/div>\n\t\t\t\t\t<\/div>\n\t\t\t\t<\/div>\n\t\t<div class=\"elementor-element elementor-element-6b7cc8c e-con-full e-flex e-con e-parent\" data-id=\"6b7cc8c\" data-element_type=\"container\" data-settings=\"{&quot;background_background&quot;:&quot;classic&quot;}\">\n\t\t<div class=\"elementor-element elementor-element-5e1297b e-flex e-con-boxed e-con e-child\" data-id=\"5e1297b\" data-element_type=\"container\">\n\t\t\t\t\t<div class=\"e-con-inner\">\n\t\t<div class=\"elementor-element elementor-element-69aabd9a e-con-full e-flex e-con e-child\" data-id=\"69aabd9a\" data-element_type=\"container\">\n\t\t\t\t<div class=\"elementor-element elementor-element-2205400 elementor-widget elementor-widget-heading\" data-id=\"2205400\" data-element_type=\"widget\" data-settings=\"{&quot;dotlife_ext_is_scrollme&quot;:&quot;false&quot;,&quot;dotlife_ext_is_smoove&quot;:&quot;false&quot;,&quot;dotlife_ext_is_parallax_mouse&quot;:&quot;false&quot;,&quot;dotlife_ext_is_infinite&quot;:&quot;false&quot;,&quot;dotlife_ext_is_fadeout_animation&quot;:&quot;false&quot;}\" data-widget_type=\"heading.default\">\n\t\t\t\t<div class=\"elementor-widget-container\">\n\t\t\t\t\t<h2 class=\"elementor-heading-title elementor-size-default\">Estela Oliviero<\/h2>\t\t\t\t<\/div>\n\t\t\t\t<\/div>\n\t\t\t\t<div class=\"elementor-element elementor-element-58e52bc3 elementor-widget elementor-widget-text-editor\" data-id=\"58e52bc3\" data-element_type=\"widget\" data-settings=\"{&quot;dotlife_ext_is_scrollme&quot;:&quot;false&quot;,&quot;dotlife_ext_is_smoove&quot;:&quot;false&quot;,&quot;dotlife_ext_is_parallax_mouse&quot;:&quot;false&quot;,&quot;dotlife_ext_is_infinite&quot;:&quot;false&quot;,&quot;dotlife_ext_is_fadeout_animation&quot;:&quot;false&quot;}\" data-widget_type=\"text-editor.default\">\n\t\t\t\t<div class=\"elementor-widget-container\">\n\t\t\t\t\t\t\t\t\t<p>Estela Oliviero, une \u00e9minente pianiste Franco-Argentine n\u00e9e \u00e0 Buenos Aires en 1990, s&#8217;est impos\u00e9e sur la sc\u00e8ne internationale avec ses performances en solo et ses collaborations avec des orchestres professionnels \u00e0 travers l&#8217;Argentine, l&#8217;Uruguay, l&#8217;\u00c9quateur, et la France. Sa formation musicale s&#8217;est d\u00e9roul\u00e9e au prestigieux conservatoire Beethoven de Buenos Aires et \u00e0 l&#8217;Universit\u00e9 Catholique Argentine, o\u00f9 elle a \u00e9t\u00e9 guid\u00e9e par des maestros du piano tels que Marcelo Lian, Pia Sebastiai, et Antonio Formaro.<\/p>\t\t\t\t\t\t\t\t<\/div>\n\t\t\t\t<\/div>\n\t\t\t\t<\/div>\n\t\t\t\t<div class=\"elementor-element elementor-element-4e0374b1 elementor-widget__width-initial elementor-widget-mobile__width-inherit elementor-widget elementor-widget-image\" data-id=\"4e0374b1\" data-element_type=\"widget\" data-settings=\"{&quot;dotlife_image_is_animation&quot;:&quot;false&quot;,&quot;dotlife_ext_is_scrollme&quot;:&quot;false&quot;,&quot;dotlife_ext_is_smoove&quot;:&quot;false&quot;,&quot;dotlife_ext_is_parallax_mouse&quot;:&quot;false&quot;,&quot;dotlife_ext_is_infinite&quot;:&quot;false&quot;,&quot;dotlife_ext_is_fadeout_animation&quot;:&quot;false&quot;}\" data-widget_type=\"image.default\">\n\t\t\t\t<div class=\"elementor-widget-container\">\n\t\t\t\t\t\t\t\t\t\t\t\t\t\t\t<img fetchpriority=\"high\" decoding=\"async\" width=\"327\" height=\"416\" src=\"https:\/\/piano-academie.com\/wp-content\/uploads\/2024\/03\/WhatsApp-Image-2024-03-14-at-13.57.56.jpeg\" class=\"attachment-large size-large wp-image-180872\" alt=\"\" srcset=\"https:\/\/piano-academie.com\/wp-content\/uploads\/2024\/03\/WhatsApp-Image-2024-03-14-at-13.57.56.jpeg 327w, https:\/\/piano-academie.com\/wp-content\/uploads\/2024\/03\/WhatsApp-Image-2024-03-14-at-13.57.56-236x300.jpeg 236w\" sizes=\"(max-width: 327px) 100vw, 327px\" \/>\t\t\t\t\t\t\t\t\t\t\t\t\t\t\t<\/div>\n\t\t\t\t<\/div>\n\t\t\t\t\t<\/div>\n\t\t\t\t<\/div>\n\t\t<div class=\"elementor-element elementor-element-245a74a4 e-flex e-con-boxed e-con e-child\" data-id=\"245a74a4\" data-element_type=\"container\" data-settings=\"{&quot;background_background&quot;:&quot;classic&quot;}\">\n\t\t\t\t\t<div class=\"e-con-inner\">\n\t\t<div class=\"elementor-element elementor-element-2863d9e e-con-full e-flex e-con e-child\" data-id=\"2863d9e\" data-element_type=\"container\" data-settings=\"{&quot;background_background&quot;:&quot;classic&quot;}\">\n\t\t\t\t<\/div>\n\t\t<div class=\"elementor-element elementor-element-f30e540 e-con-full e-flex e-con e-child\" data-id=\"f30e540\" data-element_type=\"container\">\n\t\t\t\t<\/div>\n\t\t<div class=\"elementor-element elementor-element-7558899d e-con-full e-flex e-con e-child\" data-id=\"7558899d\" data-element_type=\"container\">\n\t\t\t\t<\/div>\n\t\t\t\t\t<\/div>\n\t\t\t\t<\/div>\n\t\t\t\t<\/div>\n\t\t<div class=\"elementor-element elementor-element-ee0c613 e-flex e-con-boxed e-con e-parent\" data-id=\"ee0c613\" data-element_type=\"container\" data-settings=\"{&quot;background_background&quot;:&quot;classic&quot;}\">\n\t\t\t\t\t<div class=\"e-con-inner\">\n\t\t<div class=\"elementor-element elementor-element-2b14dc0 e-con-full e-flex e-con e-child\" data-id=\"2b14dc0\" data-element_type=\"container\">\n\t\t\t\t<div class=\"elementor-element elementor-element-3736892d animated-slow elementor-widget-divider--view-line elementor-invisible elementor-widget elementor-widget-divider\" data-id=\"3736892d\" data-element_type=\"widget\" data-settings=\"{&quot;_animation&quot;:&quot;fadeIn&quot;,&quot;_animation_delay&quot;:&quot;200&quot;,&quot;dotlife_ext_is_scrollme&quot;:&quot;false&quot;,&quot;dotlife_ext_is_smoove&quot;:&quot;false&quot;,&quot;dotlife_ext_is_parallax_mouse&quot;:&quot;false&quot;,&quot;dotlife_ext_is_infinite&quot;:&quot;false&quot;,&quot;dotlife_ext_is_fadeout_animation&quot;:&quot;false&quot;}\" data-widget_type=\"divider.default\">\n\t\t\t\t<div class=\"elementor-widget-container\">\n\t\t\t\t\t\t\t<div class=\"elementor-divider\">\n\t\t\t<span class=\"elementor-divider-separator\">\n\t\t\t\t\t\t<\/span>\n\t\t<\/div>\n\t\t\t\t\t\t<\/div>\n\t\t\t\t<\/div>\n\t\t\t\t<div class=\"elementor-element elementor-element-1d1c513b elementor-invisible elementor-widget elementor-widget-icon-box\" data-id=\"1d1c513b\" data-element_type=\"widget\" data-settings=\"{&quot;_animation&quot;:&quot;fadeInUp&quot;,&quot;dotlife_ext_is_scrollme&quot;:&quot;false&quot;,&quot;dotlife_ext_is_smoove&quot;:&quot;false&quot;,&quot;dotlife_ext_is_parallax_mouse&quot;:&quot;false&quot;,&quot;dotlife_ext_is_infinite&quot;:&quot;false&quot;,&quot;dotlife_ext_is_fadeout_animation&quot;:&quot;false&quot;}\" data-widget_type=\"icon-box.default\">\n\t\t\t\t<div class=\"elementor-widget-container\">\n\t\t\t\t\t\t\t<div class=\"elementor-icon-box-wrapper\">\n\n\t\t\t\n\t\t\t\t\t\t<div class=\"elementor-icon-box-content\">\n\n\t\t\t\t\t\t\t\t\t<h3 class=\"elementor-icon-box-title\">\n\t\t\t\t\t\t<span  >\n\t\t\t\t\t\t\tTechnique\t\t\t\t\t\t<\/span>\n\t\t\t\t\t<\/h3>\n\t\t\t\t\n\t\t\t\t\t\t\t\t\t<p class=\"elementor-icon-box-description\">\n\t\t\t\t\t\tSa technique impeccable et son expression \u00e9motionnelle lui ont valu un dipl\u00f4me d'honneur lors d'un concours international en Espagne, o\u00f9 Aquiles Delle Vigne, pr\u00e9sident du jury, l'a d\u00e9crite comme \u00ab une artiste de grande sensibilit\u00e9, dot\u00e9e d\u2019une grande po\u00e9sie musicale et d\u2019une notable pr\u00e9sence \u00bb.\t\t\t\t\t<\/p>\n\t\t\t\t\n\t\t\t<\/div>\n\t\t\t\n\t\t<\/div>\n\t\t\t\t\t\t<\/div>\n\t\t\t\t<\/div>\n\t\t\t\t<\/div>\n\t\t<div class=\"elementor-element elementor-element-fe10620 e-con-full e-flex e-con e-child\" data-id=\"fe10620\" data-element_type=\"container\">\n\t\t\t\t<div class=\"elementor-element elementor-element-3a347690 animated-slow elementor-widget-divider--view-line elementor-invisible elementor-widget elementor-widget-divider\" data-id=\"3a347690\" data-element_type=\"widget\" data-settings=\"{&quot;_animation&quot;:&quot;fadeIn&quot;,&quot;_animation_delay&quot;:&quot;200&quot;,&quot;dotlife_ext_is_scrollme&quot;:&quot;false&quot;,&quot;dotlife_ext_is_smoove&quot;:&quot;false&quot;,&quot;dotlife_ext_is_parallax_mouse&quot;:&quot;false&quot;,&quot;dotlife_ext_is_infinite&quot;:&quot;false&quot;,&quot;dotlife_ext_is_fadeout_animation&quot;:&quot;false&quot;}\" data-widget_type=\"divider.default\">\n\t\t\t\t<div class=\"elementor-widget-container\">\n\t\t\t\t\t\t\t<div class=\"elementor-divider\">\n\t\t\t<span class=\"elementor-divider-separator\">\n\t\t\t\t\t\t<\/span>\n\t\t<\/div>\n\t\t\t\t\t\t<\/div>\n\t\t\t\t<\/div>\n\t\t\t\t<div class=\"elementor-element elementor-element-36f5de38 elementor-invisible elementor-widget elementor-widget-icon-box\" data-id=\"36f5de38\" data-element_type=\"widget\" data-settings=\"{&quot;_animation&quot;:&quot;fadeInUp&quot;,&quot;_animation_delay&quot;:&quot;200&quot;,&quot;dotlife_ext_is_scrollme&quot;:&quot;false&quot;,&quot;dotlife_ext_is_smoove&quot;:&quot;false&quot;,&quot;dotlife_ext_is_parallax_mouse&quot;:&quot;false&quot;,&quot;dotlife_ext_is_infinite&quot;:&quot;false&quot;,&quot;dotlife_ext_is_fadeout_animation&quot;:&quot;false&quot;}\" data-widget_type=\"icon-box.default\">\n\t\t\t\t<div class=\"elementor-widget-container\">\n\t\t\t\t\t\t\t<div class=\"elementor-icon-box-wrapper\">\n\n\t\t\t\n\t\t\t\t\t\t<div class=\"elementor-icon-box-content\">\n\n\t\t\t\t\t\t\t\t\t<h3 class=\"elementor-icon-box-title\">\n\t\t\t\t\t\t<span  >\n\t\t\t\t\t\t\tConcerts\t\t\t\t\t\t<\/span>\n\t\t\t\t\t<\/h3>\n\t\t\t\t\n\t\t\t\t\t\t\t\t\t<p class=\"elementor-icon-box-description\">\n\t\t\t\t\t\tOliviero a enchant\u00e9 le public dans des lieux d'exception comme le \"Salon Dorado\" du Th\u00e9\u00e2tre Colon en Argentine, le Th\u00e9\u00e2tre Sucre en \u00c9quateur, le Th\u00e9\u00e2tre Artigas en Uruguay et le Mus\u00e9e de Piano \u00e0 Limoux, France. Elle a \u00e9galement brill\u00e9 en tant que soliste aux c\u00f4t\u00e9s de formations reconnues telles que l'orchestre Symphonique du Chaco en Argentine, l'orchestre de l\u2019Universit\u00e9 Catholique Argentine, et l\u2019orchestre symphonique de l\u2019Universit\u00e9 de Cuenca en \u00c9quateur.\t\t\t\t\t<\/p>\n\t\t\t\t\n\t\t\t<\/div>\n\t\t\t\n\t\t<\/div>\n\t\t\t\t\t\t<\/div>\n\t\t\t\t<\/div>\n\t\t\t\t<\/div>\n\t\t<div class=\"elementor-element elementor-element-092e715 e-con-full e-flex e-con e-child\" data-id=\"092e715\" data-element_type=\"container\">\n\t\t\t\t<div class=\"elementor-element elementor-element-480d22b2 animated-slow elementor-widget-divider--view-line elementor-invisible elementor-widget elementor-widget-divider\" data-id=\"480d22b2\" data-element_type=\"widget\" data-settings=\"{&quot;_animation&quot;:&quot;fadeIn&quot;,&quot;_animation_delay&quot;:&quot;200&quot;,&quot;dotlife_ext_is_scrollme&quot;:&quot;false&quot;,&quot;dotlife_ext_is_smoove&quot;:&quot;false&quot;,&quot;dotlife_ext_is_parallax_mouse&quot;:&quot;false&quot;,&quot;dotlife_ext_is_infinite&quot;:&quot;false&quot;,&quot;dotlife_ext_is_fadeout_animation&quot;:&quot;false&quot;}\" data-widget_type=\"divider.default\">\n\t\t\t\t<div class=\"elementor-widget-container\">\n\t\t\t\t\t\t\t<div class=\"elementor-divider\">\n\t\t\t<span class=\"elementor-divider-separator\">\n\t\t\t\t\t\t<\/span>\n\t\t<\/div>\n\t\t\t\t\t\t<\/div>\n\t\t\t\t<\/div>\n\t\t\t\t<div class=\"elementor-element elementor-element-2fb8f0e8 elementor-invisible elementor-widget elementor-widget-icon-box\" data-id=\"2fb8f0e8\" data-element_type=\"widget\" data-settings=\"{&quot;_animation&quot;:&quot;fadeInUp&quot;,&quot;_animation_delay&quot;:&quot;400&quot;,&quot;dotlife_ext_is_scrollme&quot;:&quot;false&quot;,&quot;dotlife_ext_is_smoove&quot;:&quot;false&quot;,&quot;dotlife_ext_is_parallax_mouse&quot;:&quot;false&quot;,&quot;dotlife_ext_is_infinite&quot;:&quot;false&quot;,&quot;dotlife_ext_is_fadeout_animation&quot;:&quot;false&quot;}\" data-widget_type=\"icon-box.default\">\n\t\t\t\t<div class=\"elementor-widget-container\">\n\t\t\t\t\t\t\t<div class=\"elementor-icon-box-wrapper\">\n\n\t\t\t\n\t\t\t\t\t\t<div class=\"elementor-icon-box-content\">\n\n\t\t\t\t\t\t\t\t\t<h3 class=\"elementor-icon-box-title\">\n\t\t\t\t\t\t<span  >\n\t\t\t\t\t\t\tEnseignement\t\t\t\t\t\t<\/span>\n\t\t\t\t\t<\/h3>\n\t\t\t\t\n\t\t\t\t\t\t\t\t\t<p class=\"elementor-icon-box-description\">\n\t\t\t\t\t\tParall\u00e8lement \u00e0 ses engagements de concertiste, Estela Oliviero enrichit le monde musical avec son r\u00f4le p\u00e9dagogique en tant que responsable des professeurs \u00e0 l\u2019\u00e9cole \u00ab Piano Acad\u00e9mie \u00bb. Sa passion pour la musique et son d\u00e9vouement \u00e0 l'enseignement inspirent les nouvelles g\u00e9n\u00e9rations de musiciens.\t\t\t\t\t<\/p>\n\t\t\t\t\n\t\t\t<\/div>\n\t\t\t\n\t\t<\/div>\n\t\t\t\t\t\t<\/div>\n\t\t\t\t<\/div>\n\t\t\t\t<\/div>\n\t\t\t\t\t<\/div>\n\t\t\t\t<\/div>\n\t\t<div class=\"elementor-element elementor-element-79dca23 e-flex e-con-boxed e-con e-parent\" data-id=\"79dca23\" data-element_type=\"container\">\n\t\t\t\t\t<div class=\"e-con-inner\">\n\t\t\t\t<div class=\"elementor-element elementor-element-f388165 elementor-grid-3 elementor-grid-tablet-2 elementor-grid-mobile-1 pp-video-gallery-content-below-video elementor-widget elementor-widget-pp-video-gallery\" data-id=\"f388165\" data-element_type=\"widget\" data-settings=\"{&quot;layout&quot;:&quot;grid&quot;,&quot;dotlife_ext_is_scrollme&quot;:&quot;false&quot;,&quot;dotlife_ext_is_smoove&quot;:&quot;false&quot;,&quot;dotlife_ext_is_parallax_mouse&quot;:&quot;false&quot;,&quot;dotlife_ext_is_infinite&quot;:&quot;false&quot;,&quot;dotlife_ext_is_fadeout_animation&quot;:&quot;false&quot;}\" data-widget_type=\"pp-video-gallery.default\">\n\t\t\t\t<div class=\"elementor-widget-container\">\n\t\t\t\t\t\t\t<div class=\"pp-video-gallery-container pp-video-gallery-grid\">\n\t\t\t<div class=\"pp-video-gallery-wrap\">\n\t\t\t\t\t\t\t\t<div class=\"pp-video-gallery elementor-grid\" data-action=\"inline\">\n\t\t\t\t\t\t\t\t\t\t\t\t\t<div class=\"pp-video pp-grid-item-wrap elementor-grid-item filter-youtube\" id=\"pp-video-gallery-item-1\">\n\t\t\t\t\t\t\t\t<div class=\"pp-video-container\">\n\t\t\t\t\t<div class=\"pp-video-play\" data-src=\"https:\/\/www.youtube.com\/embed\/xnv2BkACzq4?feature=oembed&amp;autoplay=1&amp;wmode=opaque&amp;mute=0\" href=\"https:\/\/www.youtube.com\/embed\/xnv2BkACzq4?feature=oembed&amp;autoplay=1&amp;wmode=opaque&amp;mute=0\">\n\t\t\t\t\t\t<div class=\"pp-media-overlay pp-video-overlay\"><\/div>\t\t\t\t\t\t<div class=\"pp-video-player\">\n\t\t\t\t\t\t\t\t\t\t\t\t\t\t<div class=\"pp-video-thumb-wrap\">\n\t\t\t\t\t\t\t\t\t\t\t\t\t\t\t\t\t\t\t\t\t\t\t\t\t\t\t<img decoding=\"async\" class=\"pp-video-thumb\" src=\"https:\/\/piano-academie.com\/wp-content\/uploads\/2024\/03\/189__Liszt_-_Hungarian_Rhapsody_No__2_-_YouTube.jpg\" alt=\"YouTube\">\n\t\t\t\t\t\t\t\t\t\t\t\t<span class=\"pp-video-play-icon\">\n\t\t\t\t<i aria-hidden=\"true\" class=\"fas fa-play-circle\"><\/i>\t\t\t<\/span>\n\t\t\t\t\t\t\t\t\t\t<\/div>\n\t\t\t\t\t\t<\/div>\n\t\t\t\t\t<\/div>\n\t\t\t\t<\/div>\n\t\t\t\t\t\t\t<div class=\"pp-video-content-container\">\n\t\t\t\t<div class=\"pp-video-content\">\n\t\t\t\t\t\t\t\t\t\t\t<div class=\"pp-video-title\">\n\t\t\t\t\t\t\tLiszt - Hungarian Rhapsody No. 2\t\t\t\t\t\t<\/div>\n\t\t\t\t\t\n\t\t\t\t\t\t\t\t\t<\/div>\n\t\t\t<\/div>\n\t\t\t\t\t<\/div>\n\t\t\t\t<div class=\"pp-video pp-grid-item-wrap elementor-grid-item filter-vimeo\" id=\"pp-video-gallery-item-2\">\n\t\t\t\t\t\t\t\t<div class=\"pp-video-container\">\n\t\t\t\t\t<div class=\"pp-video-play\" data-src=\"https:\/\/www.youtube.com\/embed\/LXpbdkJUDs0?feature=oembed&amp;autoplay=1&amp;wmode=opaque&amp;mute=0\" href=\"https:\/\/www.youtube.com\/embed\/LXpbdkJUDs0?feature=oembed&amp;autoplay=1&amp;wmode=opaque&amp;mute=0\">\n\t\t\t\t\t\t<div class=\"pp-media-overlay pp-video-overlay\"><\/div>\t\t\t\t\t\t<div class=\"pp-video-player\">\n\t\t\t\t\t\t\t\t\t\t\t\t\t\t<div class=\"pp-video-thumb-wrap\">\n\t\t\t\t\t\t\t\t\t\t\t\t\t\t\t\t\t\t\t\t\t\t\t\t\t\t\t<img decoding=\"async\" class=\"pp-video-thumb\" src=\"https:\/\/i.ytimg.com\/vi\/LXpbdkJUDs0\/maxresdefault.jpg\" alt=\"Vimeo\">\n\t\t\t\t\t\t\t\t\t\t\t\t<span class=\"pp-video-play-icon\">\n\t\t\t\t<i aria-hidden=\"true\" class=\"fas fa-play-circle\"><\/i>\t\t\t<\/span>\n\t\t\t\t\t\t\t\t\t\t<\/div>\n\t\t\t\t\t\t<\/div>\n\t\t\t\t\t<\/div>\n\t\t\t\t<\/div>\n\t\t\t\t\t\t\t<div class=\"pp-video-content-container\">\n\t\t\t\t<div class=\"pp-video-content\">\n\t\t\t\t\t\t\t\t\t\t\t<div class=\"pp-video-title\">\n\t\t\t\t\t\t\tSaint-Sa\u00ebns - Piano Concerto N\u00b02\t\t\t\t\t\t<\/div>\n\t\t\t\t\t\n\t\t\t\t\t\t\t\t\t<\/div>\n\t\t\t<\/div>\n\t\t\t\t\t<\/div>\n\t\t\t\t<div class=\"pp-video pp-grid-item-wrap elementor-grid-item filter-\" id=\"pp-video-gallery-item-3\">\n\t\t\t\t\t\t\t\t<div class=\"pp-video-container\">\n\t\t\t\t\t<div class=\"pp-video-play\" data-src=\"https:\/\/www.youtube.com\/embed\/37Y2iLgci3E?feature=oembed&amp;autoplay=1&amp;wmode=opaque&amp;mute=0\" href=\"https:\/\/www.youtube.com\/embed\/37Y2iLgci3E?feature=oembed&amp;autoplay=1&amp;wmode=opaque&amp;mute=0\">\n\t\t\t\t\t\t<div class=\"pp-media-overlay pp-video-overlay\"><\/div>\t\t\t\t\t\t<div class=\"pp-video-player\">\n\t\t\t\t\t\t\t\t\t\t\t\t\t\t<div class=\"pp-video-thumb-wrap\">\n\t\t\t\t\t\t\t\t\t\t\t\t\t\t\t\t\t\t\t\t\t\t\t\t\t\t\t<img decoding=\"async\" class=\"pp-video-thumb\" src=\"https:\/\/piano-academie.com\/wp-content\/uploads\/2024\/03\/189__Balada_No_2_op_38__Chopin__-_YouTube.jpg\" alt=\"\">\n\t\t\t\t\t\t\t\t\t\t\t\t<span class=\"pp-video-play-icon\">\n\t\t\t\t<i aria-hidden=\"true\" class=\"fas fa-play-circle\"><\/i>\t\t\t<\/span>\n\t\t\t\t\t\t\t\t\t\t<\/div>\n\t\t\t\t\t\t<\/div>\n\t\t\t\t\t<\/div>\n\t\t\t\t<\/div>\n\t\t\t\t\t\t\t<div class=\"pp-video-content-container\">\n\t\t\t\t<div class=\"pp-video-content\">\n\t\t\t\t\t\t\t\t\t\t\t<div class=\"pp-video-title\">\n\t\t\t\t\t\t\tBalada No 2 op 38, Chopin\t\t\t\t\t\t<\/div>\n\t\t\t\t\t\n\t\t\t\t\t\t\t\t\t<\/div>\n\t\t\t<\/div>\n\t\t\t\t\t<\/div>\n\t\t\t\t\t\t\t\t\t\t\t<\/div>\n\t\t\t\t\t\t\t<\/div>\n\t\t<\/div>\n\t\t\t\t\t\t<\/div>\n\t\t\t\t<\/div>\n\t\t\t\t\t<\/div>\n\t\t\t\t<\/div>\n\t\t<div class=\"elementor-element elementor-element-7055d5d e-flex e-con-boxed e-con e-parent\" data-id=\"7055d5d\" data-element_type=\"container\">\n\t\t\t\t\t<div class=\"e-con-inner\">\n\t\t\t\t<div class=\"elementor-element elementor-element-eec91f6 elementor-widget elementor-widget-global elementor-global-10803 elementor-widget-html\" data-id=\"eec91f6\" data-element_type=\"widget\" data-settings=\"{&quot;dotlife_ext_is_scrollme&quot;:&quot;false&quot;,&quot;dotlife_ext_is_smoove&quot;:&quot;false&quot;,&quot;dotlife_ext_is_parallax_mouse&quot;:&quot;false&quot;,&quot;dotlife_ext_is_infinite&quot;:&quot;false&quot;,&quot;dotlife_ext_is_fadeout_animation&quot;:&quot;false&quot;}\" data-widget_type=\"html.default\">\n\t\t\t\t<div class=\"elementor-widget-container\">\n\t\t\t\t\t<!-- Start of piano-academie Zendesk Widget script -->\n<script id=\"ze-snippet\" src=\"https:\/\/static.zdassets.com\/ekr\/snippet.js?key=fa3deb6d-e96b-4ea2-b6f3-36a4c05b4bab\"> <\/script>\n<!-- End of piano-academie Zendesk Widget script -->\t\t\t\t<\/div>\n\t\t\t\t<\/div>\n\t\t\t\t\t<\/div>\n\t\t\t\t<\/div>\n\t\t\t\t<\/div>\n\t\t","protected":false},"excerpt":{"rendered":"<p>Estela Oliviero Estela Oliviero, une \u00e9minente pianiste Franco-Argentine n\u00e9e \u00e0 Buenos Aires en 1990, s&#8217;est impos\u00e9e sur la sc\u00e8ne internationale avec ses performances en solo et ses collaborations avec des orchestres professionnels \u00e0 travers l&#8217;Argentine, l&#8217;Uruguay, l&#8217;\u00c9quateur, et la France. [&hellip;]<\/p>\n","protected":false},"author":1,"featured_media":0,"parent":180454,"menu_order":0,"comment_status":"closed","ping_status":"closed","template":"","meta":{"_acf_changed":false,"_bbp_topic_count":0,"_bbp_reply_count":0,"_bbp_total_topic_count":0,"_bbp_total_reply_count":0,"_bbp_voice_count":0,"_bbp_anonymous_reply_count":0,"_bbp_topic_count_hidden":0,"_bbp_reply_count_hidden":0,"_bbp_forum_subforum_count":0,"footnotes":""},"categories":[458],"tags":[],"class_list":["post-180852","page","type-page","status-publish","hentry","category-bar-le-duc"],"acf":[],"_links":{"self":[{"href":"https:\/\/piano-academie.com\/en\/wp-json\/wp\/v2\/pages\/180852","targetHints":{"allow":["GET"]}}],"collection":[{"href":"https:\/\/piano-academie.com\/en\/wp-json\/wp\/v2\/pages"}],"about":[{"href":"https:\/\/piano-academie.com\/en\/wp-json\/wp\/v2\/types\/page"}],"author":[{"embeddable":true,"href":"https:\/\/piano-academie.com\/en\/wp-json\/wp\/v2\/users\/1"}],"replies":[{"embeddable":true,"href":"https:\/\/piano-academie.com\/en\/wp-json\/wp\/v2\/comments?post=180852"}],"version-history":[{"count":0,"href":"https:\/\/piano-academie.com\/en\/wp-json\/wp\/v2\/pages\/180852\/revisions"}],"up":[{"embeddable":true,"href":"https:\/\/piano-academie.com\/en\/wp-json\/wp\/v2\/pages\/180454"}],"wp:attachment":[{"href":"https:\/\/piano-academie.com\/en\/wp-json\/wp\/v2\/media?parent=180852"}],"wp:term":[{"taxonomy":"category","embeddable":true,"href":"https:\/\/piano-academie.com\/en\/wp-json\/wp\/v2\/categories?post=180852"},{"taxonomy":"post_tag","embeddable":true,"href":"https:\/\/piano-academie.com\/en\/wp-json\/wp\/v2\/tags?post=180852"}],"curies":[{"name":"wp","href":"https:\/\/api.w.org\/{rel}","templated":true}]}}