{"id":180966,"date":"2024-03-14T17:24:48","date_gmt":"2024-03-14T16:24:48","guid":{"rendered":"https:\/\/piano-academie.com\/boutique-copy\/"},"modified":"2024-03-14T17:44:12","modified_gmt":"2024-03-14T16:44:12","slug":"bar-le-duc-boutique","status":"publish","type":"page","link":"https:\/\/piano-academie.com\/en\/barleduc\/presentation-generale-de-bar-le-duc\/bar-le-duc-boutique\/","title":{"rendered":"Boutique \u00e0 Bar-le-Duc"},"content":{"rendered":"\t\t<div data-elementor-type=\"wp-page\" data-elementor-id=\"180966\" class=\"elementor elementor-180966\" data-elementor-post-type=\"page\">\n\t\t\t\t<div class=\"elementor-element elementor-element-f12b8c6 e-flex e-con-boxed e-con e-parent\" data-id=\"f12b8c6\" data-element_type=\"container\">\n\t\t\t\t\t<div class=\"e-con-inner\">\n\t\t\t\t<div class=\"elementor-element elementor-element-7ba17e3 elementor-align-left elementor-widget elementor-widget-shopengine-product-category-lists\" data-id=\"7ba17e3\" data-element_type=\"widget\" data-settings=\"{&quot;dotlife_ext_is_scrollme&quot;:&quot;false&quot;,&quot;dotlife_ext_is_smoove&quot;:&quot;false&quot;,&quot;dotlife_ext_is_parallax_mouse&quot;:&quot;false&quot;,&quot;dotlife_ext_is_infinite&quot;:&quot;false&quot;,&quot;dotlife_ext_is_fadeout_animation&quot;:&quot;false&quot;}\" data-widget_type=\"shopengine-product-category-lists.default\">\n\t\t\t\t<div class=\"elementor-widget-container\">\n\t\t\t\t\t<div class=\"shopengine shopengine-widget\"><\/div>\t\t\t\t<\/div>\n\t\t\t\t<\/div>\n\t\t\t\t\t<\/div>\n\t\t\t\t<\/div>\n\t\t<div class=\"elementor-element elementor-element-73dcf6a e-flex e-con-boxed e-con e-parent\" data-id=\"73dcf6a\" data-element_type=\"container\">\n\t\t\t\t\t<div class=\"e-con-inner\">\n\t\t<div class=\"elementor-element elementor-element-72dde2b e-con-full e-flex e-con e-child\" data-id=\"72dde2b\" data-element_type=\"container\">\n\t\t\t\t<div class=\"elementor-element elementor-element-35b6ae8 elementor-widget elementor-widget-woocommerce-breadcrumb\" data-id=\"35b6ae8\" data-element_type=\"widget\" data-settings=\"{&quot;dotlife_ext_is_scrollme&quot;:&quot;false&quot;,&quot;dotlife_ext_is_smoove&quot;:&quot;false&quot;,&quot;dotlife_ext_is_parallax_mouse&quot;:&quot;false&quot;,&quot;dotlife_ext_is_infinite&quot;:&quot;false&quot;,&quot;dotlife_ext_is_fadeout_animation&quot;:&quot;false&quot;}\" data-widget_type=\"woocommerce-breadcrumb.default\">\n\t\t\t\t<div class=\"elementor-widget-container\">\n\t\t\t\t\t<nav class=\"woocommerce-breadcrumb\" aria-label=\"Breadcrumb\">Home<\/nav>\t\t\t\t<\/div>\n\t\t\t\t<\/div>\n\t\t\t\t<\/div>\n\t\t\t\t\t<\/div>\n\t\t\t\t<\/div>\n\t\t<div class=\"elementor-element elementor-element-f6d3f8a e-flex e-con-boxed e-con e-parent\" data-id=\"f6d3f8a\" data-element_type=\"container\">\n\t\t\t\t\t<div class=\"e-con-inner\">\n\t\t\t\t\t<\/div>\n\t\t\t\t<\/div>\n\t\t<div class=\"elementor-element elementor-element-183d0bb e-flex e-con-boxed e-con e-parent\" data-id=\"183d0bb\" data-element_type=\"container\">\n\t\t\t\t\t<div class=\"e-con-inner\">\n\t\t\t\t<div class=\"elementor-element elementor-element-3744242 elementor-grid-4 elementor-grid-tablet-3 elementor-grid-mobile-1 pp-woo--align-left pp-sale-badge-custom elementor-widget elementor-widget-pp-woo-products\" data-id=\"3744242\" data-element_type=\"widget\" data-settings=\"{&quot;products_columns&quot;:&quot;4&quot;,&quot;products_columns_tablet&quot;:&quot;3&quot;,&quot;products_columns_mobile&quot;:&quot;1&quot;,&quot;dotlife_ext_is_scrollme&quot;:&quot;false&quot;,&quot;dotlife_ext_is_smoove&quot;:&quot;false&quot;,&quot;dotlife_ext_is_parallax_mouse&quot;:&quot;false&quot;,&quot;dotlife_ext_is_infinite&quot;:&quot;false&quot;,&quot;dotlife_ext_is_fadeout_animation&quot;:&quot;false&quot;}\" data-widget_type=\"pp-woo-products.skin-1\">\n\t\t\t\t<div class=\"elementor-widget-container\">\n\t\t\t\t\t<div class=\"pp-woocommerce pp-woo-products-grid pp-woo-skin-skin-1 pp-woo-query-all\" data-page=\"180966\" data-skin=\"skin-1\" data-product-id=\"0\"><div class=\" columns-4 pp-woo-products-inner pp-woo-product__column-4 pp-woo-product__column-tablet-3 pp-woo-product__column-mobile-1\"><ul class=\"products elementor-grid columns-4\">\n<li class=\"elementor-grid-item post-384396 product type-product status-publish has-post-thumbnail product_cat-stage-en product_cat-workshops  instock taxable shipping-taxable purchasable product-type-variable\">\r\n\t<div class=\"pp-woo-product-wrapper\">\r\n\t\t<div class=\"pp-woo-products-thumbnail-wrap\"><div class=\"pp-badge-container pp-left-badge-container\"><\/div><a href=\"https:\/\/piano-academie.com\/en\/produit\/easter-holidays-piano-workshop\/\" class=\"woocommerce-LoopProduct-link woocommerce-loop-product__link\"><div class='container-image-and-badge  '><img fetchpriority=\"high\" decoding=\"async\" width=\"500\" height=\"339\" src=\"https:\/\/piano-academie.com\/wp-content\/uploads\/2026\/03\/Banni_re-Mozart-Printemps-500x339.jpg\" class=\"attachment-woocommerce_thumbnail size-woocommerce_thumbnail\" alt=\"Easter Holidays \u2022 Piano Workshop\" \/>    <\/div><!--container-image-and-badge--><\/a><\/div><div class=\"pp-woo-products-summary-wrap\">\t\t\t<span class=\"pp-woo-product-category\">\n\t\t\t\tStage\t\t\t<\/span> \n\t\t\t<a href=\"https:\/\/piano-academie.com\/en\/produit\/easter-holidays-piano-workshop\/\" class=\"pp-loop-product__link\"><h2 class=\"woocommerce-loop-product__title\">Easter Holidays \u2022 Piano Workshop<\/h2><\/a>\n\t<span class=\"price\"><span class=\"woocommerce-Price-amount amount\" aria-hidden=\"true\"><bdi>60<span class=\"woocommerce-Price-currencySymbol\">&euro;<\/span><\/bdi><\/span> <span aria-hidden=\"true\">&ndash;<\/span> <span class=\"woocommerce-Price-amount amount\" aria-hidden=\"true\"><bdi>450<span class=\"woocommerce-Price-currencySymbol\">&euro;<\/span><\/bdi><\/span><span class=\"screen-reader-text\">Price range: 60&euro; through 450&euro;<\/span><\/span>\n<a href=\"https:\/\/piano-academie.com\/en\/produit\/easter-holidays-piano-workshop\/\" aria-describedby=\"woocommerce_loop_add_to_cart_link_describedby_384396\" data-quantity=\"1\" class=\"button product_type_variable add_to_cart_button\" data-product_id=\"384396\" data-product_sku=\"\" aria-label=\"Select options for &ldquo;Easter Holidays \u2022 Piano Workshop&rdquo;\" rel=\"nofollow\">Select options<\/a>\t<span id=\"woocommerce_loop_add_to_cart_link_describedby_384396\" class=\"screen-reader-text\">\n\t\tThis product has multiple variants. The options may be chosen on the product page\t<\/span>\n<\/div>\t<\/div>\r\n<\/li>\r\n<li class=\"elementor-grid-item post-362587 product type-product status-publish has-post-thumbnail product_cat-cours-en-ligne product_tag-carnet last instock virtual taxable purchasable product-type-simple\">\r\n\t<div class=\"pp-woo-product-wrapper\">\r\n\t\t<div class=\"pp-woo-products-thumbnail-wrap\"><div class=\"pp-badge-container pp-left-badge-container\"><\/div><a href=\"https:\/\/piano-academie.com\/en\/produit\/pack-de-10-cours-en-ligne-enfants\/\" class=\"woocommerce-LoopProduct-link woocommerce-loop-product__link\"><img decoding=\"async\" width=\"500\" height=\"339\" src=\"https:\/\/piano-academie.com\/wp-content\/uploads\/2026\/01\/pack-10-cours-en-ligne-enfants-500x339.jpg\" class=\"attachment-woocommerce_thumbnail size-woocommerce_thumbnail\" alt=\"Pack de 10 cours en ligne - Enfants\" \/><\/a><\/div><div class=\"pp-woo-products-summary-wrap\">\t\t\t<span class=\"pp-woo-product-category\">\n\t\t\t\tCours en ligne\t\t\t<\/span> \n\t\t\t<a href=\"https:\/\/piano-academie.com\/en\/produit\/pack-de-10-cours-en-ligne-enfants\/\" class=\"pp-loop-product__link\"><h2 class=\"woocommerce-loop-product__title\">Pack de 10 cours en ligne &#8211; Enfants<\/h2><\/a>\n\t<span class=\"price\"><span class=\"woocommerce-Price-amount amount\"><bdi>150<span class=\"woocommerce-Price-currencySymbol\">&euro;<\/span><\/bdi><\/span><\/span>\n<a href=\"\/en\/wp-json\/wp\/v2\/pages\/180966?add-to-cart=362587\" aria-describedby=\"woocommerce_loop_add_to_cart_link_describedby_362587\" data-quantity=\"1\" class=\"button product_type_simple add_to_cart_button ajax_add_to_cart\" data-product_id=\"362587\" data-product_sku=\"\" aria-label=\"Add to cart: &ldquo;Pack de 10 cours en ligne - Enfants&rdquo;\" rel=\"nofollow\" data-success_message=\"&ldquo;Pack de 10 cours en ligne - Enfants&rdquo; has been added to your cart\">Add to cart<\/a>\t<span id=\"woocommerce_loop_add_to_cart_link_describedby_362587\" class=\"screen-reader-text\">\n\t\t\t<\/span>\n<\/div>\t<\/div>\r\n<\/li>\r\n<li class=\"elementor-grid-item post-362561 product type-product status-publish has-post-thumbnail product_cat-cours-en-ligne product_tag-abonnement product_tag-solfege  instock virtual taxable purchasable product-type-simple\">\r\n\t<div class=\"pp-woo-product-wrapper\">\r\n\t\t<div class=\"pp-woo-products-thumbnail-wrap\"><div class=\"pp-badge-container pp-left-badge-container\"><\/div><a href=\"https:\/\/piano-academie.com\/en\/produit\/abonnement-mensuel-illimit-solfge-cours-en-ligne\/\" class=\"woocommerce-LoopProduct-link woocommerce-loop-product__link\"><img decoding=\"async\" width=\"500\" height=\"339\" src=\"https:\/\/piano-academie.com\/wp-content\/uploads\/2026\/01\/Abonnement-zoom-mensuel-et-solfege-500x339.jpg\" class=\"attachment-woocommerce_thumbnail size-woocommerce_thumbnail\" alt=\"Abonnement mensuel illimit\u00e9 + solf\u00e8ge - cours en ligne\" \/><\/a><\/div><div class=\"pp-woo-products-summary-wrap\">\t\t\t<span class=\"pp-woo-product-category\">\n\t\t\t\tCours en ligne\t\t\t<\/span> \n\t\t\t<a href=\"https:\/\/piano-academie.com\/en\/produit\/abonnement-mensuel-illimit-solfge-cours-en-ligne\/\" class=\"pp-loop-product__link\"><h2 class=\"woocommerce-loop-product__title\">Abonnement mensuel illimit\u00e9 + solf\u00e8ge &#8211; cours en ligne<\/h2><\/a>\n\t<span class=\"price\"><span class=\"woocommerce-Price-amount amount\"><bdi>180<span class=\"woocommerce-Price-currencySymbol\">&euro;<\/span><\/bdi><\/span><\/span>\n<a href=\"\/en\/wp-json\/wp\/v2\/pages\/180966?add-to-cart=362561\" aria-describedby=\"woocommerce_loop_add_to_cart_link_describedby_362561\" data-quantity=\"1\" class=\"button product_type_simple add_to_cart_button ajax_add_to_cart\" data-product_id=\"362561\" data-product_sku=\"\" aria-label=\"Add to cart: &ldquo;Abonnement mensuel illimit\u00e9 + solf\u00e8ge - cours en ligne&rdquo;\" rel=\"nofollow\" data-success_message=\"&ldquo;Abonnement mensuel illimit\u00e9 + solf\u00e8ge - cours en ligne&rdquo; has been added to your cart\">Add to cart<\/a>\t<span id=\"woocommerce_loop_add_to_cart_link_describedby_362561\" class=\"screen-reader-text\">\n\t\t\t<\/span>\n<\/div>\t<\/div>\r\n<\/li>\r\n<li class=\"elementor-grid-item post-362500 product type-product status-publish has-post-thumbnail product_cat-cours-en-ligne product_tag-abonnement last instock virtual taxable purchasable product-type-simple\">\r\n\t<div class=\"pp-woo-product-wrapper\">\r\n\t\t<div class=\"pp-woo-products-thumbnail-wrap\"><div class=\"pp-badge-container pp-left-badge-container\"><\/div><a href=\"https:\/\/piano-academie.com\/en\/produit\/abonnement-mensuel-illimit-cours-en-ligne\/\" class=\"woocommerce-LoopProduct-link woocommerce-loop-product__link\"><img loading=\"lazy\" decoding=\"async\" width=\"500\" height=\"452\" src=\"https:\/\/piano-academie.com\/wp-content\/uploads\/2026\/01\/Abonnement-zoom-mensuel-500x452.jpg\" class=\"attachment-woocommerce_thumbnail size-woocommerce_thumbnail\" alt=\"Abonnement mensuel illimit\u00e9 - cours en ligne\" \/><\/a><\/div><div class=\"pp-woo-products-summary-wrap\">\t\t\t<span class=\"pp-woo-product-category\">\n\t\t\t\tCours en ligne\t\t\t<\/span> \n\t\t\t<a href=\"https:\/\/piano-academie.com\/en\/produit\/abonnement-mensuel-illimit-cours-en-ligne\/\" class=\"pp-loop-product__link\"><h2 class=\"woocommerce-loop-product__title\">Abonnement mensuel illimit\u00e9 &#8211; cours en ligne<\/h2><\/a>\n\t<span class=\"price\"><span class=\"woocommerce-Price-amount amount\"><bdi>160<span class=\"woocommerce-Price-currencySymbol\">&euro;<\/span><\/bdi><\/span><\/span>\n<a href=\"\/en\/wp-json\/wp\/v2\/pages\/180966?add-to-cart=362500\" aria-describedby=\"woocommerce_loop_add_to_cart_link_describedby_362500\" data-quantity=\"1\" class=\"button product_type_simple add_to_cart_button ajax_add_to_cart\" data-product_id=\"362500\" data-product_sku=\"\" aria-label=\"Add to cart: &ldquo;Abonnement mensuel illimit\u00e9 - cours en ligne&rdquo;\" rel=\"nofollow\" data-success_message=\"&ldquo;Abonnement mensuel illimit\u00e9 - cours en ligne&rdquo; has been added to your cart\">Add to cart<\/a>\t<span id=\"woocommerce_loop_add_to_cart_link_describedby_362500\" class=\"screen-reader-text\">\n\t\t\t<\/span>\n<\/div>\t<\/div>\r\n<\/li>\r\n<li class=\"elementor-grid-item post-361934 product type-product status-publish has-post-thumbnail product_cat-cours-en-ligne product_tag-carnet  instock virtual taxable purchasable product-type-simple\">\r\n\t<div class=\"pp-woo-product-wrapper\">\r\n\t\t<div class=\"pp-woo-products-thumbnail-wrap\"><div class=\"pp-badge-container pp-left-badge-container\"><\/div><a href=\"https:\/\/piano-academie.com\/en\/produit\/pack-de-10-cours-en-ligne\/\" class=\"woocommerce-LoopProduct-link woocommerce-loop-product__link\"><img loading=\"lazy\" decoding=\"async\" width=\"500\" height=\"339\" src=\"https:\/\/piano-academie.com\/wp-content\/uploads\/2026\/01\/pack-10-cours-en-ligne-500x339.jpg\" class=\"attachment-woocommerce_thumbnail size-woocommerce_thumbnail\" alt=\"Pack de 10 cours en ligne\" \/><\/a><\/div><div class=\"pp-woo-products-summary-wrap\">\t\t\t<span class=\"pp-woo-product-category\">\n\t\t\t\tCours en ligne\t\t\t<\/span> \n\t\t\t<a href=\"https:\/\/piano-academie.com\/en\/produit\/pack-de-10-cours-en-ligne\/\" class=\"pp-loop-product__link\"><h2 class=\"woocommerce-loop-product__title\">Pack de 10 cours en ligne<\/h2><\/a>\n\t<span class=\"price\"><span class=\"woocommerce-Price-amount amount\"><bdi>100<span class=\"woocommerce-Price-currencySymbol\">&euro;<\/span><\/bdi><\/span><\/span>\n<a href=\"\/en\/wp-json\/wp\/v2\/pages\/180966?add-to-cart=361934\" aria-describedby=\"woocommerce_loop_add_to_cart_link_describedby_361934\" data-quantity=\"1\" class=\"button product_type_simple add_to_cart_button ajax_add_to_cart\" data-product_id=\"361934\" data-product_sku=\"\" aria-label=\"Add to cart: &ldquo;Pack de 10 cours en ligne&rdquo;\" rel=\"nofollow\" data-success_message=\"&ldquo;Pack de 10 cours en ligne&rdquo; has been added to your cart\">Add to cart<\/a>\t<span id=\"woocommerce_loop_add_to_cart_link_describedby_361934\" class=\"screen-reader-text\">\n\t\t\t<\/span>\n<\/div>\t<\/div>\r\n<\/li>\r\n<li class=\"elementor-grid-item post-343637 product type-product status-publish has-post-thumbnail product_cat-cartes-cadeaux-en last instock virtual taxable purchasable product-type-simple\">\r\n\t<div class=\"pp-woo-product-wrapper\">\r\n\t\t<div class=\"pp-woo-products-thumbnail-wrap\"><div class=\"pp-badge-container pp-left-badge-container\"><\/div><a href=\"https:\/\/piano-academie.com\/en\/produit\/offre-decouverte-adultes-ados-copie\/\" class=\"woocommerce-LoopProduct-link woocommerce-loop-product__link\"><img loading=\"lazy\" decoding=\"async\" width=\"500\" height=\"452\" src=\"https:\/\/piano-academie.com\/wp-content\/uploads\/2025\/12\/offre-decouverte-enfants-500x452.jpg\" class=\"attachment-woocommerce_thumbnail size-woocommerce_thumbnail\" alt=\"Offre D\u00e9couverte Adultes - Ados (Copie)\" \/><\/a><\/div><div class=\"pp-woo-products-summary-wrap\">\t\t\t<span class=\"pp-woo-product-category\">\n\t\t\t\tCartes cadeaux\t\t\t<\/span> \n\t\t\t<a href=\"https:\/\/piano-academie.com\/en\/produit\/offre-decouverte-adultes-ados-copie\/\" class=\"pp-loop-product__link\"><h2 class=\"woocommerce-loop-product__title\">Offre D\u00e9couverte Adultes &#8211; Ados (Copie)<\/h2><\/a>\n\t<span class=\"price\"><span class=\"woocommerce-Price-amount amount\"><bdi>50<span class=\"woocommerce-Price-currencySymbol\">&euro;<\/span><\/bdi><\/span><\/span>\n<a href=\"\/en\/wp-json\/wp\/v2\/pages\/180966?add-to-cart=343637\" aria-describedby=\"woocommerce_loop_add_to_cart_link_describedby_343637\" data-quantity=\"1\" class=\"button product_type_simple add_to_cart_button ajax_add_to_cart\" data-product_id=\"343637\" data-product_sku=\"\" aria-label=\"Add to cart: &ldquo;Offre D\u00e9couverte Adultes - Ados (Copie)&rdquo;\" rel=\"nofollow\" data-success_message=\"&ldquo;Offre D\u00e9couverte Adultes - Ados (Copie)&rdquo; has been added to your cart\">Add to cart<\/a>\t<span id=\"woocommerce_loop_add_to_cart_link_describedby_343637\" class=\"screen-reader-text\">\n\t\t\t<\/span>\n<\/div>\t<\/div>\r\n<\/li>\r\n<li class=\"elementor-grid-item post-340856 product type-product status-publish has-post-thumbnail product_cat-cartes-cadeaux-en  instock virtual taxable purchasable product-type-simple\">\r\n\t<div class=\"pp-woo-product-wrapper\">\r\n\t\t<div class=\"pp-woo-products-thumbnail-wrap\"><div class=\"pp-badge-container pp-left-badge-container\"><\/div><a href=\"https:\/\/piano-academie.com\/en\/produit\/offre-decouverte-cours-en-ligne-pour-enfants\/\" class=\"woocommerce-LoopProduct-link woocommerce-loop-product__link\"><img loading=\"lazy\" decoding=\"async\" width=\"500\" height=\"500\" src=\"https:\/\/piano-academie.com\/wp-content\/uploads\/2025\/11\/Europe-cours-en-ligne-enfants-500x500.jpg\" class=\"attachment-woocommerce_thumbnail size-woocommerce_thumbnail\" alt=\"Offre d\u00e9couverte - cours en ligne pour enfants\" srcset=\"https:\/\/piano-academie.com\/wp-content\/uploads\/2025\/11\/Europe-cours-en-ligne-enfants-500x500.jpg 500w, https:\/\/piano-academie.com\/wp-content\/uploads\/2025\/11\/Europe-cours-en-ligne-enfants-150x150.jpg 150w, https:\/\/piano-academie.com\/wp-content\/uploads\/2025\/11\/Europe-cours-en-ligne-enfants-610x610.jpg 610w, https:\/\/piano-academie.com\/wp-content\/uploads\/2025\/11\/Europe-cours-en-ligne-enfants-100x100.jpg 100w, https:\/\/piano-academie.com\/wp-content\/uploads\/2025\/11\/Europe-cours-en-ligne-enfants-200x200.jpg 200w, https:\/\/piano-academie.com\/wp-content\/uploads\/2025\/11\/Europe-cours-en-ligne-enfants-300x300.jpg 300w, https:\/\/piano-academie.com\/wp-content\/uploads\/2025\/11\/Europe-cours-en-ligne-enfants-400x400.jpg 400w\" sizes=\"(max-width: 500px) 100vw, 500px\" \/><\/a><\/div><div class=\"pp-woo-products-summary-wrap\">\t\t\t<span class=\"pp-woo-product-category\">\n\t\t\t\tCartes cadeaux\t\t\t<\/span> \n\t\t\t<a href=\"https:\/\/piano-academie.com\/en\/produit\/offre-decouverte-cours-en-ligne-pour-enfants\/\" class=\"pp-loop-product__link\"><h2 class=\"woocommerce-loop-product__title\">Offre d\u00e9couverte &#8211; cours en ligne pour enfants<\/h2><\/a>\n\t<span class=\"price\"><span class=\"woocommerce-Price-amount amount\"><bdi>60<span class=\"woocommerce-Price-currencySymbol\">&euro;<\/span><\/bdi><\/span><\/span>\n<a href=\"\/en\/wp-json\/wp\/v2\/pages\/180966?add-to-cart=340856\" aria-describedby=\"woocommerce_loop_add_to_cart_link_describedby_340856\" data-quantity=\"1\" class=\"button product_type_simple add_to_cart_button ajax_add_to_cart\" data-product_id=\"340856\" data-product_sku=\"\" aria-label=\"Add to cart: &ldquo;Offre d\u00e9couverte - cours en ligne pour enfants&rdquo;\" rel=\"nofollow\" data-success_message=\"&ldquo;Offre d\u00e9couverte - cours en ligne pour enfants&rdquo; has been added to your cart\">Add to cart<\/a>\t<span id=\"woocommerce_loop_add_to_cart_link_describedby_340856\" class=\"screen-reader-text\">\n\t\t\t<\/span>\n<\/div>\t<\/div>\r\n<\/li>\r\n<li class=\"elementor-grid-item post-323348 product type-product status-publish has-post-thumbnail product_cat-cartes-cadeaux-en product_shipping_class-gift-card giftcard-category-cartes-cadeaux last instock taxable shipping-taxable purchasable product-type-gift-card\">\r\n\t<div class=\"pp-woo-product-wrapper\">\r\n\t\t<div class=\"pp-woo-products-thumbnail-wrap\"><div class=\"pp-badge-container pp-left-badge-container\"><\/div><a href=\"https:\/\/piano-academie.com\/en\/produit\/4-cours-deveil-a-la-musique-a-bar-le-duc\/\" class=\"woocommerce-LoopProduct-link woocommerce-loop-product__link\"><img loading=\"lazy\" decoding=\"async\" width=\"500\" height=\"486\" src=\"https:\/\/piano-academie.com\/wp-content\/uploads\/2025\/11\/Carte-cadeau-Eveil-musical-500x486.jpg\" class=\"attachment-woocommerce_thumbnail size-woocommerce_thumbnail\" alt=\"4 Cours D&#039;\u00e9veil \u00c0 La Musique\u200b \u00e0 Bar-le-duc\" \/><\/a><\/div><div class=\"pp-woo-products-summary-wrap\">\t\t\t<span class=\"pp-woo-product-category\">\n\t\t\t\tCartes cadeaux\t\t\t<\/span> \n\t\t\t<a href=\"https:\/\/piano-academie.com\/en\/produit\/4-cours-deveil-a-la-musique-a-bar-le-duc\/\" class=\"pp-loop-product__link\"><h2 class=\"woocommerce-loop-product__title\">4 Cours D&#8217;\u00e9veil \u00c0 La Musique\u200b \u00e0 Bar-le-duc<\/h2><\/a>\n\t<span class=\"price\"><span class=\"woocommerce-Price-amount amount\"><bdi>40<span class=\"woocommerce-Price-currencySymbol\">&euro;<\/span><\/bdi><\/span><\/span>\n<a href=\"https:\/\/piano-academie.com\/en\/produit\/4-cours-deveil-a-la-musique-a-bar-le-duc\/\" aria-describedby=\"woocommerce_loop_add_to_cart_link_describedby_323348\" data-quantity=\"1\" class=\"button product_type_gift-card add_to_cart_button\" data-product_id=\"323348\" data-product_sku=\"\" aria-label=\"Read more about &ldquo;4 Cours D&#039;\u00e9veil \u00c0 La Musique\u200b \u00e0 Bar-le-duc&rdquo;\" rel=\"nofollow\">Select amount<\/a>\t<span id=\"woocommerce_loop_add_to_cart_link_describedby_323348\" class=\"screen-reader-text\">\n\t\t\t<\/span>\n<\/div>\t<\/div>\r\n<\/li>\r\n<\/ul>\n<\/div><\/div>\t\t\t\t<\/div>\n\t\t\t\t<\/div>\n\t\t\t\t\t<\/div>\n\t\t\t\t<\/div>\n\t\t\t\t<\/div>\n\t\t","protected":false},"excerpt":{"rendered":"<p>Partitions enfants 41 produits Solf\u00e8ge 4 produits Partitions 66 produits Stage 18 produits Vari\u00e9t\u00e9s Internationales 25 produits Vari\u00e9t\u00e9s Fran\u00e7aises 9 produits Vari\u00e9t\u00e9s Internationales What&#8217;d I say 5&euro; &ndash; 7&euro; Choix des options Cartes cadeaux Location de nos studios de r\u00e9p\u00e9tition [&hellip;]<\/p>\n","protected":false},"author":1,"featured_media":0,"parent":180454,"menu_order":12,"comment_status":"closed","ping_status":"closed","template":"","meta":{"_acf_changed":false,"_bbp_topic_count":0,"_bbp_reply_count":0,"_bbp_total_topic_count":0,"_bbp_total_reply_count":0,"_bbp_voice_count":0,"_bbp_anonymous_reply_count":0,"_bbp_topic_count_hidden":0,"_bbp_reply_count_hidden":0,"_bbp_forum_subforum_count":0,"footnotes":""},"categories":[458],"tags":[],"class_list":["post-180966","page","type-page","status-publish","hentry","category-bar-le-duc"],"acf":[],"_links":{"self":[{"href":"https:\/\/piano-academie.com\/en\/wp-json\/wp\/v2\/pages\/180966","targetHints":{"allow":["GET"]}}],"collection":[{"href":"https:\/\/piano-academie.com\/en\/wp-json\/wp\/v2\/pages"}],"about":[{"href":"https:\/\/piano-academie.com\/en\/wp-json\/wp\/v2\/types\/page"}],"author":[{"embeddable":true,"href":"https:\/\/piano-academie.com\/en\/wp-json\/wp\/v2\/users\/1"}],"replies":[{"embeddable":true,"href":"https:\/\/piano-academie.com\/en\/wp-json\/wp\/v2\/comments?post=180966"}],"version-history":[{"count":0,"href":"https:\/\/piano-academie.com\/en\/wp-json\/wp\/v2\/pages\/180966\/revisions"}],"up":[{"embeddable":true,"href":"https:\/\/piano-academie.com\/en\/wp-json\/wp\/v2\/pages\/180454"}],"wp:attachment":[{"href":"https:\/\/piano-academie.com\/en\/wp-json\/wp\/v2\/media?parent=180966"}],"wp:term":[{"taxonomy":"category","embeddable":true,"href":"https:\/\/piano-academie.com\/en\/wp-json\/wp\/v2\/categories?post=180966"},{"taxonomy":"post_tag","embeddable":true,"href":"https:\/\/piano-academie.com\/en\/wp-json\/wp\/v2\/tags?post=180966"}],"curies":[{"name":"wp","href":"https:\/\/api.w.org\/{rel}","templated":true}]}}