{"id":182067,"date":"2024-03-19T18:28:53","date_gmt":"2024-03-19T17:28:53","guid":{"rendered":"https:\/\/piano-academie.com\/?page_id=182067"},"modified":"2024-03-21T10:02:47","modified_gmt":"2024-03-21T09:02:47","slug":"programme-daffiliation-cours-de-solfege-en-ligne","status":"publish","type":"page","link":"https:\/\/piano-academie.com\/en\/programme-daffiliation-cours-de-solfege-en-ligne\/","title":{"rendered":"Programme d&#8217;Affiliation : Cours de Solf\u00e8ge En Ligne"},"content":{"rendered":"\t\t<div data-elementor-type=\"wp-page\" data-elementor-id=\"182067\" class=\"elementor elementor-182067\" data-elementor-post-type=\"page\">\n\t\t\t\t<div class=\"elementor-element elementor-element-f057b7d e-flex e-con-boxed e-con e-parent\" data-id=\"f057b7d\" data-element_type=\"container\" data-e-type=\"container\">\n\t\t\t\t\t<div class=\"e-con-inner\">\n\t\t\t\t<div class=\"elementor-element elementor-element-287d603 elementor-widget elementor-widget-text-editor\" data-id=\"287d603\" data-element_type=\"widget\" data-e-type=\"widget\" data-settings=\"{&quot;dotlife_ext_is_scrollme&quot;:&quot;false&quot;,&quot;dotlife_ext_is_smoove&quot;:&quot;false&quot;,&quot;dotlife_ext_is_parallax_mouse&quot;:&quot;false&quot;,&quot;dotlife_ext_is_infinite&quot;:&quot;false&quot;,&quot;dotlife_ext_is_fadeout_animation&quot;:&quot;false&quot;}\" data-widget_type=\"text-editor.default\">\n\t\t\t\t<div class=\"elementor-widget-container\">\n\t\t\t\t\t\t\t\t\t<h4>Pour les Professeurs de Musique Passionn\u00e9s<\/h4>\n<p>Vous \u00eates un professeur de musique d\u00e9di\u00e9 \u00e0 l&#8217;enseignement de votre instrument et vous souhaitez offrir \u00e0 vos \u00e9l\u00e8ves une formation compl\u00e8te en solf\u00e8ge sans pour autant d\u00e9laisser l&#8217;apprentissage pratique de l&#8217;instrument ? Notre programme d&#8217;affiliation est la solution id\u00e9ale pour vous.<\/p>\n<h4>D\u00e9couvrez Nos Cours de Solf\u00e8ge En Ligne<\/h4>\n<p>Nos cours de solf\u00e8ge en ligne sont con\u00e7us pour compl\u00e9ter votre enseignement instrumental. Adapt\u00e9s aux \u00e9l\u00e8ves de tous niveaux, du d\u00e9butant au confirm\u00e9, nous utilisons la m\u00e9thode Takadimi, pl\u00e9biscit\u00e9e dans de nombreux conservatoires. Avec 8 niveaux disponibles, nous offrons une flexibilit\u00e9 totale avec diff\u00e9rents cr\u00e9neaux tout au long de la semaine, d\u00e8s l&#8217;\u00e2ge de 5 ans.<\/p>\n<h4>Avantages de l&#8217;Affiliation<\/h4>\n<ul>\n<li><strong>Flexibilit\u00e9<\/strong>: Proposez \u00e0 vos \u00e9l\u00e8ves des cours de solf\u00e8ge en ligne accessibles \u00e0 partir de chez eux.<\/li>\n<li><strong>R\u00e9mun\u00e9ration Attractive<\/strong>: Gagnez 30% de commission sur le tarif HT pour chaque cours vendu, ainsi que sur les ventes de cahiers et de cartes de solf\u00e8ge n\u00e9cessaires aux cours.<\/li>\n<li><strong>Tarifs Accessibles<\/strong>: Nos cours sont propos\u00e9s \u00e0 un tarif public de 4\u20ac TTC pour 30 minutes, ou 6\u20ac TTC pour 45 minutes \u00e0 une heure de cours. Les cahiers de solf\u00e8ge sont vendus \u00e0 10\u20ac TTC et les cartes de solf\u00e8ge \u00e0 20\u20ac TTC.<\/li>\n<li><strong>Support P\u00e9dagogique Complet<\/strong>: Outre les cours, un espace d\u00e9di\u00e9 est disponible pour que les \u00e9l\u00e8ves puissent r\u00e9aliser tranquillement des exercices et approfondir leur apprentissage \u00e0 leur rythme.<\/li>\n<li><strong>Suivi des Progr\u00e8s<\/strong>: Un examen est organis\u00e9 chaque trimestre, permettant aux professeurs affili\u00e9s de suivre les progr\u00e8s de leurs \u00e9l\u00e8ves.<\/li>\n<\/ul>\t\t\t\t\t\t\t\t<\/div>\n\t\t\t\t<\/div>\n\t\t\t\t\t<\/div>\n\t\t\t\t<\/div>\n\t\t<div class=\"elementor-element elementor-element-d686d6c e-flex e-con-boxed e-con e-parent\" data-id=\"d686d6c\" data-element_type=\"container\" data-e-type=\"container\">\n\t\t\t\t\t<div class=\"e-con-inner\">\n\t\t<div class=\"elementor-element elementor-element-d606abb e-con-full e-flex e-con e-child\" data-id=\"d606abb\" data-element_type=\"container\" data-e-type=\"container\">\n\t\t\t\t<div class=\"elementor-element elementor-element-67cf289 elementor-widget elementor-widget-text-editor\" data-id=\"67cf289\" data-element_type=\"widget\" data-e-type=\"widget\" data-settings=\"{&quot;dotlife_ext_is_scrollme&quot;:&quot;false&quot;,&quot;dotlife_ext_is_smoove&quot;:&quot;false&quot;,&quot;dotlife_ext_is_parallax_mouse&quot;:&quot;false&quot;,&quot;dotlife_ext_is_infinite&quot;:&quot;false&quot;,&quot;dotlife_ext_is_fadeout_animation&quot;:&quot;false&quot;}\" data-widget_type=\"text-editor.default\">\n\t\t\t\t<div class=\"elementor-widget-container\">\n\t\t\t\t\t\t\t\t\t<h4>Rejoignez Notre Programme<\/h4><p>En rejoignant notre programme d&#8217;affiliation, vous offrez \u00e0 vos \u00e9l\u00e8ves une opportunit\u00e9 unique de se perfectionner en solf\u00e8ge tout en vous concentrant sur l&#8217;enseignement de votre instrument. C&#8217;est une mani\u00e8re d&#8217;enrichir votre offre p\u00e9dagogique tout en b\u00e9n\u00e9ficiant d&#8217;une source de revenus compl\u00e9mentaire.<\/p><p>Inscrivez-vous d\u00e8s maintenant pour proposer \u00e0 vos \u00e9l\u00e8ves des cours de solf\u00e8ge en ligne de qualit\u00e9. Un test d&#8217;\u00e9valuation est disponible pour permettre aux nouveaux \u00e9l\u00e8ves de trouver le niveau qui leur correspond le mieux. Avec 24 cours propos\u00e9s chaque ann\u00e9e, vos \u00e9l\u00e8ves auront tout le loisir de progresser \u00e0 leur rythme, en parall\u00e8le de leur apprentissage instrumental.<\/p><p>Pour plus d&#8217;informations sur notre programme d&#8217;affiliation et pour vous inscrire, veuillez visiter notre site web ou nous contacter directement. Ensemble, faisons progresser la musique.<\/p>\t\t\t\t\t\t\t\t<\/div>\n\t\t\t\t<\/div>\n\t\t\t\t<\/div>\n\t\t<div class=\"elementor-element elementor-element-aa84f71 e-con-full e-flex e-con e-child\" data-id=\"aa84f71\" data-element_type=\"container\" data-e-type=\"container\">\n\t\t\t\t<\/div>\n\t\t\t\t\t<\/div>\n\t\t\t\t<\/div>\n\t\t<div class=\"elementor-element elementor-element-7bc1748 e-flex e-con-boxed e-con e-parent\" data-id=\"7bc1748\" data-element_type=\"container\" data-e-type=\"container\">\n\t\t\t\t\t<div class=\"e-con-inner\">\n\t\t<div class=\"elementor-element elementor-element-dad8758 e-con-full e-flex e-con e-child\" data-id=\"dad8758\" data-element_type=\"container\" data-e-type=\"container\">\n\t\t\t\t<div class=\"elementor-element elementor-element-72b5fc7 elementor-widget elementor-widget-text-editor\" data-id=\"72b5fc7\" data-element_type=\"widget\" data-e-type=\"widget\" data-settings=\"{&quot;dotlife_ext_is_scrollme&quot;:&quot;false&quot;,&quot;dotlife_ext_is_smoove&quot;:&quot;false&quot;,&quot;dotlife_ext_is_parallax_mouse&quot;:&quot;false&quot;,&quot;dotlife_ext_is_infinite&quot;:&quot;false&quot;,&quot;dotlife_ext_is_fadeout_animation&quot;:&quot;false&quot;}\" data-widget_type=\"text-editor.default\">\n\t\t\t\t<div class=\"elementor-widget-container\">\n\t\t\t\t\t\t\t\t\t<h3>Simulation de Gain Annuel par \u00c9l\u00e8ve Inscrit<\/h3><p>Notre programme d&#8217;affiliation pour les cours de solf\u00e8ge en ligne offre aux professeurs de musique une opportunit\u00e9 suppl\u00e9mentaire de revenus. Voici une simulation du gain annuel que vous pourriez r\u00e9aliser pour un seul \u00e9l\u00e8ve inscrit \u00e0 nos cours.<\/p><h4>D\u00e9tail des Gains<\/h4><ul><li><p><strong>Cours de Solf\u00e8ge<\/strong> : En consid\u00e9rant que l&#8217;\u00e9l\u00e8ve participe \u00e0 24 sessions de cours dans l&#8217;ann\u00e9e, avec une commission de 1,5\u20ac par cours pour le professeur affili\u00e9, cela repr\u00e9sente un gain de 36\u20ac par \u00e9l\u00e8ve.<\/p><\/li><li><p><strong>Mat\u00e9riel P\u00e9dagogique<\/strong> : En plus des cours, le mat\u00e9riel n\u00e9cessaire (cahiers et cartes de solf\u00e8ge) g\u00e9n\u00e8re une commission suppl\u00e9mentaire. Avec une commission totale de 7,5\u20ac sur le mat\u00e9riel vendu \u00e0 chaque \u00e9l\u00e8ve inscrit, cela augmente le gain total \u00e0 43,5\u20ac par \u00e9l\u00e8ve et par an.<\/p><\/li><\/ul>\t\t\t\t\t\t\t\t<\/div>\n\t\t\t\t<\/div>\n\t\t\t\t<\/div>\n\t\t<div class=\"elementor-element elementor-element-577ca96 e-con-full e-flex e-con e-child\" data-id=\"577ca96\" data-element_type=\"container\" data-e-type=\"container\">\n\t\t\t\t<div class=\"elementor-element elementor-element-5b8dcf8 elementor-widget elementor-widget-text-editor\" data-id=\"5b8dcf8\" data-element_type=\"widget\" data-e-type=\"widget\" data-settings=\"{&quot;dotlife_ext_is_scrollme&quot;:&quot;false&quot;,&quot;dotlife_ext_is_smoove&quot;:&quot;false&quot;,&quot;dotlife_ext_is_parallax_mouse&quot;:&quot;false&quot;,&quot;dotlife_ext_is_infinite&quot;:&quot;false&quot;,&quot;dotlife_ext_is_fadeout_animation&quot;:&quot;false&quot;}\" data-widget_type=\"text-editor.default\">\n\t\t\t\t<div class=\"elementor-widget-container\">\n\t\t\t\t\t\t\t\t\t<h3>B\u00e9n\u00e9fices pour l&#8217;\u00c9l\u00e8ve dans Notre Programme d&#8217;Affiliation<\/h3><p>Notre programme d&#8217;affiliation est con\u00e7u pour offrir des avantages significatifs non seulement aux professeurs mais aussi aux \u00e9l\u00e8ves qui choisissent de s&#8217;engager dans notre parcours d&#8217;apprentissage. En s&#8217;inscrivant \u00e0 nos cours de solf\u00e8ge en ligne par le biais d&#8217;un professeur affili\u00e9, les \u00e9l\u00e8ves b\u00e9n\u00e9ficient d&#8217;une offre exclusive qui enrichit leur exp\u00e9rience \u00e9ducative tout en rendant l&#8217;apprentissage plus accessible financi\u00e8rement.<\/p><h4>Avantages Exclusifs pour les \u00c9l\u00e8ves<\/h4><ul><li><p><strong>Remise Sp\u00e9ciale<\/strong> : Chaque \u00e9l\u00e8ve inscrit via un professeur affili\u00e9 b\u00e9n\u00e9ficie d&#8217;une remise de 10% sur le tarif de chaque cours. Pour des cours initialement tarif\u00e9s \u00e0 6\u20ac, cela repr\u00e9sente une \u00e9conomie de 0,6\u20ac par session.<\/p><\/li><li><p><strong>\u00c9conomie Annuelle<\/strong> : Avec un programme comprenant 24 sessions de cours par an, cette remise repr\u00e9sente une \u00e9conomie totale de 14,4\u20ac pour l&#8217;\u00e9l\u00e8ve sur la p\u00e9riode.<\/p><\/li><li><p><strong>Suivi des Progr\u00e8s<\/strong> : Nous partageons avec vous, le professeur, les progr\u00e8s r\u00e9alis\u00e9s par chaque \u00e9l\u00e8ve, vous permettant d&#8217;ajuster votre enseignement en cons\u00e9quence et d&#8217;offrir un soutien personnalis\u00e9.<\/p><\/li><\/ul>\t\t\t\t\t\t\t\t<\/div>\n\t\t\t\t<\/div>\n\t\t\t\t<\/div>\n\t\t\t\t\t<\/div>\n\t\t\t\t<\/div>\n\t\t\t\t<\/div>\n\t\t","protected":false},"excerpt":{"rendered":"<p>Pour les Professeurs de Musique Passionn\u00e9s Vous \u00eates un professeur de musique d\u00e9di\u00e9 \u00e0 l&#8217;enseignement de votre instrument et vous souhaitez offrir \u00e0 vos \u00e9l\u00e8ves une formation compl\u00e8te en solf\u00e8ge sans pour autant d\u00e9laisser l&#8217;apprentissage pratique de l&#8217;instrument ? Notre [&hellip;]<\/p>\n","protected":false},"author":1,"featured_media":0,"parent":0,"menu_order":0,"comment_status":"closed","ping_status":"closed","template":"","meta":{"_acf_changed":false,"_bbp_topic_count":0,"_bbp_reply_count":0,"_bbp_total_topic_count":0,"_bbp_total_reply_count":0,"_bbp_voice_count":0,"_bbp_anonymous_reply_count":0,"_bbp_topic_count_hidden":0,"_bbp_reply_count_hidden":0,"_bbp_forum_subforum_count":0,"footnotes":""},"categories":[466],"tags":[],"class_list":["post-182067","page","type-page","status-publish","hentry","category-paris"],"acf":[],"_links":{"self":[{"href":"https:\/\/piano-academie.com\/en\/wp-json\/wp\/v2\/pages\/182067","targetHints":{"allow":["GET"]}}],"collection":[{"href":"https:\/\/piano-academie.com\/en\/wp-json\/wp\/v2\/pages"}],"about":[{"href":"https:\/\/piano-academie.com\/en\/wp-json\/wp\/v2\/types\/page"}],"author":[{"embeddable":true,"href":"https:\/\/piano-academie.com\/en\/wp-json\/wp\/v2\/users\/1"}],"replies":[{"embeddable":true,"href":"https:\/\/piano-academie.com\/en\/wp-json\/wp\/v2\/comments?post=182067"}],"version-history":[{"count":0,"href":"https:\/\/piano-academie.com\/en\/wp-json\/wp\/v2\/pages\/182067\/revisions"}],"wp:attachment":[{"href":"https:\/\/piano-academie.com\/en\/wp-json\/wp\/v2\/media?parent=182067"}],"wp:term":[{"taxonomy":"category","embeddable":true,"href":"https:\/\/piano-academie.com\/en\/wp-json\/wp\/v2\/categories?post=182067"},{"taxonomy":"post_tag","embeddable":true,"href":"https:\/\/piano-academie.com\/en\/wp-json\/wp\/v2\/tags?post=182067"}],"curies":[{"name":"wp","href":"https:\/\/api.w.org\/{rel}","templated":true}]}}