{"id":200708,"date":"2024-07-03T12:06:03","date_gmt":"2024-07-03T10:06:03","guid":{"rendered":"https:\/\/piano-academie.com\/carte-cadeau-6-cours-copy\/"},"modified":"2025-07-03T10:17:52","modified_gmt":"2025-07-03T08:17:52","slug":"liste-des-morceaux-pour-les-eleves-debutants","status":"publish","type":"page","link":"https:\/\/piano-academie.com\/en\/liste-des-morceaux-pour-les-eleves-debutants\/","title":{"rendered":"Liste des morceaux pour les \u00e9l\u00e8ves d\u00e9butants"},"content":{"rendered":"\t\t<div data-elementor-type=\"wp-page\" data-elementor-id=\"200708\" class=\"elementor elementor-200708\" data-elementor-post-type=\"page\">\n\t\t\t\t\t\t<section class=\"elementor-section elementor-top-section elementor-element elementor-element-273ef7f4 elementor-section-boxed elementor-section-height-default elementor-section-height-default\" data-id=\"273ef7f4\" data-element_type=\"section\" data-settings=\"{&quot;dotlife_ext_is_background_parallax&quot;:&quot;false&quot;}\">\n\t\t\t\t\t\t<div class=\"elementor-container elementor-column-gap-default\">\n\t\t\t\t\t<div class=\"elementor-column elementor-col-100 elementor-top-column elementor-element elementor-element-767504b2\" data-id=\"767504b2\" data-element_type=\"column\" data-settings=\"{&quot;dotlife_ext_is_scrollme&quot;:&quot;false&quot;,&quot;dotlife_ext_is_smoove&quot;:&quot;false&quot;,&quot;dotlife_ext_is_parallax_mouse&quot;:&quot;false&quot;,&quot;dotlife_ext_is_infinite&quot;:&quot;false&quot;,&quot;dotlife_ext_is_fadeout_animation&quot;:&quot;false&quot;}\">\n\t\t\t<div class=\"elementor-widget-wrap elementor-element-populated\">\n\t\t\t\t\t\t<div class=\"elementor-element elementor-element-1a1eea7e elementor-widget elementor-widget-heading\" data-id=\"1a1eea7e\" data-element_type=\"widget\" data-settings=\"{&quot;dotlife_ext_is_scrollme&quot;:&quot;false&quot;,&quot;dotlife_ext_is_smoove&quot;:&quot;false&quot;,&quot;dotlife_ext_is_parallax_mouse&quot;:&quot;false&quot;,&quot;dotlife_ext_is_infinite&quot;:&quot;false&quot;,&quot;dotlife_ext_is_fadeout_animation&quot;:&quot;false&quot;}\" data-widget_type=\"heading.default\">\n\t\t\t\t<div class=\"elementor-widget-container\">\n\t\t\t\t\t<h4 class=\"elementor-heading-title elementor-size-default\">Apprendre en 6 semaines<\/h4>\t\t\t\t<\/div>\n\t\t\t\t<\/div>\n\t\t\t\t<div class=\"elementor-element elementor-element-7b8d570f elementor-widget elementor-widget-heading\" data-id=\"7b8d570f\" data-element_type=\"widget\" data-settings=\"{&quot;dotlife_ext_is_scrollme&quot;:&quot;false&quot;,&quot;dotlife_ext_is_smoove&quot;:&quot;false&quot;,&quot;dotlife_ext_is_parallax_mouse&quot;:&quot;false&quot;,&quot;dotlife_ext_is_infinite&quot;:&quot;false&quot;,&quot;dotlife_ext_is_fadeout_animation&quot;:&quot;false&quot;}\" data-widget_type=\"heading.default\">\n\t\t\t\t<div class=\"elementor-widget-container\">\n\t\t\t\t\t<h3 class=\"elementor-heading-title elementor-size-default\">Les morceaux<\/h3>\t\t\t\t<\/div>\n\t\t\t\t<\/div>\n\t\t\t\t<div class=\"elementor-element elementor-element-3529eaf elementor-widget elementor-widget-text-editor\" data-id=\"3529eaf\" data-element_type=\"widget\" data-settings=\"{&quot;dotlife_ext_is_scrollme&quot;:&quot;false&quot;,&quot;dotlife_ext_is_smoove&quot;:&quot;false&quot;,&quot;dotlife_ext_is_parallax_mouse&quot;:&quot;false&quot;,&quot;dotlife_ext_is_infinite&quot;:&quot;false&quot;,&quot;dotlife_ext_is_fadeout_animation&quot;:&quot;false&quot;}\" data-widget_type=\"text-editor.default\">\n\t\t\t\t<div class=\"elementor-widget-container\">\n\t\t\t\t\t\t\t\t\t<p>Vous trouverez ci-apr\u00e8s une liste &nbsp;non exhaustive de morceaux que vous pourrez apprendre en 6 semaines.<\/p>\t\t\t\t\t\t\t\t<\/div>\n\t\t\t\t<\/div>\n\t\t\t\t\t<\/div>\n\t\t<\/div>\n\t\t\t\t\t<\/div>\n\t\t<\/section>\n\t\t<div class=\"elementor-element elementor-element-9f101ef e-flex e-con-boxed e-con e-parent\" data-id=\"9f101ef\" data-element_type=\"container\">\n\t\t\t\t\t<div class=\"e-con-inner\">\n\t\t<div class=\"elementor-element elementor-element-e0dfc5a e-con-full e-flex e-con e-child\" data-id=\"e0dfc5a\" data-element_type=\"container\">\n\t\t\t\t<div class=\"elementor-element elementor-element-fc8034c elementor-widget elementor-widget-text-editor\" data-id=\"fc8034c\" data-element_type=\"widget\" data-settings=\"{&quot;dotlife_ext_is_scrollme&quot;:&quot;false&quot;,&quot;dotlife_ext_is_smoove&quot;:&quot;false&quot;,&quot;dotlife_ext_is_parallax_mouse&quot;:&quot;false&quot;,&quot;dotlife_ext_is_infinite&quot;:&quot;false&quot;,&quot;dotlife_ext_is_fadeout_animation&quot;:&quot;false&quot;}\" data-widget_type=\"text-editor.default\">\n\t\t\t\t<div class=\"elementor-widget-container\">\n\t\t\t\t\t\t\t\t\t<h2>Chansons Fran\u00e7aises<\/h2>\t\t\t\t\t\t\t\t<\/div>\n\t\t\t\t<\/div>\n\t\t\t\t<div class=\"elementor-element elementor-element-f52ff7d elementor-widget elementor-widget-text-editor\" data-id=\"f52ff7d\" data-element_type=\"widget\" data-settings=\"{&quot;dotlife_ext_is_scrollme&quot;:&quot;false&quot;,&quot;dotlife_ext_is_smoove&quot;:&quot;false&quot;,&quot;dotlife_ext_is_parallax_mouse&quot;:&quot;false&quot;,&quot;dotlife_ext_is_infinite&quot;:&quot;false&quot;,&quot;dotlife_ext_is_fadeout_animation&quot;:&quot;false&quot;}\" data-widget_type=\"text-editor.default\">\n\t\t\t\t<div class=\"elementor-widget-container\">\n\t\t\t\t\t\t\t\t\t<ul><li><a href=\"https:\/\/piano-academie.com\/produit\/partition-balance-ton-quoi\/\">Balance Ton Quoi.<\/a><\/li><li><a href=\"https:\/\/piano-academie.com\/produit\/partition-comme-dhabitude\/\">Comme d&#8217;habitude<\/a>.<\/li><li>Je veux y croire.<\/li><li><a href=\"https:\/\/piano-academie.com\/produit\/partition-la-javanaise\/\">La Javanaise.<\/a><\/li><li><a href=\"https:\/\/piano-academie.com\/produit\/partition-vie-en-rose\/\">La vie en rose.<\/a><\/li><li>Les feuilles mortes.<\/li><li><a href=\"https:\/\/piano-academie.com\/produit\/les-mots-bleus\/\">Les Mots Bleus<\/a>.<\/li><li><a href=\"https:\/\/piano-academie.com\/produit\/mistral-gagnant\/\">Mistral Gagnant.<\/a><\/li><li><a href=\"https:\/\/piano-academie.com\/produit\/partition-salut-damour-elgar\/\">Salut d&#8217;amour<\/a>.<\/li><li>Tristesse.<\/li><li>Vois sur ton chemin.<\/li><li>Volare.<\/li><\/ul>\t\t\t\t\t\t\t\t<\/div>\n\t\t\t\t<\/div>\n\t\t\t\t<\/div>\n\t\t<div class=\"elementor-element elementor-element-7f2f4d8 e-con-full e-flex e-con e-child\" data-id=\"7f2f4d8\" data-element_type=\"container\">\n\t\t\t\t<div class=\"elementor-element elementor-element-06165c6 elementor-widget elementor-widget-text-editor\" data-id=\"06165c6\" data-element_type=\"widget\" data-settings=\"{&quot;dotlife_ext_is_scrollme&quot;:&quot;false&quot;,&quot;dotlife_ext_is_smoove&quot;:&quot;false&quot;,&quot;dotlife_ext_is_parallax_mouse&quot;:&quot;false&quot;,&quot;dotlife_ext_is_infinite&quot;:&quot;false&quot;,&quot;dotlife_ext_is_fadeout_animation&quot;:&quot;false&quot;}\" data-widget_type=\"text-editor.default\">\n\t\t\t\t<div class=\"elementor-widget-container\">\n\t\t\t\t\t\t\t\t\t<h2>Films<\/h2>\t\t\t\t\t\t\t\t<\/div>\n\t\t\t\t<\/div>\n\t\t\t\t<div class=\"elementor-element elementor-element-ebeac9b elementor-widget elementor-widget-text-editor\" data-id=\"ebeac9b\" data-element_type=\"widget\" data-settings=\"{&quot;dotlife_ext_is_scrollme&quot;:&quot;false&quot;,&quot;dotlife_ext_is_smoove&quot;:&quot;false&quot;,&quot;dotlife_ext_is_parallax_mouse&quot;:&quot;false&quot;,&quot;dotlife_ext_is_infinite&quot;:&quot;false&quot;,&quot;dotlife_ext_is_fadeout_animation&quot;:&quot;false&quot;}\" data-widget_type=\"text-editor.default\">\n\t\t\t\t<div class=\"elementor-widget-container\">\n\t\t\t\t\t\t\t\t\t<ul><li><a href=\"https:\/\/piano-academie.com\/produit\/ce-reve-bleu\/\">Ce r\u00eave bleu.<\/a><\/li><li><a href=\"https:\/\/piano-academie.com\/produit\/partition-comptine-dun-autre-ete\/\">Comptine d&#8217;un autre \u00e9t\u00e9.<\/a><\/li><li>Des gammes et des arp\u00e8ges.<\/li><li><a href=\"https:\/\/piano-academie.com\/produit\/partition-forrest-gump\/\">Forrest Gump.<\/a><\/li><li>Hakuna matata.<\/li><li><a href=\"https:\/\/piano-academie.com\/produit\/partition-shrek\/\">Hallelujah<\/a>.<\/li><li><a href=\"https:\/\/piano-academie.com\/produit\/partition-harry-potter\/\">Harry Potter.<\/a><\/li><li><a href=\"https:\/\/piano-academie.com\/produit\/partition-la-belle-et-la-bete-histoire-eternelle\/\">Histoire Eternelle<\/a>.<\/li><li><a href=\"https:\/\/piano-academie.com\/produit\/partition-inspecteur-gadget\/\">Inspecteur Gadget.<\/a><\/li><li><a href=\"https:\/\/piano-academie.com\/produit\/partition-le-chateau-ambulant-2\/\">Le ch\u00e2teau ambulant<\/a>.<\/li><li><a href=\"https:\/\/piano-academie.com\/produit\/partition-le-chateau-dans-le-ciel\/\">Le ch\u00e2teau dans le ciel<\/a>.<\/li><li><a href=\"https:\/\/piano-academie.com\/produit\/partition-le-parrain\/\">Le Parrain<\/a>.<\/li><li><a href=\"https:\/\/piano-academie.com\/produit\/partition-legendes-automne\/\">Legends of the fall.<\/a><\/li><li><a href=\"https:\/\/piano-academie.com\/produit\/love-of-my-life\/\">Love of my life.<\/a><\/li><li><a href=\"https:\/\/piano-academie.com\/produit\/partition-la-marche-imperiale-star-wars\/\">Marche Imp\u00e9riale<\/a>.<\/li><li><a href=\"https:\/\/piano-academie.com\/produit\/married-life\/\">Married life (L\u00e0-haut)<\/a><\/li><li><a href=\"https:\/\/piano-academie.com\/produit\/partition-memory\/\">Memory<\/a>.<\/li><li><a href=\"https:\/\/piano-academie.com\/produit\/merry-christmas-mr-lawrence\/\">Merry Christmas Mr. Lawrenc<\/a>e.<\/li><li>Michelle.<\/li><li>One summer&#8217;s day. (Le voyage de Chihiro)<\/li><li><a href=\"https:\/\/piano-academie.com\/produit\/partition-pirates-caraibes\/\">Pirates des Cara\u00efbes<\/a>.<\/li><li>Prince Ali.<\/li><li>Princess Mononoke.<\/li><li>R\u00e9flexion<\/li><li><a href=\"https:\/\/piano-academie.com\/produit\/remember-me-coco\/\">Remember me (Coco)<\/a><\/li><li><a href=\"https:\/\/piano-academie.com\/produit\/partition-reve-damour-f-liszt\/\">R\u00eave d&#8217;amour.<\/a><\/li><li><a href=\"https:\/\/piano-academie.com\/produit\/partition-james-bond\/\">James Bond Th\u00e8me<\/a>.<\/li><li>La dispute.<\/li><li><a href=\"https:\/\/piano-academie.com\/produit\/partition-la-famille-addams\/\">La Famille Addams<\/a>.<\/li><li><a href=\"https:\/\/piano-academie.com\/produit\/partition-la-la-land-toutniveau\/\">La La Land<\/a>.<\/li><li><a href=\"https:\/\/piano-academie.com\/produit\/la-liste-schindler\/\">La liste de Schindler.<\/a><\/li><li><a href=\"https:\/\/piano-academie.com\/produit\/partition-panthere-rose-2\/\">La Panth\u00e8re rose<\/a>.<\/li><li><a href=\"https:\/\/piano-academie.com\/produit\/partition-la-valise-damelie\/\">La valse d&#8217;Amelie.<\/a><\/li><li><a href=\"https:\/\/piano-academie.com\/produit\/partition-shallow\/\">Shallow<\/a>.<\/li><li>So this is love.<\/li><li>Someday my prince will come.<\/li><li><a href=\"https:\/\/piano-academie.com\/produit\/partition-somewhere-over-thee-rainbow\/\">Somewhere over the rainbow<\/a>.<\/li><li><a href=\"https:\/\/piano-academie.com\/produit\/partition-star-wars\/\">Star Wars<\/a>.<\/li><li>Un monstre \u00e0 Paris.<\/li><li><a href=\"https:\/\/piano-academie.com\/produit\/partition-trouble-coldplay-copie\/\">Viva la vida<\/a>.<\/li><li><a href=\"https:\/\/piano-academie.com\/produit\/when-you-wish-upon-a-star-pinocchio\/\">When you wish upon a star<\/a>.<\/li><\/ul>\t\t\t\t\t\t\t\t<\/div>\n\t\t\t\t<\/div>\n\t\t\t\t<\/div>\n\t\t<div class=\"elementor-element elementor-element-6e64752 e-con-full e-flex e-con e-child\" data-id=\"6e64752\" data-element_type=\"container\">\n\t\t\t\t<div class=\"elementor-element elementor-element-c77054b elementor-widget elementor-widget-text-editor\" data-id=\"c77054b\" data-element_type=\"widget\" data-settings=\"{&quot;dotlife_ext_is_scrollme&quot;:&quot;false&quot;,&quot;dotlife_ext_is_smoove&quot;:&quot;false&quot;,&quot;dotlife_ext_is_parallax_mouse&quot;:&quot;false&quot;,&quot;dotlife_ext_is_infinite&quot;:&quot;false&quot;,&quot;dotlife_ext_is_fadeout_animation&quot;:&quot;false&quot;}\" data-widget_type=\"text-editor.default\">\n\t\t\t\t<div class=\"elementor-widget-container\">\n\t\t\t\t\t\t\t\t\t<h2>Vari\u00e9t\u00e9s internationales<\/h2>\t\t\t\t\t\t\t\t<\/div>\n\t\t\t\t<\/div>\n\t\t\t\t<div class=\"elementor-element elementor-element-5818358 elementor-widget elementor-widget-text-editor\" data-id=\"5818358\" data-element_type=\"widget\" data-settings=\"{&quot;dotlife_ext_is_scrollme&quot;:&quot;false&quot;,&quot;dotlife_ext_is_smoove&quot;:&quot;false&quot;,&quot;dotlife_ext_is_parallax_mouse&quot;:&quot;false&quot;,&quot;dotlife_ext_is_infinite&quot;:&quot;false&quot;,&quot;dotlife_ext_is_fadeout_animation&quot;:&quot;false&quot;}\" data-widget_type=\"text-editor.default\">\n\t\t\t\t<div class=\"elementor-widget-container\">\n\t\t\t\t\t\t\t\t\t<ul><li><a href=\"https:\/\/piano-academie.com\/produit\/partition-abcdefu\/\">ABCDEFU<\/a>.<\/li><li>Ashes.<\/li><li><a href=\"https:\/\/piano-academie.com\/produit\/partition-back-to-black\/\">Back to black<\/a>.<\/li><li><a href=\"https:\/\/piano-academie.com\/produit\/partition-beggin\/\">Beggin<\/a><\/li><li><a href=\"https:\/\/piano-academie.com\/produit\/can-you-feel-the-love-tonight\/\">Can you feel the love tonight<\/a>.<\/li><li>Carol of the bells.<\/li><li><a href=\"https:\/\/piano-academie.com\/produit\/partition-dont-know-why\/\">Don&#8217;t know why<\/a>.<\/li><li><a href=\"https:\/\/piano-academie.com\/produit\/partition-feeling-good\/\">Feeling good<\/a>.<\/li><li>I&#8217;m still standing.<\/li><li><a href=\"https:\/\/piano-academie.com\/produit\/partition-imagine\/\">Imagine<\/a>.<\/li><li><a href=\"https:\/\/piano-academie.com\/produit\/jingle-bell-rock\/\">Jingle bell rock.<\/a><\/li><li><a href=\"https:\/\/piano-academie.com\/produit\/let-it-be\/\">Let it be<\/a>.<\/li><li><a href=\"https:\/\/piano-academie.com\/produit\/partition-memories-maroon5\/\">Memories &#8211; Maroons 5<\/a><\/li><li><a href=\"https:\/\/piano-academie.com\/produit\/mon-voisin-totoro\/\">Mon Voisin Totoro<\/a>.<\/li><li><a href=\"https:\/\/piano-academie.com\/produit\/moon-river\/\">Moon River<\/a>.<\/li><li><a href=\"https:\/\/piano-academie.com\/produit\/partition-titanic\/\">My heart will go on<\/a>.<\/li><li><a href=\"https:\/\/piano-academie.com\/produit\/partition-my-immortal\/\">My immortal<\/a>.<\/li><li><a href=\"https:\/\/piano-academie.com\/produit\/partition-the-river-flows-in-you\/\">River flows in you<\/a>.<\/li><li><a href=\"https:\/\/piano-academie.com\/produit\/round-midnight-thelonius-monk\/\">Round midnight<\/a>.<\/li><li><a href=\"https:\/\/piano-academie.com\/produit\/partition-someone-like-you\/\">Someone like you<\/a>.<\/li><li><a href=\"https:\/\/piano-academie.com\/produit\/song-for-a-guy-elton-john\/\">Song for guy<\/a>.<\/li><li><a href=\"https:\/\/piano-academie.com\/produit\/partition-stay-rihanna\/\">Stay<\/a>.<\/li><li><a href=\"https:\/\/piano-academie.com\/produit\/partition-summertime\/\">Summertime<\/a>.<\/li><li><a href=\"https:\/\/piano-academie.com\/produit\/partition-take-five\/\">Take five<\/a>.<\/li><li><a href=\"https:\/\/piano-academie.com\/produit\/partition-the-entertainer\/\">The Entertainer<\/a>.<\/li><li><a href=\"https:\/\/piano-academie.com\/produit\/partition-the-love-as-it-is\/\">The love as it is<\/a>.<\/li><li><a href=\"https:\/\/piano-academie.com\/produit\/partition-soud-of-silence\/\">The sound of silence<\/a>.<\/li><li><a href=\"https:\/\/piano-academie.com\/produit\/partition-trouble-coldplay\/\">Trouble<\/a>.<\/li><li><a href=\"https:\/\/piano-academie.com\/produit\/what-a-wonderful-world\/\">What a wonderful world<\/a><\/li><li><a href=\"https:\/\/piano-academie.com\/produit\/yesterday\/\">Yesterday<\/a>.<\/li><li><a href=\"https:\/\/piano-academie.com\/produit\/your-song-elton-john\/\">Your song<\/a>.<\/li><\/ul>\t\t\t\t\t\t\t\t<\/div>\n\t\t\t\t<\/div>\n\t\t\t\t<\/div>\n\t\t<div class=\"elementor-element elementor-element-f706026 e-con-full e-flex e-con e-child\" data-id=\"f706026\" data-element_type=\"container\">\n\t\t\t\t<div class=\"elementor-element elementor-element-8053585 elementor-widget elementor-widget-text-editor\" data-id=\"8053585\" data-element_type=\"widget\" data-settings=\"{&quot;dotlife_ext_is_scrollme&quot;:&quot;false&quot;,&quot;dotlife_ext_is_smoove&quot;:&quot;false&quot;,&quot;dotlife_ext_is_parallax_mouse&quot;:&quot;false&quot;,&quot;dotlife_ext_is_infinite&quot;:&quot;false&quot;,&quot;dotlife_ext_is_fadeout_animation&quot;:&quot;false&quot;}\" data-widget_type=\"text-editor.default\">\n\t\t\t\t<div class=\"elementor-widget-container\">\n\t\t\t\t\t\t\t\t\t<h2>Classiques<\/h2>\t\t\t\t\t\t\t\t<\/div>\n\t\t\t\t<\/div>\n\t\t\t\t<div class=\"elementor-element elementor-element-562c363 elementor-widget elementor-widget-text-editor\" data-id=\"562c363\" data-element_type=\"widget\" data-settings=\"{&quot;dotlife_ext_is_scrollme&quot;:&quot;false&quot;,&quot;dotlife_ext_is_smoove&quot;:&quot;false&quot;,&quot;dotlife_ext_is_parallax_mouse&quot;:&quot;false&quot;,&quot;dotlife_ext_is_infinite&quot;:&quot;false&quot;,&quot;dotlife_ext_is_fadeout_animation&quot;:&quot;false&quot;}\" data-widget_type=\"text-editor.default\">\n\t\t\t\t<div class=\"elementor-widget-container\">\n\t\t\t\t\t\t\t\t\t<ul><li><a href=\"https:\/\/piano-academie.com\/produit\/partition-bach-marcello-adagio-en-re-mineur\/\">Adagio en r\u00e9 mineur. (JS Bach)<\/a><\/li><li>Air sur la corde sol.<\/li><li><a href=\"https:\/\/piano-academie.com\/produit\/partition-gnossienne-erik-satie\/\">Gnossienne<\/a> No.1. (Erik Satie)<\/li><li><a href=\"https:\/\/piano-academie.com\/produit\/partition-gymnopedie-n1-erik-satie\/\">Gymnop\u00e9die<\/a> No.1. (Erik Satie)<\/li><li><a href=\"https:\/\/piano-academie.com\/produit\/partition-reve-damour-f-liszt\/\">R\u00eave d&#8217;amour (F. Liszt)<\/a><\/li><\/ul>\t\t\t\t\t\t\t\t<\/div>\n\t\t\t\t<\/div>\n\t\t\t\t<\/div>\n\t\t\t\t\t<\/div>\n\t\t\t\t<\/div>\n\t\t<div class=\"elementor-element elementor-element-61e2381 e-flex e-con-boxed e-con e-parent\" data-id=\"61e2381\" data-element_type=\"container\">\n\t\t\t\t\t<div class=\"e-con-inner\">\n\t\t\t\t\t<\/div>\n\t\t\t\t<\/div>\n\t\t\t\t<\/div>\n\t\t","protected":false},"excerpt":{"rendered":"<p>Apprendre en 6 semaines Les morceaux Vous trouverez ci-apr\u00e8s une liste &nbsp;non exhaustive de morceaux que vous pourrez apprendre en 6 semaines. Chansons Fran\u00e7aises Balance Ton Quoi. Comme d&#8217;habitude. Je veux y croire. La Javanaise. La vie en rose. Les [&hellip;]<\/p>\n","protected":false},"author":1,"featured_media":0,"parent":0,"menu_order":0,"comment_status":"closed","ping_status":"closed","template":"","meta":{"_acf_changed":false,"_bbp_topic_count":0,"_bbp_reply_count":0,"_bbp_total_topic_count":0,"_bbp_total_reply_count":0,"_bbp_voice_count":0,"_bbp_anonymous_reply_count":0,"_bbp_topic_count_hidden":0,"_bbp_reply_count_hidden":0,"_bbp_forum_subforum_count":0,"footnotes":""},"categories":[466],"tags":[],"class_list":["post-200708","page","type-page","status-publish","hentry","category-paris"],"acf":[],"_links":{"self":[{"href":"https:\/\/piano-academie.com\/en\/wp-json\/wp\/v2\/pages\/200708","targetHints":{"allow":["GET"]}}],"collection":[{"href":"https:\/\/piano-academie.com\/en\/wp-json\/wp\/v2\/pages"}],"about":[{"href":"https:\/\/piano-academie.com\/en\/wp-json\/wp\/v2\/types\/page"}],"author":[{"embeddable":true,"href":"https:\/\/piano-academie.com\/en\/wp-json\/wp\/v2\/users\/1"}],"replies":[{"embeddable":true,"href":"https:\/\/piano-academie.com\/en\/wp-json\/wp\/v2\/comments?post=200708"}],"version-history":[{"count":0,"href":"https:\/\/piano-academie.com\/en\/wp-json\/wp\/v2\/pages\/200708\/revisions"}],"wp:attachment":[{"href":"https:\/\/piano-academie.com\/en\/wp-json\/wp\/v2\/media?parent=200708"}],"wp:term":[{"taxonomy":"category","embeddable":true,"href":"https:\/\/piano-academie.com\/en\/wp-json\/wp\/v2\/categories?post=200708"},{"taxonomy":"post_tag","embeddable":true,"href":"https:\/\/piano-academie.com\/en\/wp-json\/wp\/v2\/tags?post=200708"}],"curies":[{"name":"wp","href":"https:\/\/api.w.org\/{rel}","templated":true}]}}