{"id":230920,"date":"2024-10-28T13:02:36","date_gmt":"2024-10-28T12:02:36","guid":{"rendered":"https:\/\/piano-academie.com\/piano-academie-blog\/"},"modified":"2024-11-12T17:47:12","modified_gmt":"2024-11-12T16:47:12","slug":"piano-academie-blog","status":"publish","type":"page","link":"https:\/\/piano-academie.com\/en\/piano-academie-blog\/","title":{"rendered":"Piano Acad\u00e9mie blog"},"content":{"rendered":"\t\t<div data-elementor-type=\"wp-page\" data-elementor-id=\"230920\" class=\"elementor elementor-230920 elementor-224762\" data-elementor-post-type=\"page\">\n\t\t\t\t\t\t<section class=\"elementor-section elementor-top-section elementor-element elementor-element-3485d2b elementor-section-stretched elementor-section-height-min-height elementor-section-boxed elementor-section-height-default elementor-section-items-middle\" data-id=\"3485d2b\" data-element_type=\"section\" data-e-type=\"section\" data-settings=\"{&quot;stretch_section&quot;:&quot;section-stretched&quot;,&quot;background_background&quot;:&quot;classic&quot;,&quot;shape_divider_bottom&quot;:&quot;tilt&quot;,&quot;dotlife_ext_is_background_parallax&quot;:&quot;false&quot;}\">\n\t\t\t\t\t<div class=\"elementor-shape elementor-shape-bottom\" aria-hidden=\"true\" data-negative=\"false\">\n\t\t\t<svg xmlns=\"http:\/\/www.w3.org\/2000\/svg\" viewBox=\"0 0 1000 100\" preserveAspectRatio=\"none\">\n\t<path class=\"elementor-shape-fill\" d=\"M0,6V0h1000v100L0,6z\"\/>\n<\/svg>\t\t<\/div>\n\t\t\t\t\t<div class=\"elementor-container elementor-column-gap-default\">\n\t\t\t\t\t<div class=\"elementor-column elementor-col-100 elementor-top-column elementor-element elementor-element-7e0ffb45\" data-id=\"7e0ffb45\" data-element_type=\"column\" data-e-type=\"column\" data-settings=\"{&quot;dotlife_ext_is_scrollme&quot;:&quot;false&quot;,&quot;dotlife_ext_is_smoove&quot;:&quot;false&quot;,&quot;dotlife_ext_is_parallax_mouse&quot;:&quot;false&quot;,&quot;dotlife_ext_is_infinite&quot;:&quot;false&quot;,&quot;dotlife_ext_is_fadeout_animation&quot;:&quot;false&quot;}\">\n\t\t\t<div class=\"elementor-widget-wrap elementor-element-populated\">\n\t\t\t\t\t\t<div class=\"elementor-element elementor-element-10efcac6 animated-fast elementor-invisible elementor-widget elementor-widget-heading\" data-id=\"10efcac6\" data-element_type=\"widget\" data-e-type=\"widget\" data-settings=\"{&quot;_animation&quot;:&quot;fadeInUp&quot;,&quot;dotlife_ext_is_scrollme&quot;:&quot;false&quot;,&quot;dotlife_ext_is_smoove&quot;:&quot;false&quot;,&quot;dotlife_ext_is_parallax_mouse&quot;:&quot;false&quot;,&quot;dotlife_ext_is_infinite&quot;:&quot;false&quot;,&quot;dotlife_ext_is_fadeout_animation&quot;:&quot;false&quot;}\" data-widget_type=\"heading.default\">\n\t\t\t\t<div class=\"elementor-widget-container\">\n\t\t\t\t\t<span class=\"elementor-heading-title elementor-size-default\">Les Gammes de la Sagesse<\/span>\t\t\t\t<\/div>\n\t\t\t\t<\/div>\n\t\t\t\t<div class=\"elementor-element elementor-element-1cfed0b5 animated-fast elementor-invisible elementor-widget elementor-widget-heading\" data-id=\"1cfed0b5\" data-element_type=\"widget\" data-e-type=\"widget\" data-settings=\"{&quot;_animation&quot;:&quot;fadeInUp&quot;,&quot;_animation_delay&quot;:200,&quot;dotlife_ext_is_scrollme&quot;:&quot;false&quot;,&quot;dotlife_ext_is_smoove&quot;:&quot;false&quot;,&quot;dotlife_ext_is_parallax_mouse&quot;:&quot;false&quot;,&quot;dotlife_ext_is_infinite&quot;:&quot;false&quot;,&quot;dotlife_ext_is_fadeout_animation&quot;:&quot;false&quot;}\" data-widget_type=\"heading.default\">\n\t\t\t\t<div class=\"elementor-widget-container\">\n\t\t\t\t\t<h2 class=\"elementor-heading-title elementor-size-default\">La musique<div class=\"type-wrap\" style=\"display:none;\">\n        <div id=\"typed-strings\"><p>Myst\u00e8res<\/p><p> Merveilles<\/p><p> Mouvements<\/p><\/div>\n        <span id=\"typed\" style=\"white-space:pre;\"><\/span>\n        <\/div><\/h2>\t\t\t\t<\/div>\n\t\t\t\t<\/div>\n\t\t\t\t\t<\/div>\n\t\t<\/div>\n\t\t\t\t\t<\/div>\n\t\t<\/section>\n\t\t\t\t<section class=\"elementor-section elementor-top-section elementor-element elementor-element-3f173bac elementor-section-stretched elementor-section-boxed elementor-section-height-default elementor-section-height-default\" data-id=\"3f173bac\" data-element_type=\"section\" data-e-type=\"section\" data-settings=\"{&quot;stretch_section&quot;:&quot;section-stretched&quot;,&quot;background_background&quot;:&quot;classic&quot;,&quot;dotlife_ext_is_background_parallax&quot;:&quot;false&quot;}\">\n\t\t\t\t\t\t<div class=\"elementor-container elementor-column-gap-default\">\n\t\t\t\t\t<div class=\"elementor-column elementor-col-100 elementor-top-column elementor-element elementor-element-281f5fe1\" data-id=\"281f5fe1\" data-element_type=\"column\" data-e-type=\"column\" data-settings=\"{&quot;dotlife_ext_is_scrollme&quot;:&quot;false&quot;,&quot;dotlife_ext_is_smoove&quot;:&quot;false&quot;,&quot;dotlife_ext_is_parallax_mouse&quot;:&quot;false&quot;,&quot;dotlife_ext_is_infinite&quot;:&quot;false&quot;,&quot;dotlife_ext_is_fadeout_animation&quot;:&quot;false&quot;}\">\n\t\t\t<div class=\"elementor-widget-wrap elementor-element-populated\">\n\t\t\t\t\t\t<div class=\"elementor-element elementor-element-41033228 elementor-widget elementor-widget-dotlife-blog-posts\" data-id=\"41033228\" data-element_type=\"widget\" data-e-type=\"widget\" data-settings=\"{&quot;dotlife_ext_is_scrollme&quot;:&quot;false&quot;,&quot;dotlife_ext_is_smoove&quot;:&quot;false&quot;,&quot;dotlife_ext_is_parallax_mouse&quot;:&quot;false&quot;,&quot;dotlife_ext_is_infinite&quot;:&quot;false&quot;,&quot;dotlife_ext_is_fadeout_animation&quot;:&quot;false&quot;}\" data-widget_type=\"dotlife-blog-posts.default\">\n\t\t\t\t<div class=\"elementor-widget-container\">\n\t\t\t\t\t<div class=\"blog_post_content_wrapper layout_list_circle\">\n<!-- Begin each blog post -->\n<div class=\"blog-posts-list_circle post-371130 post type-post status-publish format-standard has-post-thumbnail hentry category-conseils-en\">\n\n\t<div class=\"post_wrapper\">\n\t\t\n\t\t\t\t    <div class=\"post_img static\">\n\t\t\t    \t\t\t    <div class=\"post_img_hover classic \">\n\t\t\t     \t\t\t\t\t     <img decoding=\"async\"  src=\"https:\/\/piano-academie.com\/wp-content\/uploads\/2026\/02\/soutien-parental-610x610.jpg\" class=\"\" alt=\"\"\/>\n\t\t\t\t     \t\t\t     \t\t\t\t     \t<a href=\"https:\/\/piano-academie.com\/en\/mon-enfant-na-pas-envie-de-travailler-7-leviers-efficaces-pour-eviter-les-conflits\/\"><\/a>\n\t\t\t    <\/div>\n\t\t    <\/div>\n\t\t\t    \n\t    <div class=\"post_content_wrapper text_left\">\n\t\t    \n\t\t    <div class=\"post_header\">\n\t\t\t    \t\t\t    <div class=\"post_detail single_post\">\n\t\t\t    \t<span class=\"post_info_cat\">\n\t\t\t\t\t\t\t\t\t\t\t\t      \t<a href=\"https:\/\/piano-academie.com\/en\/category\/conseils-en\/\">Conseils<\/a>\n\t\t\t\t\t\t\t\t\t    \t<\/span>\n\t\t\t \t<\/div>\n\t\t\t \t\t\t\t\t<div class=\"post_header_title\">\n\t\t\t\t    <h5><a href=\"https:\/\/piano-academie.com\/en\/mon-enfant-na-pas-envie-de-travailler-7-leviers-efficaces-pour-eviter-les-conflits\/\" title=\"Mon enfant n\u2019a pas envie de travailler : 7 leviers efficaces pour \u00e9viter les conflits\">Mon enfant n\u2019a pas envie de travailler : 7 leviers efficaces pour \u00e9viter les conflits<\/a><\/h5>\n\t\t\t\t<\/div>\n\t\t\t<\/div>\n\t    \n\t\t\t<div class=\"post_header_wrapper\">\n\t\t\t\t<p>Mon enfant n\u2019a pas envie de travailler : 7 leviers efficaces (sans conflit) Mon enfant n\u2019a pas envie de travailler : 7 leviers efficaces (sans conflit) Un enfant qui rechigne \u00e0 travailler n\u2019est pas forc\u00e9ment paresseux Le plus souvent, il [&he...<\/p>\t\t\t    \t\t\t    <div class=\"post_button_wrapper\">\n\t\t\t    \t<div class=\"post_attribute\">\n\t\t\t\t\t    <a href=\"https:\/\/piano-academie.com\/en\/mon-enfant-na-pas-envie-de-travailler-7-leviers-efficaces-pour-eviter-les-conflits\/\" title=\"Mon enfant n\u2019a pas envie de travailler : 7 leviers efficaces pour \u00e9viter les conflits\">13 February 2026<\/a>\n\t\t\t\t\t<\/div>\n\t\t\t    <\/div>\n\t\t\t    \t\t\t<\/div>\n\t    <\/div>\n\t    \n\t<\/div>\n\n<\/div>\n<br class=\"clear\"\/>\n<!-- End each blog post --><!-- Begin each blog post -->\n<div class=\"blog-posts-list_circle post-316166 post type-post status-publish format-standard has-post-thumbnail hentry category-actualites-en\">\n\n\t<div class=\"post_wrapper\">\n\t\t\n\t\t\t\t    <div class=\"post_img static\">\n\t\t\t    \t\t\t    <div class=\"post_img_hover classic \">\n\t\t\t     \t\t\t\t\t     <img decoding=\"async\"  src=\"https:\/\/piano-academie.com\/wp-content\/uploads\/2025\/10\/Zhexiang-Li-610x610.jpg\" class=\"\" alt=\"\"\/>\n\t\t\t\t     \t\t\t     \t\t\t\t     \t<a href=\"https:\/\/piano-academie.com\/en\/zhexiang-li-la-musique-avant-tout\/\"><\/a>\n\t\t\t    <\/div>\n\t\t    <\/div>\n\t\t\t    \n\t    <div class=\"post_content_wrapper text_left\">\n\t\t    \n\t\t    <div class=\"post_header\">\n\t\t\t    \t\t\t    <div class=\"post_detail single_post\">\n\t\t\t    \t<span class=\"post_info_cat\">\n\t\t\t\t\t\t\t\t\t\t\t\t      \t<a href=\"https:\/\/piano-academie.com\/en\/category\/actualites-en\/\">Actualit\u00e9s<\/a>\n\t\t\t\t\t\t\t\t\t    \t<\/span>\n\t\t\t \t<\/div>\n\t\t\t \t\t\t\t\t<div class=\"post_header_title\">\n\t\t\t\t    <h5><a href=\"https:\/\/piano-academie.com\/en\/zhexiang-li-la-musique-avant-tout\/\" title=\"Zhexiang Li &#8211; Music Above All\">Zhexiang Li &#8211; Music Above All<\/a><\/h5>\n\t\t\t\t<\/div>\n\t\t\t<\/div>\n\t    \n\t\t\t<div class=\"post_header_wrapper\">\n\t\t\t\t<p>Listening to Zhexiang Li is to enter a Chopin of rare sincerity, where every phrase breathes like a human voice He does not play to demonstrate; he tells a story The line unfolds with a natural, unforced rubato that lets [&hellip;]...<\/p>\t\t\t    \t\t\t    <div class=\"post_button_wrapper\">\n\t\t\t    \t<div class=\"post_attribute\">\n\t\t\t\t\t    <a href=\"https:\/\/piano-academie.com\/en\/zhexiang-li-la-musique-avant-tout\/\" title=\"Zhexiang Li &#8211; Music Above All\">14 October 2025<\/a>\n\t\t\t\t\t<\/div>\n\t\t\t    <\/div>\n\t\t\t    \t\t\t<\/div>\n\t    <\/div>\n\t    \n\t<\/div>\n\n<\/div>\n<br class=\"clear\"\/>\n<!-- End each blog post --><!-- Begin each blog post -->\n<div class=\"blog-posts-list_circle post-310655 post type-post status-publish format-standard has-post-thumbnail hentry category-actualites-en category-concert-en\">\n\n\t<div class=\"post_wrapper\">\n\t\t\n\t\t\t\t    <div class=\"post_img static\">\n\t\t\t    \t\t\t    <div class=\"post_img_hover classic \">\n\t\t\t     \t\t\t\t\t     <img decoding=\"async\"  src=\"https:\/\/piano-academie.com\/wp-content\/uploads\/2025\/09\/Concert-sung-bin-610x610.jpeg\" class=\"\" alt=\"\"\/>\n\t\t\t\t     \t\t\t     \t\t\t\t     \t<a href=\"https:\/\/piano-academie.com\/en\/concert-exceptionnel-sungbin-hong-et-maestro-maurizio-moretti\/\"><\/a>\n\t\t\t    <\/div>\n\t\t    <\/div>\n\t\t\t    \n\t    <div class=\"post_content_wrapper text_left\">\n\t\t    \n\t\t    <div class=\"post_header\">\n\t\t\t    \t\t\t    <div class=\"post_detail single_post\">\n\t\t\t    \t<span class=\"post_info_cat\">\n\t\t\t\t\t\t\t\t\t\t\t\t      \t<a href=\"https:\/\/piano-academie.com\/en\/category\/actualites-en\/\">Actualit\u00e9s<\/a>\n\t\t\t\t\t\t&nbsp;&middot;&nbsp;\t\t\t\t\t\t      \t<a href=\"https:\/\/piano-academie.com\/en\/category\/concert-en\/\">Concert<\/a>\n\t\t\t\t\t\t\t\t\t    \t<\/span>\n\t\t\t \t<\/div>\n\t\t\t \t\t\t\t\t<div class=\"post_header_title\">\n\t\t\t\t    <h5><a href=\"https:\/\/piano-academie.com\/en\/concert-exceptionnel-sungbin-hong-et-maestro-maurizio-moretti\/\" title=\"Concert Exceptionnel : Sungbin Hong et Maestro Maurizio Moretti\">Concert Exceptionnel : Sungbin Hong et Maestro Maurizio Moretti<\/a><\/h5>\n\t\t\t\t<\/div>\n\t\t\t<\/div>\n\t    \n\t\t\t<div class=\"post_header_wrapper\">\n\t\t\t\t<p>Concert Exceptionnel &#8211; Piano Acad\u00e9mie Concert Exceptionnel : Sungbin Hong et Maestro Maurizio Moretti Chers \u00e9l\u00e8ves, parents et amis de la musique, Nous avons le plaisir de vous informer que Sungbin Hong, professeur \u00e0 Piano Acad\u00e9mie \u2013 Ass...<\/p>\t\t\t    \t\t\t    <div class=\"post_button_wrapper\">\n\t\t\t    \t<div class=\"post_attribute\">\n\t\t\t\t\t    <a href=\"https:\/\/piano-academie.com\/en\/concert-exceptionnel-sungbin-hong-et-maestro-maurizio-moretti\/\" title=\"Concert Exceptionnel : Sungbin Hong et Maestro Maurizio Moretti\">15 September 2025<\/a>\n\t\t\t\t\t<\/div>\n\t\t\t    <\/div>\n\t\t\t    \t\t\t<\/div>\n\t    <\/div>\n\t    \n\t<\/div>\n\n<\/div>\n<br class=\"clear\"\/>\n<!-- End each blog post --><!-- Begin each blog post -->\n<div class=\"blog-posts-list_circle post-266542 post type-post status-publish format-standard has-post-thumbnail hentry category-conseils-en\">\n\n\t<div class=\"post_wrapper\">\n\t\t\n\t\t\t\t    <div class=\"post_img static\">\n\t\t\t    \t\t\t    <div class=\"post_img_hover classic \">\n\t\t\t     \t\t\t\t\t     <img decoding=\"async\"  src=\"https:\/\/piano-academie.com\/wp-content\/uploads\/2025\/02\/piano-violon-enfant.jpg\" class=\"\" alt=\"\"\/>\n\t\t\t\t     \t\t\t     \t\t\t\t     \t<a href=\"https:\/\/piano-academie.com\/en\/puis-je-mettre-mon-enfant-au-piano-et-au-violon\/\"><\/a>\n\t\t\t    <\/div>\n\t\t    <\/div>\n\t\t\t    \n\t    <div class=\"post_content_wrapper text_left\">\n\t\t    \n\t\t    <div class=\"post_header\">\n\t\t\t    \t\t\t    <div class=\"post_detail single_post\">\n\t\t\t    \t<span class=\"post_info_cat\">\n\t\t\t\t\t\t\t\t\t\t\t\t      \t<a href=\"https:\/\/piano-academie.com\/en\/category\/conseils-en\/\">Conseils<\/a>\n\t\t\t\t\t\t\t\t\t    \t<\/span>\n\t\t\t \t<\/div>\n\t\t\t \t\t\t\t\t<div class=\"post_header_title\">\n\t\t\t\t    <h5><a href=\"https:\/\/piano-academie.com\/en\/puis-je-mettre-mon-enfant-au-piano-et-au-violon\/\" title=\"Puis-je mettre mon enfant au piano et au violon ?\">Puis-je mettre mon enfant au piano et au violon ?<\/a><\/h5>\n\t\t\t\t<\/div>\n\t\t\t<\/div>\n\t    \n\t\t\t<div class=\"post_header_wrapper\">\n\t\t\t\t<p>Accueil > Mag > Conseils > Puis-je mettre mon enfant au piano et au violon  Puis-je mettre mon enfant au piano et au violon  Les avantages et d\u00e9fis d\u2019un apprentissage simultan\u00e9, \u00e9clair\u00e9s par la science et les virtuoses [&hellip;]...<\/p>\t\t\t    \t\t\t    <div class=\"post_button_wrapper\">\n\t\t\t    \t<div class=\"post_attribute\">\n\t\t\t\t\t    <a href=\"https:\/\/piano-academie.com\/en\/puis-je-mettre-mon-enfant-au-piano-et-au-violon\/\" title=\"Puis-je mettre mon enfant au piano et au violon ?\">23 February 2025<\/a>\n\t\t\t\t\t<\/div>\n\t\t\t    <\/div>\n\t\t\t    \t\t\t<\/div>\n\t    <\/div>\n\t    \n\t<\/div>\n\n<\/div>\n<br class=\"clear\"\/>\n<!-- End each blog post --><!-- Begin each blog post -->\n<div class=\"blog-posts-list_circle post-266528 post type-post status-publish format-standard has-post-thumbnail hentry category-conseils-en\">\n\n\t<div class=\"post_wrapper\">\n\t\t\n\t\t\t\t    <div class=\"post_img static\">\n\t\t\t    \t\t\t    <div class=\"post_img_hover classic \">\n\t\t\t     \t\t\t\t\t     <img decoding=\"async\"  src=\"https:\/\/piano-academie.com\/wp-content\/uploads\/2025\/02\/piano-enfant-4-ans.jpg\" class=\"\" alt=\"\"\/>\n\t\t\t\t     \t\t\t     \t\t\t\t     \t<a href=\"https:\/\/piano-academie.com\/en\/pourquoi-debuter-le-piano-a-4-ans\/\"><\/a>\n\t\t\t    <\/div>\n\t\t    <\/div>\n\t\t\t    \n\t    <div class=\"post_content_wrapper text_left\">\n\t\t    \n\t\t    <div class=\"post_header\">\n\t\t\t    \t\t\t    <div class=\"post_detail single_post\">\n\t\t\t    \t<span class=\"post_info_cat\">\n\t\t\t\t\t\t\t\t\t\t\t\t      \t<a href=\"https:\/\/piano-academie.com\/en\/category\/conseils-en\/\">Conseils<\/a>\n\t\t\t\t\t\t\t\t\t    \t<\/span>\n\t\t\t \t<\/div>\n\t\t\t \t\t\t\t\t<div class=\"post_header_title\">\n\t\t\t\t    <h5><a href=\"https:\/\/piano-academie.com\/en\/pourquoi-debuter-le-piano-a-4-ans\/\" title=\"Pourquoi d\u00e9buter le piano \u00e0 4 ans ?\">Pourquoi d\u00e9buter le piano \u00e0 4 ans ?<\/a><\/h5>\n\t\t\t\t<\/div>\n\t\t\t<\/div>\n\t    \n\t\t\t<div class=\"post_header_wrapper\">\n\t\t\t\t<p>Accueil > Mag > Conseils > Pourquoi d\u00e9buter le piano \u00e0 4 ans  Pourquoi d\u00e9buter le piano \u00e0 4 ans  Les avantages scientifiquement prouv\u00e9s d\u2019un apprentissage pr\u00e9coce Contactez-nous Les b\u00e9n\u00e9fices scientifiquement prouv\u00e9s de d\u00e9buter \u00e0 4 ans C...<\/p>\t\t\t    \t\t\t    <div class=\"post_button_wrapper\">\n\t\t\t    \t<div class=\"post_attribute\">\n\t\t\t\t\t    <a href=\"https:\/\/piano-academie.com\/en\/pourquoi-debuter-le-piano-a-4-ans\/\" title=\"Pourquoi d\u00e9buter le piano \u00e0 4 ans ?\">23 February 2025<\/a>\n\t\t\t\t\t<\/div>\n\t\t\t    <\/div>\n\t\t\t    \t\t\t<\/div>\n\t    <\/div>\n\t    \n\t<\/div>\n\n<\/div>\n<br class=\"clear\"\/>\n<!-- End each blog post --><!-- Begin each blog post -->\n<div class=\"blog-posts-list_circle post-230171 post type-post status-publish format-standard has-post-thumbnail hentry category-conseils-en\">\n\n\t<div class=\"post_wrapper\">\n\t\t\n\t\t\t\t    <div class=\"post_img static\">\n\t\t\t    \t\t\t    <div class=\"post_img_hover classic \">\n\t\t\t     \t\t\t\t\t     <img decoding=\"async\"  src=\"https:\/\/piano-academie.com\/wp-content\/uploads\/2024\/11\/recherche-professeur-blog-610x600.jpg\" class=\"\" alt=\"\"\/>\n\t\t\t\t     \t\t\t     \t\t\t\t     \t<a href=\"https:\/\/piano-academie.com\/en\/changer-de-carriere-avec-piano-academie-devenez-professeur-de-piano-et-trouvez-votre-equilibre-de-vie\/\"><\/a>\n\t\t\t    <\/div>\n\t\t    <\/div>\n\t\t\t    \n\t    <div class=\"post_content_wrapper text_left\">\n\t\t    \n\t\t    <div class=\"post_header\">\n\t\t\t    \t\t\t    <div class=\"post_detail single_post\">\n\t\t\t    \t<span class=\"post_info_cat\">\n\t\t\t\t\t\t\t\t\t\t\t\t      \t<a href=\"https:\/\/piano-academie.com\/en\/category\/conseils-en\/\">Conseils<\/a>\n\t\t\t\t\t\t\t\t\t    \t<\/span>\n\t\t\t \t<\/div>\n\t\t\t \t\t\t\t\t<div class=\"post_header_title\">\n\t\t\t\t    <h5><a href=\"https:\/\/piano-academie.com\/en\/changer-de-carriere-avec-piano-academie-devenez-professeur-de-piano-et-trouvez-votre-equilibre-de-vie\/\" title=\"Changer de Carri\u00e8re avec Piano Acad\u00e9mie : Devenez Professeur de Piano et Trouvez Votre \u00c9quilibre de Vie\">Changer de Carri\u00e8re avec Piano Acad\u00e9mie : Devenez Professeur de Piano et Trouvez Votre \u00c9quilibre de Vie<\/a><\/h5>\n\t\t\t\t<\/div>\n\t\t\t<\/div>\n\t    \n\t\t\t<div class=\"post_header_wrapper\">\n\t\t\t\t<p>Accueil Imaginez : vous \u00eates au seuil d&#8217;un nouveau chapitre, o\u00f9 la m\u00e9lodie de votre vie professionnelle change de tempo Une vague de changement d\u00e9ferle sur la France : aujourd&#8217;hui, un travailleur sur quatre a d\u00e9j\u00e0 os\u00e9 transformer s...<\/p>\t\t\t    \t\t\t    <div class=\"post_button_wrapper\">\n\t\t\t    \t<div class=\"post_attribute\">\n\t\t\t\t\t    <a href=\"https:\/\/piano-academie.com\/en\/changer-de-carriere-avec-piano-academie-devenez-professeur-de-piano-et-trouvez-votre-equilibre-de-vie\/\" title=\"Changer de Carri\u00e8re avec Piano Acad\u00e9mie : Devenez Professeur de Piano et Trouvez Votre \u00c9quilibre de Vie\">11 November 2024<\/a>\n\t\t\t\t\t<\/div>\n\t\t\t    <\/div>\n\t\t\t    \t\t\t<\/div>\n\t    <\/div>\n\t    \n\t<\/div>\n\n<\/div>\n<br class=\"clear\"\/>\n<!-- End each blog post --><!-- Begin each blog post -->\n<div class=\"blog-posts-list_circle post-224714 post type-post status-publish format-standard has-post-thumbnail hentry category-non-classifiee\">\n\n\t<div class=\"post_wrapper\">\n\t\t\n\t\t\t\t    <div class=\"post_img static\">\n\t\t\t    \t\t\t    <div class=\"post_img_hover classic \">\n\t\t\t     \t\t\t\t\t     <img decoding=\"async\"  src=\"https:\/\/piano-academie.com\/wp-content\/uploads\/2023\/10\/une-photo-representant-Les-avantages-de-lapprentissage-precoce-du-piano-aux-enfants-610x610.jpg\" class=\"\" alt=\"\"\/>\n\t\t\t\t     \t\t\t     \t\t\t\t     \t<a href=\"https:\/\/piano-academie.com\/en\/les-avantages-de-lapprentissage-precoce-du-piano-aux-enfants\/\"><\/a>\n\t\t\t    <\/div>\n\t\t    <\/div>\n\t\t\t    \n\t    <div class=\"post_content_wrapper text_left\">\n\t\t    \n\t\t    <div class=\"post_header\">\n\t\t\t    \t\t\t    <div class=\"post_detail single_post\">\n\t\t\t    \t<span class=\"post_info_cat\">\n\t\t\t\t\t\t\t\t\t\t\t\t      \t<a href=\"https:\/\/piano-academie.com\/category\/non-classifiee\/\">Non classifi\u00e9(e)<\/a>\n\t\t\t\t\t\t\t\t\t    \t<\/span>\n\t\t\t \t<\/div>\n\t\t\t \t\t\t\t\t<div class=\"post_header_title\">\n\t\t\t\t    <h5><a href=\"https:\/\/piano-academie.com\/en\/les-avantages-de-lapprentissage-precoce-du-piano-aux-enfants\/\" title=\"Les avantages de l&#8217;apprentissage pr\u00e9coce du piano aux enfants\">Les avantages de l&#8217;apprentissage pr\u00e9coce du piano aux enfants<\/a><\/h5>\n\t\t\t\t<\/div>\n\t\t\t<\/div>\n\t    \n\t\t\t<div class=\"post_header_wrapper\">\n\t\t\t\t<p>L&#8217;Impact de l&#8217;Apprentissage du Piano d\u00e8s le Plus Jeune \u00c2ge \u00c0 Piano Acad\u00e9mie, nous croyons que l\u2019\u00e9ducation musicale est essentielle au d\u00e9veloppement global des enfants L\u2019apprentissage du piano offre non seulement un plaisir music...<\/p>\t\t\t    \t\t\t    <div class=\"post_button_wrapper\">\n\t\t\t    \t<div class=\"post_attribute\">\n\t\t\t\t\t    <a href=\"https:\/\/piano-academie.com\/en\/les-avantages-de-lapprentissage-precoce-du-piano-aux-enfants\/\" title=\"Les avantages de l&#8217;apprentissage pr\u00e9coce du piano aux enfants\">28 October 2023<\/a>\n\t\t\t\t\t<\/div>\n\t\t\t    <\/div>\n\t\t\t    \t\t\t<\/div>\n\t    <\/div>\n\t    \n\t<\/div>\n\n<\/div>\n<br class=\"clear\"\/>\n<!-- End each blog post --><\/div>\n<br class=\"clear\"\/>\t\t\t\t<\/div>\n\t\t\t\t<\/div>\n\t\t\t\t\t<\/div>\n\t\t<\/div>\n\t\t\t\t\t<\/div>\n\t\t<\/section>\n\t\t\t\t<\/div>\n\t\t","protected":false},"excerpt":{"rendered":"<p>Latest articles<\/p>\n","protected":false},"author":1,"featured_media":0,"parent":0,"menu_order":0,"comment_status":"closed","ping_status":"closed","template":"","meta":{"_acf_changed":false,"_bbp_topic_count":0,"_bbp_reply_count":0,"_bbp_total_topic_count":0,"_bbp_total_reply_count":0,"_bbp_voice_count":0,"_bbp_anonymous_reply_count":0,"_bbp_topic_count_hidden":0,"_bbp_reply_count_hidden":0,"_bbp_forum_subforum_count":0,"footnotes":""},"categories":[468,466],"tags":[],"class_list":["post-230920","page","type-page","status-publish","hentry","category-paris-en","category-paris"],"acf":[],"_links":{"self":[{"href":"https:\/\/piano-academie.com\/en\/wp-json\/wp\/v2\/pages\/230920","targetHints":{"allow":["GET"]}}],"collection":[{"href":"https:\/\/piano-academie.com\/en\/wp-json\/wp\/v2\/pages"}],"about":[{"href":"https:\/\/piano-academie.com\/en\/wp-json\/wp\/v2\/types\/page"}],"author":[{"embeddable":true,"href":"https:\/\/piano-academie.com\/en\/wp-json\/wp\/v2\/users\/1"}],"replies":[{"embeddable":true,"href":"https:\/\/piano-academie.com\/en\/wp-json\/wp\/v2\/comments?post=230920"}],"version-history":[{"count":0,"href":"https:\/\/piano-academie.com\/en\/wp-json\/wp\/v2\/pages\/230920\/revisions"}],"wp:attachment":[{"href":"https:\/\/piano-academie.com\/en\/wp-json\/wp\/v2\/media?parent=230920"}],"wp:term":[{"taxonomy":"category","embeddable":true,"href":"https:\/\/piano-academie.com\/en\/wp-json\/wp\/v2\/categories?post=230920"},{"taxonomy":"post_tag","embeddable":true,"href":"https:\/\/piano-academie.com\/en\/wp-json\/wp\/v2\/tags?post=230920"}],"curies":[{"name":"wp","href":"https:\/\/api.w.org\/{rel}","templated":true}]}}