{"id":301886,"date":"2025-06-15T08:10:25","date_gmt":"2025-06-15T06:10:25","guid":{"rendered":"https:\/\/piano-academie.com\/?page_id=301886"},"modified":"2025-06-15T08:20:01","modified_gmt":"2025-06-15T06:20:01","slug":"juin-2025-le-ranelagh","status":"publish","type":"page","link":"https:\/\/piano-academie.com\/en\/les-activites\/les-concerts\/juin-2025-le-ranelagh\/","title":{"rendered":"Juin 2025 &#8211; Le Ranelagh"},"content":{"rendered":"\t\t<div data-elementor-type=\"wp-page\" data-elementor-id=\"301886\" class=\"elementor elementor-301886\" data-elementor-post-type=\"page\">\n\t\t\t\t<div class=\"elementor-element elementor-element-d17ba53 e-flex e-con-boxed e-con e-parent\" data-id=\"d17ba53\" data-element_type=\"container\">\n\t\t\t\t\t<div class=\"e-con-inner\">\n\t\t\t\t<div class=\"elementor-element elementor-element-0e5c18c elementor-widget elementor-widget-heading\" data-id=\"0e5c18c\" data-element_type=\"widget\" data-settings=\"{&quot;dotlife_ext_is_scrollme&quot;:&quot;false&quot;,&quot;dotlife_ext_is_smoove&quot;:&quot;false&quot;,&quot;dotlife_ext_is_parallax_mouse&quot;:&quot;false&quot;,&quot;dotlife_ext_is_infinite&quot;:&quot;false&quot;,&quot;dotlife_ext_is_fadeout_animation&quot;:&quot;false&quot;}\" data-widget_type=\"heading.default\">\n\t\t\t\t<div class=\"elementor-widget-container\">\n\t\t\t\t\t<h2 class=\"elementor-heading-title elementor-size-default\">Th\u00e8me 2025 : Tcha\u00efkovski - Un voyage musical \u00e0 travers ses chefs-d\u2019\u0153uvre<\/h2>\t\t\t\t<\/div>\n\t\t\t\t<\/div>\n\t\t\t\t\t<\/div>\n\t\t\t\t<\/div>\n\t\t<div class=\"elementor-element elementor-element-b0bc2e6 e-flex e-con-boxed e-con e-parent\" data-id=\"b0bc2e6\" data-element_type=\"container\">\n\t\t\t\t\t<div class=\"e-con-inner\">\n\t\t\t\t<div class=\"elementor-element elementor-element-84e735e elementor-widget elementor-widget-text-editor\" data-id=\"84e735e\" data-element_type=\"widget\" data-settings=\"{&quot;dotlife_ext_is_scrollme&quot;:&quot;false&quot;,&quot;dotlife_ext_is_smoove&quot;:&quot;false&quot;,&quot;dotlife_ext_is_parallax_mouse&quot;:&quot;false&quot;,&quot;dotlife_ext_is_infinite&quot;:&quot;false&quot;,&quot;dotlife_ext_is_fadeout_animation&quot;:&quot;false&quot;}\" data-widget_type=\"text-editor.default\">\n\t\t\t\t<div class=\"elementor-widget-container\">\n\t\t\t\t\t\t\t\t\t<p class=\"cvGsUA direction-ltr align-center para-style-body\">\u00a0<span class=\"OYPEnA font-feature-liga-off font-feature-clig-off font-feature-calt-off text-decoration-none text-strikethrough-none\">Chaque ann\u00e9e, Piano Acad\u00e9mie choisit un grand compositeur pour guider les \u00e9l\u00e8ves dans un univers musical riche, inspirant et accessible. Apr\u00e8s Grieg l\u2019an dernier, nous avons eu la joie de consacrer cette saison \u00e0 l\u2019un des g\u00e9ants du romantisme : Piotr Ilitch Tcha\u00efkovski.<\/span><\/p><p class=\"cvGsUA direction-ltr align-start para-style-body\"><span class=\"OYPEnA font-feature-liga-off font-feature-clig-off font-feature-calt-off text-decoration-none text-strikethrough-none\">Les enfants ont d\u00e9couvert ses ballets embl\u00e9matiques \u2013 Le Lac des cygnes, Casse-Noisette, La Belle au bois dormant \u2013 mais aussi ses \u0153uvres pour piano, r\u00e9arrang\u00e9es avec soin par notre \u00e9quipe p\u00e9dagogique pour s\u2019adapter \u00e0 chaque niveau et permettre \u00e0 chacun de progresser \u00e0 son rythme.<\/span><\/p><p class=\"cvGsUA direction-ltr align-start para-style-body\"><span class=\"OYPEnA font-feature-liga-off font-feature-clig-off font-feature-calt-off text-decoration-none text-strikethrough-none\">Tout au long de l\u2019ann\u00e9e, les \u00e9l\u00e8ves ont nourri leur imagination, leur musicalit\u00e9 et leur pers\u00e9v\u00e9rance. Ils ont grandi avec la musique, en d\u00e9veloppant non seulement leurs comp\u00e9tences techniques, mais aussi leur sens de l\u2019\u00e9coute, de l\u2019expression et du partage.<\/span><\/p><p class=\"cvGsUA direction-ltr align-start para-style-body\"><span class=\"OYPEnA font-feature-liga-off font-feature-clig-off font-feature-calt-off text-decoration-none text-strikethrough-none\">Ce concert est l\u2019aboutissement de leur parcours.<\/span><\/p><p class=\"cvGsUA direction-ltr align-start para-style-body\"><span class=\"OYPEnA font-feature-liga-off font-feature-clig-off font-feature-calt-off text-decoration-none text-strikethrough-none\">Nous sommes tr\u00e8s fiers de chacun d\u2019eux.<\/span><\/p>\t\t\t\t\t\t\t\t<\/div>\n\t\t\t\t<\/div>\n\t\t\t\t\t<\/div>\n\t\t\t\t<\/div>\n\t\t<div class=\"elementor-element elementor-element-6812789 e-flex e-con-boxed e-con e-parent\" data-id=\"6812789\" data-element_type=\"container\">\n\t\t\t\t\t<div class=\"e-con-inner\">\n\t\t\t\t<div class=\"elementor-element elementor-element-293536b elementor-widget elementor-widget-heading\" data-id=\"293536b\" data-element_type=\"widget\" data-settings=\"{&quot;dotlife_ext_is_scrollme&quot;:&quot;false&quot;,&quot;dotlife_ext_is_smoove&quot;:&quot;false&quot;,&quot;dotlife_ext_is_parallax_mouse&quot;:&quot;false&quot;,&quot;dotlife_ext_is_infinite&quot;:&quot;false&quot;,&quot;dotlife_ext_is_fadeout_animation&quot;:&quot;false&quot;}\" data-widget_type=\"heading.default\">\n\t\t\t\t<div class=\"elementor-widget-container\">\n\t\t\t\t\t<h2 class=\"elementor-heading-title elementor-size-default\">Quelques vid\u00e9os partag\u00e9es  par les parents<\/h2>\t\t\t\t<\/div>\n\t\t\t\t<\/div>\n\t\t\t\t\t<\/div>\n\t\t\t\t<\/div>\n\t\t<div class=\"elementor-element elementor-element-40450f7 e-flex e-con-boxed e-con e-parent\" data-id=\"40450f7\" data-element_type=\"container\">\n\t\t\t\t\t<div class=\"e-con-inner\">\n\t\t\t\t<div class=\"elementor-element elementor-element-1feac96 elementor-grid-3 elementor-grid-tablet-2 elementor-grid-mobile-1 pp-video-gallery-content-below-video elementor-widget elementor-widget-pp-video-gallery\" data-id=\"1feac96\" data-element_type=\"widget\" data-settings=\"{&quot;layout&quot;:&quot;grid&quot;,&quot;dotlife_ext_is_scrollme&quot;:&quot;false&quot;,&quot;dotlife_ext_is_smoove&quot;:&quot;false&quot;,&quot;dotlife_ext_is_parallax_mouse&quot;:&quot;false&quot;,&quot;dotlife_ext_is_infinite&quot;:&quot;false&quot;,&quot;dotlife_ext_is_fadeout_animation&quot;:&quot;false&quot;}\" data-widget_type=\"pp-video-gallery.default\">\n\t\t\t\t<div class=\"elementor-widget-container\">\n\t\t\t\t\t\t\t<div class=\"pp-video-gallery-container pp-video-gallery-grid\">\n\t\t\t<div class=\"pp-video-gallery-wrap\">\n\t\t\t\t\t\t\t\t<div class=\"pp-video-gallery elementor-grid\" data-action=\"inline\">\n\t\t\t\t\t\t\t\t\t\t\t\t\t<div class=\"pp-video pp-grid-item-wrap elementor-grid-item filter-13-juin\" id=\"pp-video-gallery-item-1\">\n\t\t\t\t\t\t\t\t<div class=\"pp-video-container\">\n\t\t\t\t\t<div class=\"pp-video-play\" data-src=\"https:\/\/player.vimeo.com\/video\/1093437300?autopause=0&amp;autoplay=1&amp;muted=0#t=\" href=\"https:\/\/player.vimeo.com\/video\/1093437300?autopause=0&amp;autoplay=1&amp;muted=0#t=\">\n\t\t\t\t\t\t<div class=\"pp-media-overlay pp-video-overlay\"><\/div>\t\t\t\t\t\t<div class=\"pp-video-player\">\n\t\t\t\t\t\t\t\t\t\t\t\t\t\t<div class=\"pp-video-thumb-wrap\">\n\t\t\t\t\t\t\t\t\t\t\t\t\t\t\t\t\t\t\t\t\t\t\t\t\t\t\t<img decoding=\"async\" class=\"pp-video-thumb\" src=\"https:\/\/i.vimeocdn.com\/video\/2026775269-237406791247c0b3865fe7ff09a12104db20f3935b02bc08ff434c86767c37b6-d_840?region=us\" alt=\"13 juin\">\n\t\t\t\t\t\t\t\t\t\t\t\t<span class=\"pp-video-play-icon\">\n\t\t\t\t<i aria-hidden=\"true\" class=\"fas fa-play-circle\"><\/i>\t\t\t<\/span>\n\t\t\t\t\t\t\t\t\t\t<\/div>\n\t\t\t\t\t\t<\/div>\n\t\t\t\t\t<\/div>\n\t\t\t\t<\/div>\n\t\t\t\t\t\t\t<div class=\"pp-video-content-container\">\n\t\t\t\t<div class=\"pp-video-content\">\n\t\t\t\t\t\t\t\t\t\t\t<div class=\"pp-video-title\">\n\t\t\t\t\t\t\t13 juin\t\t\t\t\t\t<\/div>\n\t\t\t\t\t\n\t\t\t\t\t\t\t\t\t<\/div>\n\t\t\t<\/div>\n\t\t\t\t\t<\/div>\n\t\t\t\t<div class=\"pp-video pp-grid-item-wrap elementor-grid-item filter-13-juin\" id=\"pp-video-gallery-item-2\">\n\t\t\t\t\t\t\t\t<div class=\"pp-video-container\">\n\t\t\t\t\t<div class=\"pp-video-play\" data-src=\"https:\/\/player.vimeo.com\/video\/1093437281?autopause=0&amp;autoplay=1&amp;muted=0#t=\" href=\"https:\/\/player.vimeo.com\/video\/1093437281?autopause=0&amp;autoplay=1&amp;muted=0#t=\">\n\t\t\t\t\t\t<div class=\"pp-media-overlay pp-video-overlay\"><\/div>\t\t\t\t\t\t<div class=\"pp-video-player\">\n\t\t\t\t\t\t\t\t\t\t\t\t\t\t<div class=\"pp-video-thumb-wrap\">\n\t\t\t\t\t\t\t\t\t\t\t\t\t\t\t\t\t\t\t\t\t\t\t\t\t\t\t<img decoding=\"async\" class=\"pp-video-thumb\" src=\"https:\/\/i.vimeocdn.com\/video\/2026775252-09f5a384ce0a6bf66b116aa767562714830c16effe5dce43c34dfee3fd600196-d_840?region=us\" alt=\"13 juin\">\n\t\t\t\t\t\t\t\t\t\t\t\t<span class=\"pp-video-play-icon\">\n\t\t\t\t<i aria-hidden=\"true\" class=\"fas fa-play-circle\"><\/i>\t\t\t<\/span>\n\t\t\t\t\t\t\t\t\t\t<\/div>\n\t\t\t\t\t\t<\/div>\n\t\t\t\t\t<\/div>\n\t\t\t\t<\/div>\n\t\t\t\t\t\t<\/div>\n\t\t\t\t\t\t\t\t\t\t\t<\/div>\n\t\t\t\t\t\t\t<\/div>\n\t\t<\/div>\n\t\t\t\t\t\t<\/div>\n\t\t\t\t<\/div>\n\t\t\t\t\t<\/div>\n\t\t\t\t<\/div>\n\t\t\t\t<\/div>\n\t\t","protected":false},"excerpt":{"rendered":"<p>Th\u00e8me 2025 : Tcha\u00efkovski &#8211; Un voyage musical \u00e0 travers ses chefs-d\u2019\u0153uvre \u00a0Chaque ann\u00e9e, Piano Acad\u00e9mie choisit un grand compositeur pour guider les \u00e9l\u00e8ves dans un univers musical riche, inspirant et accessible. Apr\u00e8s Grieg l\u2019an dernier, nous avons eu la [&hellip;]<\/p>\n","protected":false},"author":1,"featured_media":0,"parent":6866,"menu_order":0,"comment_status":"closed","ping_status":"closed","template":"","meta":{"_acf_changed":false,"_bbp_topic_count":0,"_bbp_reply_count":0,"_bbp_total_topic_count":0,"_bbp_total_reply_count":0,"_bbp_voice_count":0,"_bbp_anonymous_reply_count":0,"_bbp_topic_count_hidden":0,"_bbp_reply_count_hidden":0,"_bbp_forum_subforum_count":0,"footnotes":""},"categories":[466],"tags":[],"class_list":["post-301886","page","type-page","status-publish","hentry","category-paris"],"acf":[],"_links":{"self":[{"href":"https:\/\/piano-academie.com\/en\/wp-json\/wp\/v2\/pages\/301886","targetHints":{"allow":["GET"]}}],"collection":[{"href":"https:\/\/piano-academie.com\/en\/wp-json\/wp\/v2\/pages"}],"about":[{"href":"https:\/\/piano-academie.com\/en\/wp-json\/wp\/v2\/types\/page"}],"author":[{"embeddable":true,"href":"https:\/\/piano-academie.com\/en\/wp-json\/wp\/v2\/users\/1"}],"replies":[{"embeddable":true,"href":"https:\/\/piano-academie.com\/en\/wp-json\/wp\/v2\/comments?post=301886"}],"version-history":[{"count":0,"href":"https:\/\/piano-academie.com\/en\/wp-json\/wp\/v2\/pages\/301886\/revisions"}],"up":[{"embeddable":true,"href":"https:\/\/piano-academie.com\/en\/wp-json\/wp\/v2\/pages\/6866"}],"wp:attachment":[{"href":"https:\/\/piano-academie.com\/en\/wp-json\/wp\/v2\/media?parent=301886"}],"wp:term":[{"taxonomy":"category","embeddable":true,"href":"https:\/\/piano-academie.com\/en\/wp-json\/wp\/v2\/categories?post=301886"},{"taxonomy":"post_tag","embeddable":true,"href":"https:\/\/piano-academie.com\/en\/wp-json\/wp\/v2\/tags?post=301886"}],"curies":[{"name":"wp","href":"https:\/\/api.w.org\/{rel}","templated":true}]}}