{"id":302807,"date":"2025-06-17T19:01:59","date_gmt":"2025-06-17T17:01:59","guid":{"rendered":"https:\/\/piano-academie.com\/?page_id=302807"},"modified":"2025-06-17T19:03:30","modified_gmt":"2025-06-17T17:03:30","slug":"concert-en-famille-bar-le-duc","status":"publish","type":"page","link":"https:\/\/piano-academie.com\/en\/concert-en-famille-bar-le-duc\/","title":{"rendered":"Concert en famille &#8211; Bar-le-duc"},"content":{"rendered":"\t\t<div data-elementor-type=\"wp-page\" data-elementor-id=\"302807\" class=\"elementor elementor-302807\" data-elementor-post-type=\"page\">\n\t\t\t\t<div class=\"elementor-element elementor-element-54292c1 e-flex e-con-boxed e-con e-parent\" data-id=\"54292c1\" data-element_type=\"container\">\n\t\t\t\t\t<div class=\"e-con-inner\">\n\t\t\t\t<div class=\"elementor-element elementor-element-3bcc60e elementor-widget elementor-widget-heading\" data-id=\"3bcc60e\" data-element_type=\"widget\" data-settings=\"{&quot;dotlife_ext_is_scrollme&quot;:&quot;false&quot;,&quot;dotlife_ext_is_smoove&quot;:&quot;false&quot;,&quot;dotlife_ext_is_parallax_mouse&quot;:&quot;false&quot;,&quot;dotlife_ext_is_infinite&quot;:&quot;false&quot;,&quot;dotlife_ext_is_fadeout_animation&quot;:&quot;false&quot;}\" data-widget_type=\"heading.default\">\n\t\t\t\t<div class=\"elementor-widget-container\">\n\t\t\t\t\t<h2 class=\"elementor-heading-title elementor-size-default\">Le Concert en Famille : Un Moment de Partage et d\u2019\u00c9motion<\/h2>\t\t\t\t<\/div>\n\t\t\t\t<\/div>\n\t\t\t\t\t<\/div>\n\t\t\t\t<\/div>\n\t\t<div class=\"elementor-element elementor-element-da86a33 e-flex e-con-boxed e-con e-parent\" data-id=\"da86a33\" data-element_type=\"container\">\n\t\t\t\t\t<div class=\"e-con-inner\">\n\t\t\t\t<div class=\"elementor-element elementor-element-00ed80b elementor-widget elementor-widget-text-editor\" data-id=\"00ed80b\" data-element_type=\"widget\" data-settings=\"{&quot;dotlife_ext_is_scrollme&quot;:&quot;false&quot;,&quot;dotlife_ext_is_smoove&quot;:&quot;false&quot;,&quot;dotlife_ext_is_parallax_mouse&quot;:&quot;false&quot;,&quot;dotlife_ext_is_infinite&quot;:&quot;false&quot;,&quot;dotlife_ext_is_fadeout_animation&quot;:&quot;false&quot;}\" data-widget_type=\"text-editor.default\">\n\t\t\t\t<div class=\"elementor-widget-container\">\n\t\t\t\t\t\t\t\t\t<p>Bienvenue dans cet espace d\u00e9di\u00e9 au <strong>Concert en Famille<\/strong>, un \u00e9v\u00e9nement unique o\u00f9 parents et enfants partagent la sc\u00e8ne pour vivre ensemble l\u2019exp\u00e9rience de la musique. Plus qu\u2019un simple concert, c\u2019est un <strong>moment de complicit\u00e9, de transmission et d\u2019\u00e9motion<\/strong>, o\u00f9 chacun, quel que soit son niveau, trouve sa place et d\u00e9couvre le plaisir de jouer ensemble.<\/p><p>D\u00e9couvrez \u00e0 travers <strong>les photos et vid\u00e9os<\/strong> les souvenirs pr\u00e9cieux de ces instants magiques, o\u00f9 la musique devient un langage universel reliant les g\u00e9n\u00e9rations. <strong>Nous esp\u00e9rons que ces t\u00e9moignages inspireront d\u2019autres familles \u00e0 oser cette belle aventure !<\/strong><\/p><p>Et si vous \u00e9tiez les prochains \u00e0 monter sur sc\u00e8ne avec votre enfant ?\u00a0<\/p>\t\t\t\t\t\t\t\t<\/div>\n\t\t\t\t<\/div>\n\t\t\t\t\t<\/div>\n\t\t\t\t<\/div>\n\t\t<div class=\"elementor-element elementor-element-d855c31 e-flex e-con-boxed e-con e-parent\" data-id=\"d855c31\" data-element_type=\"container\">\n\t\t\t\t\t<div class=\"e-con-inner\">\n\t\t\t\t<div class=\"elementor-element elementor-element-e7c0238 elementor-arrows-position-inside elementor-pagination-position-outside elementor-widget elementor-widget-image-carousel\" data-id=\"e7c0238\" data-element_type=\"widget\" data-settings=\"{&quot;navigation&quot;:&quot;both&quot;,&quot;autoplay&quot;:&quot;yes&quot;,&quot;pause_on_hover&quot;:&quot;yes&quot;,&quot;pause_on_interaction&quot;:&quot;yes&quot;,&quot;autoplay_speed&quot;:5000,&quot;infinite&quot;:&quot;yes&quot;,&quot;speed&quot;:500,&quot;dotlife_ext_is_scrollme&quot;:&quot;false&quot;,&quot;dotlife_ext_is_smoove&quot;:&quot;false&quot;,&quot;dotlife_ext_is_parallax_mouse&quot;:&quot;false&quot;,&quot;dotlife_ext_is_infinite&quot;:&quot;false&quot;,&quot;dotlife_ext_is_fadeout_animation&quot;:&quot;false&quot;}\" data-widget_type=\"image-carousel.default\">\n\t\t\t\t<div class=\"elementor-widget-container\">\n\t\t\t\t\t\t\t<div class=\"elementor-image-carousel-wrapper swiper\" role=\"region\" aria-roledescription=\"carousel\" aria-label=\"Carrousel d\u2019images\" dir=\"ltr\">\n\t\t\t<div class=\"elementor-image-carousel swiper-wrapper swiper-image-stretch\" aria-live=\"off\">\n\t\t\t\t\t\t\t\t<div class=\"swiper-slide\" role=\"group\" aria-roledescription=\"slide\" aria-label=\"1 sur 9\"><figure class=\"swiper-slide-inner\"><img decoding=\"async\" class=\"swiper-slide-image\" src=\"https:\/\/piano-academie.com\/wp-content\/uploads\/2025\/02\/Concert-7-300x225.jpg\" alt=\"Concert-7\" \/><\/figure><\/div><div class=\"swiper-slide\" role=\"group\" aria-roledescription=\"slide\" aria-label=\"2 sur 9\"><figure class=\"swiper-slide-inner\"><img decoding=\"async\" class=\"swiper-slide-image\" src=\"https:\/\/piano-academie.com\/wp-content\/uploads\/2025\/02\/Concert-6-300x225.jpg\" alt=\"Concert-6\" \/><\/figure><\/div><div class=\"swiper-slide\" role=\"group\" aria-roledescription=\"slide\" aria-label=\"3 sur 9\"><figure class=\"swiper-slide-inner\"><img decoding=\"async\" class=\"swiper-slide-image\" src=\"https:\/\/piano-academie.com\/wp-content\/uploads\/2025\/02\/Concert-5-300x225.jpg\" alt=\"Concert-5\" \/><\/figure><\/div><div class=\"swiper-slide\" role=\"group\" aria-roledescription=\"slide\" aria-label=\"4 sur 9\"><figure class=\"swiper-slide-inner\"><img decoding=\"async\" class=\"swiper-slide-image\" src=\"https:\/\/piano-academie.com\/wp-content\/uploads\/2025\/02\/Concert-4-300x225.jpg\" alt=\"Concert-4\" \/><\/figure><\/div><div class=\"swiper-slide\" role=\"group\" aria-roledescription=\"slide\" aria-label=\"5 sur 9\"><figure class=\"swiper-slide-inner\"><img decoding=\"async\" class=\"swiper-slide-image\" src=\"https:\/\/piano-academie.com\/wp-content\/uploads\/2025\/02\/Concert-3-300x225.jpg\" alt=\"Concert-3\" \/><\/figure><\/div><div class=\"swiper-slide\" role=\"group\" aria-roledescription=\"slide\" aria-label=\"6 sur 9\"><figure class=\"swiper-slide-inner\"><img decoding=\"async\" class=\"swiper-slide-image\" src=\"https:\/\/piano-academie.com\/wp-content\/uploads\/2025\/02\/Concert-2-300x225.jpg\" alt=\"Concert-2\" \/><\/figure><\/div><div class=\"swiper-slide\" role=\"group\" aria-roledescription=\"slide\" aria-label=\"7 sur 9\"><figure class=\"swiper-slide-inner\"><img decoding=\"async\" class=\"swiper-slide-image\" src=\"https:\/\/piano-academie.com\/wp-content\/uploads\/2025\/02\/Concert-1-300x225.jpg\" alt=\"Concert-1\" \/><\/figure><\/div><div class=\"swiper-slide\" role=\"group\" aria-roledescription=\"slide\" aria-label=\"8 sur 9\"><figure class=\"swiper-slide-inner\"><img decoding=\"async\" class=\"swiper-slide-image\" src=\"https:\/\/piano-academie.com\/wp-content\/uploads\/2025\/02\/Concert-9-300x225.jpg\" alt=\"Concert-9\" \/><\/figure><\/div><div class=\"swiper-slide\" role=\"group\" aria-roledescription=\"slide\" aria-label=\"9 sur 9\"><figure class=\"swiper-slide-inner\"><img decoding=\"async\" class=\"swiper-slide-image\" src=\"https:\/\/piano-academie.com\/wp-content\/uploads\/2025\/02\/Concert-8-300x225.jpg\" alt=\"Concert-8\" \/><\/figure><\/div>\t\t\t<\/div>\n\t\t\t\t\t\t\t\t\t\t\t\t<div class=\"elementor-swiper-button elementor-swiper-button-prev\" role=\"button\" tabindex=\"0\">\n\t\t\t\t\t\t<i aria-hidden=\"true\" class=\"eicon-chevron-left\"><\/i>\t\t\t\t\t<\/div>\n\t\t\t\t\t<div class=\"elementor-swiper-button elementor-swiper-button-next\" role=\"button\" tabindex=\"0\">\n\t\t\t\t\t\t<i aria-hidden=\"true\" class=\"eicon-chevron-right\"><\/i>\t\t\t\t\t<\/div>\n\t\t\t\t\n\t\t\t\t\t\t\t\t\t<div class=\"swiper-pagination\"><\/div>\n\t\t\t\t\t\t\t\t\t<\/div>\n\t\t\t\t\t\t<\/div>\n\t\t\t\t<\/div>\n\t\t\t\t\t<\/div>\n\t\t\t\t<\/div>\n\t\t<div class=\"elementor-element elementor-element-1aecf3d e-flex e-con-boxed e-con e-parent\" data-id=\"1aecf3d\" data-element_type=\"container\">\n\t\t\t\t\t<div class=\"e-con-inner\">\n\t\t\t\t<div class=\"elementor-element elementor-element-aa973d1 elementor-grid-3 elementor-grid-tablet-2 elementor-grid-mobile-1 pp-video-gallery-content-below-video elementor-widget elementor-widget-pp-video-gallery\" data-id=\"aa973d1\" data-element_type=\"widget\" data-settings=\"{&quot;layout&quot;:&quot;grid&quot;,&quot;dotlife_ext_is_scrollme&quot;:&quot;false&quot;,&quot;dotlife_ext_is_smoove&quot;:&quot;false&quot;,&quot;dotlife_ext_is_parallax_mouse&quot;:&quot;false&quot;,&quot;dotlife_ext_is_infinite&quot;:&quot;false&quot;,&quot;dotlife_ext_is_fadeout_animation&quot;:&quot;false&quot;}\" data-widget_type=\"pp-video-gallery.default\">\n\t\t\t\t<div class=\"elementor-widget-container\">\n\t\t\t\t\t\t\t<div class=\"pp-video-gallery-container pp-video-gallery-grid\">\n\t\t\t<div class=\"pp-video-gallery-wrap\">\n\t\t\t\t\t\t\t\t<div class=\"pp-video-gallery elementor-grid\" data-action=\"inline\">\n\t\t\t\t\t\t\t\t\t\t\t\t\t<div class=\"pp-video pp-grid-item-wrap elementor-grid-item filter-\" id=\"pp-video-gallery-item-1\">\n\t\t\t\t\t\t\t\t<div class=\"pp-video-container\">\n\t\t\t\t\t<div class=\"pp-video-play\" data-src=\"https:\/\/player.vimeo.com\/video\/1055145217?autopause=0&amp;autoplay=1&amp;muted=0#t=\" href=\"https:\/\/player.vimeo.com\/video\/1055145217?autopause=0&amp;autoplay=1&amp;muted=0#t=\">\n\t\t\t\t\t\t<div class=\"pp-media-overlay pp-video-overlay\"><\/div>\t\t\t\t\t\t<div class=\"pp-video-player\">\n\t\t\t\t\t\t\t\t\t\t\t\t\t\t<div class=\"pp-video-thumb-wrap\">\n\t\t\t\t\t\t\t\t\t\t\t\t\t\t\t\t\t\t\t\t\t\t\t\t\t\t\t<img decoding=\"async\" class=\"pp-video-thumb\" src=\"https:\/\/i.vimeocdn.com\/video\/1980654566-a63bb3f390545505ed01d53e61ac9a0ed8f26ba64fc1b0400671e54fdb484435-d_840?region=us\" alt=\"\">\n\t\t\t\t\t\t\t\t\t\t\t\t<span class=\"pp-video-play-icon\">\n\t\t\t\t<i aria-hidden=\"true\" class=\"fas fa-play-circle\"><\/i>\t\t\t<\/span>\n\t\t\t\t\t\t\t\t\t\t<\/div>\n\t\t\t\t\t\t<\/div>\n\t\t\t\t\t<\/div>\n\t\t\t\t<\/div>\n\t\t\t\t\t\t<\/div>\n\t\t\t\t<div class=\"pp-video pp-grid-item-wrap elementor-grid-item filter-vimeo\" id=\"pp-video-gallery-item-2\">\n\t\t\t\t\t\t\t\t<div class=\"pp-video-container\">\n\t\t\t\t\t<div class=\"pp-video-play\" data-src=\"https:\/\/player.vimeo.com\/video\/1055145291?autopause=0&amp;autoplay=1&amp;muted=0#t=\" href=\"https:\/\/player.vimeo.com\/video\/1055145291?autopause=0&amp;autoplay=1&amp;muted=0#t=\">\n\t\t\t\t\t\t<div class=\"pp-media-overlay pp-video-overlay\"><\/div>\t\t\t\t\t\t<div class=\"pp-video-player\">\n\t\t\t\t\t\t\t\t\t\t\t\t\t\t<div class=\"pp-video-thumb-wrap\">\n\t\t\t\t\t\t\t\t\t\t\t\t\t\t\t\t\t\t\t\t\t\t\t\t\t\t\t<img decoding=\"async\" class=\"pp-video-thumb\" src=\"https:\/\/i.vimeocdn.com\/video\/1980654628-81077b9df797a8adb2f52143539f91335a60ea89af9660d83c2c7f638d3aed2d-d_840?region=us\" alt=\"Vimeo\">\n\t\t\t\t\t\t\t\t\t\t\t\t<span class=\"pp-video-play-icon\">\n\t\t\t\t<i aria-hidden=\"true\" class=\"fas fa-play-circle\"><\/i>\t\t\t<\/span>\n\t\t\t\t\t\t\t\t\t\t<\/div>\n\t\t\t\t\t\t<\/div>\n\t\t\t\t\t<\/div>\n\t\t\t\t<\/div>\n\t\t\t\t\t\t<\/div>\n\t\t\t\t<div class=\"pp-video pp-grid-item-wrap elementor-grid-item filter-\" id=\"pp-video-gallery-item-3\">\n\t\t\t\t\t\t\t\t<div class=\"pp-video-container\">\n\t\t\t\t\t<div class=\"pp-video-play\" data-src=\"https:\/\/player.vimeo.com\/video\/1055145273?autopause=0&amp;autoplay=1&amp;muted=0#t=\" href=\"https:\/\/player.vimeo.com\/video\/1055145273?autopause=0&amp;autoplay=1&amp;muted=0#t=\">\n\t\t\t\t\t\t<div class=\"pp-media-overlay pp-video-overlay\"><\/div>\t\t\t\t\t\t<div class=\"pp-video-player\">\n\t\t\t\t\t\t\t\t\t\t\t\t\t\t<div class=\"pp-video-thumb-wrap\">\n\t\t\t\t\t\t\t\t\t\t\t\t\t\t\t\t\t\t\t\t\t\t\t\t\t\t\t<img decoding=\"async\" class=\"pp-video-thumb\" src=\"https:\/\/i.vimeocdn.com\/video\/1980654602-6bd0f68e041fae4c57913c145545e3ac6478c8b6b2d3102e7991e7429d11254a-d_840?region=us\" alt=\"\">\n\t\t\t\t\t\t\t\t\t\t\t\t<span class=\"pp-video-play-icon\">\n\t\t\t\t<i aria-hidden=\"true\" class=\"fas fa-play-circle\"><\/i>\t\t\t<\/span>\n\t\t\t\t\t\t\t\t\t\t<\/div>\n\t\t\t\t\t\t<\/div>\n\t\t\t\t\t<\/div>\n\t\t\t\t<\/div>\n\t\t\t\t\t\t<\/div>\n\t\t\t\t<div class=\"pp-video pp-grid-item-wrap elementor-grid-item filter-vimeo\" id=\"pp-video-gallery-item-4\">\n\t\t\t\t\t\t\t\t<div class=\"pp-video-container\">\n\t\t\t\t\t<div class=\"pp-video-play\" data-src=\"https:\/\/player.vimeo.com\/video\/1055145256?autopause=0&amp;autoplay=1&amp;muted=0#t=\" href=\"https:\/\/player.vimeo.com\/video\/1055145256?autopause=0&amp;autoplay=1&amp;muted=0#t=\">\n\t\t\t\t\t\t<div class=\"pp-media-overlay pp-video-overlay\"><\/div>\t\t\t\t\t\t<div class=\"pp-video-player\">\n\t\t\t\t\t\t\t\t\t\t\t\t\t\t<div class=\"pp-video-thumb-wrap\">\n\t\t\t\t\t\t\t\t\t\t\t\t\t\t\t\t\t\t\t\t\t\t\t\t\t\t\t<img decoding=\"async\" class=\"pp-video-thumb\" src=\"https:\/\/i.vimeocdn.com\/video\/1980654597-63dc5560f6f0d0c1079d4c7bbf187270b76eb95bae433a17632141f6983097b1-d_840?region=us\" alt=\"Vimeo\">\n\t\t\t\t\t\t\t\t\t\t\t\t<span class=\"pp-video-play-icon\">\n\t\t\t\t<i aria-hidden=\"true\" class=\"fas fa-play-circle\"><\/i>\t\t\t<\/span>\n\t\t\t\t\t\t\t\t\t\t<\/div>\n\t\t\t\t\t\t<\/div>\n\t\t\t\t\t<\/div>\n\t\t\t\t<\/div>\n\t\t\t\t\t\t<\/div>\n\t\t\t\t<div class=\"pp-video pp-grid-item-wrap elementor-grid-item filter-\" id=\"pp-video-gallery-item-5\">\n\t\t\t\t\t\t\t\t<div class=\"pp-video-container\">\n\t\t\t\t\t<div class=\"pp-video-play\" data-src=\"https:\/\/player.vimeo.com\/video\/1055145245?autopause=0&amp;autoplay=1&amp;muted=0#t=\" href=\"https:\/\/player.vimeo.com\/video\/1055145245?autopause=0&amp;autoplay=1&amp;muted=0#t=\">\n\t\t\t\t\t\t<div class=\"pp-media-overlay pp-video-overlay\"><\/div>\t\t\t\t\t\t<div class=\"pp-video-player\">\n\t\t\t\t\t\t\t\t\t\t\t\t\t\t<div class=\"pp-video-thumb-wrap\">\n\t\t\t\t\t\t\t\t\t\t\t\t\t\t\t\t\t\t\t\t\t\t\t\t\t\t\t<img decoding=\"async\" class=\"pp-video-thumb\" src=\"https:\/\/i.vimeocdn.com\/video\/1980654571-8ad07e6e0360f78a6d156b83873db97db67b3f0e21d217b4b4a1612178c68889-d_840?region=us\" alt=\"\">\n\t\t\t\t\t\t\t\t\t\t\t\t<span class=\"pp-video-play-icon\">\n\t\t\t\t<i aria-hidden=\"true\" class=\"fas fa-play-circle\"><\/i>\t\t\t<\/span>\n\t\t\t\t\t\t\t\t\t\t<\/div>\n\t\t\t\t\t\t<\/div>\n\t\t\t\t\t<\/div>\n\t\t\t\t<\/div>\n\t\t\t\t\t\t<\/div>\n\t\t\t\t<div class=\"pp-video pp-grid-item-wrap elementor-grid-item filter-\" id=\"pp-video-gallery-item-6\">\n\t\t\t\t\t\t\t\t<div class=\"pp-video-container\">\n\t\t\t\t\t<div class=\"pp-video-play\" data-src=\"https:\/\/player.vimeo.com\/video\/1055189690?autopause=0&amp;autoplay=1&amp;muted=0#t=\" href=\"https:\/\/player.vimeo.com\/video\/1055189690?autopause=0&amp;autoplay=1&amp;muted=0#t=\">\n\t\t\t\t\t\t<div class=\"pp-media-overlay pp-video-overlay\"><\/div>\t\t\t\t\t\t<div class=\"pp-video-player\">\n\t\t\t\t\t\t\t\t\t\t\t\t\t\t<div class=\"pp-video-thumb-wrap\">\n\t\t\t\t\t\t\t\t\t\t\t\t\t\t\t\t\t\t\t\t\t\t\t\t\t\t\t<img decoding=\"async\" class=\"pp-video-thumb\" src=\"https:\/\/i.vimeocdn.com\/video\/1980708401-d7448921e9c835109e7959cad5411b533e350f87bc16cb0ab7ea38ff4cf77478-d_840?region=us\" alt=\"\">\n\t\t\t\t\t\t\t\t\t\t\t\t<span class=\"pp-video-play-icon\">\n\t\t\t\t<i aria-hidden=\"true\" class=\"fas fa-play-circle\"><\/i>\t\t\t<\/span>\n\t\t\t\t\t\t\t\t\t\t<\/div>\n\t\t\t\t\t\t<\/div>\n\t\t\t\t\t<\/div>\n\t\t\t\t<\/div>\n\t\t\t\t\t\t<\/div>\n\t\t\t\t\t\t\t\t\t\t\t<\/div>\n\t\t\t\t\t\t\t<\/div>\n\t\t<\/div>\n\t\t\t\t\t\t<\/div>\n\t\t\t\t<\/div>\n\t\t\t\t\t<\/div>\n\t\t\t\t<\/div>\n\t\t<div class=\"elementor-element elementor-element-1888455 e-flex e-con-boxed e-con e-parent\" data-id=\"1888455\" data-element_type=\"container\">\n\t\t\t\t\t<div class=\"e-con-inner\">\n\t\t\t\t<div class=\"elementor-element elementor-element-ae941e6 elementor-testimonial--layout-image_above elementor-testimonial--skin-default elementor-testimonial--align-center elementor-arrows-yes elementor-pagination-type-bullets elementor-widget elementor-widget-testimonial-carousel\" data-id=\"ae941e6\" data-element_type=\"widget\" data-settings=\"{&quot;slides_per_view&quot;:&quot;2&quot;,&quot;show_arrows&quot;:&quot;yes&quot;,&quot;pagination&quot;:&quot;bullets&quot;,&quot;speed&quot;:500,&quot;autoplay&quot;:&quot;yes&quot;,&quot;autoplay_speed&quot;:5000,&quot;loop&quot;:&quot;yes&quot;,&quot;pause_on_hover&quot;:&quot;yes&quot;,&quot;pause_on_interaction&quot;:&quot;yes&quot;,&quot;space_between&quot;:{&quot;unit&quot;:&quot;px&quot;,&quot;size&quot;:10,&quot;sizes&quot;:[]},&quot;space_between_tablet&quot;:{&quot;unit&quot;:&quot;px&quot;,&quot;size&quot;:10,&quot;sizes&quot;:[]},&quot;space_between_mobile&quot;:{&quot;unit&quot;:&quot;px&quot;,&quot;size&quot;:10,&quot;sizes&quot;:[]},&quot;dotlife_ext_is_scrollme&quot;:&quot;false&quot;,&quot;dotlife_ext_is_smoove&quot;:&quot;false&quot;,&quot;dotlife_ext_is_parallax_mouse&quot;:&quot;false&quot;,&quot;dotlife_ext_is_infinite&quot;:&quot;false&quot;,&quot;dotlife_ext_is_fadeout_animation&quot;:&quot;false&quot;}\" data-widget_type=\"testimonial-carousel.default\">\n\t\t\t\t<div class=\"elementor-widget-container\">\n\t\t\t\t\t\t\t\t\t<div class=\"elementor-swiper\">\n\t\t\t\t\t<div class=\"elementor-main-swiper swiper\" role=\"region\" aria-roledescription=\"carousel\" aria-label=\"Diapositives\">\n\t\t\t\t<div class=\"swiper-wrapper\">\n\t\t\t\t\t\t\t\t\t\t\t<div class=\"swiper-slide\" role=\"group\" aria-roledescription=\"slide\">\n\t\t\t\t\t\t\t\t\t<div class=\"elementor-testimonial\">\n\t\t\t\t\t\t\t<div class=\"elementor-testimonial__content\">\n\t\t\t\t\t<div class=\"elementor-testimonial__text\">\n\t\t\t\t\t\tUn grand merci \u00e0 vous pour l\u2019organisation de ce concert famille et pour votre investissement aupr\u00e8s de nos enfants pour les faire grandir aussi gr\u00e2ce a la musique!\nJe regrette que nous n\u2019ayions pas pris la photo avec vous\u2026nous avons du vite partir \u00e0 la fin du concert\u2026\n\t\t\t\t\t<\/div>\n\t\t\t\t\t<cite class=\"elementor-testimonial__cite\"><span class=\"elementor-testimonial__name\">Maria Bennis<\/span><\/cite>\t\t\t\t<\/div>\n\t\t\t\t\t\t<div class=\"elementor-testimonial__footer\">\n\t\t\t\t\t\t\t\t\t<div class=\"elementor-testimonial__image\">\n\t\t\t\t\t\t<img decoding=\"async\" src=\"https:\/\/piano-academie.com\/wp-content\/uploads\/2025\/02\/Concert-4-testi-150x150.jpg\" alt=\"Maria Bennis\">\n\t\t\t\t\t\t\t\t\t\t\t<\/div>\n\t\t\t\t\t\t\t\t\t\t\t<\/div>\n\t\t<\/div>\n\t\t\t\t\t\t\t\t<\/div>\n\t\t\t\t\t\t\t\t\t\t\t<div class=\"swiper-slide\" role=\"group\" aria-roledescription=\"slide\">\n\t\t\t\t\t\t\t\t\t<div class=\"elementor-testimonial\">\n\t\t\t\t\t\t\t<div class=\"elementor-testimonial__content\">\n\t\t\t\t\t<div class=\"elementor-testimonial__text\">\n\t\t\t\t\t\tJe suis encore sous le charme du concert que nous avons eu le privil\u00e8ge d\u2019\u00e9couter hier. Votre performance d\u2019introduction, les \u00e9l\u00e8ves tous plus talentueux les uns que les autres, je suis \u00e9merveill\u00e9e d\u2019avoir pu assister \u00e0 cela. J\u2019ai l\u2019impression d\u2019avoir \u00e9t\u00e9 invit\u00e9e \u00e0 un cercle tr\u00e8s ferm\u00e9 des talents de demain.\nSi j\u2019avais su le niveau des autres participants, jamais je n\u2019aurais os\u00e9 proposer notre prestation. Je suis tr\u00e8s \u00e9mue de la bienveillance avec laquelle nous avons \u00e9t\u00e9 accueillis.\t\t\t\t\t<\/div>\n\t\t\t\t\t<cite class=\"elementor-testimonial__cite\"><span class=\"elementor-testimonial__name\">Isaure David<\/span><\/cite>\t\t\t\t<\/div>\n\t\t\t\t\t\t<div class=\"elementor-testimonial__footer\">\n\t\t\t\t\t\t\t\t\t<div class=\"elementor-testimonial__image\">\n\t\t\t\t\t\t<img decoding=\"async\" src=\"https:\/\/piano-academie.com\/wp-content\/uploads\/2025\/02\/Concert-6-vue-150x150.jpg\" alt=\"Isaure David\">\n\t\t\t\t\t\t\t\t\t\t\t<\/div>\n\t\t\t\t\t\t\t\t\t\t\t<\/div>\n\t\t<\/div>\n\t\t\t\t\t\t\t\t<\/div>\n\t\t\t\t\t\t\t\t\t\t\t<div class=\"swiper-slide\" role=\"group\" aria-roledescription=\"slide\">\n\t\t\t\t\t\t\t\t\t<div class=\"elementor-testimonial\">\n\t\t\t\t\t\t\t<div class=\"elementor-testimonial__content\">\n\t\t\t\t\t<div class=\"elementor-testimonial__text\">\n\t\t\t\t\t\tJe tenais \u00e0 vous remercier pour cette merveilleuse initiative... Quel bonheur de pouvoir partager cette passion avec ses enfants. Quel bonheur d'\u00e9couter toutes les familles qui se sont donn\u00e9es \u00e0 fond pour un r\u00e9sultat extr\u00eamement \u00e9mouvant. Nous avons pass\u00e9 une d\u00e9licieuse apr\u00e8s midi et nous \u00e9tions heureux de pouvoir faire partager notre joie de jouer ensemble ! Pr\u00e9sent pour le prochain \u263a\ufe0f !\t\t\t\t\t<\/div>\n\t\t\t\t\t<cite class=\"elementor-testimonial__cite\"><span class=\"elementor-testimonial__name\">Ludivine Crespel<\/span><\/cite>\t\t\t\t<\/div>\n\t\t\t\t\t\t<div class=\"elementor-testimonial__footer\">\n\t\t\t\t\t\t\t\t\t<div class=\"elementor-testimonial__image\">\n\t\t\t\t\t\t<img decoding=\"async\" src=\"https:\/\/piano-academie.com\/wp-content\/uploads\/2025\/02\/Concert-2-vue-150x150.jpg\" alt=\"Ludivine Crespel\">\n\t\t\t\t\t\t\t\t\t\t\t<\/div>\n\t\t\t\t\t\t\t\t\t\t\t<\/div>\n\t\t<\/div>\n\t\t\t\t\t\t\t\t<\/div>\n\t\t\t\t\t\t\t\t\t<\/div>\n\t\t\t\t\t\t\t\t\t\t\t\t\t\t\t<div class=\"elementor-swiper-button elementor-swiper-button-prev\" role=\"button\" tabindex=\"0\" aria-label=\"Pr\u00e9c\u00e9dent\">\n\t\t\t\t\t\t\t<i aria-hidden=\"true\" class=\"eicon-chevron-left\"><\/i>\t\t\t\t\t\t<\/div>\n\t\t\t\t\t\t<div class=\"elementor-swiper-button elementor-swiper-button-next\" role=\"button\" tabindex=\"0\" aria-label=\"Suivant\">\n\t\t\t\t\t\t\t<i aria-hidden=\"true\" class=\"eicon-chevron-right\"><\/i>\t\t\t\t\t\t<\/div>\n\t\t\t\t\t\t\t\t\t\t\t\t\t\t\t\t<div class=\"swiper-pagination\"><\/div>\n\t\t\t\t\t\t\t\t\t\t\t\t<\/div>\n\t\t\t\t<\/div>\n\t\t\t\t\t\t\t\t<\/div>\n\t\t\t\t<\/div>\n\t\t\t\t\t<\/div>\n\t\t\t\t<\/div>\n\t\t\t\t<\/div>\n\t\t","protected":false},"excerpt":{"rendered":"<p>Le Concert en Famille : Un Moment de Partage et d\u2019\u00c9motion Bienvenue dans cet espace d\u00e9di\u00e9 au Concert en Famille, un \u00e9v\u00e9nement unique o\u00f9 parents et enfants partagent la sc\u00e8ne pour vivre ensemble l\u2019exp\u00e9rience de la musique. Plus qu\u2019un simple [&hellip;]<\/p>\n","protected":false},"author":1,"featured_media":294191,"parent":0,"menu_order":0,"comment_status":"closed","ping_status":"closed","template":"","meta":{"_acf_changed":false,"_bbp_topic_count":0,"_bbp_reply_count":0,"_bbp_total_topic_count":0,"_bbp_total_reply_count":0,"_bbp_voice_count":0,"_bbp_anonymous_reply_count":0,"_bbp_topic_count_hidden":0,"_bbp_reply_count_hidden":0,"_bbp_forum_subforum_count":0,"footnotes":""},"categories":[458],"tags":[],"class_list":["post-302807","page","type-page","status-publish","has-post-thumbnail","hentry","category-bar-le-duc"],"acf":[],"_links":{"self":[{"href":"https:\/\/piano-academie.com\/en\/wp-json\/wp\/v2\/pages\/302807","targetHints":{"allow":["GET"]}}],"collection":[{"href":"https:\/\/piano-academie.com\/en\/wp-json\/wp\/v2\/pages"}],"about":[{"href":"https:\/\/piano-academie.com\/en\/wp-json\/wp\/v2\/types\/page"}],"author":[{"embeddable":true,"href":"https:\/\/piano-academie.com\/en\/wp-json\/wp\/v2\/users\/1"}],"replies":[{"embeddable":true,"href":"https:\/\/piano-academie.com\/en\/wp-json\/wp\/v2\/comments?post=302807"}],"version-history":[{"count":0,"href":"https:\/\/piano-academie.com\/en\/wp-json\/wp\/v2\/pages\/302807\/revisions"}],"wp:featuredmedia":[{"embeddable":true,"href":"https:\/\/piano-academie.com\/en\/wp-json\/wp\/v2\/media\/294191"}],"wp:attachment":[{"href":"https:\/\/piano-academie.com\/en\/wp-json\/wp\/v2\/media?parent=302807"}],"wp:term":[{"taxonomy":"category","embeddable":true,"href":"https:\/\/piano-academie.com\/en\/wp-json\/wp\/v2\/categories?post=302807"},{"taxonomy":"post_tag","embeddable":true,"href":"https:\/\/piano-academie.com\/en\/wp-json\/wp\/v2\/tags?post=302807"}],"curies":[{"name":"wp","href":"https:\/\/api.w.org\/{rel}","templated":true}]}}