{"id":307834,"date":"2025-08-24T16:43:38","date_gmt":"2025-08-24T14:43:38","guid":{"rendered":"https:\/\/piano-academie.com\/?page_id=307834"},"modified":"2025-08-24T18:04:10","modified_gmt":"2025-08-24T16:04:10","slug":"partition","status":"publish","type":"page","link":"https:\/\/piano-academie.com\/en\/partition\/","title":{"rendered":"Partition"},"content":{"rendered":"\n<p>Cette page est r\u00e9serv\u00e9e aux \u00e9l\u00e8ves inscrits de Piano Acad\u00e9mie. Veuillez vous connecter pour acc\u00e9der au contenu.<\/p>\n\n\n\n<p>[ld_lesson id=&#8217;307843&#8242;]<\/p>\n\n\n\n<p>[ld_section id=&#8217;307840&#8242;]<\/p>\n\n\n\n<p><\/p>\n","protected":false},"excerpt":{"rendered":"<p>Cette page est r\u00e9serv\u00e9e aux \u00e9l\u00e8ves inscrits de Piano Acad\u00e9mie. Veuillez vous connecter pour acc\u00e9der au contenu. [ld_lesson id=&#8217;307843&#8242;] [ld_section id=&#8217;307840&#8242;]<\/p>\n","protected":false},"author":1,"featured_media":0,"parent":0,"menu_order":0,"comment_status":"closed","ping_status":"closed","template":"","meta":{"_acf_changed":false,"_bbp_topic_count":0,"_bbp_reply_count":0,"_bbp_total_topic_count":0,"_bbp_total_reply_count":0,"_bbp_voice_count":0,"_bbp_anonymous_reply_count":0,"_bbp_topic_count_hidden":0,"_bbp_reply_count_hidden":0,"_bbp_forum_subforum_count":0,"footnotes":""},"categories":[],"tags":[],"class_list":["post-307834","page","type-page","status-publish","hentry"],"acf":[],"_links":{"self":[{"href":"https:\/\/piano-academie.com\/en\/wp-json\/wp\/v2\/pages\/307834","targetHints":{"allow":["GET"]}}],"collection":[{"href":"https:\/\/piano-academie.com\/en\/wp-json\/wp\/v2\/pages"}],"about":[{"href":"https:\/\/piano-academie.com\/en\/wp-json\/wp\/v2\/types\/page"}],"author":[{"embeddable":true,"href":"https:\/\/piano-academie.com\/en\/wp-json\/wp\/v2\/users\/1"}],"replies":[{"embeddable":true,"href":"https:\/\/piano-academie.com\/en\/wp-json\/wp\/v2\/comments?post=307834"}],"version-history":[{"count":0,"href":"https:\/\/piano-academie.com\/en\/wp-json\/wp\/v2\/pages\/307834\/revisions"}],"wp:attachment":[{"href":"https:\/\/piano-academie.com\/en\/wp-json\/wp\/v2\/media?parent=307834"}],"wp:term":[{"taxonomy":"category","embeddable":true,"href":"https:\/\/piano-academie.com\/en\/wp-json\/wp\/v2\/categories?post=307834"},{"taxonomy":"post_tag","embeddable":true,"href":"https:\/\/piano-academie.com\/en\/wp-json\/wp\/v2\/tags?post=307834"}],"curies":[{"name":"wp","href":"https:\/\/api.w.org\/{rel}","templated":true}]}}