{"id":317991,"date":"2025-05-20T09:40:40","date_gmt":"2025-05-20T07:40:40","guid":{"rendered":"https:\/\/piano-academie.com\/homepage-piano-academie\/the-recovery-pass\/"},"modified":"2025-10-19T17:58:04","modified_gmt":"2025-10-19T15:58:04","slug":"the-recovery-pass","status":"publish","type":"page","link":"https:\/\/piano-academie.com\/en\/overview\/the-recovery-pass\/","title":{"rendered":"The Recovery Pass"},"content":{"rendered":"\t\t<div data-elementor-type=\"wp-page\" data-elementor-id=\"317991\" class=\"elementor elementor-317991 elementor-293747\" data-elementor-post-type=\"page\">\n\t\t\t\t<div class=\"elementor-element elementor-element-b09e3b2 e-flex e-con-boxed e-con e-parent\" data-id=\"b09e3b2\" data-element_type=\"container\">\n\t\t\t\t\t<div class=\"e-con-inner\">\n\t\t\t\t<div class=\"elementor-element elementor-element-51d7b9d elementor-widget elementor-widget-breadcrumbs\" data-id=\"51d7b9d\" data-element_type=\"widget\" data-settings=\"{&quot;dotlife_ext_is_scrollme&quot;:&quot;false&quot;,&quot;dotlife_ext_is_smoove&quot;:&quot;false&quot;,&quot;dotlife_ext_is_parallax_mouse&quot;:&quot;false&quot;,&quot;dotlife_ext_is_infinite&quot;:&quot;false&quot;,&quot;dotlife_ext_is_fadeout_animation&quot;:&quot;false&quot;}\" data-widget_type=\"breadcrumbs.default\">\n\t\t\t\t<div class=\"elementor-widget-container\">\n\t\t\t\t\t<nav aria-label=\"breadcrumbs\" class=\"rank-math-breadcrumb\"><p><span class=\"last\">Accueil<\/span><\/p><\/nav>\t\t\t\t<\/div>\n\t\t\t\t<\/div>\n\t\t\t\t\t<\/div>\n\t\t\t\t<\/div>\n\t\t<div class=\"elementor-element elementor-element-3eece1f e-flex e-con-boxed e-con e-parent\" data-id=\"3eece1f\" data-element_type=\"container\">\n\t\t\t\t\t<div class=\"e-con-inner\">\n\t\t\t\t<div class=\"elementor-element elementor-element-dfa5b5a elementor-widget elementor-widget-html\" data-id=\"dfa5b5a\" data-element_type=\"widget\" data-settings=\"{&quot;dotlife_ext_is_scrollme&quot;:&quot;false&quot;,&quot;dotlife_ext_is_smoove&quot;:&quot;false&quot;,&quot;dotlife_ext_is_parallax_mouse&quot;:&quot;false&quot;,&quot;dotlife_ext_is_infinite&quot;:&quot;false&quot;,&quot;dotlife_ext_is_fadeout_animation&quot;:&quot;false&quot;}\" data-widget_type=\"html.default\">\n\t\t\t\t<div class=\"elementor-widget-container\">\n\t\t\t\t\t<!DOCTYPE html>\n<html lang=\"fr\">\n<head>\n  <meta charset=\"UTF-8\">\n  <meta name=\"viewport\" content=\"width=device-width, initial-scale=1.0\">\n  <title>Pass R\u00e9cup' \u2013 Piano Acad\u00e9mie<\/title>\n  <style>\n    body {\n      font-family: Arial, sans-serif;\n      line-height: 1.6;\n      margin: 0;\n      padding: 0;\n      background-color: #f9f9f9;\n      color: #333;\n    }\n\n    .container {\n      max-width: 800px;\n      margin: 40px auto;\n      padding: 20px;\n      background: white;\n      border-radius: 8px;\n      box-shadow: 0 2px 8px rgba(0,0,0,0.1);\n    }\n\n    h1, h2 {\n      color: #800000; \/* bordeaux Piano Acad\u00e9mie *\/\n    }\n\n    .highlight {\n      background-color: #ffe7c4;\n      padding: 10px;\n      border-left: 4px solid #ffa726;\n      margin-bottom: 20px;\n    }\n\n    ul {\n      padding-left: 20px;\n    }\n\n    .price {\n      font-size: 1.2em;\n      font-weight: bold;\n      margin-top: 10px;\n      color: #444;\n    }\n\n    @media (max-width: 600px) {\n      .container {\n        margin: 20px;\n        padding: 15px;\n      }\n    }\n  <\/style>\n<\/head>\n<body data-rsssl=1>\n  <div class=\"container\">\n    <h1>\ud83c\udf9f\ufe0f Le Pass R\u00e9cup'<\/h1>\n    <p>Manquer un cours peut arriver. Avec le <strong>Pass R\u00e9cup\u2019<\/strong>, vous avez la possibilit\u00e9 de <strong>rattraper un cours collectif<\/strong> dans l\u2019un de nos cr\u00e9neaux d\u00e9di\u00e9s.<\/p>\n\n    <div class=\"highlight\">\n      <p><strong>\ud83d\udca1 \u00c0 quoi sert le Pass R\u00e9cup' ?<\/strong><\/p>\n      <ul>\n        <li>Vous avez \u00e9t\u00e9 absent(e) \u00e0 un cours collectif ?<\/li>\n        <li>Vous pouvez r\u00e9server une s\u00e9ance de rattrapage dans un cr\u00e9neau Pass R\u00e9cup\u2019.<\/li>\n        <li>Le rattrapage peut se faire :\n          <ul>\n            <li>sur un <strong>cours collectif en pr\u00e9sentiel<\/strong> si un cr\u00e9neau est disponible,<\/li>\n            <li>sinon sur un <strong>cours collectif en ligne<\/strong>.<\/li>\n          <\/ul>\n        <\/li>\n        <li>Utilisable uniquement en cas d\u2019absence signal\u00e9e.<\/li>\n      <\/ul>\n    <\/div>\n\n    <h2>Tarifs<\/h2>\n    <p class=\"price\">\u2022 50 \u20ac pour le premier enfant<\/p>\n    <p class=\"price\">\u2022 25 \u20ac pour le deuxi\u00e8me enfant (offre famille)<\/p>\n\n    <h2>Comment \u00e7a fonctionne ?<\/h2>\n    <ul>\n      <li>Le Pass R\u00e9cup\u2019 est valable pour toute l\u2019ann\u00e9e scolaire.<\/li>\n      <li>Une fois le Pass activ\u00e9, vous recevrez les cr\u00e9neaux propos\u00e9s.<\/li>\n      <li>R\u00e9servation obligatoire en ligne avant de venir.<\/li>\n    <\/ul>\n\n    <p>\u2757 Le Pass R\u00e9cup\u2019 est nominatif et ne peut \u00eatre utilis\u00e9 que pour des cours collectifs manqu\u00e9s. Il ne remplace pas un cours individuel ou une MasterClass.<\/p>\n\n    <h2>Questions ?<\/h2>\n    <p>N\u2019h\u00e9sitez pas \u00e0 nous contacter. L\u2019\u00e9quipe est l\u00e0 pour vous aider \u00e0 organiser votre rattrapage sereinement.<\/p>\n  <\/div>\n<\/body>\n<\/html>\n\t\t\t\t<\/div>\n\t\t\t\t<\/div>\n\t\t\t\t\t<\/div>\n\t\t\t\t<\/div>\n\t\t<div class=\"elementor-element elementor-element-2fbcdf2 e-flex e-con-boxed e-con e-parent\" data-id=\"2fbcdf2\" data-element_type=\"container\">\n\t\t\t\t\t<div class=\"e-con-inner\">\n\t\t\t\t<div class=\"elementor-element elementor-element-fc72bb2 elementor-widget elementor-widget-global elementor-global-161005 elementor-global-10803 elementor-widget-html\" data-id=\"fc72bb2\" data-element_type=\"widget\" data-settings=\"{&quot;dotlife_ext_is_scrollme&quot;:&quot;false&quot;,&quot;dotlife_ext_is_smoove&quot;:&quot;false&quot;,&quot;dotlife_ext_is_parallax_mouse&quot;:&quot;false&quot;,&quot;dotlife_ext_is_infinite&quot;:&quot;false&quot;,&quot;dotlife_ext_is_fadeout_animation&quot;:&quot;false&quot;}\" data-widget_type=\"html.default\">\n\t\t\t\t<div class=\"elementor-widget-container\">\n\t\t\t\t\t<!-- Start of piano-academie Zendesk Widget script -->\r\n<script id=\"ze-snippet\" src=\"https:\/\/static.zdassets.com\/ekr\/snippet.js?key=fa3deb6d-e96b-4ea2-b6f3-36a4c05b4bab\"> <\/script>\r\n<!-- End of piano-academie Zendesk Widget script -->\t\t\t\t<\/div>\n\t\t\t\t<\/div>\n\t\t\t\t\t<\/div>\n\t\t\t\t<\/div>\n\t\t\t\t<\/div>\n\t\t","protected":false},"excerpt":{"rendered":"","protected":false},"author":1,"featured_media":0,"parent":13024,"menu_order":0,"comment_status":"closed","ping_status":"closed","template":"","meta":{"_acf_changed":false,"_bbp_topic_count":0,"_bbp_reply_count":0,"_bbp_total_topic_count":0,"_bbp_total_reply_count":0,"_bbp_voice_count":0,"_bbp_anonymous_reply_count":0,"_bbp_topic_count_hidden":0,"_bbp_reply_count_hidden":0,"_bbp_forum_subforum_count":0,"footnotes":""},"categories":[468],"tags":[],"class_list":["post-317991","page","type-page","status-publish","hentry","category-paris-en"],"acf":[],"_links":{"self":[{"href":"https:\/\/piano-academie.com\/en\/wp-json\/wp\/v2\/pages\/317991","targetHints":{"allow":["GET"]}}],"collection":[{"href":"https:\/\/piano-academie.com\/en\/wp-json\/wp\/v2\/pages"}],"about":[{"href":"https:\/\/piano-academie.com\/en\/wp-json\/wp\/v2\/types\/page"}],"author":[{"embeddable":true,"href":"https:\/\/piano-academie.com\/en\/wp-json\/wp\/v2\/users\/1"}],"replies":[{"embeddable":true,"href":"https:\/\/piano-academie.com\/en\/wp-json\/wp\/v2\/comments?post=317991"}],"version-history":[{"count":0,"href":"https:\/\/piano-academie.com\/en\/wp-json\/wp\/v2\/pages\/317991\/revisions"}],"up":[{"embeddable":true,"href":"https:\/\/piano-academie.com\/en\/wp-json\/wp\/v2\/pages\/13024"}],"wp:attachment":[{"href":"https:\/\/piano-academie.com\/en\/wp-json\/wp\/v2\/media?parent=317991"}],"wp:term":[{"taxonomy":"category","embeddable":true,"href":"https:\/\/piano-academie.com\/en\/wp-json\/wp\/v2\/categories?post=317991"},{"taxonomy":"post_tag","embeddable":true,"href":"https:\/\/piano-academie.com\/en\/wp-json\/wp\/v2\/tags?post=317991"}],"curies":[{"name":"wp","href":"https:\/\/api.w.org\/{rel}","templated":true}]}}