{"id":339695,"date":"2025-11-26T11:37:22","date_gmt":"2025-11-26T10:37:22","guid":{"rendered":"https:\/\/piano-academie.com\/?page_id=339695"},"modified":"2025-11-26T11:59:18","modified_gmt":"2025-11-26T10:59:18","slug":"suite-du-parcours-apres-le-cours-dessai","status":"publish","type":"page","link":"https:\/\/piano-academie.com\/en\/suite-du-parcours-apres-le-cours-dessai\/","title":{"rendered":"Suite du parcours apr\u00e8s le cours d\u2019essai"},"content":{"rendered":"\t\t<div data-elementor-type=\"wp-page\" data-elementor-id=\"339695\" class=\"elementor elementor-339695\" data-elementor-post-type=\"page\">\n\t\t\t\t<div class=\"elementor-element elementor-element-f30d4fc e-flex e-con-boxed e-con e-parent\" data-id=\"f30d4fc\" data-element_type=\"container\" data-e-type=\"container\">\n\t\t\t\t\t<div class=\"e-con-inner\">\n\t\t\t\t<div class=\"elementor-element elementor-element-00afdf9 elementor-widget elementor-widget-html\" data-id=\"00afdf9\" data-element_type=\"widget\" data-e-type=\"widget\" data-settings=\"{&quot;dotlife_ext_is_scrollme&quot;:&quot;false&quot;,&quot;dotlife_ext_is_smoove&quot;:&quot;false&quot;,&quot;dotlife_ext_is_parallax_mouse&quot;:&quot;false&quot;,&quot;dotlife_ext_is_infinite&quot;:&quot;false&quot;,&quot;dotlife_ext_is_fadeout_animation&quot;:&quot;false&quot;}\" data-widget_type=\"html.default\">\n\t\t\t\t<div class=\"elementor-widget-container\">\n\t\t\t\t\t<!DOCTYPE html>\n<html lang=\"fr\">\n<head>\n  <meta charset=\"utf-8\">\n  <title>Piano Acad\u00e9mie \u2013 Apr\u00e8s votre cours d\u2019essai adulte<\/title>\n  <meta name=\"viewport\" content=\"width=device-width, initial-scale=1\">\n\n  <style>\n    * {\n      box-sizing: border-box;\n    }\n\n    body {\n      margin: 0;\n      padding: 0;\n      font-family: \"Source Sans Pro\", system-ui, -apple-system, BlinkMacSystemFont,\n        \"Segoe UI\", Roboto, Arial, sans-serif;\n      background-color: #F7F4EF;\n      color: #222222;\n      line-height: 1.6;\n    }\n\n    a {\n      text-decoration: none;\n    }\n\n    .page-wrapper {\n      max-width: 980px;\n      margin: 0 auto;\n      padding: 32px 16px 48px;\n    }\n\n    .hero {\n      background-color: #ffffff;\n      border-radius: 12px;\n      padding: 24px 20px;\n      box-shadow: 0 4px 14px rgba(0, 0, 0, 0.06);\n      margin-bottom: 28px;\n    }\n\n    .hero-title {\n      margin: 0 0 12px;\n      font-size: clamp(26px, 4vw, 32px);\n      text-align: center;\n    }\n\n    .hero-subtitle {\n      margin: 0;\n      font-size: 16px;\n      text-align: center;\n      color: #555555;\n    }\n\n    .section {\n      background-color: #ffffff;\n      border-radius: 12px;\n      padding: 22px 20px;\n      margin-bottom: 20px;\n      box-shadow: 0 2px 10px rgba(0, 0, 0, 0.04);\n    }\n\n    .section-header {\n      margin: 0 0 12px;\n      font-size: 20px;\n    }\n\n    .section p {\n      margin: 0 0 10px;\n      font-size: 15px;\n    }\n\n    .cards {\n      display: grid;\n      grid-template-columns: repeat(auto-fit, minmax(260px, 1fr));\n      gap: 16px;\n      margin-top: 10px;\n    }\n\n    .card {\n      border-radius: 10px;\n      padding: 18px 16px;\n      background-color: #FAF7F2;\n      border: 1px solid #E4D9CA;\n    }\n\n    .card-title {\n      margin: 0 0 8px;\n      font-size: 17px;\n    }\n\n    .card p {\n      margin-bottom: 8px;\n      font-size: 14px;\n    }\n\n    .card ul {\n      margin: 6px 0 10px 18px;\n      padding: 0;\n      font-size: 14px;\n    }\n\n    .card li {\n      margin-bottom: 4px;\n    }\n\n    .btn-row {\n      margin-top: 10px;\n      display: flex;\n      flex-wrap: wrap;\n      gap: 10px;\n    }\n\n    .btn {\n      display: inline-block;\n      padding: 9px 16px;\n      border-radius: 999px;\n      font-size: 14px;\n      border: none;\n      cursor: pointer;\n      text-align: center;\n      white-space: nowrap;\n    }\n\n    .btn-primary {\n      background-color: #D8772F;\n      color: #ffffff;\n    }\n\n    .btn-secondary {\n      background-color: #ffffff;\n      color: #D8772F;\n      border: 1px solid #D8772F;\n    }\n\n    .note {\n      font-size: 13px;\n      color: #666666;\n      margin-top: 6px;\n    }\n\n    .locations-grid {\n      display: grid;\n      grid-template-columns: repeat(auto-fit, minmax(220px, 1fr));\n      gap: 16px;\n      margin-top: 14px;\n    }\n\n    .location-card {\n      background-color: #FAF7F2;\n      border-radius: 10px;\n      border: 1px solid #E4D9CA;\n      padding: 14px 14px;\n    }\n\n    .location-card h3 {\n      margin: 0 0 6px;\n      font-size: 16px;\n    }\n\n    .location-card ul {\n      margin: 0 0 4px 16px;\n      padding: 0;\n      font-size: 14px;\n    }\n\n    .location-card li {\n      margin-bottom: 3px;\n    }\n\n    .footer {\n      margin-top: 24px;\n      font-size: 13px;\n      text-align: center;\n      color: #777777;\n    }\n\n    @media (max-width: 600px) {\n      .hero,\n      .section {\n        padding: 18px 14px;\n      }\n\n      .card {\n        padding: 14px 12px;\n      }\n\n      .location-card {\n        padding: 12px 12px;\n      }\n    }\n  <\/style>\n<\/head>\n\n<body data-rsssl=1>\n  <div class=\"page-wrapper\">\n\n    <!-- INTRO -->\n    <section class=\"hero\">\n      <h1 class=\"hero-title\">Apr\u00e8s votre cours d\u2019essai adulte<\/h1>\n      <p class=\"hero-subtitle\">\n        F\u00e9licitations pour votre premier cours d\u2019essai \u00e0 Piano Acad\u00e9mie.\n        Vous avez maintenant une meilleure id\u00e9e de notre m\u00e9thode de cours collectifs\n        et de la mani\u00e8re dont nous accompagnons chaque adulte \u00e0 son rythme.\n      <\/p>\n    <\/section>\n\n    <!-- SUITE DU PARCOURS -->\n    <section class=\"section\">\n      <h2 class=\"section-header\">La suite de votre parcours<\/h2>\n      <p>\n        Si vous souhaitez continuer l\u2019aventure avec nous, vous avez le choix entre\n        plusieurs formules. Toutes permettent de participer \u00e0 nos cours collectifs\n        pour adultes, avec la flexibilit\u00e9 n\u00e9cessaire \u00e0 votre emploi du temps.\n      <\/p>\n    <\/section>\n\n    <!-- FORMULES -->\n    <section class=\"section\">\n      <h2 class=\"section-header\">Choisir votre formule de cours<\/h2>\n\n      <div class=\"cards\">\n        <!-- ABONNEMENT -->\n        <article class=\"card\">\n          <h3 class=\"card-title\">Abonnement mensuel adulte<\/h3>\n          <p>\n            L\u2019abonnement mensuel vous permet de prendre autant de cours collectifs\n            que vous le souhaitez sur un mois, en r\u00e9servant simplement les cr\u00e9neaux\n            qui vous conviennent.\n          <\/p>\n          <ul>\n            <li>Nombre de cours illimit\u00e9 sur le mois<\/li>\n            <li>Acc\u00e8s aux studios de r\u00e9p\u00e9tition rue de Richelieu et rue Scheffer<\/li>\n            <li>Acc\u00e8s aux cours de solf\u00e8ge en ligne les lundi et jeudi \u00e0 21h<\/li>\n          <\/ul>\n\n          <div class=\"btn-row\">\n            <a href=\"https:\/\/piano-academie.sportigo.fr\/buy\/offer-secure\/67640ba583ba8a-cours-collectifs-adultes-avec-abonnement-mensuel\/OUJuUHljdVcwTjRaQXNYZCtMSjRhUT09\" class=\"btn btn-primary\" target=\"_blank\" rel=\"noopener\">\n              Souscrire \u00e0 l\u2019abonnement mensuel\n            <\/a>\n          <\/div>\n\n          <p class=\"note\">\n            R\u00e9siliation possible en pr\u00e9venant l\u2019\u00e9cole au moins 6 jours avant le renouvellement.\n          <\/p>\n          <p class=\"note\">\n            Pause possible deux fois par an, pour un mois maximum \u00e0 chaque fois.\n          <\/p>\n          <p class=\"note\">\n            Des frais de dossier de 70 \u20ac sont ajout\u00e9s lors du premier mois uniquement.\n          <\/p>\n        <\/article>\n\n        <!-- CARNETS -->\n        <article class=\"card\">\n          <h3 class=\"card-title\">Carnets de 5 ou 10 cours<\/h3>\n          <p>\n            Si vous pr\u00e9f\u00e9rez une formule plus souple dans le temps, vous pouvez choisir\n            un carnet de cours et r\u00e9server vos s\u00e9ances au fur et \u00e0 mesure, selon vos disponibilit\u00e9s.\n          <\/p>\n          <ul>\n            <li>Carnet de 5 cours collectifs\u2009: 150 \u20ac<\/li>\n            <li>Carnet de 10 cours collectifs\u2009: 280 \u20ac<\/li>\n          <\/ul>\n\n          <div class=\"btn-row\">\n            <a href=\"http:\/\/piano-academie.sportigo.fr\/buy\/offer-secure\/68b860c51ff14a-1er-carnet-de-5-cours-collectifs-en-presentiel\/NjhoV3gxaDducGg0aXYzNmxPNUc5dz09\" class=\"btn btn-secondary\" target=\"_blank\" rel=\"noopener\">\n              Carnet de 5 cours\n            <\/a>\n\n            <a href=\"https:\/\/piano-academie.sportigo.fr\/buy\/offer-secure\/68d3bc0b23a38a-1er-carnet-de-10-cours-collectifs\/UVBEMHl3Wmt5VjhpNXQxa0FGT0lNQT09\" class=\"btn btn-secondary\" target=\"_blank\" rel=\"noopener\">\n              Carnet de 10 cours\n            <\/a>\n          <\/div>\n\n          <p class=\"note\">\n            \u00c0 ces tarifs s\u2019ajoutent 25 \u20ac pour le cahier de partitions et le cahier de travail,\n            lors de votre premi\u00e8re inscription si vous ne les avez pas encore.\n          <\/p>\n        <\/article>\n      <\/div>\n    <\/section>\n\n    <!-- PARTITIONS -->\n    <section class=\"section\">\n      <h2 class=\"section-header\">Partitions et mat\u00e9riel p\u00e9dagogique<\/h2>\n      <p>\n        Nous avons d\u00e9velopp\u00e9 des supports adapt\u00e9s aux adultes, qui peuvent vous accompagner\n        tout au long de votre parcours, quel que soit votre niveau.\n      <\/p>\n      <p>\n        Lors de votre premier cours apr\u00e8s l\u2019inscription, le professeur vous remettra\u2009:\n      <\/p>\n      <ul>\n        <li>un cahier de partitions\u2009;<\/li>\n        <li>un cahier de travail.<\/li>\n      <\/ul>\n      <p>\n        L\u2019ensemble est vendu au tarif de 25 \u20ac.\n      <\/p>\n      <p class=\"note\">\n        Ce montant s\u2019ajoute au prix de votre abonnement ou de votre carnet lors de votre\n        premi\u00e8re inscription, puis vous continuez \u00e0 l\u2019utiliser pour vos cours suivants.\n      <\/p>\n    <\/section>\n\n    <!-- CONCLUSION -->\n    <section class=\"section\">\n      <h2 class=\"section-header\">Continuer \u00e0 votre rythme<\/h2>\n      <p>\n        Que vous choisissiez l\u2019abonnement mensuel ou un carnet de 5 ou 10 cours,\n        notre objectif est de vous aider \u00e0 progresser sur les morceaux qui vous motivent,\n        avec un accompagnement structur\u00e9 et bienveillant.\n      <\/p>\n      <p>\n        Si vous h\u00e9sitez entre plusieurs formules, vous pouvez contacter le secr\u00e9tariat\n        de l\u2019\u00e9cole pour \u00eatre conseill\u00e9.\n      <\/p>\n    <\/section>\n\n    <!-- HORAIRES EN DERNIER -->\n    <section class=\"section\">\n      <h2 class=\"section-header\">Horaires actuels des cours adultes<\/h2>\n      <p>\n        Vous pouvez r\u00e9server vos cours sur les cr\u00e9neaux suivants, dans nos diff\u00e9rents\n        locaux parisiens.\n      <\/p>\n\n      <div class=\"locations-grid\">\n        <div class=\"location-card\">\n          <h3>Rue de Richelieu \u2013 Paris 1er<\/h3>\n          <ul>\n            <li>Lundi\u2009: 12h, 19h<\/li>\n            <li>Mardi\u2009: 12h, 19h<\/li>\n            <li>Mercredi\u2009: 19h<\/li>\n            <li>Jeudi\u2009: 12h, 18h, 19h, 20h<\/li>\n            <li>Vendredi\u2009: 12h, 19h<\/li>\n            <li>Samedi\u2009: 18h<\/li>\n          <\/ul>\n        <\/div>\n\n        <div class=\"location-card\">\n          <h3>Rue Scheffer \u2013 Paris 16e<\/h3>\n          <ul>\n            <li>Lundi\u2009: 16h, 19h<\/li>\n            <li>Mardi\u2009: 16h, 19h<\/li>\n            <li>Mercredi\u2009: 9h, 19h<\/li>\n            <li>Jeudi\u2009: 16h, 19h<\/li>\n            <li>Vendredi\u2009: 16h, 19h<\/li>\n          <\/ul>\n        <\/div>\n\n        <div class=\"location-card\">\n          <h3>Rue de la Pompe \u2013 Paris 16e<\/h3>\n          <ul>\n            <li>Lundi\u2009: 16h<\/li>\n            <li>Mardi\u2009: 12h45<\/li>\n            <li>Mercredi\u2009: 19h<\/li>\n            <li>Vendredi\u2009: 12h<\/li>\n          <\/ul>\n        <\/div>\n\n        <div class=\"location-card\">\n          <h3>Rue d\u2019Assas \u2013 Paris 6e<\/h3>\n          <ul>\n            <li>Lundi\u2009: 18h<\/li>\n            <li>Mardi\u2009: 19h<\/li>\n            <li>Mercredi\u2009: 19h45<\/li>\n            <li>Jeudi\u2009: 12h45, 19h<\/li>\n            <li>Vendredi\u2009: 18h<\/li>\n            <li>Samedi\u2009: 9h, 14h<\/li>\n          <\/ul>\n        <\/div>\n      <\/div>\n    <\/section>\n\n    <div class=\"footer\">\n      Piano Acad\u00e9mie \u2013 Cours de piano pour adultes \u00e0 Paris et en ligne\n    <\/div>\n\n  <\/div>\n<\/body>\n<\/html>\n\t\t\t\t<\/div>\n\t\t\t\t<\/div>\n\t\t\t\t\t<\/div>\n\t\t\t\t<\/div>\n\t\t<div class=\"elementor-element elementor-element-e18f4b8 e-flex e-con-boxed e-con e-parent\" data-id=\"e18f4b8\" data-element_type=\"container\" data-e-type=\"container\">\n\t\t\t\t\t<div class=\"e-con-inner\">\n\t\t\t\t<div class=\"elementor-element elementor-element-9c0c8e6 elementor-widget elementor-widget-global elementor-global-10803 elementor-widget-html\" data-id=\"9c0c8e6\" data-element_type=\"widget\" data-e-type=\"widget\" data-settings=\"{&quot;dotlife_ext_is_scrollme&quot;:&quot;false&quot;,&quot;dotlife_ext_is_smoove&quot;:&quot;false&quot;,&quot;dotlife_ext_is_parallax_mouse&quot;:&quot;false&quot;,&quot;dotlife_ext_is_infinite&quot;:&quot;false&quot;,&quot;dotlife_ext_is_fadeout_animation&quot;:&quot;false&quot;}\" data-widget_type=\"html.default\">\n\t\t\t\t<div class=\"elementor-widget-container\">\n\t\t\t\t\t<!-- Start of piano-academie Zendesk Widget script -->\n<script id=\"ze-snippet\" src=\"https:\/\/static.zdassets.com\/ekr\/snippet.js?key=fa3deb6d-e96b-4ea2-b6f3-36a4c05b4bab\"> <\/script>\n<!-- End of piano-academie Zendesk Widget script -->\t\t\t\t<\/div>\n\t\t\t\t<\/div>\n\t\t\t\t\t<\/div>\n\t\t\t\t<\/div>\n\t\t\t\t<\/div>\n\t\t","protected":false},"excerpt":{"rendered":"<p>Piano Acad\u00e9mie \u2013 Apr\u00e8s votre cours d\u2019essai adulte Apr\u00e8s votre cours d\u2019essai adulte F\u00e9licitations pour votre premier cours d\u2019essai \u00e0 Piano Acad\u00e9mie. Vous avez maintenant une meilleure id\u00e9e de notre m\u00e9thode de cours collectifs et de la mani\u00e8re dont nous [&hellip;]<\/p>\n","protected":false},"author":1,"featured_media":0,"parent":0,"menu_order":0,"comment_status":"closed","ping_status":"closed","template":"","meta":{"_acf_changed":false,"_bbp_topic_count":0,"_bbp_reply_count":0,"_bbp_total_topic_count":0,"_bbp_total_reply_count":0,"_bbp_voice_count":0,"_bbp_anonymous_reply_count":0,"_bbp_topic_count_hidden":0,"_bbp_reply_count_hidden":0,"_bbp_forum_subforum_count":0,"footnotes":""},"categories":[466],"tags":[],"class_list":["post-339695","page","type-page","status-publish","hentry","category-paris"],"acf":[],"_links":{"self":[{"href":"https:\/\/piano-academie.com\/en\/wp-json\/wp\/v2\/pages\/339695","targetHints":{"allow":["GET"]}}],"collection":[{"href":"https:\/\/piano-academie.com\/en\/wp-json\/wp\/v2\/pages"}],"about":[{"href":"https:\/\/piano-academie.com\/en\/wp-json\/wp\/v2\/types\/page"}],"author":[{"embeddable":true,"href":"https:\/\/piano-academie.com\/en\/wp-json\/wp\/v2\/users\/1"}],"replies":[{"embeddable":true,"href":"https:\/\/piano-academie.com\/en\/wp-json\/wp\/v2\/comments?post=339695"}],"version-history":[{"count":0,"href":"https:\/\/piano-academie.com\/en\/wp-json\/wp\/v2\/pages\/339695\/revisions"}],"wp:attachment":[{"href":"https:\/\/piano-academie.com\/en\/wp-json\/wp\/v2\/media?parent=339695"}],"wp:term":[{"taxonomy":"category","embeddable":true,"href":"https:\/\/piano-academie.com\/en\/wp-json\/wp\/v2\/categories?post=339695"},{"taxonomy":"post_tag","embeddable":true,"href":"https:\/\/piano-academie.com\/en\/wp-json\/wp\/v2\/tags?post=339695"}],"curies":[{"name":"wp","href":"https:\/\/api.w.org\/{rel}","templated":true}]}}