{"id":388569,"date":"2026-03-21T14:57:20","date_gmt":"2026-03-21T13:57:20","guid":{"rendered":"https:\/\/piano-academie.com\/concerts\/"},"modified":"2026-04-01T19:13:20","modified_gmt":"2026-04-01T17:13:20","slug":"concerts","status":"publish","type":"page","link":"https:\/\/piano-academie.com\/en\/concerts\/","title":{"rendered":"Les Concerts \u2013 Piano Acad\u00e9mie"},"content":{"rendered":"\t\t<div data-elementor-type=\"wp-page\" data-elementor-id=\"388569\" class=\"elementor elementor-388569 elementor-388422\" data-elementor-post-type=\"page\">\n\t\t\t\t<div class=\"elementor-element elementor-element-61fde46 e-flex e-con-boxed e-con e-parent\" data-id=\"61fde46\" data-element_type=\"container\">\n\t\t\t\t\t<div class=\"e-con-inner\">\n\t\t\t\t<div class=\"elementor-element elementor-element-1b02c23 elementor-widget elementor-widget-html\" data-id=\"1b02c23\" data-element_type=\"widget\" data-settings=\"{&quot;dotlife_ext_is_scrollme&quot;:&quot;false&quot;,&quot;dotlife_ext_is_smoove&quot;:&quot;false&quot;,&quot;dotlife_ext_is_parallax_mouse&quot;:&quot;false&quot;,&quot;dotlife_ext_is_infinite&quot;:&quot;false&quot;,&quot;dotlife_ext_is_fadeout_animation&quot;:&quot;false&quot;}\" data-widget_type=\"html.default\">\n\t\t\t\t<div class=\"elementor-widget-container\">\n\t\t\t\t\t<div class=\"pa-concerts-page\">\n  <style>\n    .pa-concerts-page{\n      --pa-bg:#0b0b0f;\n      --pa-card:#111118;\n      --pa-card-2:#16161f;\n      --pa-text:#f2eee8;\n      --pa-muted:#cfc6bb;\n      --pa-gold:#d4af37;\n      --pa-border:rgba(212,175,55,0.22);\n      --pa-shadow:0 18px 40px rgba(0,0,0,0.28);\n      --pa-radius:18px;\n      --pa-max:1280px;\n      background:linear-gradient(180deg,#09090c 0%, #0d0d12 100%);\n      color:var(--pa-text);\n      font-family:Georgia, \"Times New Roman\", serif;\n      padding:48px 24px 72px;\n    }\n\n    .pa-concerts-wrap{\n      max-width:var(--pa-max);\n      margin:0 auto;\n    }\n\n    .pa-hero{\n      padding:48px 36px;\n      border:1px solid var(--pa-border);\n      border-radius:24px;\n      background:\n        linear-gradient(135deg, rgba(212,175,55,0.08) 0%, rgba(255,255,255,0.02) 35%, rgba(255,255,255,0.01) 100%),\n        radial-gradient(circle at top right, rgba(212,175,55,0.14), transparent 34%),\n        #0b0b10;\n      box-shadow:var(--pa-shadow);\n      margin-bottom:52px;\n    }\n\n    .pa-kicker{\n      font-size:13px;\n      letter-spacing:0.18em;\n      text-transform:uppercase;\n      color:var(--pa-gold);\n      margin-bottom:14px;\n    }\n\n    .pa-hero h1{\n      margin:0 0 18px;\n      font-size:clamp(34px, 5vw, 62px);\n      line-height:1.04;\n      color:#f5efe5;\n      font-weight:400;\n    }\n\n    .pa-hero p{\n      margin:0;\n      max-width:860px;\n      font-size:19px;\n      line-height:1.7;\n      color:var(--pa-muted);\n    }\n\n    .pa-section{\n      margin-top:56px;\n    }\n\n    .pa-section-head{\n      display:flex;\n      align-items:end;\n      justify-content:space-between;\n      gap:20px;\n      margin-bottom:22px;\n      padding-bottom:14px;\n      border-bottom:1px solid var(--pa-border);\n    }\n\n    .pa-section-title{\n      margin:0;\n      font-size:clamp(28px, 3.4vw, 42px);\n      line-height:1.1;\n      color:#f3ede3;\n      font-weight:400;\n    }\n\n    .pa-section-note{\n      color:var(--pa-muted);\n      font-size:15px;\n      line-height:1.5;\n      max-width:520px;\n      text-align:right;\n    }\n\n    .pa-grid{\n      display:grid;\n      grid-template-columns:repeat(3,minmax(0,1fr));\n      gap:24px;\n    }\n\n    .pa-card{\n      display:flex;\n      flex-direction:column;\n      min-height:100%;\n      background:linear-gradient(180deg, rgba(255,255,255,0.02), rgba(255,255,255,0.01)), var(--pa-card);\n      border:1px solid var(--pa-border);\n      border-radius:var(--pa-radius);\n      overflow:hidden;\n      box-shadow:var(--pa-shadow);\n      transition:transform .22s ease, box-shadow .22s ease, border-color .22s ease;\n    }\n\n    .pa-card:hover{\n      transform:translateY(-4px);\n      box-shadow:0 24px 48px rgba(0,0,0,0.34);\n      border-color:rgba(212,175,55,0.38);\n    }\n\n    .pa-card-image{\n      position:relative;\n      aspect-ratio:4\/5;\n      overflow:hidden;\n      background:#141414;\n    }\n\n    .pa-card-image img{\n      width:100%;\n      height:100%;\n      object-fit:cover;\n      display:block;\n    }\n\n    .pa-card-image::after{\n      content:\"\";\n      position:absolute;\n      inset:0;\n      background:linear-gradient(180deg, rgba(0,0,0,0) 45%, rgba(0,0,0,0.48) 100%);\n      pointer-events:none;\n    }\n\n    .pa-card-body{\n      display:flex;\n      flex-direction:column;\n      gap:14px;\n      padding:22px 22px 24px;\n      flex:1;\n    }\n\n    .pa-status{\n      display:inline-flex;\n      align-items:center;\n      align-self:flex-start;\n      min-height:28px;\n      padding:0 12px;\n      border-radius:999px;\n      font-family:Arial, Helvetica, sans-serif;\n      font-size:11px;\n      letter-spacing:0.16em;\n      text-transform:uppercase;\n      border:1px solid rgba(212,175,55,0.34);\n      color:var(--pa-gold);\n      background:rgba(212,175,55,0.08);\n    }\n\n    .pa-status-past{\n      color:#d8cbb0;\n      border-color:rgba(216,203,176,0.22);\n      background:rgba(255,255,255,0.04);\n    }\n\n    .pa-date{\n      display:block;\n      color:var(--pa-gold);\n      font-size:14px;\n      letter-spacing:0.08em;\n      text-transform:uppercase;\n      line-height:1.7;\n    }\n\n    .pa-card-title{\n      margin:0;\n      font-size:30px;\n      line-height:1.08;\n      color:#f5efe6;\n      font-weight:400;\n    }\n\n    .pa-card-subtitle{\n      margin:0;\n      color:#e7ddcf;\n      font-size:18px;\n      line-height:1.45;\n    }\n\n    .pa-meta{\n      display:grid;\n      gap:6px;\n      color:var(--pa-muted);\n      font-size:16px;\n      line-height:1.6;\n    }\n\n    .pa-program{\n      color:#e6ddd1;\n      font-size:16px;\n      line-height:1.7;\n      margin-top:2px;\n    }\n\n    .pa-program em{\n      color:var(--pa-gold);\n      font-style:normal;\n    }\n\n    .pa-actions{\n      margin-top:auto;\n      padding-top:8px;\n    }\n\n    .pa-button{\n      display:inline-flex;\n      align-items:center;\n      justify-content:center;\n      min-height:48px;\n      padding:0 18px;\n      border:1px solid rgba(212,175,55,0.45);\n      border-radius:999px;\n      color:#f3ede2;\n      background:linear-gradient(180deg, rgba(212,175,55,0.14), rgba(212,175,55,0.06));\n      text-decoration:none;\n      font-size:15px;\n      letter-spacing:0.04em;\n      transition:all .2s ease;\n    }\n\n    .pa-button:hover{\n      background:linear-gradient(180deg, rgba(212,175,55,0.2), rgba(212,175,55,0.1));\n      border-color:rgba(212,175,55,0.7);\n      color:#fff8eb;\n    }\n\n    .pa-archive{\n      display:grid;\n      grid-template-columns:repeat(2,minmax(0,1fr));\n      gap:18px;\n    }\n\n    .pa-archive-item{\n      display:flex;\n      gap:18px;\n      align-items:center;\n      background:linear-gradient(180deg, rgba(255,255,255,0.02), rgba(255,255,255,0.01)), var(--pa-card-2);\n      border:1px solid var(--pa-border);\n      border-radius:16px;\n      padding:14px;\n      box-shadow:var(--pa-shadow);\n    }\n\n    .pa-archive-thumb{\n      width:108px;\n      min-width:108px;\n      aspect-ratio:4\/5;\n      border-radius:12px;\n      overflow:hidden;\n      background:#111;\n    }\n\n    .pa-archive-thumb img{\n      width:100%;\n      height:100%;\n      object-fit:cover;\n      display:block;\n    }\n\n    .pa-archive-content{\n      display:flex;\n      flex-direction:column;\n      gap:8px;\n    }\n\n    .pa-archive-top{\n      display:flex;\n      flex-wrap:wrap;\n      gap:10px;\n      align-items:center;\n    }\n\n    .pa-archive-title{\n      margin:0;\n      font-size:22px;\n      line-height:1.15;\n      color:#f3ede3;\n      font-weight:400;\n    }\n\n    .pa-archive-meta{\n      color:var(--pa-muted);\n      font-size:15px;\n      line-height:1.6;\n    }\n\n    .pa-archive-link{\n      display:inline-block;\n      margin-top:4px;\n      color:var(--pa-gold);\n      text-decoration:none;\n      font-size:15px;\n      line-height:1.5;\n    }\n\n    .pa-empty{\n      border:1px dashed rgba(212,175,55,0.28);\n      border-radius:16px;\n      padding:28px;\n      color:var(--pa-muted);\n      font-size:17px;\n      line-height:1.7;\n      background:rgba(255,255,255,0.015);\n    }\n\n    @media (max-width: 1024px){\n      .pa-grid{\n        grid-template-columns:repeat(2,minmax(0,1fr));\n      }\n      .pa-archive{\n        grid-template-columns:1fr;\n      }\n      .pa-section-head{\n        flex-direction:column;\n        align-items:flex-start;\n      }\n      .pa-section-note{\n        text-align:left;\n      }\n    }\n\n    @media (max-width: 767px){\n      .pa-concerts-page{\n        padding:32px 16px 48px;\n      }\n      .pa-hero{\n        padding:30px 22px;\n        border-radius:20px;\n      }\n      .pa-grid{\n        grid-template-columns:1fr;\n      }\n      .pa-card-title{\n        font-size:28px;\n      }\n      .pa-archive-item{\n        flex-direction:column;\n        align-items:flex-start;\n      }\n      .pa-archive-thumb{\n        width:100%;\n        min-width:0;\n      }\n    }\n  <\/style>\n\n  <div class=\"pa-concerts-wrap\">\n\n    <section class=\"pa-hero\">\n      <div class=\"pa-kicker\">Piano Acad\u00e9mie \u2014 1 rue de Richelieu, Paris<\/div>\n      <h1>Les concerts de Piano Acad\u00e9mie<\/h1>\n      <p>\n        D\u00e9couvrez les r\u00e9citals organis\u00e9s dans notre salle du 1 rue de Richelieu \u00e0 Paris.\n        Artistes invit\u00e9s, professeurs de l\u2019\u00e9cole et jeunes talents se succ\u00e8dent tout au long de l\u2019ann\u00e9e\n        dans un cadre intimiste consacr\u00e9 \u00e0 la musique.\n      <\/p>\n    <\/section>\n\n    <section class=\"pa-section\">\n      <div class=\"pa-section-head\">\n        <h2 class=\"pa-section-title\">Concerts \u00e0 venir<\/h2>\n        <div class=\"pa-section-note\">\n          Cliquez sur chaque concert pour acc\u00e9der \u00e0 sa page d\u00e9di\u00e9e, d\u00e9couvrir le programme et r\u00e9server.\n        <\/div>\n      <\/div>\n\n      <div class=\"pa-grid\">\n\n        <article class=\"pa-card\">\n          <div class=\"pa-card-image\">\n            <img decoding=\"async\" src=\"https:\/\/piano-academie.com\/wp-content\/uploads\/2026\/03\/WhatsApp-Image-2026-03-23-at-18.31.01.jpeg\" alt=\"Affiche du concert d\u2019Ana Gabriela Fern\u00e1ndez\">\n          <\/div>\n          <div class=\"pa-card-body\">\n            <span class=\"pa-status\">\u00c0 venir<\/span>\n            <span class=\"pa-date\">Samedi 11 avril 2026 \u2014 20h<br>Dimanche 12 avril 2026 \u2014 17h<\/span>\n            <h3 class=\"pa-card-title\">Ana Gabriela Fern\u00e1ndez<\/h3>\n            <p class=\"pa-card-subtitle\">R\u00e9cital de piano<\/p>\n            <div class=\"pa-meta\">\n              <div>1 rue de Richelieu, Paris<\/div>\n            <\/div>\n            <div class=\"pa-program\">\n              <em>Programme :<\/em> Les Quatre Ballades de Fr\u00e9d\u00e9ric Chopin\n            <\/div>\n            <div class=\"pa-actions\">\n              <a class=\"pa-button\" href=\"https:\/\/piano-academie.com\/les-4-ballades-de-f-chopin-par-ana-gabriela-fernandez\/\">Voir le concert<\/a>\n            <\/div>\n          <\/div>\n        <\/article>\n\n      <\/div>\n    <\/section>\n\n    <section class=\"pa-section\">\n      <div class=\"pa-section-head\">\n        <h2 class=\"pa-section-title\">Concerts pass\u00e9s<\/h2>\n        <div class=\"pa-section-note\">\n          Retrouvez les r\u00e9citals d\u00e9j\u00e0 accueillis dans notre salle, class\u00e9s du plus r\u00e9cent au plus ancien.\n        <\/div>\n      <\/div>\n\n      <div class=\"pa-archive\">\n\n        <article class=\"pa-archive-item\">\n          <div class=\"pa-archive-thumb\">\n            <img decoding=\"async\" src=\"https:\/\/piano-academie.com\/wp-content\/uploads\/2026\/03\/Recital-de-piano-avec-Haluna-Sato-Web.jpg\" alt=\"Affiche du concert de Haluna Sato Tellier\">\n          <\/div>\n          <div class=\"pa-archive-content\">\n            <div class=\"pa-archive-top\">\n              <span class=\"pa-status pa-status-past\">Pass\u00e9<\/span>\n            <\/div>\n            <h3 class=\"pa-archive-title\">Haluna Sato Tellier<\/h3>\n            <div class=\"pa-archive-meta\">\n              R\u00e9cital de piano<br>\n              1 rue de Richelieu, Paris<br>\n              Dimanche 29 mars 2026 \u2014 17h\n            <\/div>\n            <a class=\"pa-archive-link\" href=\"https:\/\/piano-academie.com\/haluna-sato-tellier-recital-de-piano\/\">Voir la page du concert<\/a>\n          <\/div>\n        <\/article>\n\n        <article class=\"pa-archive-item\">\n          <div class=\"pa-archive-thumb\">\n            <img decoding=\"async\" src=\"https:\/\/piano-academie.com\/wp-content\/uploads\/2026\/03\/WhatsApp-Image-2026-03-23-at-16.25.16.jpeg\" alt=\"Affiche du concert de Lev Chefanov\">\n          <\/div>\n          <div class=\"pa-archive-content\">\n            <div class=\"pa-archive-top\">\n              <span class=\"pa-status pa-status-past\">Pass\u00e9<\/span>\n            <\/div>\n            <h3 class=\"pa-archive-title\">Lev Chefanov<\/h3>\n            <div class=\"pa-archive-meta\">\n              R\u00e9cital de piano<br>\n              1 rue de Richelieu, Paris<br>\n              Samedi 28 mars 2026 \u2014 18h30\n            <\/div>\n            <a class=\"pa-archive-link\" href=\"https:\/\/piano-academie.com\/lev-chefanov-recital-de-piano\/\">Voir la page du concert<\/a>\n          <\/div>\n        <\/article>\n\n      <\/div>\n    <\/section>\n\n  <\/div>\n<\/div>\t\t\t\t<\/div>\n\t\t\t\t<\/div>\n\t\t\t\t\t<\/div>\n\t\t\t\t<\/div>\n\t\t\t\t<\/div>\n\t\t","protected":false},"excerpt":{"rendered":"<p>Piano Acad\u00e9mie \u2014 1 rue de Richelieu, Paris Les concerts de Piano Acad\u00e9mie D\u00e9couvrez les r\u00e9citals organis\u00e9s dans notre salle du 1 rue de Richelieu \u00e0 Paris. Artistes invit\u00e9s, professeurs de l\u2019\u00e9cole et jeunes talents se succ\u00e8dent tout au long [&hellip;]<\/p>\n","protected":false},"author":1,"featured_media":0,"parent":0,"menu_order":0,"comment_status":"closed","ping_status":"closed","template":"","meta":{"_acf_changed":false,"_bbp_topic_count":0,"_bbp_reply_count":0,"_bbp_total_topic_count":0,"_bbp_total_reply_count":0,"_bbp_voice_count":0,"_bbp_anonymous_reply_count":0,"_bbp_topic_count_hidden":0,"_bbp_reply_count_hidden":0,"_bbp_forum_subforum_count":0,"footnotes":""},"categories":[468],"tags":[],"class_list":["post-388569","page","type-page","status-publish","hentry","category-paris-en"],"acf":[],"_links":{"self":[{"href":"https:\/\/piano-academie.com\/en\/wp-json\/wp\/v2\/pages\/388569","targetHints":{"allow":["GET"]}}],"collection":[{"href":"https:\/\/piano-academie.com\/en\/wp-json\/wp\/v2\/pages"}],"about":[{"href":"https:\/\/piano-academie.com\/en\/wp-json\/wp\/v2\/types\/page"}],"author":[{"embeddable":true,"href":"https:\/\/piano-academie.com\/en\/wp-json\/wp\/v2\/users\/1"}],"replies":[{"embeddable":true,"href":"https:\/\/piano-academie.com\/en\/wp-json\/wp\/v2\/comments?post=388569"}],"version-history":[{"count":0,"href":"https:\/\/piano-academie.com\/en\/wp-json\/wp\/v2\/pages\/388569\/revisions"}],"wp:attachment":[{"href":"https:\/\/piano-academie.com\/en\/wp-json\/wp\/v2\/media?parent=388569"}],"wp:term":[{"taxonomy":"category","embeddable":true,"href":"https:\/\/piano-academie.com\/en\/wp-json\/wp\/v2\/categories?post=388569"},{"taxonomy":"post_tag","embeddable":true,"href":"https:\/\/piano-academie.com\/en\/wp-json\/wp\/v2\/tags?post=388569"}],"curies":[{"name":"wp","href":"https:\/\/api.w.org\/{rel}","templated":true}]}}