{"id":418124,"date":"2026-04-30T16:42:37","date_gmt":"2026-04-30T14:42:37","guid":{"rendered":"https:\/\/piano-academie.com\/?page_id=418124"},"modified":"2026-04-30T16:55:55","modified_gmt":"2026-04-30T14:55:55","slug":"de-la-grce-livresse-mozart-faur-ravel-debussy-liszt","status":"publish","type":"page","link":"https:\/\/piano-academie.com\/en\/de-la-grce-livresse-mozart-faur-ravel-debussy-liszt\/","title":{"rendered":"De la gr\u00e2ce \u00e0 l\u2019ivresse Mozart, Faur\u00e9, Ravel, Debussy, Liszt"},"content":{"rendered":"\t\t<div data-elementor-type=\"wp-page\" data-elementor-id=\"418124\" class=\"elementor elementor-418124\" data-elementor-post-type=\"page\">\n\t\t\t\t<div class=\"elementor-element elementor-element-2b4696f e-flex e-con-boxed e-con e-parent\" data-id=\"2b4696f\" data-element_type=\"container\" data-e-type=\"container\">\n\t\t\t\t\t<div class=\"e-con-inner\">\n\t\t\t\t<div class=\"elementor-element elementor-element-03f5b10 elementor-widget elementor-widget-html\" data-id=\"03f5b10\" data-element_type=\"widget\" data-e-type=\"widget\" data-settings=\"{&quot;dotlife_ext_is_scrollme&quot;:&quot;false&quot;,&quot;dotlife_ext_is_smoove&quot;:&quot;false&quot;,&quot;dotlife_ext_is_parallax_mouse&quot;:&quot;false&quot;,&quot;dotlife_ext_is_infinite&quot;:&quot;false&quot;,&quot;dotlife_ext_is_fadeout_animation&quot;:&quot;false&quot;}\" data-widget_type=\"html.default\">\n\t\t\t\t<div class=\"elementor-widget-container\">\n\t\t\t\t\t<div class=\"pa-concert-page pa-rudy-page\">\n  <style>\n    .pa-concert-page{\n      --pa-bg:#0b0b0f;\n      --pa-surface:#111118;\n      --pa-surface-2:#15151d;\n      --pa-text:#f2eee8;\n      --pa-muted:#d2c8bc;\n      --pa-gold:#d4af37;\n      --pa-border:rgba(212,175,55,0.24);\n      --pa-shadow:0 18px 42px rgba(0,0,0,0.30);\n      --pa-radius:20px;\n      --pa-max:1240px;\n      background:linear-gradient(180deg,#09090c 0%, #0e0e12 100%);\n      color:var(--pa-text);\n      font-family:Georgia, \"Times New Roman\", serif;\n      padding:44px 24px 72px;\n    }\n\n    .pa-concert-page *{box-sizing:border-box}\n\n    .pa-concert-wrap{\n      max-width:var(--pa-max);\n      margin:0 auto;\n    }\n\n    .pa-breadcrumb{\n      margin:0 0 22px;\n      font-size:14px;\n      line-height:1.6;\n      color:var(--pa-muted);\n    }\n\n    .pa-breadcrumb a{\n      color:var(--pa-gold);\n      text-decoration:none;\n    }\n\n    .pa-hero{\n      display:grid;\n      grid-template-columns:minmax(300px, 430px) minmax(0, 1fr);\n      gap:34px;\n      align-items:stretch;\n      margin-bottom:38px;\n    }\n\n    .pa-poster{\n      border:1px solid var(--pa-border);\n      border-radius:24px;\n      overflow:hidden;\n      background:\n        radial-gradient(circle at top, rgba(212,175,55,0.18), transparent 34%),\n        linear-gradient(180deg,#16161f 0%, #0d0d12 100%);\n      box-shadow:var(--pa-shadow);\n      min-height:100%;\n      display:flex;\n      align-items:center;\n      justify-content:center;\n      padding:18px;\n    }\n\n    .pa-poster img{\n      display:block;\n      width:100%;\n      max-width:390px;\n      height:auto;\n      object-fit:contain;\n      border-radius:18px;\n    }\n\n    .pa-hero-content{\n      border:1px solid var(--pa-border);\n      border-radius:24px;\n      padding:34px 34px 30px;\n      background:\n        linear-gradient(135deg, rgba(212,175,55,0.08) 0%, rgba(255,255,255,0.02) 36%, rgba(255,255,255,0.01) 100%),\n        radial-gradient(circle at top right, rgba(212,175,55,0.14), transparent 34%),\n        #0b0b10;\n      box-shadow:var(--pa-shadow);\n      display:flex;\n      flex-direction:column;\n      justify-content:center;\n    }\n\n    .pa-kicker{\n      color:var(--pa-gold);\n      text-transform:uppercase;\n      letter-spacing:0.14em;\n      font-size:13px;\n      margin-bottom:14px;\n    }\n\n    .pa-hero-content h1{\n      margin:0 0 12px;\n      font-size:clamp(34px,4.8vw,60px);\n      line-height:1.02;\n      font-weight:400;\n      color:#f5efe5;\n    }\n\n    .pa-subtitle{\n      margin:0 0 20px;\n      font-size:27px;\n      line-height:1.2;\n      color:#eadfce;\n    }\n\n    .pa-intro{\n      margin:0;\n      font-size:18px;\n      line-height:1.8;\n      color:var(--pa-muted);\n      max-width:760px;\n    }\n\n    .pa-info-grid{\n      display:grid;\n      grid-template-columns:repeat(4,minmax(0,1fr));\n      gap:18px;\n      margin:34px 0 0;\n    }\n\n    .pa-info-card{\n      border:1px solid var(--pa-border);\n      border-radius:16px;\n      padding:18px 16px;\n      background:rgba(255,255,255,0.02);\n    }\n\n    .pa-info-label{\n      font-size:12px;\n      letter-spacing:0.12em;\n      text-transform:uppercase;\n      color:var(--pa-gold);\n      margin-bottom:8px;\n    }\n\n    .pa-info-value{\n      color:#f3ede2;\n      font-size:18px;\n      line-height:1.5;\n    }\n\n    .pa-price-banner{\n      display:flex;\n      flex-wrap:wrap;\n      gap:16px;\n      align-items:stretch;\n      margin-top:28px;\n      padding:18px;\n      border:1px solid rgba(212,175,55,0.28);\n      border-radius:18px;\n      background:\n        linear-gradient(135deg, rgba(212,175,55,0.12) 0%, rgba(255,255,255,0.03) 45%, rgba(255,255,255,0.01) 100%);\n      box-shadow:\n        0 14px 34px rgba(0,0,0,0.20),\n        inset 0 1px 0 rgba(255,255,255,0.04);\n    }\n\n    .pa-price-banner-title{\n      width:100%;\n      margin:0 0 2px;\n      font-size:13px;\n      letter-spacing:0.14em;\n      text-transform:uppercase;\n      color:var(--pa-gold);\n    }\n\n    .pa-price-pill{\n      flex:1 1 220px;\n      min-height:88px;\n      display:flex;\n      flex-direction:column;\n      justify-content:center;\n      padding:16px 18px;\n      border-radius:14px;\n      border:1px solid rgba(212,175,55,0.18);\n      background:rgba(255,255,255,0.04);\n    }\n\n    .pa-price-pill-label{\n      font-size:13px;\n      text-transform:uppercase;\n      letter-spacing:0.10em;\n      color:#ddc98b;\n      margin-bottom:8px;\n    }\n\n    .pa-price-pill-value{\n      font-size:30px;\n      line-height:1.1;\n      color:#fff6df;\n    }\n\n    .pa-actions{\n      display:flex;\n      flex-wrap:wrap;\n      gap:14px;\n      margin-top:26px;\n    }\n\n    .pa-btn{\n      display:inline-flex;\n      align-items:center;\n      justify-content:center;\n      min-height:52px;\n      padding:0 24px;\n      border-radius:999px;\n      text-decoration:none;\n      font-size:16px;\n      letter-spacing:0.02em;\n      transition:all .2s ease;\n    }\n\n    .pa-btn-primary,\n    .pa-btn-primary:visited{\n      border:1px solid #d4af37 !important;\n      color:#111111 !important;\n      background:linear-gradient(180deg, #ecd27a 0%, #d4af37 55%, #b78912 100%) !important;\n      box-shadow:\n        0 10px 24px rgba(212,175,55,0.22),\n        inset 0 1px 0 rgba(255,255,255,0.35);\n    }\n\n    .pa-btn-primary:hover{\n      color:#111111 !important;\n      background:linear-gradient(180deg, #f3dc8f 0%, #ddb94c 55%, #c69516 100%) !important;\n      border-color:#e7c96a !important;\n      transform:translateY(-1px);\n      box-shadow:\n        0 14px 30px rgba(212,175,55,0.28),\n        inset 0 1px 0 rgba(255,255,255,0.42);\n    }\n\n    .pa-btn-secondary,\n    .pa-btn-secondary:visited{\n      border:1px solid rgba(255,255,255,0.14);\n      color:#efe7d9;\n      background:rgba(255,255,255,0.04);\n    }\n\n    .pa-btn-secondary:hover{\n      background:rgba(255,255,255,0.08);\n    }\n\n    .pa-section{\n      margin-top:34px;\n      border:1px solid var(--pa-border);\n      border-radius:22px;\n      padding:30px;\n      background:linear-gradient(180deg, rgba(255,255,255,0.02), rgba(255,255,255,0.01)), var(--pa-surface);\n      box-shadow:var(--pa-shadow);\n    }\n\n    .pa-section h2{\n      margin:0 0 16px;\n      font-size:34px;\n      line-height:1.1;\n      font-weight:400;\n      color:#f4ede3;\n    }\n\n    .pa-section p{\n      margin:0;\n      font-size:18px;\n      line-height:1.85;\n      color:var(--pa-muted);\n    }\n\n    .pa-program-title{\n      margin:0 0 18px;\n      font-size:34px;\n      line-height:1.1;\n      color:#f4ede3;\n      font-weight:400;\n    }\n\n    .pa-program-list{\n      list-style:none;\n      margin:0;\n      padding:0;\n      display:grid;\n      gap:12px;\n    }\n\n    .pa-program-list li{\n      display:flex;\n      gap:14px;\n      align-items:flex-start;\n      padding:14px 16px;\n      border:1px solid rgba(212,175,55,0.16);\n      border-radius:14px;\n      background:rgba(255,255,255,0.02);\n      color:#efe6d8;\n      font-size:19px;\n      line-height:1.6;\n    }\n\n    .pa-program-num{\n      color:var(--pa-gold);\n      min-width:28px;\n    }\n\n    .pa-program-work{\n      display:block;\n    }\n\n    .pa-program-composer{\n      color:#fff6df;\n    }\n\n    .pa-program-duration{\n      color:#bfb4a7;\n      font-size:16px;\n    }\n\n    .pa-note{\n      margin-top:18px;\n      color:var(--pa-muted);\n      font-size:16px;\n      line-height:1.7;\n    }\n\n    .pa-highlight-grid{\n      display:grid;\n      grid-template-columns:repeat(3,minmax(0,1fr));\n      gap:18px;\n      margin-top:22px;\n    }\n\n    .pa-highlight-card{\n      border:1px solid rgba(212,175,55,0.16);\n      border-radius:16px;\n      padding:20px;\n      background:rgba(255,255,255,0.02);\n    }\n\n    .pa-highlight-card h3{\n      margin:0 0 10px;\n      color:#fff6df;\n      font-size:22px;\n      font-weight:400;\n      line-height:1.2;\n    }\n\n    .pa-highlight-card p{\n      font-size:16px;\n      line-height:1.75;\n      color:var(--pa-muted);\n    }\n\n    @media (max-width: 1024px){\n      .pa-hero{\n        grid-template-columns:1fr;\n      }\n\n      .pa-poster{\n        min-height:auto;\n      }\n\n      .pa-poster img{\n        max-width:460px;\n      }\n\n      .pa-info-grid{\n        grid-template-columns:repeat(2,minmax(0,1fr));\n      }\n\n      .pa-highlight-grid{\n        grid-template-columns:1fr;\n      }\n    }\n\n    @media (max-width: 767px){\n      .pa-concert-page{\n        padding:28px 16px 48px;\n      }\n\n      .pa-hero{\n        gap:24px;\n      }\n\n      .pa-poster{\n        padding:12px;\n        border-radius:20px;\n      }\n\n      .pa-poster img{\n        max-width:100%;\n        border-radius:16px;\n      }\n\n      .pa-hero-content,\n      .pa-section{\n        padding:22px;\n      }\n\n      .pa-info-grid{\n        grid-template-columns:1fr;\n      }\n\n      .pa-subtitle{\n        font-size:23px;\n      }\n\n      .pa-program-list li{\n        font-size:18px;\n      }\n\n      .pa-price-pill-value{\n        font-size:26px;\n      }\n    }\n  <\/style>\n\n  <div class=\"pa-concert-wrap\">\n    <div class=\"pa-breadcrumb\">\n      <a href=\"\/concerts\/\">Concerts<\/a> \/ Rudy Gatti\n    <\/div>\n\n    <section class=\"pa-hero\">\n      <div class=\"pa-poster\">\n        <img decoding=\"async\" src=\"https:\/\/piano-academie.com\/wp-content\/uploads\/2026\/04\/Affiche-Rudy.jpg\" alt=\"Affiche du r\u00e9cital de piano de Rudy Gatti\">\n      <\/div>\n\n      <div class=\"pa-hero-content\">\n        <div class=\"pa-kicker\">Piano Acad\u00e9mie \u2014 1 rue de Richelieu, Paris<\/div>\n        <h1>Rudy Gatti<\/h1>\n        <p class=\"pa-subtitle\">De la gr\u00e2ce \u00e0 l\u2019ivresse<\/p>\n        <p class=\"pa-intro\">\n          Piano Acad\u00e9mie aura le plaisir d\u2019accueillir Rudy Gatti pour un r\u00e9cital de piano le jeudi 21 mai \u00e0 20h, dans sa salle situ\u00e9e pr\u00e8s du Louvre. Ce programme propose un voyage lumineux entre la clart\u00e9 de Mozart, l\u2019intimit\u00e9 raffin\u00e9e de Faur\u00e9, les couleurs fran\u00e7aises de Ravel et Debussy, et l\u2019\u00e9lan virtuose de Liszt.\n        <\/p>\n\n        <div class=\"pa-info-grid\">\n          <div class=\"pa-info-card\">\n            <div class=\"pa-info-label\">Date<\/div>\n            <div class=\"pa-info-value\">Jeudi 21 mai<br>20h<\/div>\n          <\/div>\n          <div class=\"pa-info-card\">\n            <div class=\"pa-info-label\">Lieu<\/div>\n            <div class=\"pa-info-value\">1 rue de Richelieu<br>75001 Paris<\/div>\n          <\/div>\n          <div class=\"pa-info-card\">\n            <div class=\"pa-info-label\">Artiste<\/div>\n            <div class=\"pa-info-value\">Rudy Gatti<br>Piano<\/div>\n          <\/div>\n          <div class=\"pa-info-card\">\n            <div class=\"pa-info-label\">Programme<\/div>\n            <div class=\"pa-info-value\">Mozart, Faur\u00e9<br>Ravel, Debussy, Liszt<\/div>\n          <\/div>\n        <\/div>\n\n        <div class=\"pa-price-banner\">\n          <div class=\"pa-price-banner-title\">Tarifs<\/div>\n          <div class=\"pa-price-pill\">\n            <div class=\"pa-price-pill-label\">Adultes<\/div>\n            <div class=\"pa-price-pill-value\">20\u20ac<\/div>\n          <\/div>\n          <div class=\"pa-price-pill\">\n            <div class=\"pa-price-pill-label\">Enfants<\/div>\n            <div class=\"pa-price-pill-value\">10\u20ac<\/div>\n          <\/div>\n        <\/div>\n\n        <div class=\"pa-actions\">\n          <a class=\"pa-btn pa-btn-primary\" href=\"https:\/\/my.weezevent.com\/le-piano-en-eclats-mozart-ravel-debussy-liszt\" target=\"_blank\" rel=\"noopener\">R\u00e9server sa place<\/a>\n          <a class=\"pa-btn pa-btn-secondary\" href=\"\/concerts\/\">Retour aux concerts<\/a>\n        <\/div>\n      <\/div>\n    <\/section>\n\n    <section class=\"pa-section\">\n      <h2>Pr\u00e9sentation du concert<\/h2>\n      <p>\n        Avec les Sonates K. 330 et K. 282 de Mozart, le r\u00e9cital s\u2019ouvre dans un climat de clart\u00e9, d\u2019\u00e9l\u00e9gance et d\u2019\u00e9quilibre. La soir\u00e9e se poursuit avec le 4e Nocturne de Faur\u00e9, page intime et raffin\u00e9e, avant de faire entendre les couleurs lumineuses de la musique fran\u00e7aise avec Jeux d\u2019eau de Ravel et L\u2019Isle joyeuse de Debussy. En conclusion, la Rhapsodie n\u00b012 de Liszt apportera toute la virtuosit\u00e9, l\u2019\u00e9lan et le panache d\u2019une grande page romantique.\n      <\/p>\n    <\/section>\n\n    <section class=\"pa-section\">\n      <h2 class=\"pa-program-title\">Programme<\/h2>\n      <ul class=\"pa-program-list\">\n        <li>\n          <span class=\"pa-program-num\">1.<\/span>\n          <span class=\"pa-program-work\">\n            <span class=\"pa-program-composer\">Wolfgang Amadeus Mozart<\/span><br>\n            Sonate n\u00b010 en do majeur, K. 330\n          <\/span>\n        <\/li>\n\n        <li>\n          <span class=\"pa-program-num\">2.<\/span>\n          <span class=\"pa-program-work\">\n            <span class=\"pa-program-composer\">Wolfgang Amadeus Mozart<\/span><br>\n            Sonate n\u00b012 en fa majeur, K. 282\n          <\/span>\n        <\/li>\n\n        <li>\n          <span class=\"pa-program-num\">3.<\/span>\n          <span class=\"pa-program-work\">\n            <span class=\"pa-program-composer\">Gabriel Faur\u00e9<\/span><br>\n            Nocturne n\u00b04\n          <\/span>\n        <\/li>\n\n        <li>\n          <span class=\"pa-program-num\">4.<\/span>\n          <span class=\"pa-program-work\">\n            <span class=\"pa-program-composer\">Maurice Ravel<\/span><br>\n            Jeux d\u2019eau\n          <\/span>\n        <\/li>\n\n        <li>\n          <span class=\"pa-program-num\">5.<\/span>\n          <span class=\"pa-program-work\">\n            <span class=\"pa-program-composer\">Claude Debussy<\/span><br>\n            L\u2019Isle joyeuse\n          <\/span>\n        <\/li>\n\n        <li>\n          <span class=\"pa-program-num\">6.<\/span>\n          <span class=\"pa-program-work\">\n            <span class=\"pa-program-composer\">Franz Liszt<\/span><br>\n            Rhapsodie n\u00b012\n          <\/span>\n        <\/li>\n      <\/ul>\n\n      <div class=\"pa-note\">\n        Un programme contrast\u00e9, d\u2019environ 1h10 de musique, qui traverse plusieurs visages du piano : l\u2019\u00e9l\u00e9gance classique, la po\u00e9sie nocturne, les reflets de l\u2019eau, la lumi\u00e8re debussyste et la virtuosit\u00e9 romantique.\n      <\/div>\n    <\/section>\n\n    <section class=\"pa-section\">\n      <h2>Un voyage entre clart\u00e9, po\u00e9sie et virtuosit\u00e9<\/h2>\n\n      <div class=\"pa-highlight-grid\">\n        <div class=\"pa-highlight-card\">\n          <h3>La gr\u00e2ce de Mozart<\/h3>\n          <p>\n            Deux sonates qui mettent en valeur la finesse du toucher, la transparence du discours et l\u2019\u00e9quilibre naturel du style classique.\n          <\/p>\n        <\/div>\n\n        <div class=\"pa-highlight-card\">\n          <h3>Les couleurs fran\u00e7aises<\/h3>\n          <p>\n            Faur\u00e9, Ravel et Debussy ouvrent un monde de nuances, de reflets et de po\u00e9sie, entre int\u00e9riorit\u00e9, lumi\u00e8re et imaginaire.\n          <\/p>\n        <\/div>\n\n        <div class=\"pa-highlight-card\">\n          <h3>L\u2019\u00e9clat de Liszt<\/h3>\n          <p>\n            La Rhapsodie n\u00b012 conclut le r\u00e9cital dans un esprit brillant, passionn\u00e9 et virtuose, port\u00e9 par l\u2019\u00e9nergie romantique du piano.\n          <\/p>\n        <\/div>\n      <\/div>\n    <\/section>\n\n    <section class=\"pa-section\">\n      <h2>Informations pratiques<\/h2>\n      <p>\n        Le r\u00e9cital aura lieu le jeudi 21 mai \u00e0 20h dans la salle de Piano Acad\u00e9mie, au 1 rue de Richelieu, 75001 Paris. Situ\u00e9e \u00e0 proximit\u00e9 imm\u00e9diate du Louvre et de la Com\u00e9die-Fran\u00e7aise, cette salle offre un cadre intime et \u00e9l\u00e9gant pour \u00e9couter le piano au plus pr\u00e8s de l\u2019artiste.\n      <\/p>\n    <\/section>\n  <\/div>\n<\/div>\t\t\t\t<\/div>\n\t\t\t\t<\/div>\n\t\t\t\t\t<\/div>\n\t\t\t\t<\/div>\n\t\t\t\t<\/div>\n\t\t","protected":false},"excerpt":{"rendered":"<p>Concerts \/ Rudy Gatti Piano Acad\u00e9mie \u2014 1 rue de Richelieu, Paris Rudy Gatti De la gr\u00e2ce \u00e0 l\u2019ivresse Piano Acad\u00e9mie aura le plaisir d\u2019accueillir Rudy Gatti pour un r\u00e9cital de piano le jeudi 21 mai \u00e0 20h, dans sa [&hellip;]<\/p>\n","protected":false},"author":1,"featured_media":0,"parent":0,"menu_order":0,"comment_status":"closed","ping_status":"closed","template":"","meta":{"_acf_changed":false,"_bbp_topic_count":0,"_bbp_reply_count":0,"_bbp_total_topic_count":0,"_bbp_total_reply_count":0,"_bbp_voice_count":0,"_bbp_anonymous_reply_count":0,"_bbp_topic_count_hidden":0,"_bbp_reply_count_hidden":0,"_bbp_forum_subforum_count":0,"footnotes":""},"categories":[486,466],"tags":[],"class_list":["post-418124","page","type-page","status-publish","hentry","category-concert","category-paris"],"acf":[],"_links":{"self":[{"href":"https:\/\/piano-academie.com\/en\/wp-json\/wp\/v2\/pages\/418124","targetHints":{"allow":["GET"]}}],"collection":[{"href":"https:\/\/piano-academie.com\/en\/wp-json\/wp\/v2\/pages"}],"about":[{"href":"https:\/\/piano-academie.com\/en\/wp-json\/wp\/v2\/types\/page"}],"author":[{"embeddable":true,"href":"https:\/\/piano-academie.com\/en\/wp-json\/wp\/v2\/users\/1"}],"replies":[{"embeddable":true,"href":"https:\/\/piano-academie.com\/en\/wp-json\/wp\/v2\/comments?post=418124"}],"version-history":[{"count":0,"href":"https:\/\/piano-academie.com\/en\/wp-json\/wp\/v2\/pages\/418124\/revisions"}],"wp:attachment":[{"href":"https:\/\/piano-academie.com\/en\/wp-json\/wp\/v2\/media?parent=418124"}],"wp:term":[{"taxonomy":"category","embeddable":true,"href":"https:\/\/piano-academie.com\/en\/wp-json\/wp\/v2\/categories?post=418124"},{"taxonomy":"post_tag","embeddable":true,"href":"https:\/\/piano-academie.com\/en\/wp-json\/wp\/v2\/tags?post=418124"}],"curies":[{"name":"wp","href":"https:\/\/api.w.org\/{rel}","templated":true}]}}