{"id":420475,"date":"2026-05-04T11:58:40","date_gmt":"2026-05-04T09:58:40","guid":{"rendered":"https:\/\/piano-academie.com\/?page_id=420475"},"modified":"2026-05-04T12:04:05","modified_gmt":"2026-05-04T10:04:05","slug":"chopin-de-lintime-a-lheroique-estela-oliviero","status":"publish","type":"page","link":"https:\/\/piano-academie.com\/en\/chopin-de-lintime-a-lheroique-estela-oliviero\/","title":{"rendered":"Chopin, de l\u2019intime \u00e0 l\u2019h\u00e9ro\u00efque \u2014 Estela Oliviero"},"content":{"rendered":"\t\t<div data-elementor-type=\"wp-page\" data-elementor-id=\"420475\" class=\"elementor elementor-420475\" data-elementor-post-type=\"page\">\n\t\t\t\t<div class=\"elementor-element elementor-element-2e88994 e-flex e-con-boxed e-con e-parent\" data-id=\"2e88994\" data-element_type=\"container\" data-e-type=\"container\">\n\t\t\t\t\t<div class=\"e-con-inner\">\n\t\t\t\t<div class=\"elementor-element elementor-element-60d0ad9 elementor-widget elementor-widget-html\" data-id=\"60d0ad9\" data-element_type=\"widget\" data-e-type=\"widget\" data-settings=\"{&quot;dotlife_ext_is_scrollme&quot;:&quot;false&quot;,&quot;dotlife_ext_is_smoove&quot;:&quot;false&quot;,&quot;dotlife_ext_is_parallax_mouse&quot;:&quot;false&quot;,&quot;dotlife_ext_is_infinite&quot;:&quot;false&quot;,&quot;dotlife_ext_is_fadeout_animation&quot;:&quot;false&quot;}\" data-widget_type=\"html.default\">\n\t\t\t\t<div class=\"elementor-widget-container\">\n\t\t\t\t\t<div class=\"pa-concert-page pa-estela-page\">\n  <style>\n    .pa-concert-page{\n      --pa-bg:#0b0b0f;\n      --pa-surface:#111118;\n      --pa-surface-2:#15151d;\n      --pa-text:#f2eee8;\n      --pa-muted:#d2c8bc;\n      --pa-gold:#d4af37;\n      --pa-border:rgba(212,175,55,0.24);\n      --pa-shadow:0 18px 42px rgba(0,0,0,0.30);\n      --pa-radius:20px;\n      --pa-max:1240px;\n      background:linear-gradient(180deg,#09090c 0%, #0e0e12 100%);\n      color:var(--pa-text);\n      font-family:Georgia, \"Times New Roman\", serif;\n      padding:44px 24px 72px;\n    }\n\n    .pa-concert-page *{box-sizing:border-box}\n\n    .pa-concert-wrap{\n      max-width:var(--pa-max);\n      margin:0 auto;\n    }\n\n    .pa-breadcrumb{\n      margin:0 0 22px;\n      font-size:14px;\n      line-height:1.6;\n      color:var(--pa-muted);\n    }\n\n    .pa-breadcrumb a{\n      color:var(--pa-gold);\n      text-decoration:none;\n    }\n\n    .pa-hero{\n      display:grid;\n      grid-template-columns:minmax(300px, 430px) minmax(0, 1fr);\n      gap:34px;\n      align-items:stretch;\n      margin-bottom:38px;\n    }\n\n    .pa-poster{\n      border:1px solid var(--pa-border);\n      border-radius:24px;\n      overflow:hidden;\n      background:\n        radial-gradient(circle at top, rgba(212,175,55,0.18), transparent 34%),\n        linear-gradient(180deg,#16161f 0%, #0d0d12 100%);\n      box-shadow:var(--pa-shadow);\n      min-height:100%;\n      display:flex;\n      align-items:center;\n      justify-content:center;\n      padding:18px;\n    }\n\n    .pa-poster img{\n      display:block;\n      width:100%;\n      max-width:390px;\n      height:auto;\n      object-fit:contain;\n      border-radius:18px;\n    }\n\n    .pa-hero-content{\n      border:1px solid var(--pa-border);\n      border-radius:24px;\n      padding:34px 34px 30px;\n      background:\n        linear-gradient(135deg, rgba(212,175,55,0.08) 0%, rgba(255,255,255,0.02) 36%, rgba(255,255,255,0.01) 100%),\n        radial-gradient(circle at top right, rgba(212,175,55,0.14), transparent 34%),\n        #0b0b10;\n      box-shadow:var(--pa-shadow);\n      display:flex;\n      flex-direction:column;\n      justify-content:center;\n    }\n\n    .pa-kicker{\n      color:var(--pa-gold);\n      text-transform:uppercase;\n      letter-spacing:0.14em;\n      font-size:13px;\n      margin-bottom:14px;\n    }\n\n    .pa-hero-content h1{\n      margin:0 0 12px;\n      font-size:clamp(34px,4.8vw,60px);\n      line-height:1.02;\n      font-weight:400;\n      color:#f5efe5;\n    }\n\n    .pa-subtitle{\n      margin:0 0 20px;\n      font-size:27px;\n      line-height:1.2;\n      color:#eadfce;\n    }\n\n    .pa-intro{\n      margin:0;\n      font-size:18px;\n      line-height:1.8;\n      color:var(--pa-muted);\n      max-width:760px;\n    }\n\n    .pa-info-grid{\n      display:grid;\n      grid-template-columns:repeat(4,minmax(0,1fr));\n      gap:18px;\n      margin:34px 0 0;\n    }\n\n    .pa-info-card{\n      border:1px solid var(--pa-border);\n      border-radius:16px;\n      padding:18px 16px;\n      background:rgba(255,255,255,0.02);\n    }\n\n    .pa-info-label{\n      font-size:12px;\n      letter-spacing:0.12em;\n      text-transform:uppercase;\n      color:var(--pa-gold);\n      margin-bottom:8px;\n    }\n\n    .pa-info-value{\n      color:#f3ede2;\n      font-size:18px;\n      line-height:1.5;\n    }\n\n    .pa-price-banner{\n      display:flex;\n      flex-wrap:wrap;\n      gap:16px;\n      align-items:stretch;\n      margin-top:28px;\n      padding:18px;\n      border:1px solid rgba(212,175,55,0.28);\n      border-radius:18px;\n      background:\n        linear-gradient(135deg, rgba(212,175,55,0.12) 0%, rgba(255,255,255,0.03) 45%, rgba(255,255,255,0.01) 100%);\n      box-shadow:\n        0 14px 34px rgba(0,0,0,0.20),\n        inset 0 1px 0 rgba(255,255,255,0.04);\n    }\n\n    .pa-price-banner-title{\n      width:100%;\n      margin:0 0 2px;\n      font-size:13px;\n      letter-spacing:0.14em;\n      text-transform:uppercase;\n      color:var(--pa-gold);\n    }\n\n    .pa-price-pill{\n      flex:1 1 220px;\n      min-height:88px;\n      display:flex;\n      flex-direction:column;\n      justify-content:center;\n      padding:16px 18px;\n      border-radius:14px;\n      border:1px solid rgba(212,175,55,0.18);\n      background:rgba(255,255,255,0.04);\n    }\n\n    .pa-price-pill-label{\n      font-size:13px;\n      text-transform:uppercase;\n      letter-spacing:0.10em;\n      color:#ddc98b;\n      margin-bottom:8px;\n    }\n\n    .pa-price-pill-value{\n      font-size:30px;\n      line-height:1.1;\n      color:#fff6df;\n    }\n\n    .pa-actions{\n      display:flex;\n      flex-wrap:wrap;\n      gap:14px;\n      margin-top:26px;\n    }\n\n    .pa-btn{\n      display:inline-flex;\n      align-items:center;\n      justify-content:center;\n      min-height:52px;\n      padding:0 24px;\n      border-radius:999px;\n      text-decoration:none;\n      font-size:16px;\n      letter-spacing:0.02em;\n      transition:all .2s ease;\n    }\n\n    .pa-btn-primary,\n    .pa-btn-primary:visited{\n      border:1px solid #d4af37 !important;\n      color:#111111 !important;\n      background:linear-gradient(180deg, #ecd27a 0%, #d4af37 55%, #b78912 100%) !important;\n      box-shadow:\n        0 10px 24px rgba(212,175,55,0.22),\n        inset 0 1px 0 rgba(255,255,255,0.35);\n    }\n\n    .pa-btn-primary:hover{\n      color:#111111 !important;\n      background:linear-gradient(180deg, #f3dc8f 0%, #ddb94c 55%, #c69516 100%) !important;\n      border-color:#e7c96a !important;\n      transform:translateY(-1px);\n      box-shadow:\n        0 14px 30px rgba(212,175,55,0.28),\n        inset 0 1px 0 rgba(255,255,255,0.42);\n    }\n\n    .pa-btn-secondary,\n    .pa-btn-secondary:visited{\n      border:1px solid rgba(255,255,255,0.14);\n      color:#efe7d9;\n      background:rgba(255,255,255,0.04);\n    }\n\n    .pa-btn-secondary:hover{\n      background:rgba(255,255,255,0.08);\n    }\n\n    .pa-section{\n      margin-top:34px;\n      border:1px solid var(--pa-border);\n      border-radius:22px;\n      padding:30px;\n      background:linear-gradient(180deg, rgba(255,255,255,0.02), rgba(255,255,255,0.01)), var(--pa-surface);\n      box-shadow:var(--pa-shadow);\n    }\n\n    .pa-section h2{\n      margin:0 0 16px;\n      font-size:34px;\n      line-height:1.1;\n      font-weight:400;\n      color:#f4ede3;\n    }\n\n    .pa-section p{\n      margin:0;\n      font-size:18px;\n      line-height:1.85;\n      color:var(--pa-muted);\n    }\n\n    .pa-program-title{\n      margin:0 0 18px;\n      font-size:34px;\n      line-height:1.1;\n      color:#f4ede3;\n      font-weight:400;\n    }\n\n    .pa-program-block{\n      margin-top:20px;\n      padding:22px;\n      border:1px solid rgba(212,175,55,0.16);\n      border-radius:18px;\n      background:rgba(255,255,255,0.02);\n    }\n\n    .pa-program-block h3{\n      margin:0 0 14px;\n      color:#fff6df;\n      font-size:25px;\n      font-weight:400;\n      line-height:1.2;\n    }\n\n    .pa-program-list{\n      list-style:none;\n      margin:0;\n      padding:0;\n      display:grid;\n      gap:10px;\n    }\n\n    .pa-program-list li{\n      display:flex;\n      gap:14px;\n      align-items:flex-start;\n      padding:12px 14px;\n      border:1px solid rgba(212,175,55,0.12);\n      border-radius:14px;\n      background:rgba(255,255,255,0.02);\n      color:#efe6d8;\n      font-size:18px;\n      line-height:1.5;\n    }\n\n    .pa-program-num{\n      color:var(--pa-gold);\n      min-width:28px;\n    }\n\n    .pa-program-work{\n      display:block;\n    }\n\n    .pa-program-composer{\n      color:#fff6df;\n    }\n\n    .pa-note{\n      margin-top:18px;\n      color:var(--pa-muted);\n      font-size:16px;\n      line-height:1.7;\n    }\n\n    .pa-highlight-grid{\n      display:grid;\n      grid-template-columns:repeat(3,minmax(0,1fr));\n      gap:18px;\n      margin-top:22px;\n    }\n\n    .pa-highlight-card{\n      border:1px solid rgba(212,175,55,0.16);\n      border-radius:16px;\n      padding:20px;\n      background:rgba(255,255,255,0.02);\n    }\n\n    .pa-highlight-card h3{\n      margin:0 0 10px;\n      color:#fff6df;\n      font-size:22px;\n      font-weight:400;\n      line-height:1.2;\n    }\n\n    .pa-highlight-card p{\n      font-size:16px;\n      line-height:1.75;\n      color:var(--pa-muted);\n    }\n\n    @media (max-width: 1024px){\n      .pa-hero{\n        grid-template-columns:1fr;\n      }\n\n      .pa-poster{\n        min-height:auto;\n      }\n\n      .pa-poster img{\n        max-width:460px;\n      }\n\n      .pa-info-grid{\n        grid-template-columns:repeat(2,minmax(0,1fr));\n      }\n\n      .pa-highlight-grid{\n        grid-template-columns:1fr;\n      }\n    }\n\n    @media (max-width: 767px){\n      .pa-concert-page{\n        padding:28px 16px 48px;\n      }\n\n      .pa-hero{\n        gap:24px;\n      }\n\n      .pa-poster{\n        padding:12px;\n        border-radius:20px;\n      }\n\n      .pa-poster img{\n        max-width:100%;\n        border-radius:16px;\n      }\n\n      .pa-hero-content,\n      .pa-section{\n        padding:22px;\n      }\n\n      .pa-info-grid{\n        grid-template-columns:1fr;\n      }\n\n      .pa-subtitle{\n        font-size:23px;\n      }\n\n      .pa-program-list li{\n        font-size:17px;\n      }\n\n      .pa-price-pill-value{\n        font-size:26px;\n      }\n    }\n  <\/style>\n\n  <div class=\"pa-concert-wrap\">\n    <div class=\"pa-breadcrumb\">\n      <a href=\"\/concerts\/\">Concerts<\/a> \/ Estela Oliviero\n    <\/div>\n\n    <section class=\"pa-hero\">\n      <div class=\"pa-poster\">\n        <img decoding=\"async\" src=\"https:\/\/piano-academie.com\/wp-content\/uploads\/2026\/05\/Affiche-Estela-scaled.jpg\" alt=\"Affiche du r\u00e9cital de piano d\u2019Estela Oliviero\">\n      <\/div>\n\n      <div class=\"pa-hero-content\">\n        <div class=\"pa-kicker\">Piano Acad\u00e9mie \u2014 1 rue de Richelieu, Paris<\/div>\n        <h1>Estela Oliviero<\/h1>\n        <p class=\"pa-subtitle\">Chopin, de l\u2019intime \u00e0 l\u2019h\u00e9ro\u00efque<\/p>\n        <p class=\"pa-intro\">\n          Piano Acad\u00e9mie aura le plaisir d\u2019accueillir Estela Oliviero pour un r\u00e9cital enti\u00e8rement consacr\u00e9 \u00e0 Fr\u00e9d\u00e9ric Chopin, le dimanche 31 mai, dans sa salle situ\u00e9e pr\u00e8s du Louvre. \u00c0 travers une s\u00e9lection de Pr\u00e9ludes, de Nocturnes, de Valses, ainsi que la Ballade n\u00b02 et la c\u00e9l\u00e8bre Polonaise militaire, ce programme propose un voyage au c\u0153ur de l\u2019\u00e2me romantique du piano.\n        <\/p>\n\n        <div class=\"pa-info-grid\">\n          <div class=\"pa-info-card\">\n            <div class=\"pa-info-label\">Date<\/div>\n            <div class=\"pa-info-value\">Dimanche 31 mai<br>17h<\/div>\n          <\/div>\n          <div class=\"pa-info-card\">\n            <div class=\"pa-info-label\">Lieu<\/div>\n            <div class=\"pa-info-value\">1 rue de Richelieu<br>75001 Paris<\/div>\n          <\/div>\n          <div class=\"pa-info-card\">\n            <div class=\"pa-info-label\">Artiste<\/div>\n            <div class=\"pa-info-value\">Estela Oliviero<br>Piano<\/div>\n          <\/div>\n          <div class=\"pa-info-card\">\n            <div class=\"pa-info-label\">Programme<\/div>\n            <div class=\"pa-info-value\">Fr\u00e9d\u00e9ric Chopin<br>Pr\u00e9ludes, Nocturnes, Valses<\/div>\n          <\/div>\n        <\/div>\n\n        <div class=\"pa-price-banner\">\n          <div class=\"pa-price-banner-title\">Tarifs<\/div>\n          <div class=\"pa-price-pill\">\n            <div class=\"pa-price-pill-label\">Adultes<\/div>\n            <div class=\"pa-price-pill-value\">20\u20ac<\/div>\n          <\/div>\n          <div class=\"pa-price-pill\">\n            <div class=\"pa-price-pill-label\">Enfants<\/div>\n            <div class=\"pa-price-pill-value\">10\u20ac<\/div>\n          <\/div>\n        <\/div>\n\n        <div class=\"pa-actions\">\n          <a class=\"pa-btn pa-btn-primary\" href=\"https:\/\/my.weezevent.com\/chopin-la-poesie-du-piano\" target=\"_blank\" rel=\"noopener\">R\u00e9server sa place<\/a>\n          <a class=\"pa-btn pa-btn-secondary\" href=\"\/concerts\/\">Retour aux concerts<\/a>\n        <\/div>\n      <\/div>\n    <\/section>\n\n    <section class=\"pa-section\">\n      <h2>Pr\u00e9sentation du concert<\/h2>\n      <p>\n        Le 31 mai, Piano Acad\u00e9mie invite le public \u00e0 un r\u00e9cital enti\u00e8rement consacr\u00e9 \u00e0 Fr\u00e9d\u00e9ric Chopin, interpr\u00e9t\u00e9 par Estela Oliviero. Ce programme r\u00e9unit plusieurs visages essentiels du compositeur : la bri\u00e8vet\u00e9 expressive des Pr\u00e9ludes, la confidence po\u00e9tique des Nocturnes, l\u2019\u00e9l\u00e9gance des Valses, puis l\u2019\u00e9lan dramatique et h\u00e9ro\u00efque de la Ballade n\u00b02 et de la Polonaise militaire.\n      <\/p>\n      <p style=\"margin-top:18px;\">\n        \u00c0 travers ces \u0153uvres, le public d\u00e9couvrira toute la richesse de l\u2019\u00e9criture de Chopin : une musique \u00e0 la fois intime, raffin\u00e9e, passionn\u00e9e et profond\u00e9ment expressive. Une soir\u00e9e plac\u00e9e sous le signe de l\u2019\u00e9motion, de la gr\u00e2ce et de l\u2019\u00e9clat pianistique.\n      <\/p>\n    <\/section>\n\n    <section class=\"pa-section\">\n      <h2 class=\"pa-program-title\">Programme<\/h2>\n\n      <div class=\"pa-program-block\">\n        <h3>Fr\u00e9d\u00e9ric Chopin \u2014 Pr\u00e9ludes<\/h3>\n        <ul class=\"pa-program-list\">\n          <li>\n            <span class=\"pa-program-num\">1.<\/span>\n            <span class=\"pa-program-work\">Pr\u00e9lude n\u00b01<\/span>\n          <\/li>\n          <li>\n            <span class=\"pa-program-num\">2.<\/span>\n            <span class=\"pa-program-work\">Pr\u00e9lude n\u00b02<\/span>\n          <\/li>\n          <li>\n            <span class=\"pa-program-num\">3.<\/span>\n            <span class=\"pa-program-work\">Pr\u00e9lude n\u00b04<\/span>\n          <\/li>\n          <li>\n            <span class=\"pa-program-num\">4.<\/span>\n            <span class=\"pa-program-work\">Pr\u00e9lude n\u00b07<\/span>\n          <\/li>\n          <li>\n            <span class=\"pa-program-num\">5.<\/span>\n            <span class=\"pa-program-work\">Pr\u00e9lude n\u00b08<\/span>\n          <\/li>\n          <li>\n            <span class=\"pa-program-num\">6.<\/span>\n            <span class=\"pa-program-work\">Pr\u00e9lude n\u00b020<\/span>\n          <\/li>\n          <li>\n            <span class=\"pa-program-num\">7.<\/span>\n            <span class=\"pa-program-work\">Pr\u00e9lude n\u00b024<\/span>\n          <\/li>\n        <\/ul>\n      <\/div>\n\n      <div class=\"pa-program-block\">\n        <h3>Fr\u00e9d\u00e9ric Chopin \u2014 Nocturnes<\/h3>\n        <ul class=\"pa-program-list\">\n          <li>\n            <span class=\"pa-program-num\">8.<\/span>\n            <span class=\"pa-program-work\">Nocturne op. 9 n\u00b01<\/span>\n          <\/li>\n          <li>\n            <span class=\"pa-program-num\">9.<\/span>\n            <span class=\"pa-program-work\">Nocturne n\u00b019<\/span>\n          <\/li>\n          <li>\n            <span class=\"pa-program-num\">10.<\/span>\n            <span class=\"pa-program-work\">Nocturne n\u00b020<\/span>\n          <\/li>\n        <\/ul>\n      <\/div>\n\n      <div class=\"pa-program-block\">\n        <h3>Fr\u00e9d\u00e9ric Chopin \u2014 Valses<\/h3>\n        <ul class=\"pa-program-list\">\n          <li>\n            <span class=\"pa-program-num\">11.<\/span>\n            <span class=\"pa-program-work\">Valse en la mineur<\/span>\n          <\/li>\n          <li>\n            <span class=\"pa-program-num\">12.<\/span>\n            <span class=\"pa-program-work\">Valse op. 64 n\u00b02<\/span>\n          <\/li>\n        <\/ul>\n      <\/div>\n\n      <div class=\"pa-program-block\">\n        <h3>Fr\u00e9d\u00e9ric Chopin \u2014 Grandes pages romantiques<\/h3>\n        <ul class=\"pa-program-list\">\n          <li>\n            <span class=\"pa-program-num\">13.<\/span>\n            <span class=\"pa-program-work\">Ballade n\u00b02<\/span>\n          <\/li>\n          <li>\n            <span class=\"pa-program-num\">14.<\/span>\n            <span class=\"pa-program-work\">Polonaise militaire<\/span>\n          <\/li>\n        <\/ul>\n      <\/div>\n\n      <div class=\"pa-note\">\n        Un programme enti\u00e8rement d\u00e9di\u00e9 \u00e0 Chopin, construit comme un parcours progressif : de la confidence int\u00e9rieure des Pr\u00e9ludes et des Nocturnes jusqu\u2019\u00e0 l\u2019\u00e9lan plus ample, dramatique et h\u00e9ro\u00efque de la Ballade et de la Polonaise.\n      <\/div>\n    <\/section>\n\n    <section class=\"pa-section\">\n      <h2>Un voyage dans l\u2019univers de Chopin<\/h2>\n\n      <div class=\"pa-highlight-grid\">\n        <div class=\"pa-highlight-card\">\n          <h3>L\u2019intimit\u00e9 des Pr\u00e9ludes<\/h3>\n          <p>\n            Courts, contrast\u00e9s et profond\u00e9ment expressifs, les Pr\u00e9ludes de Chopin concentrent en quelques pages toute une palette d\u2019\u00e9motions : lumi\u00e8re, inqui\u00e9tude, tendresse, tension et \u00e9clat.\n          <\/p>\n        <\/div>\n\n        <div class=\"pa-highlight-card\">\n          <h3>La po\u00e9sie des Nocturnes<\/h3>\n          <p>\n            Les Nocturnes r\u00e9v\u00e8lent le Chopin le plus int\u00e9rieur : un chant d\u00e9licat, suspendu, o\u00f9 chaque nuance semble porter une confidence.\n          <\/p>\n        <\/div>\n\n        <div class=\"pa-highlight-card\">\n          <h3>L\u2019\u00e9lan h\u00e9ro\u00efque<\/h3>\n          <p>\n            Avec la Ballade n\u00b02 et la Polonaise militaire, le r\u00e9cital prend une dimension plus dramatique et brillante, port\u00e9e par la force du r\u00e9cit musical et l\u2019\u00e9nergie du piano romantique.\n          <\/p>\n        <\/div>\n      <\/div>\n    <\/section>\n\n    <section class=\"pa-section\">\n      <h2>Informations pratiques<\/h2>\n      <p>\n        Le r\u00e9cital aura lieu le dimanche 31 mai dans la salle de Piano Acad\u00e9mie, au 1 rue de Richelieu, 75001 Paris. Situ\u00e9e \u00e0 proximit\u00e9 imm\u00e9diate du Louvre et de la Com\u00e9die-Fran\u00e7aise, cette salle offre un cadre intime et \u00e9l\u00e9gant pour \u00e9couter le piano au plus pr\u00e8s de l\u2019artiste.\n      <\/p>\n    <\/section>\n  <\/div>\n<\/div>\t\t\t\t<\/div>\n\t\t\t\t<\/div>\n\t\t\t\t\t<\/div>\n\t\t\t\t<\/div>\n\t\t\t\t<\/div>\n\t\t","protected":false},"excerpt":{"rendered":"<p>Concerts \/ Estela Oliviero Piano Acad\u00e9mie \u2014 1 rue de Richelieu, Paris Estela Oliviero Chopin, de l\u2019intime \u00e0 l\u2019h\u00e9ro\u00efque Piano Acad\u00e9mie aura le plaisir d\u2019accueillir Estela Oliviero pour un r\u00e9cital enti\u00e8rement consacr\u00e9 \u00e0 Fr\u00e9d\u00e9ric Chopin, le dimanche 31 mai, dans [&hellip;]<\/p>\n","protected":false},"author":1,"featured_media":0,"parent":0,"menu_order":0,"comment_status":"closed","ping_status":"closed","template":"","meta":{"_acf_changed":false,"_bbp_topic_count":0,"_bbp_reply_count":0,"_bbp_total_topic_count":0,"_bbp_total_reply_count":0,"_bbp_voice_count":0,"_bbp_anonymous_reply_count":0,"_bbp_topic_count_hidden":0,"_bbp_reply_count_hidden":0,"_bbp_forum_subforum_count":0,"footnotes":""},"categories":[486],"tags":[],"class_list":["post-420475","page","type-page","status-publish","hentry","category-concert"],"acf":[],"_links":{"self":[{"href":"https:\/\/piano-academie.com\/en\/wp-json\/wp\/v2\/pages\/420475","targetHints":{"allow":["GET"]}}],"collection":[{"href":"https:\/\/piano-academie.com\/en\/wp-json\/wp\/v2\/pages"}],"about":[{"href":"https:\/\/piano-academie.com\/en\/wp-json\/wp\/v2\/types\/page"}],"author":[{"embeddable":true,"href":"https:\/\/piano-academie.com\/en\/wp-json\/wp\/v2\/users\/1"}],"replies":[{"embeddable":true,"href":"https:\/\/piano-academie.com\/en\/wp-json\/wp\/v2\/comments?post=420475"}],"version-history":[{"count":0,"href":"https:\/\/piano-academie.com\/en\/wp-json\/wp\/v2\/pages\/420475\/revisions"}],"wp:attachment":[{"href":"https:\/\/piano-academie.com\/en\/wp-json\/wp\/v2\/media?parent=420475"}],"wp:term":[{"taxonomy":"category","embeddable":true,"href":"https:\/\/piano-academie.com\/en\/wp-json\/wp\/v2\/categories?post=420475"},{"taxonomy":"post_tag","embeddable":true,"href":"https:\/\/piano-academie.com\/en\/wp-json\/wp\/v2\/tags?post=420475"}],"curies":[{"name":"wp","href":"https:\/\/api.w.org\/{rel}","templated":true}]}}