{"id":111433,"date":"2021-03-11T08:46:06","date_gmt":"2021-03-11T07:46:06","guid":{"rendered":"https:\/\/www.piano-academie.com\/?post_type=product&#038;p=111433"},"modified":"2021-03-11T09:54:24","modified_gmt":"2021-03-11T08:54:24","slug":"box-remember-me-coco","status":"publish","type":"product","link":"https:\/\/piano-academie.com\/en\/produit\/box-remember-me-coco\/","title":{"rendered":"Box &#8211; Remember me (coco)"},"content":{"rendered":"\t\t<div data-elementor-type=\"product-post\" data-elementor-id=\"111433\" class=\"elementor elementor-111433 elementor-111432\" data-elementor-post-type=\"product\">\n\t\t\t\t\t\t<section class=\"elementor-section elementor-top-section elementor-element elementor-element-98527cb elementor-section-boxed elementor-section-height-default elementor-section-height-default\" data-id=\"98527cb\" data-element_type=\"section\" data-settings=\"{&quot;dotlife_ext_is_background_parallax&quot;:&quot;false&quot;}\">\n\t\t\t\t\t\t<div class=\"elementor-container elementor-column-gap-default\">\n\t\t\t\t\t<div class=\"elementor-column elementor-col-100 elementor-top-column elementor-element elementor-element-5365787\" data-id=\"5365787\" data-element_type=\"column\" data-settings=\"{&quot;dotlife_ext_is_scrollme&quot;:&quot;false&quot;,&quot;dotlife_ext_is_smoove&quot;:&quot;false&quot;,&quot;dotlife_ext_is_parallax_mouse&quot;:&quot;false&quot;,&quot;dotlife_ext_is_infinite&quot;:&quot;false&quot;,&quot;dotlife_ext_is_fadeout_animation&quot;:&quot;false&quot;}\">\n\t\t\t<div class=\"elementor-widget-wrap elementor-element-populated\">\n\t\t\t\t\t\t<div class=\"elementor-element elementor-element-26ec9c8 elementor-widget elementor-widget-text-editor\" data-id=\"26ec9c8\" data-element_type=\"widget\" data-settings=\"{&quot;dotlife_ext_is_scrollme&quot;:&quot;false&quot;,&quot;dotlife_ext_is_smoove&quot;:&quot;false&quot;,&quot;dotlife_ext_is_parallax_mouse&quot;:&quot;false&quot;,&quot;dotlife_ext_is_infinite&quot;:&quot;false&quot;,&quot;dotlife_ext_is_fadeout_animation&quot;:&quot;false&quot;}\" data-widget_type=\"text-editor.default\">\n\t\t\t\t<div class=\"elementor-widget-container\">\n\t\t\t\t\t\t\t\t\t<p><div class=\"learndash-wrapper learndash-wrap learndash-shortcode-wrap learndash-shortcode-wrap-course_content-111443_111443_0\"><div class=\"learndash user_has_no_access\" id=\"learndash_post_111443\">\t\t<div class=\"learndash-wrapper\">\n\t\t\t\t\t\t<div class=\"ld-item-list ld-lesson-list ld-course-content-111443\" data-shortcode_instance=\"{&quot;course_id&quot;:111443,&quot;post_id&quot;:111443,&quot;group_id&quot;:0,&quot;paged&quot;:1,&quot;num&quot;:5,&quot;wrapper&quot;:true,&quot;user_id&quot;:0}\">\n\t\t\t<div class=\"ld-section-heading\">\n\n\t\t\t\t\n\t\t\t\t<h2>\n\t\t\t\tCourse Content\t\t\t\t<\/h2>\n\n\t\t\t\t\n\t\t\t\t<div class=\"ld-item-list-actions\" data-ld-expand-list=\"true\">\n\n\t\t\t\t\t\n\t\t\t\t\t\n\t\t\t\t<\/div> <!--\/.ld-item-list-actions-->\n\t\t\t<\/div> <!--\/.ld-section-heading-->\n\n\t\t\t\n\t<div class=\"ld-item-list-items  ld-item-list-111443\" id=\"ld-item-list-111443\" data-ld-expand-id=\"ld-item-list-111443\" data-ld-expand-list=\"true\">\n\t\t\n<div\n\tclass=\"ld-item-list-item ld-item-lesson-item ld-lesson-item-111444 is_not_sample learndash-not-available learndash-incomplete\"\n\tid=\"ld-expand-111444\"\n\tdata-ld-expand-id=\"ld-expand-111444\"\n\t>\n\t<div class=\"ld-item-list-item-preview\">\n\t\t<div class=\"ld-tooltip\">\n\t\t\t\n\t\t\t<a\n\t\t\t\t\t\t\t\t\taria-describedby=\"ld-lesson__row-tooltip--111444\"\n\t\t\t\t\t\t\t\tclass=\"ld-item-name ld-primary-color-hover\"\n\t\t\t\thref=\"https:\/\/piano-academie.com\/courses\/remember-me\/lessons\/remember-me-le-morceau-en-couleurs\/\"\n\t\t\t>\n\t\t\t\t<div class=\"ld-status-icon ld-status-incomplete\" role=\"img\" aria-label=\"Not started\"><\/div>\t\t\t\t<div class=\"ld-item-title\">\n\t\t\t\t\tRemember me &#8211; le morceau en couleurs\n\t\t\t\t<\/div> <!--\/.ld-item-title-->\n\t\t\t<\/a>\n\n\t\t\t\t\t\t\t<div\n\t\t\t\t\tclass=\"ld-tooltip__text\"\n\t\t\t\t\tid=\"ld-lesson__row-tooltip--111444\"\n\t\t\t\t\trole=\"tooltip\"\n\t\t\t\t>\n\t\t\t\t\tYou don&#039;t currently have access to this content\t\t\t\t<\/div>\n\t\t\t\t\t<\/div>\n\n\t\t\n\t\t<div class=\"ld-item-details\">\n\t\t\t\t\t<\/div> <!--\/.ld-item-details-->\n\n\t\t\n\t<\/div> <!--\/.ld-item-list-item-preview-->\n\t<\/div> <!--\/.ld-item-list-item-->\n\t\n<div\n\tclass=\"ld-item-list-item ld-item-lesson-item ld-lesson-item-111445 is_not_sample learndash-not-available learndash-incomplete\"\n\tid=\"ld-expand-111445\"\n\tdata-ld-expand-id=\"ld-expand-111445\"\n\t>\n\t<div class=\"ld-item-list-item-preview\">\n\t\t<div class=\"ld-tooltip\">\n\t\t\t\n\t\t\t<a\n\t\t\t\t\t\t\t\t\taria-describedby=\"ld-lesson__row-tooltip--111445\"\n\t\t\t\t\t\t\t\tclass=\"ld-item-name ld-primary-color-hover\"\n\t\t\t\thref=\"https:\/\/piano-academie.com\/courses\/remember-me\/lessons\/remember-me-lecon-jaune\/\"\n\t\t\t>\n\t\t\t\t<div class=\"ld-status-icon ld-status-incomplete\" role=\"img\" aria-label=\"Not started\"><\/div>\t\t\t\t<div class=\"ld-item-title\">\n\t\t\t\t\tRemember me &#8211; le\u00e7on jaune\n\t\t\t\t<\/div> <!--\/.ld-item-title-->\n\t\t\t<\/a>\n\n\t\t\t\t\t\t\t<div\n\t\t\t\t\tclass=\"ld-tooltip__text\"\n\t\t\t\t\tid=\"ld-lesson__row-tooltip--111445\"\n\t\t\t\t\trole=\"tooltip\"\n\t\t\t\t>\n\t\t\t\t\tYou don&#039;t currently have access to this content\t\t\t\t<\/div>\n\t\t\t\t\t<\/div>\n\n\t\t\n\t\t<div class=\"ld-item-details\">\n\t\t\t\t\t<\/div> <!--\/.ld-item-details-->\n\n\t\t\n\t<\/div> <!--\/.ld-item-list-item-preview-->\n\t<\/div> <!--\/.ld-item-list-item-->\n\t\n<div\n\tclass=\"ld-item-list-item ld-item-lesson-item ld-lesson-item-111446 is_not_sample learndash-not-available learndash-incomplete\"\n\tid=\"ld-expand-111446\"\n\tdata-ld-expand-id=\"ld-expand-111446\"\n\t>\n\t<div class=\"ld-item-list-item-preview\">\n\t\t<div class=\"ld-tooltip\">\n\t\t\t\n\t\t\t<a\n\t\t\t\t\t\t\t\t\taria-describedby=\"ld-lesson__row-tooltip--111446\"\n\t\t\t\t\t\t\t\tclass=\"ld-item-name ld-primary-color-hover\"\n\t\t\t\thref=\"https:\/\/piano-academie.com\/courses\/remember-me\/lessons\/remember-me-lecon-rouge\/\"\n\t\t\t>\n\t\t\t\t<div class=\"ld-status-icon ld-status-incomplete\" role=\"img\" aria-label=\"Not started\"><\/div>\t\t\t\t<div class=\"ld-item-title\">\n\t\t\t\t\tRemember me &#8211; le\u00e7on rouge\n\t\t\t\t<\/div> <!--\/.ld-item-title-->\n\t\t\t<\/a>\n\n\t\t\t\t\t\t\t<div\n\t\t\t\t\tclass=\"ld-tooltip__text\"\n\t\t\t\t\tid=\"ld-lesson__row-tooltip--111446\"\n\t\t\t\t\trole=\"tooltip\"\n\t\t\t\t>\n\t\t\t\t\tYou don&#039;t currently have access to this content\t\t\t\t<\/div>\n\t\t\t\t\t<\/div>\n\n\t\t\n\t\t<div class=\"ld-item-details\">\n\t\t\t\t\t<\/div> <!--\/.ld-item-details-->\n\n\t\t\n\t<\/div> <!--\/.ld-item-list-item-preview-->\n\t<\/div> <!--\/.ld-item-list-item-->\n\t\n<div\n\tclass=\"ld-item-list-item ld-item-lesson-item ld-lesson-item-111447 is_not_sample learndash-not-available learndash-incomplete\"\n\tid=\"ld-expand-111447\"\n\tdata-ld-expand-id=\"ld-expand-111447\"\n\t>\n\t<div class=\"ld-item-list-item-preview\">\n\t\t<div class=\"ld-tooltip\">\n\t\t\t\n\t\t\t<a\n\t\t\t\t\t\t\t\t\taria-describedby=\"ld-lesson__row-tooltip--111447\"\n\t\t\t\t\t\t\t\tclass=\"ld-item-name ld-primary-color-hover\"\n\t\t\t\thref=\"https:\/\/piano-academie.com\/courses\/remember-me\/lessons\/remember-me-lecon-violette\/\"\n\t\t\t>\n\t\t\t\t<div class=\"ld-status-icon ld-status-incomplete\" role=\"img\" aria-label=\"Not started\"><\/div>\t\t\t\t<div class=\"ld-item-title\">\n\t\t\t\t\tRemember me &#8211; le\u00e7on violette\n\t\t\t\t<\/div> <!--\/.ld-item-title-->\n\t\t\t<\/a>\n\n\t\t\t\t\t\t\t<div\n\t\t\t\t\tclass=\"ld-tooltip__text\"\n\t\t\t\t\tid=\"ld-lesson__row-tooltip--111447\"\n\t\t\t\t\trole=\"tooltip\"\n\t\t\t\t>\n\t\t\t\t\tYou don&#039;t currently have access to this content\t\t\t\t<\/div>\n\t\t\t\t\t<\/div>\n\n\t\t\n\t\t<div class=\"ld-item-details\">\n\t\t\t\t\t<\/div> <!--\/.ld-item-details-->\n\n\t\t\n\t<\/div> <!--\/.ld-item-list-item-preview-->\n\t<\/div> <!--\/.ld-item-list-item-->\n\t\n<div\n\tclass=\"ld-item-list-item ld-item-lesson-item ld-lesson-item-111449 is_not_sample learndash-not-available learndash-incomplete\"\n\tid=\"ld-expand-111449\"\n\tdata-ld-expand-id=\"ld-expand-111449\"\n\t>\n\t<div class=\"ld-item-list-item-preview\">\n\t\t<div class=\"ld-tooltip\">\n\t\t\t\n\t\t\t<a\n\t\t\t\t\t\t\t\t\taria-describedby=\"ld-lesson__row-tooltip--111449\"\n\t\t\t\t\t\t\t\tclass=\"ld-item-name ld-primary-color-hover\"\n\t\t\t\thref=\"https:\/\/piano-academie.com\/courses\/remember-me\/lessons\/remember-me-lecon-bleue\/\"\n\t\t\t>\n\t\t\t\t<div class=\"ld-status-icon ld-status-incomplete\" role=\"img\" aria-label=\"Not started\"><\/div>\t\t\t\t<div class=\"ld-item-title\">\n\t\t\t\t\tRemember me &#8211; le\u00e7on bleue\n\t\t\t\t<\/div> <!--\/.ld-item-title-->\n\t\t\t<\/a>\n\n\t\t\t\t\t\t\t<div\n\t\t\t\t\tclass=\"ld-tooltip__text\"\n\t\t\t\t\tid=\"ld-lesson__row-tooltip--111449\"\n\t\t\t\t\trole=\"tooltip\"\n\t\t\t\t>\n\t\t\t\t\tYou don&#039;t currently have access to this content\t\t\t\t<\/div>\n\t\t\t\t\t<\/div>\n\n\t\t\n\t\t<div class=\"ld-item-details\">\n\t\t\t\t\t<\/div> <!--\/.ld-item-details-->\n\n\t\t\n\t<\/div> <!--\/.ld-item-list-item-preview-->\n\t<\/div> <!--\/.ld-item-list-item-->\n\t<div class=\"ld-pagination ld-pagination-page-course_content_shortcode\" data-pager-nonce=\"de8641dfb3\" data-pager-results=\"{&quot;paged&quot;:1,&quot;total_items&quot;:6,&quot;total_pages&quot;:2}\">\n\t\t\t\t\t\t<div class=\"ld-pages\">\n\t\t<a class=\"prev ld-primary-color-hover disabled\" \t\t\thref=\"\/en\/wp-json\/wp\/v2\/product\/111433?ld-courseinfo-lesson-page=1\"\n\t\t data-context=\"course_content_shortcode\" data-paged=\"1\" data-course_id=\"111443\"   class=\"disabled\"  disabled=&quot;disabled&quot;  title=\"Previous Page\" aria-label=\"Previous Page\">\n\t\t\t\t\t<span class=\"ld-icon-arrow-left ld-icon\"><\/span><\/a>\n\t\t\t\t<\/span>\n\t\t<span>\n\t\t1 of 2\t\t<\/span>\n\t\t\t<a class=\"next ld-primary-color-hover \" \t\t\t\thref=\"\/en\/wp-json\/wp\/v2\/product\/111433?ld-courseinfo-lesson-page=2\"\n\t\t\t data-context=\"course_content_shortcode\" data-paged=\"2\" data-course_id=\"111443\"   class=\"\"  title=\"Next Page\" aria-label=\"Next Page\">\n\t\t\t\t\t\t\t<span class=\"ld-icon-arrow-right ld-icon\"><\/span><\/a>\n\t\t\t\n\t\t<\/div>\n\t\t\t\t\t\t<\/div>\t<\/div> <!--\/.ld-item-list-items-->\n\n\t\t<\/div> <!--\/.ld-item-list-->\n\n\t\t\t<\/div> <!--\/.learndash-wrapper-->\n\t\t<\/div><\/div><\/p>\t\t\t\t\t\t\t\t<\/div>\n\t\t\t\t<\/div>\n\t\t\t\t\t<\/div>\n\t\t<\/div>\n\t\t\t\t\t<\/div>\n\t\t<\/section>\n\t\t\t\t<section class=\"elementor-section elementor-top-section elementor-element elementor-element-8023ac1 elementor-section-boxed elementor-section-height-default elementor-section-height-default\" data-id=\"8023ac1\" data-element_type=\"section\" data-settings=\"{&quot;dotlife_ext_is_background_parallax&quot;:&quot;false&quot;}\">\n\t\t\t\t\t\t<div class=\"elementor-container elementor-column-gap-default\">\n\t\t\t\t\t<div class=\"elementor-column elementor-col-100 elementor-top-column elementor-element elementor-element-60b1868\" data-id=\"60b1868\" data-element_type=\"column\" data-settings=\"{&quot;dotlife_ext_is_scrollme&quot;:&quot;false&quot;,&quot;dotlife_ext_is_smoove&quot;:&quot;false&quot;,&quot;dotlife_ext_is_parallax_mouse&quot;:&quot;false&quot;,&quot;dotlife_ext_is_infinite&quot;:&quot;false&quot;,&quot;dotlife_ext_is_fadeout_animation&quot;:&quot;false&quot;}\">\n\t\t\t<div class=\"elementor-widget-wrap elementor-element-populated\">\n\t\t\t\t\t\t<div class=\"elementor-element elementor-element-65380fe elementor-widget elementor-widget-video\" data-id=\"65380fe\" data-element_type=\"widget\" data-settings=\"{&quot;youtube_url&quot;:&quot;https:\\\/\\\/www.youtube.com\\\/watch?v=CyIRjQCqp5o&quot;,&quot;video_type&quot;:&quot;youtube&quot;,&quot;controls&quot;:&quot;yes&quot;,&quot;dotlife_ext_is_scrollme&quot;:&quot;false&quot;,&quot;dotlife_ext_is_smoove&quot;:&quot;false&quot;,&quot;dotlife_ext_is_parallax_mouse&quot;:&quot;false&quot;,&quot;dotlife_ext_is_infinite&quot;:&quot;false&quot;,&quot;dotlife_ext_is_fadeout_animation&quot;:&quot;false&quot;}\" data-widget_type=\"video.default\">\n\t\t\t\t<div class=\"elementor-widget-container\">\n\t\t\t\t\t\t\t<div class=\"elementor-wrapper elementor-open-inline\">\n\t\t\t<div class=\"elementor-video\"><\/div>\t\t<\/div>\n\t\t\t\t\t\t<\/div>\n\t\t\t\t<\/div>\n\t\t\t\t\t<\/div>\n\t\t<\/div>\n\t\t\t\t\t<\/div>\n\t\t<\/section>\n\t\t\t\t<\/div>\n\t\t","protected":false},"excerpt":{"rendered":"<p>Apprendre \u00e0 jouer la chanson principale du film Coco. Ce cours en 5 le\u00e7ons s&#8217;adresse aux \u00e9l\u00e8ves d\u00e9butants.<\/p>\n","protected":false},"featured_media":111435,"template":"","meta":{"_acf_changed":false,"_bbp_topic_count":0,"_bbp_reply_count":0,"_bbp_total_topic_count":0,"_bbp_total_reply_count":0,"_bbp_voice_count":0,"_bbp_anonymous_reply_count":0,"_bbp_topic_count_hidden":0,"_bbp_reply_count_hidden":0,"_bbp_forum_subforum_count":0},"product_brand":[],"product_cat":[267,263],"product_tag":[283],"giftcard-category":[],"class_list":{"0":"post-111433","1":"product","2":"type-product","3":"status-publish","4":"has-post-thumbnail","6":"product_cat-film-music-box","7":"product_cat-piano-box","8":"product_tag-5-lessons","10":"first","11":"instock","12":"virtual","13":"sold-individually","14":"taxable","15":"purchasable","16":"product-type-course"},"acf":[],"_links":{"self":[{"href":"https:\/\/piano-academie.com\/en\/wp-json\/wp\/v2\/product\/111433","targetHints":{"allow":["GET"]}}],"collection":[{"href":"https:\/\/piano-academie.com\/en\/wp-json\/wp\/v2\/product"}],"about":[{"href":"https:\/\/piano-academie.com\/en\/wp-json\/wp\/v2\/types\/product"}],"version-history":[{"count":0,"href":"https:\/\/piano-academie.com\/en\/wp-json\/wp\/v2\/product\/111433\/revisions"}],"wp:featuredmedia":[{"embeddable":true,"href":"https:\/\/piano-academie.com\/en\/wp-json\/wp\/v2\/media\/111435"}],"wp:attachment":[{"href":"https:\/\/piano-academie.com\/en\/wp-json\/wp\/v2\/media?parent=111433"}],"wp:term":[{"taxonomy":"product_brand","embeddable":true,"href":"https:\/\/piano-academie.com\/en\/wp-json\/wp\/v2\/product_brand?post=111433"},{"taxonomy":"product_cat","embeddable":true,"href":"https:\/\/piano-academie.com\/en\/wp-json\/wp\/v2\/product_cat?post=111433"},{"taxonomy":"product_tag","embeddable":true,"href":"https:\/\/piano-academie.com\/en\/wp-json\/wp\/v2\/product_tag?post=111433"},{"taxonomy":"giftcard-category","embeddable":true,"href":"https:\/\/piano-academie.com\/en\/wp-json\/wp\/v2\/giftcard-category?post=111433"}],"curies":[{"name":"wp","href":"https:\/\/api.w.org\/{rel}","templated":true}]}}