{"id":126068,"date":"2022-02-02T09:33:50","date_gmt":"2022-02-02T08:33:50","guid":{"rendered":"https:\/\/piano-academie.com\/produit\/partition-la-la-land-2-copy\/"},"modified":"2022-02-02T09:45:57","modified_gmt":"2022-02-02T08:45:57","slug":"partition-la-la-land-toutniveau","status":"publish","type":"product","link":"https:\/\/piano-academie.com\/en\/produit\/partition-la-la-land-toutniveau\/","title":{"rendered":"Partition &#8211; La la land"},"content":{"rendered":"\t\t<div data-elementor-type=\"product-post\" data-elementor-id=\"126068\" class=\"elementor elementor-126068\" data-elementor-post-type=\"product\">\n\t\t\t\t\t\t<section class=\"elementor-section elementor-top-section elementor-element elementor-element-471165ee elementor-section-boxed elementor-section-height-default elementor-section-height-default\" data-id=\"471165ee\" data-element_type=\"section\" data-settings=\"{&quot;dotlife_ext_is_background_parallax&quot;:&quot;false&quot;}\">\n\t\t\t\t\t\t<div class=\"elementor-container elementor-column-gap-default\">\n\t\t\t\t\t<div class=\"elementor-column elementor-col-100 elementor-top-column elementor-element elementor-element-2b23c2c5\" data-id=\"2b23c2c5\" data-element_type=\"column\" data-settings=\"{&quot;dotlife_ext_is_scrollme&quot;:&quot;false&quot;,&quot;dotlife_ext_is_smoove&quot;:&quot;false&quot;,&quot;dotlife_ext_is_parallax_mouse&quot;:&quot;false&quot;,&quot;dotlife_ext_is_infinite&quot;:&quot;false&quot;,&quot;dotlife_ext_is_fadeout_animation&quot;:&quot;false&quot;}\">\n\t\t\t<div class=\"elementor-widget-wrap elementor-element-populated\">\n\t\t\t\t\t\t<div class=\"elementor-element elementor-element-5ef3168f elementor-widget elementor-widget-text-editor\" data-id=\"5ef3168f\" data-element_type=\"widget\" data-settings=\"{&quot;dotlife_ext_is_scrollme&quot;:&quot;false&quot;,&quot;dotlife_ext_is_smoove&quot;:&quot;false&quot;,&quot;dotlife_ext_is_parallax_mouse&quot;:&quot;false&quot;,&quot;dotlife_ext_is_infinite&quot;:&quot;false&quot;,&quot;dotlife_ext_is_fadeout_animation&quot;:&quot;false&quot;}\" data-widget_type=\"text-editor.default\">\n\t\t\t\t<div class=\"elementor-widget-container\">\n\t\t\t\t\t\t\t\t\t<p>\u00c9coutez les diff\u00e9rentes interpr\u00e9tations propos\u00e9es pour cette chanson.<\/p>\t\t\t\t\t\t\t\t<\/div>\n\t\t\t\t<\/div>\n\t\t\t\t\t<\/div>\n\t\t<\/div>\n\t\t\t\t\t<\/div>\n\t\t<\/section>\n\t\t\t\t<section class=\"elementor-section elementor-top-section elementor-element elementor-element-b3f245f elementor-section-boxed elementor-section-height-default elementor-section-height-default\" data-id=\"b3f245f\" data-element_type=\"section\" data-settings=\"{&quot;dotlife_ext_is_background_parallax&quot;:&quot;false&quot;}\">\n\t\t\t\t\t\t<div class=\"elementor-container elementor-column-gap-default\">\n\t\t\t\t\t<div class=\"elementor-column elementor-col-100 elementor-top-column elementor-element elementor-element-75e61f4\" data-id=\"75e61f4\" data-element_type=\"column\" data-settings=\"{&quot;dotlife_ext_is_scrollme&quot;:&quot;false&quot;,&quot;dotlife_ext_is_smoove&quot;:&quot;false&quot;,&quot;dotlife_ext_is_parallax_mouse&quot;:&quot;false&quot;,&quot;dotlife_ext_is_infinite&quot;:&quot;false&quot;,&quot;dotlife_ext_is_fadeout_animation&quot;:&quot;false&quot;}\">\n\t\t\t<div class=\"elementor-widget-wrap elementor-element-populated\">\n\t\t\t\t\t\t<div class=\"elementor-element elementor-element-1c852cd elementor-widget elementor-widget-accordion\" data-id=\"1c852cd\" data-element_type=\"widget\" data-settings=\"{&quot;dotlife_ext_is_scrollme&quot;:&quot;false&quot;,&quot;dotlife_ext_is_smoove&quot;:&quot;false&quot;,&quot;dotlife_ext_is_parallax_mouse&quot;:&quot;false&quot;,&quot;dotlife_ext_is_infinite&quot;:&quot;false&quot;,&quot;dotlife_ext_is_fadeout_animation&quot;:&quot;false&quot;}\" data-widget_type=\"accordion.default\">\n\t\t\t\t<div class=\"elementor-widget-container\">\n\t\t\t\t\t\t\t<div class=\"elementor-accordion\">\n\t\t\t\t\t\t\t<div class=\"elementor-accordion-item\">\n\t\t\t\t\t<div id=\"elementor-tab-title-2991\" class=\"elementor-tab-title\" data-tab=\"1\" role=\"button\" aria-controls=\"elementor-tab-content-2991\" aria-expanded=\"false\">\n\t\t\t\t\t\t\t\t\t\t\t\t\t<span class=\"elementor-accordion-icon elementor-accordion-icon-left\" aria-hidden=\"true\">\n\t\t\t\t\t\t\t\t\t\t\t\t\t\t\t<span class=\"elementor-accordion-icon-closed\"><i class=\"fas fa-plus\"><\/i><\/span>\n\t\t\t\t\t\t\t\t<span class=\"elementor-accordion-icon-opened\"><i class=\"fas fa-minus\"><\/i><\/span>\n\t\t\t\t\t\t\t\t\t\t\t\t\t\t<\/span>\n\t\t\t\t\t\t\t\t\t\t\t\t<a class=\"elementor-accordion-title\" tabindex=\"0\">Version KIDS<\/a>\n\t\t\t\t\t<\/div>\n\t\t\t\t\t<div id=\"elementor-tab-content-2991\" class=\"elementor-tab-content elementor-clearfix\" data-tab=\"1\" role=\"region\" aria-labelledby=\"elementor-tab-title-2991\"><\/div>\n\t\t\t\t<\/div>\n\t\t\t\t\t\t\t\t<\/div>\n\t\t\t\t\t\t<\/div>\n\t\t\t\t<\/div>\n\t\t\t\t\t<\/div>\n\t\t<\/div>\n\t\t\t\t\t<\/div>\n\t\t<\/section>\n\t\t\t\t<section class=\"elementor-section elementor-top-section elementor-element elementor-element-7d14593 elementor-section-boxed elementor-section-height-default elementor-section-height-default\" data-id=\"7d14593\" data-element_type=\"section\" data-settings=\"{&quot;dotlife_ext_is_background_parallax&quot;:&quot;false&quot;}\">\n\t\t\t\t\t\t<div class=\"elementor-container elementor-column-gap-default\">\n\t\t\t\t\t<div class=\"elementor-column elementor-col-100 elementor-top-column elementor-element elementor-element-2919593\" data-id=\"2919593\" data-element_type=\"column\" data-settings=\"{&quot;dotlife_ext_is_scrollme&quot;:&quot;false&quot;,&quot;dotlife_ext_is_smoove&quot;:&quot;false&quot;,&quot;dotlife_ext_is_parallax_mouse&quot;:&quot;false&quot;,&quot;dotlife_ext_is_infinite&quot;:&quot;false&quot;,&quot;dotlife_ext_is_fadeout_animation&quot;:&quot;false&quot;}\">\n\t\t\t<div class=\"elementor-widget-wrap elementor-element-populated\">\n\t\t\t\t\t\t<div class=\"elementor-element elementor-element-4ee2769 elementor-widget elementor-widget-woocommerce-breadcrumb\" data-id=\"4ee2769\" data-element_type=\"widget\" data-settings=\"{&quot;dotlife_ext_is_scrollme&quot;:&quot;false&quot;,&quot;dotlife_ext_is_smoove&quot;:&quot;false&quot;,&quot;dotlife_ext_is_parallax_mouse&quot;:&quot;false&quot;,&quot;dotlife_ext_is_infinite&quot;:&quot;false&quot;,&quot;dotlife_ext_is_fadeout_animation&quot;:&quot;false&quot;}\" data-widget_type=\"woocommerce-breadcrumb.default\">\n\t\t\t\t<div class=\"elementor-widget-container\">\n\t\t\t\t\t<nav class=\"woocommerce-breadcrumb\" aria-label=\"Breadcrumb\">Home<\/nav>\t\t\t\t<\/div>\n\t\t\t\t<\/div>\n\t\t\t\t\t<\/div>\n\t\t<\/div>\n\t\t\t\t\t<\/div>\n\t\t<\/section>\n\t\t\t\t<\/div>\n\t\t","protected":false},"excerpt":{"rendered":"<p>Cette partition peut \u00eatre command\u00e9e en version num\u00e9rique t\u00e9l\u00e9chargeable directement sur le site ou en version imprim\u00e9e. Dans ce dernier cas, la partition peut \u00eatre envoy\u00e9e (frais de port \u00e0 pr\u00e9voir) ou retir\u00e9e \u00e0 l&#8217;\u00e9cole (sans frais).<\/p>\n","protected":false},"featured_media":126076,"template":"","meta":{"_acf_changed":false,"_bbp_topic_count":0,"_bbp_reply_count":0,"_bbp_total_topic_count":0,"_bbp_total_reply_count":0,"_bbp_voice_count":0,"_bbp_anonymous_reply_count":0,"_bbp_topic_count_hidden":0,"_bbp_reply_count_hidden":0,"_bbp_forum_subforum_count":0},"product_brand":[],"product_cat":[158],"product_tag":[],"giftcard-category":[],"class_list":{"0":"post-126068","1":"product","2":"type-product","3":"status-publish","4":"has-post-thumbnail","6":"product_cat-musique-de-film-partition","7":"pa_niveau-tout-niveau","8":"pa_telechargement-imprimee","9":"pa_telechargement-telechargeable","11":"first","12":"instock","13":"taxable","14":"shipping-taxable","15":"purchasable","16":"product-type-variable","17":"has-default-attributes"},"acf":[],"_links":{"self":[{"href":"https:\/\/piano-academie.com\/en\/wp-json\/wp\/v2\/product\/126068","targetHints":{"allow":["GET"]}}],"collection":[{"href":"https:\/\/piano-academie.com\/en\/wp-json\/wp\/v2\/product"}],"about":[{"href":"https:\/\/piano-academie.com\/en\/wp-json\/wp\/v2\/types\/product"}],"version-history":[{"count":0,"href":"https:\/\/piano-academie.com\/en\/wp-json\/wp\/v2\/product\/126068\/revisions"}],"wp:featuredmedia":[{"embeddable":true,"href":"https:\/\/piano-academie.com\/en\/wp-json\/wp\/v2\/media\/126076"}],"wp:attachment":[{"href":"https:\/\/piano-academie.com\/en\/wp-json\/wp\/v2\/media?parent=126068"}],"wp:term":[{"taxonomy":"product_brand","embeddable":true,"href":"https:\/\/piano-academie.com\/en\/wp-json\/wp\/v2\/product_brand?post=126068"},{"taxonomy":"product_cat","embeddable":true,"href":"https:\/\/piano-academie.com\/en\/wp-json\/wp\/v2\/product_cat?post=126068"},{"taxonomy":"product_tag","embeddable":true,"href":"https:\/\/piano-academie.com\/en\/wp-json\/wp\/v2\/product_tag?post=126068"},{"taxonomy":"giftcard-category","embeddable":true,"href":"https:\/\/piano-academie.com\/en\/wp-json\/wp\/v2\/giftcard-category?post=126068"}],"curies":[{"name":"wp","href":"https:\/\/api.w.org\/{rel}","templated":true}]}}