{"id":13271,"date":"2017-12-06T14:04:12","date_gmt":"2017-12-06T13:04:12","guid":{"rendered":"https:\/\/www.piano-academie.com\/produit\/debutant-volume-2\/"},"modified":"2017-12-06T14:04:12","modified_gmt":"2017-12-06T13:04:12","slug":"debutant-volume-2","status":"publish","type":"product","link":"https:\/\/piano-academie.com\/en\/produit\/debutant-volume-2\/","title":{"rendered":"Beginner Volume 2"},"content":{"rendered":"<p>Partition cr\u00e9\u00e9e pour accompagner l&#8217;apprentissage du piano selon la m\u00e9thode de Mi-Young LEE.<\/p>\n<p>40 pages.<\/p>\n","protected":false},"excerpt":{"rendered":"<p>Score created to accompany the learning of the piano according to the method of Mi-Young LEE.<\/p>\n","protected":false},"featured_media":168237,"template":"","meta":{"_acf_changed":false,"_bbp_topic_count":0,"_bbp_reply_count":0,"_bbp_total_topic_count":0,"_bbp_total_reply_count":0,"_bbp_voice_count":0,"_bbp_anonymous_reply_count":0,"_bbp_topic_count_hidden":0,"_bbp_reply_count_hidden":0,"_bbp_forum_subforum_count":0},"product_brand":[],"product_cat":[244,257],"product_tag":[],"giftcard-category":[],"class_list":{"0":"post-13271","1":"product","2":"type-product","3":"status-publish","4":"has-post-thumbnail","6":"product_cat-music-score","7":"product_cat-school-of-music","8":"product_shipping_class-standard-delivery","10":"first","11":"instock","12":"taxable","13":"shipping-taxable","14":"purchasable","15":"product-type-simple"},"acf":[],"_links":{"self":[{"href":"https:\/\/piano-academie.com\/en\/wp-json\/wp\/v2\/product\/13271","targetHints":{"allow":["GET"]}}],"collection":[{"href":"https:\/\/piano-academie.com\/en\/wp-json\/wp\/v2\/product"}],"about":[{"href":"https:\/\/piano-academie.com\/en\/wp-json\/wp\/v2\/types\/product"}],"version-history":[{"count":0,"href":"https:\/\/piano-academie.com\/en\/wp-json\/wp\/v2\/product\/13271\/revisions"}],"wp:featuredmedia":[{"embeddable":true,"href":"https:\/\/piano-academie.com\/en\/wp-json\/wp\/v2\/media\/168237"}],"wp:attachment":[{"href":"https:\/\/piano-academie.com\/en\/wp-json\/wp\/v2\/media?parent=13271"}],"wp:term":[{"taxonomy":"product_brand","embeddable":true,"href":"https:\/\/piano-academie.com\/en\/wp-json\/wp\/v2\/product_brand?post=13271"},{"taxonomy":"product_cat","embeddable":true,"href":"https:\/\/piano-academie.com\/en\/wp-json\/wp\/v2\/product_cat?post=13271"},{"taxonomy":"product_tag","embeddable":true,"href":"https:\/\/piano-academie.com\/en\/wp-json\/wp\/v2\/product_tag?post=13271"},{"taxonomy":"giftcard-category","embeddable":true,"href":"https:\/\/piano-academie.com\/en\/wp-json\/wp\/v2\/giftcard-category?post=13271"}],"curies":[{"name":"wp","href":"https:\/\/api.w.org\/{rel}","templated":true}]}}