{"id":146526,"date":"2025-05-08T18:30:02","date_gmt":"2025-05-08T16:30:02","guid":{"rendered":"https:\/\/piano-academie.com\/produit\/carte-cadeau-votre-1er-morceau-a-distance\/"},"modified":"2025-12-01T16:39:37","modified_gmt":"2025-12-01T15:39:37","slug":"carte-cadeau-votre-1er-morceau-a-distance","status":"publish","type":"product","link":"https:\/\/piano-academie.com\/en\/produit\/carte-cadeau-votre-1er-morceau-a-distance\/","title":{"rendered":"Carte cadeau &#8211; votre 1er morceau &#8211; \u00e0 distance"},"content":{"rendered":"\t\t<div data-elementor-type=\"product-post\" data-elementor-id=\"146526\" class=\"elementor elementor-146526 elementor-146516\" data-elementor-post-type=\"product\">\n\t\t\t\t\t\t<section class=\"elementor-section elementor-top-section elementor-element elementor-element-4e1df787 elementor-section-boxed elementor-section-height-default elementor-section-height-default\" data-id=\"4e1df787\" data-element_type=\"section\" data-settings=\"{&quot;dotlife_ext_is_background_parallax&quot;:&quot;false&quot;}\">\n\t\t\t\t\t\t<div class=\"elementor-container elementor-column-gap-default\">\n\t\t\t\t\t<div class=\"elementor-column elementor-col-100 elementor-top-column elementor-element elementor-element-f778dc1\" data-id=\"f778dc1\" data-element_type=\"column\" data-settings=\"{&quot;dotlife_ext_is_scrollme&quot;:&quot;false&quot;,&quot;dotlife_ext_is_smoove&quot;:&quot;false&quot;,&quot;dotlife_ext_is_parallax_mouse&quot;:&quot;false&quot;,&quot;dotlife_ext_is_infinite&quot;:&quot;false&quot;,&quot;dotlife_ext_is_fadeout_animation&quot;:&quot;false&quot;}\">\n\t\t\t<div class=\"elementor-widget-wrap elementor-element-populated\">\n\t\t\t\t\t\t<div class=\"elementor-element elementor-element-5890a857 elementor-widget elementor-widget-text-editor\" data-id=\"5890a857\" data-element_type=\"widget\" data-settings=\"{&quot;dotlife_ext_is_scrollme&quot;:&quot;false&quot;,&quot;dotlife_ext_is_smoove&quot;:&quot;false&quot;,&quot;dotlife_ext_is_parallax_mouse&quot;:&quot;false&quot;,&quot;dotlife_ext_is_infinite&quot;:&quot;false&quot;,&quot;dotlife_ext_is_fadeout_animation&quot;:&quot;false&quot;}\" data-widget_type=\"text-editor.default\">\n\t\t\t\t<div class=\"elementor-widget-container\">\n\t\t\t\t\t\t\t\t\t<p>Package con\u00e7u pour les pianistes d\u00e9butants ! Apprenez \u00e0 jouer au piano votre 1er morceau<\/p><p>Ce package contient \u00a0les \u00e9l\u00e9ments suivants :<\/p><ul><li>6 cours de piano collectifs \u00e0 distance de 1h en Zoom*<\/li><li>1 partition \u00e0 choisir parmi en ensemble de transcriptions faites pour les \u00e9l\u00e8ves d\u00e9butants<\/li><\/ul><p>* Pour que l&#8217;apprentissage se passe bien, il faut suivre \u00e0 minima un cours par semaine et s&#8217;exercer \u00e0 domicile 15mn \u00e0 20mn par jour.<\/p><p><strong>Offre r\u00e9serv\u00e9e aux \u00e9l\u00e8ves \u00e2g\u00e9s de plus de 18 ans.<\/strong><\/p>\t\t\t\t\t\t\t\t<\/div>\n\t\t\t\t<\/div>\n\t\t\t\t\t<\/div>\n\t\t<\/div>\n\t\t\t\t\t<\/div>\n\t\t<\/section>\n\t\t\t\t<\/div>\n\t\t","protected":false},"excerpt":{"rendered":"<p>Pour le piano pour les adultes en ligne. Pour tous les niveaux.<\/p>\n","protected":false},"featured_media":146519,"template":"","meta":{"_acf_changed":false,"_bbp_topic_count":0,"_bbp_reply_count":0,"_bbp_total_topic_count":0,"_bbp_total_reply_count":0,"_bbp_voice_count":0,"_bbp_anonymous_reply_count":0,"_bbp_topic_count_hidden":0,"_bbp_reply_count_hidden":0,"_bbp_forum_subforum_count":0},"product_brand":[],"product_cat":[439],"product_tag":[],"giftcard-category":[451],"class_list":{"0":"post-146526","1":"product","2":"type-product","3":"status-publish","4":"has-post-thumbnail","6":"product_cat-cartes-cadeaux-en","7":"giftcard-category-cartes-cadeaux","9":"first","10":"instock","11":"virtual","12":"taxable","13":"purchasable","14":"product-type-gift-card"},"acf":[],"_links":{"self":[{"href":"https:\/\/piano-academie.com\/en\/wp-json\/wp\/v2\/product\/146526","targetHints":{"allow":["GET"]}}],"collection":[{"href":"https:\/\/piano-academie.com\/en\/wp-json\/wp\/v2\/product"}],"about":[{"href":"https:\/\/piano-academie.com\/en\/wp-json\/wp\/v2\/types\/product"}],"version-history":[{"count":0,"href":"https:\/\/piano-academie.com\/en\/wp-json\/wp\/v2\/product\/146526\/revisions"}],"wp:featuredmedia":[{"embeddable":true,"href":"https:\/\/piano-academie.com\/en\/wp-json\/wp\/v2\/media\/146519"}],"wp:attachment":[{"href":"https:\/\/piano-academie.com\/en\/wp-json\/wp\/v2\/media?parent=146526"}],"wp:term":[{"taxonomy":"product_brand","embeddable":true,"href":"https:\/\/piano-academie.com\/en\/wp-json\/wp\/v2\/product_brand?post=146526"},{"taxonomy":"product_cat","embeddable":true,"href":"https:\/\/piano-academie.com\/en\/wp-json\/wp\/v2\/product_cat?post=146526"},{"taxonomy":"product_tag","embeddable":true,"href":"https:\/\/piano-academie.com\/en\/wp-json\/wp\/v2\/product_tag?post=146526"},{"taxonomy":"giftcard-category","embeddable":true,"href":"https:\/\/piano-academie.com\/en\/wp-json\/wp\/v2\/giftcard-category?post=146526"}],"curies":[{"name":"wp","href":"https:\/\/api.w.org\/{rel}","templated":true}]}}