{"id":168199,"date":"2023-10-19T15:19:16","date_gmt":"2023-10-19T13:19:16","guid":{"rendered":"https:\/\/piano-academie.com\/produit\/solfege-vol-1-copy\/"},"modified":"2023-10-19T21:02:08","modified_gmt":"2023-10-19T19:02:08","slug":"solfege-vol-3","status":"publish","type":"product","link":"https:\/\/piano-academie.com\/en\/produit\/solfege-vol-3\/","title":{"rendered":"Solf\u00e8ge &#8211; vol. 3"},"content":{"rendered":"<p>Partition n\u00b03 de solf\u00e8ge cr\u00e9\u00e9e pour accompagner l&#8217;apprentissage du piano selon la m\u00e9thode de Mi-Young LEE.<\/p>\n<p>40 pages.<\/p>\n","protected":false},"excerpt":{"rendered":"<p>Partition cr\u00e9\u00e9e pour accompagner l&#8217;apprentissage du piano selon la m\u00e9thode de Mi-Young LEE.<\/p>\n","protected":false},"featured_media":168268,"template":"","meta":{"_acf_changed":false,"_bbp_topic_count":0,"_bbp_reply_count":0,"_bbp_total_topic_count":0,"_bbp_total_reply_count":0,"_bbp_voice_count":0,"_bbp_anonymous_reply_count":0,"_bbp_topic_count_hidden":0,"_bbp_reply_count_hidden":0,"_bbp_forum_subforum_count":0},"product_brand":[],"product_cat":[174,53],"product_tag":[],"giftcard-category":[],"class_list":{"0":"post-168199","1":"product","2":"type-product","3":"status-publish","4":"has-post-thumbnail","6":"product_cat-ecole-de-musique","7":"product_cat-partition","8":"product_shipping_class-std","10":"first","11":"instock","12":"taxable","13":"shipping-taxable","14":"purchasable","15":"product-type-simple"},"acf":[],"_links":{"self":[{"href":"https:\/\/piano-academie.com\/en\/wp-json\/wp\/v2\/product\/168199","targetHints":{"allow":["GET"]}}],"collection":[{"href":"https:\/\/piano-academie.com\/en\/wp-json\/wp\/v2\/product"}],"about":[{"href":"https:\/\/piano-academie.com\/en\/wp-json\/wp\/v2\/types\/product"}],"version-history":[{"count":0,"href":"https:\/\/piano-academie.com\/en\/wp-json\/wp\/v2\/product\/168199\/revisions"}],"wp:featuredmedia":[{"embeddable":true,"href":"https:\/\/piano-academie.com\/en\/wp-json\/wp\/v2\/media\/168268"}],"wp:attachment":[{"href":"https:\/\/piano-academie.com\/en\/wp-json\/wp\/v2\/media?parent=168199"}],"wp:term":[{"taxonomy":"product_brand","embeddable":true,"href":"https:\/\/piano-academie.com\/en\/wp-json\/wp\/v2\/product_brand?post=168199"},{"taxonomy":"product_cat","embeddable":true,"href":"https:\/\/piano-academie.com\/en\/wp-json\/wp\/v2\/product_cat?post=168199"},{"taxonomy":"product_tag","embeddable":true,"href":"https:\/\/piano-academie.com\/en\/wp-json\/wp\/v2\/product_tag?post=168199"},{"taxonomy":"giftcard-category","embeddable":true,"href":"https:\/\/piano-academie.com\/en\/wp-json\/wp\/v2\/giftcard-category?post=168199"}],"curies":[{"name":"wp","href":"https:\/\/api.w.org\/{rel}","templated":true}]}}