{"id":168260,"date":"2023-10-19T20:14:03","date_gmt":"2023-10-19T18:14:03","guid":{"rendered":"https:\/\/piano-academie.com\/?post_type=product&#038;p=168260"},"modified":"2023-10-19T20:17:52","modified_gmt":"2023-10-19T18:17:52","slug":"solfege-vol-4","status":"publish","type":"product","link":"https:\/\/piano-academie.com\/en\/produit\/solfege-vol-4\/","title":{"rendered":"Solf\u00e8ge &#8211; vol. 4"},"content":{"rendered":"<p>Partition n\u00b04 de solf\u00e8ge cr\u00e9\u00e9e pour accompagner l&#8217;apprentissage du piano selon la m\u00e9thode de Mi-Young LEE.<\/p>\n<p>40 pages.<\/p>\n","protected":false},"excerpt":{"rendered":"<p>Partition cr\u00e9\u00e9e pour accompagner l&#8217;apprentissage du piano selon la m\u00e9thode de Mi-Young LEE.<\/p>\n","protected":false},"featured_media":168265,"template":"","meta":{"_acf_changed":false,"_bbp_topic_count":0,"_bbp_reply_count":0,"_bbp_total_topic_count":0,"_bbp_total_reply_count":0,"_bbp_voice_count":0,"_bbp_anonymous_reply_count":0,"_bbp_topic_count_hidden":0,"_bbp_reply_count_hidden":0,"_bbp_forum_subforum_count":0},"product_brand":[],"product_cat":[174,53],"product_tag":[],"giftcard-category":[],"class_list":{"0":"post-168260","1":"product","2":"type-product","3":"status-publish","4":"has-post-thumbnail","6":"product_cat-ecole-de-musique","7":"product_cat-partition","8":"product_shipping_class-std","10":"first","11":"instock","12":"taxable","13":"shipping-taxable","14":"purchasable","15":"product-type-simple"},"acf":[],"_links":{"self":[{"href":"https:\/\/piano-academie.com\/en\/wp-json\/wp\/v2\/product\/168260","targetHints":{"allow":["GET"]}}],"collection":[{"href":"https:\/\/piano-academie.com\/en\/wp-json\/wp\/v2\/product"}],"about":[{"href":"https:\/\/piano-academie.com\/en\/wp-json\/wp\/v2\/types\/product"}],"version-history":[{"count":0,"href":"https:\/\/piano-academie.com\/en\/wp-json\/wp\/v2\/product\/168260\/revisions"}],"wp:featuredmedia":[{"embeddable":true,"href":"https:\/\/piano-academie.com\/en\/wp-json\/wp\/v2\/media\/168265"}],"wp:attachment":[{"href":"https:\/\/piano-academie.com\/en\/wp-json\/wp\/v2\/media?parent=168260"}],"wp:term":[{"taxonomy":"product_brand","embeddable":true,"href":"https:\/\/piano-academie.com\/en\/wp-json\/wp\/v2\/product_brand?post=168260"},{"taxonomy":"product_cat","embeddable":true,"href":"https:\/\/piano-academie.com\/en\/wp-json\/wp\/v2\/product_cat?post=168260"},{"taxonomy":"product_tag","embeddable":true,"href":"https:\/\/piano-academie.com\/en\/wp-json\/wp\/v2\/product_tag?post=168260"},{"taxonomy":"giftcard-category","embeddable":true,"href":"https:\/\/piano-academie.com\/en\/wp-json\/wp\/v2\/giftcard-category?post=168260"}],"curies":[{"name":"wp","href":"https:\/\/api.w.org\/{rel}","templated":true}]}}