{"id":168775,"date":"2023-10-27T15:49:16","date_gmt":"2023-10-27T13:49:16","guid":{"rendered":"https:\/\/piano-academie.com\/?post_type=product&#038;p=168775"},"modified":"2023-10-27T16:34:10","modified_gmt":"2023-10-27T14:34:10","slug":"offre-solfege-debutants","status":"publish","type":"product","link":"https:\/\/piano-academie.com\/en\/produit\/offre-solfege-debutants\/","title":{"rendered":"Offre Solf\u00e8ge d\u00e9butants"},"content":{"rendered":"<p>Ce forfait offre une formation compl\u00e8te en solf\u00e8ge destin\u00e9e aux enfants d\u00e9butants \u00e2g\u00e9s de 7 ans et plus. Il comprend :<\/p>\n<ul>\n<li>20 le\u00e7ons en ligne d&#8217;une heure en solf\u00e8ge (choisissez parmi les cr\u00e9neaux disponibles : mardi \u00e0 17h35, mercredi \u00e0 18h35 ou vendredi \u00e0 18h35).<\/li>\n<li>Des cartes p\u00e9dagogiques pr\u00e9sentant des notes et rythmes, utilis\u00e9es lors des sessions.<\/li>\n<li>Un cahier de solf\u00e8ge de niveau 2.<\/li>\n<li>De plus, vous aurez acc\u00e8s, dans votre espace client, aux le\u00e7ons et exercices de solf\u00e8ge pr\u00e9c\u00e9demment dispens\u00e9s.<\/li>\n<\/ul>\n","protected":false},"excerpt":{"rendered":"<p>Ce forfait offre une formation compl\u00e8te en solf\u00e8ge destin\u00e9e aux enfants d\u00e9butants \u00e2g\u00e9s de 7 ans et plus. Il comprend : 20 le\u00e7ons en ligne d&#8217;une heure en solf\u00e8ge (choisissez parmi les cr\u00e9neaux disponibles : mardi \u00e0 17h35, mercredi \u00e0 [&hellip;]<\/p>\n","protected":false},"featured_media":168822,"template":"","meta":{"_acf_changed":false,"_bbp_topic_count":0,"_bbp_reply_count":0,"_bbp_total_topic_count":0,"_bbp_total_reply_count":0,"_bbp_voice_count":0,"_bbp_anonymous_reply_count":0,"_bbp_topic_count_hidden":0,"_bbp_reply_count_hidden":0,"_bbp_forum_subforum_count":0},"product_brand":[],"product_cat":[150],"product_tag":[],"giftcard-category":[],"class_list":{"0":"post-168775","1":"product","2":"type-product","3":"status-publish","4":"has-post-thumbnail","6":"product_cat-solfege","8":"first","9":"instock","10":"taxable","11":"shipping-taxable","12":"product-type-grouped"},"acf":[],"_links":{"self":[{"href":"https:\/\/piano-academie.com\/en\/wp-json\/wp\/v2\/product\/168775","targetHints":{"allow":["GET"]}}],"collection":[{"href":"https:\/\/piano-academie.com\/en\/wp-json\/wp\/v2\/product"}],"about":[{"href":"https:\/\/piano-academie.com\/en\/wp-json\/wp\/v2\/types\/product"}],"version-history":[{"count":0,"href":"https:\/\/piano-academie.com\/en\/wp-json\/wp\/v2\/product\/168775\/revisions"}],"wp:featuredmedia":[{"embeddable":true,"href":"https:\/\/piano-academie.com\/en\/wp-json\/wp\/v2\/media\/168822"}],"wp:attachment":[{"href":"https:\/\/piano-academie.com\/en\/wp-json\/wp\/v2\/media?parent=168775"}],"wp:term":[{"taxonomy":"product_brand","embeddable":true,"href":"https:\/\/piano-academie.com\/en\/wp-json\/wp\/v2\/product_brand?post=168775"},{"taxonomy":"product_cat","embeddable":true,"href":"https:\/\/piano-academie.com\/en\/wp-json\/wp\/v2\/product_cat?post=168775"},{"taxonomy":"product_tag","embeddable":true,"href":"https:\/\/piano-academie.com\/en\/wp-json\/wp\/v2\/product_tag?post=168775"},{"taxonomy":"giftcard-category","embeddable":true,"href":"https:\/\/piano-academie.com\/en\/wp-json\/wp\/v2\/giftcard-category?post=168775"}],"curies":[{"name":"wp","href":"https:\/\/api.w.org\/{rel}","templated":true}]}}