{"id":178288,"date":"2024-03-01T13:18:37","date_gmt":"2024-03-01T12:18:37","guid":{"rendered":"https:\/\/piano-academie.com\/?post_type=product&#038;p=178288"},"modified":"2025-09-27T17:26:35","modified_gmt":"2025-09-27T15:26:35","slug":"location-de-nos-studios-de-repetition","status":"publish","type":"product","link":"https:\/\/piano-academie.com\/en\/produit\/location-de-nos-studios-de-repetition\/","title":{"rendered":"Location de nos studios de r\u00e9p\u00e9tition"},"content":{"rendered":"<p>Package de 10h de location de nos studios de r\u00e9p\u00e9tition.<\/p>\n<p>Les studios de r\u00e9p\u00e9tition sont munis d&#8217;un piano droit et font environ 4m2. 2 personnes peuvent s&#8217;assoir dans les studios. Ils sont accoustiquement isol\u00e9s. La location des studios s&#8217;effectue directement en ligne \u00e0 partir de notre site internet.<\/p>\n<p>Nos studios sont situ\u00e9s sur Paris :<\/p>\n<ul>\n<li>1 rue de Richelieu 75001<\/li>\n<\/ul>\n<p>&nbsp;<\/p>\n<p>&nbsp;<\/p>\n","protected":false},"excerpt":{"rendered":"<p>Package de 10h de location de nos studios de r\u00e9p\u00e9tition.<\/p>\n","protected":false},"featured_media":178290,"template":"","meta":{"_acf_changed":false,"_bbp_topic_count":0,"_bbp_reply_count":0,"_bbp_total_topic_count":0,"_bbp_total_reply_count":0,"_bbp_voice_count":0,"_bbp_anonymous_reply_count":0,"_bbp_topic_count_hidden":0,"_bbp_reply_count_hidden":0,"_bbp_forum_subforum_count":0},"product_brand":[],"product_cat":[438],"product_tag":[],"giftcard-category":[451],"class_list":{"0":"post-178288","1":"product","2":"type-product","3":"status-publish","4":"has-post-thumbnail","6":"product_cat-cartes-cadeaux","7":"product_shipping_class-carte-cadeau","8":"giftcard-category-cartes-cadeaux","10":"first","11":"instock","12":"taxable","13":"shipping-taxable","14":"product-type-external"},"acf":[],"_links":{"self":[{"href":"https:\/\/piano-academie.com\/en\/wp-json\/wp\/v2\/product\/178288","targetHints":{"allow":["GET"]}}],"collection":[{"href":"https:\/\/piano-academie.com\/en\/wp-json\/wp\/v2\/product"}],"about":[{"href":"https:\/\/piano-academie.com\/en\/wp-json\/wp\/v2\/types\/product"}],"version-history":[{"count":0,"href":"https:\/\/piano-academie.com\/en\/wp-json\/wp\/v2\/product\/178288\/revisions"}],"wp:featuredmedia":[{"embeddable":true,"href":"https:\/\/piano-academie.com\/en\/wp-json\/wp\/v2\/media\/178290"}],"wp:attachment":[{"href":"https:\/\/piano-academie.com\/en\/wp-json\/wp\/v2\/media?parent=178288"}],"wp:term":[{"taxonomy":"product_brand","embeddable":true,"href":"https:\/\/piano-academie.com\/en\/wp-json\/wp\/v2\/product_brand?post=178288"},{"taxonomy":"product_cat","embeddable":true,"href":"https:\/\/piano-academie.com\/en\/wp-json\/wp\/v2\/product_cat?post=178288"},{"taxonomy":"product_tag","embeddable":true,"href":"https:\/\/piano-academie.com\/en\/wp-json\/wp\/v2\/product_tag?post=178288"},{"taxonomy":"giftcard-category","embeddable":true,"href":"https:\/\/piano-academie.com\/en\/wp-json\/wp\/v2\/giftcard-category?post=178288"}],"curies":[{"name":"wp","href":"https:\/\/api.w.org\/{rel}","templated":true}]}}