{"id":20237,"date":"2020-11-29T09:00:01","date_gmt":"2020-11-29T08:00:01","guid":{"rendered":"https:\/\/www.piano-academie.com\/?post_type=product&#038;p=20237"},"modified":"2020-12-04T11:20:53","modified_gmt":"2020-12-04T10:20:53","slug":"box-mission-impossible","status":"publish","type":"product","link":"https:\/\/piano-academie.com\/en\/produit\/box-mission-impossible\/","title":{"rendered":"Box &#8211; Mission impossible"},"content":{"rendered":"\t\t<div data-elementor-type=\"product-post\" data-elementor-id=\"20237\" class=\"elementor elementor-20237\" data-elementor-post-type=\"product\">\n\t\t\t\t\t\t<section class=\"elementor-section elementor-top-section elementor-element elementor-element-4bb304d elementor-section-boxed elementor-section-height-default elementor-section-height-default\" data-id=\"4bb304d\" data-element_type=\"section\" data-settings=\"{&quot;dotlife_ext_is_background_parallax&quot;:&quot;false&quot;}\">\n\t\t\t\t\t\t<div class=\"elementor-container elementor-column-gap-default\">\n\t\t\t\t\t<div class=\"elementor-column elementor-col-100 elementor-top-column elementor-element elementor-element-bd08d0d\" data-id=\"bd08d0d\" data-element_type=\"column\" data-settings=\"{&quot;dotlife_ext_is_scrollme&quot;:&quot;false&quot;,&quot;dotlife_ext_is_smoove&quot;:&quot;false&quot;,&quot;dotlife_ext_is_parallax_mouse&quot;:&quot;false&quot;,&quot;dotlife_ext_is_infinite&quot;:&quot;false&quot;,&quot;dotlife_ext_is_fadeout_animation&quot;:&quot;false&quot;}\">\n\t\t\t<div class=\"elementor-widget-wrap elementor-element-populated\">\n\t\t\t\t\t\t<div class=\"elementor-element elementor-element-ebe3d1d elementor-widget elementor-widget-text-editor\" data-id=\"ebe3d1d\" data-element_type=\"widget\" data-settings=\"{&quot;dotlife_ext_is_scrollme&quot;:&quot;false&quot;,&quot;dotlife_ext_is_smoove&quot;:&quot;false&quot;,&quot;dotlife_ext_is_parallax_mouse&quot;:&quot;false&quot;,&quot;dotlife_ext_is_infinite&quot;:&quot;false&quot;,&quot;dotlife_ext_is_fadeout_animation&quot;:&quot;false&quot;}\" data-widget_type=\"text-editor.default\">\n\t\t\t\t<div class=\"elementor-widget-container\">\n\t\t\t\t\t\t\t\t\t<p><div class=\"learndash-wrapper learndash-wrap learndash-shortcode-wrap learndash-shortcode-wrap-course_content-19892_19892_0\"><div class=\"learndash user_has_no_access\" id=\"learndash_post_19892\">\t\t<div class=\"learndash-wrapper\">\n\t\t\t\t\t\t<div class=\"ld-item-list ld-lesson-list ld-course-content-19892\" data-shortcode_instance=\"{&quot;course_id&quot;:19892,&quot;post_id&quot;:19892,&quot;group_id&quot;:0,&quot;paged&quot;:1,&quot;num&quot;:5,&quot;wrapper&quot;:true,&quot;user_id&quot;:0}\">\n\t\t\t<div class=\"ld-section-heading\">\n\n\t\t\t\t\n\t\t\t\t<h2>\n\t\t\t\tCourse Content\t\t\t\t<\/h2>\n\n\t\t\t\t\n\t\t\t\t<div class=\"ld-item-list-actions\" data-ld-expand-list=\"true\">\n\n\t\t\t\t\t\n\t\t\t\t\t\n\t\t\t\t<\/div> <!--\/.ld-item-list-actions-->\n\t\t\t<\/div> <!--\/.ld-section-heading-->\n\n\t\t\t\n\t<div class=\"ld-item-list-items ld-lesson-progression ld-item-list-19892\" id=\"ld-item-list-19892\" data-ld-expand-id=\"ld-item-list-19892\" data-ld-expand-list=\"true\">\n\t\t\n<div\n\tclass=\"ld-item-list-item ld-item-lesson-item ld-lesson-item-19872 is_not_sample learndash-not-available learndash-incomplete\"\n\tid=\"ld-expand-19872\"\n\tdata-ld-expand-id=\"ld-expand-19872\"\n\t>\n\t<div class=\"ld-item-list-item-preview\">\n\t\t<div class=\"ld-tooltip\">\n\t\t\t\n\t\t\t<a\n\t\t\t\t\t\t\t\t\taria-describedby=\"ld-lesson__row-tooltip--19872\"\n\t\t\t\t\t\t\t\tclass=\"ld-item-name ld-primary-color-hover\"\n\t\t\t\thref=\"https:\/\/piano-academie.com\/courses\/trouble-debutant\/lessons\/trouble-lecon-jaune\/\"\n\t\t\t>\n\t\t\t\t<div class=\"ld-status-icon ld-status-incomplete\" role=\"img\" aria-label=\"Not started\"><\/div>\t\t\t\t<div class=\"ld-item-title\">\n\t\t\t\t\tTrouble &#8211; le\u00e7on jaune\n\t\t\t\t<\/div> <!--\/.ld-item-title-->\n\t\t\t<\/a>\n\n\t\t\t\t\t\t\t<div\n\t\t\t\t\tclass=\"ld-tooltip__text\"\n\t\t\t\t\tid=\"ld-lesson__row-tooltip--19872\"\n\t\t\t\t\trole=\"tooltip\"\n\t\t\t\t>\n\t\t\t\t\tYou don&#039;t currently have access to this content\t\t\t\t<\/div>\n\t\t\t\t\t<\/div>\n\n\t\t\n\t\t<div class=\"ld-item-details\">\n\t\t\t\t\t<\/div> <!--\/.ld-item-details-->\n\n\t\t\n\t<\/div> <!--\/.ld-item-list-item-preview-->\n\t<\/div> <!--\/.ld-item-list-item-->\n\t\n<div\n\tclass=\"ld-item-list-item ld-item-lesson-item ld-lesson-item-19878 is_not_sample learndash-not-available learndash-incomplete\"\n\tid=\"ld-expand-19878\"\n\tdata-ld-expand-id=\"ld-expand-19878\"\n\t>\n\t<div class=\"ld-item-list-item-preview\">\n\t\t<div class=\"ld-tooltip\">\n\t\t\t\n\t\t\t<a\n\t\t\t\t\t\t\t\t\taria-describedby=\"ld-lesson__row-tooltip--19878\"\n\t\t\t\t\t\t\t\tclass=\"ld-item-name ld-primary-color-hover\"\n\t\t\t\thref=\"https:\/\/piano-academie.com\/courses\/trouble-debutant\/lessons\/trouble-lecon-rouge\/\"\n\t\t\t>\n\t\t\t\t<div class=\"ld-status-icon ld-status-incomplete\" role=\"img\" aria-label=\"Not started\"><\/div>\t\t\t\t<div class=\"ld-item-title\">\n\t\t\t\t\tTrouble &#8211; le\u00e7on rouge\n\t\t\t\t<\/div> <!--\/.ld-item-title-->\n\t\t\t<\/a>\n\n\t\t\t\t\t\t\t<div\n\t\t\t\t\tclass=\"ld-tooltip__text\"\n\t\t\t\t\tid=\"ld-lesson__row-tooltip--19878\"\n\t\t\t\t\trole=\"tooltip\"\n\t\t\t\t>\n\t\t\t\t\tYou don&#039;t currently have access to this content\t\t\t\t<\/div>\n\t\t\t\t\t<\/div>\n\n\t\t\n\t\t<div class=\"ld-item-details\">\n\t\t\t\t\t<\/div> <!--\/.ld-item-details-->\n\n\t\t\n\t<\/div> <!--\/.ld-item-list-item-preview-->\n\t<\/div> <!--\/.ld-item-list-item-->\n\t\n<div\n\tclass=\"ld-item-list-item ld-item-lesson-item ld-lesson-item-19881 is_not_sample learndash-not-available learndash-incomplete\"\n\tid=\"ld-expand-19881\"\n\tdata-ld-expand-id=\"ld-expand-19881\"\n\t>\n\t<div class=\"ld-item-list-item-preview\">\n\t\t<div class=\"ld-tooltip\">\n\t\t\t\n\t\t\t<a\n\t\t\t\t\t\t\t\t\taria-describedby=\"ld-lesson__row-tooltip--19881\"\n\t\t\t\t\t\t\t\tclass=\"ld-item-name ld-primary-color-hover\"\n\t\t\t\thref=\"https:\/\/piano-academie.com\/courses\/trouble-debutant\/lessons\/trouble-lecon-bleue\/\"\n\t\t\t>\n\t\t\t\t<div class=\"ld-status-icon ld-status-incomplete\" role=\"img\" aria-label=\"Not started\"><\/div>\t\t\t\t<div class=\"ld-item-title\">\n\t\t\t\t\tTrouble &#8211; le\u00e7on bleue\n\t\t\t\t<\/div> <!--\/.ld-item-title-->\n\t\t\t<\/a>\n\n\t\t\t\t\t\t\t<div\n\t\t\t\t\tclass=\"ld-tooltip__text\"\n\t\t\t\t\tid=\"ld-lesson__row-tooltip--19881\"\n\t\t\t\t\trole=\"tooltip\"\n\t\t\t\t>\n\t\t\t\t\tYou don&#039;t currently have access to this content\t\t\t\t<\/div>\n\t\t\t\t\t<\/div>\n\n\t\t\n\t\t<div class=\"ld-item-details\">\n\t\t\t\t\t<\/div> <!--\/.ld-item-details-->\n\n\t\t\n\t<\/div> <!--\/.ld-item-list-item-preview-->\n\t<\/div> <!--\/.ld-item-list-item-->\n\t\n<div\n\tclass=\"ld-item-list-item ld-item-lesson-item ld-lesson-item-19884 is_not_sample learndash-not-available learndash-incomplete\"\n\tid=\"ld-expand-19884\"\n\tdata-ld-expand-id=\"ld-expand-19884\"\n\t>\n\t<div class=\"ld-item-list-item-preview\">\n\t\t<div class=\"ld-tooltip\">\n\t\t\t\n\t\t\t<a\n\t\t\t\t\t\t\t\t\taria-describedby=\"ld-lesson__row-tooltip--19884\"\n\t\t\t\t\t\t\t\tclass=\"ld-item-name ld-primary-color-hover\"\n\t\t\t\thref=\"https:\/\/piano-academie.com\/courses\/trouble-debutant\/lessons\/trouble-lecon-verte\/\"\n\t\t\t>\n\t\t\t\t<div class=\"ld-status-icon ld-status-incomplete\" role=\"img\" aria-label=\"Not started\"><\/div>\t\t\t\t<div class=\"ld-item-title\">\n\t\t\t\t\tTrouble  &#8211; le\u00e7on verte\n\t\t\t\t<\/div> <!--\/.ld-item-title-->\n\t\t\t<\/a>\n\n\t\t\t\t\t\t\t<div\n\t\t\t\t\tclass=\"ld-tooltip__text\"\n\t\t\t\t\tid=\"ld-lesson__row-tooltip--19884\"\n\t\t\t\t\trole=\"tooltip\"\n\t\t\t\t>\n\t\t\t\t\tYou don&#039;t currently have access to this content\t\t\t\t<\/div>\n\t\t\t\t\t<\/div>\n\n\t\t\n\t\t<div class=\"ld-item-details\">\n\t\t\t\t\t<\/div> <!--\/.ld-item-details-->\n\n\t\t\n\t<\/div> <!--\/.ld-item-list-item-preview-->\n\t<\/div> <!--\/.ld-item-list-item-->\n\t\t<\/div> <!--\/.ld-item-list-items-->\n\n\t\t<\/div> <!--\/.ld-item-list-->\n\n\t\t\t<\/div> <!--\/.learndash-wrapper-->\n\t\t<\/div><\/div><\/p>\t\t\t\t\t\t\t\t<\/div>\n\t\t\t\t<\/div>\n\t\t\t\t\t<\/div>\n\t\t<\/div>\n\t\t\t\t\t<\/div>\n\t\t<\/section>\n\t\t\t\t<section class=\"elementor-section elementor-top-section elementor-element elementor-element-9b8205d elementor-section-boxed elementor-section-height-default elementor-section-height-default\" data-id=\"9b8205d\" data-element_type=\"section\" data-settings=\"{&quot;dotlife_ext_is_background_parallax&quot;:&quot;false&quot;}\">\n\t\t\t\t\t\t<div class=\"elementor-container elementor-column-gap-default\">\n\t\t\t\t\t<div class=\"elementor-column elementor-col-100 elementor-top-column elementor-element elementor-element-39a67e9\" data-id=\"39a67e9\" data-element_type=\"column\" data-settings=\"{&quot;dotlife_ext_is_scrollme&quot;:&quot;false&quot;,&quot;dotlife_ext_is_smoove&quot;:&quot;false&quot;,&quot;dotlife_ext_is_parallax_mouse&quot;:&quot;false&quot;,&quot;dotlife_ext_is_infinite&quot;:&quot;false&quot;,&quot;dotlife_ext_is_fadeout_animation&quot;:&quot;false&quot;}\">\n\t\t\t<div class=\"elementor-widget-wrap elementor-element-populated\">\n\t\t\t\t\t\t<div class=\"elementor-element elementor-element-a08935c elementor-widget elementor-widget-shortcode\" data-id=\"a08935c\" data-element_type=\"widget\" data-settings=\"{&quot;dotlife_ext_is_scrollme&quot;:&quot;false&quot;,&quot;dotlife_ext_is_smoove&quot;:&quot;false&quot;,&quot;dotlife_ext_is_parallax_mouse&quot;:&quot;false&quot;,&quot;dotlife_ext_is_infinite&quot;:&quot;false&quot;,&quot;dotlife_ext_is_fadeout_animation&quot;:&quot;false&quot;}\" data-widget_type=\"shortcode.default\">\n\t\t\t\t<div class=\"elementor-widget-container\">\n\t\t\t\t\t\t\t<div class=\"elementor-shortcode\"><nav aria-label=\"breadcrumbs\" class=\"rank-math-breadcrumb\"><p><span class=\"last\">Accueil<\/span><\/p><\/nav><\/div>\n\t\t\t\t\t\t<\/div>\n\t\t\t\t<\/div>\n\t\t\t\t\t<\/div>\n\t\t<\/div>\n\t\t\t\t\t<\/div>\n\t\t<\/section>\n\t\t\t\t<\/div>\n\t\t","protected":false},"excerpt":{"rendered":"<p>Apprendre \u00e0 jouer le c\u00e9l\u00e8bre th\u00e8me du film Mission impossible en 5 le\u00e7ons.\u00a0Ce cours en vid\u00e9os s&#8217;adresse aux \u00e9l\u00e8ves d\u00e9butants.<\/p>\n","protected":false},"featured_media":20241,"template":"","meta":{"_acf_changed":false,"_bbp_topic_count":0,"_bbp_reply_count":0,"_bbp_total_topic_count":0,"_bbp_total_reply_count":0,"_bbp_voice_count":0,"_bbp_anonymous_reply_count":0,"_bbp_topic_count_hidden":0,"_bbp_reply_count_hidden":0,"_bbp_forum_subforum_count":0},"product_brand":[],"product_cat":[55,155],"product_tag":[280,145],"giftcard-category":[],"class_list":{"0":"post-20237","1":"product","2":"type-product","3":"status-publish","4":"has-post-thumbnail","6":"product_cat-piano-boxes","7":"product_cat-musique-de-film","8":"product_tag-5-lecons","9":"product_tag-debutant","10":"pa_niveau-debutant","12":"first","13":"instock","14":"virtual","15":"sold-individually","16":"taxable","17":"purchasable","18":"product-type-course"},"acf":[],"_links":{"self":[{"href":"https:\/\/piano-academie.com\/en\/wp-json\/wp\/v2\/product\/20237","targetHints":{"allow":["GET"]}}],"collection":[{"href":"https:\/\/piano-academie.com\/en\/wp-json\/wp\/v2\/product"}],"about":[{"href":"https:\/\/piano-academie.com\/en\/wp-json\/wp\/v2\/types\/product"}],"version-history":[{"count":0,"href":"https:\/\/piano-academie.com\/en\/wp-json\/wp\/v2\/product\/20237\/revisions"}],"wp:featuredmedia":[{"embeddable":true,"href":"https:\/\/piano-academie.com\/en\/wp-json\/wp\/v2\/media\/20241"}],"wp:attachment":[{"href":"https:\/\/piano-academie.com\/en\/wp-json\/wp\/v2\/media?parent=20237"}],"wp:term":[{"taxonomy":"product_brand","embeddable":true,"href":"https:\/\/piano-academie.com\/en\/wp-json\/wp\/v2\/product_brand?post=20237"},{"taxonomy":"product_cat","embeddable":true,"href":"https:\/\/piano-academie.com\/en\/wp-json\/wp\/v2\/product_cat?post=20237"},{"taxonomy":"product_tag","embeddable":true,"href":"https:\/\/piano-academie.com\/en\/wp-json\/wp\/v2\/product_tag?post=20237"},{"taxonomy":"giftcard-category","embeddable":true,"href":"https:\/\/piano-academie.com\/en\/wp-json\/wp\/v2\/giftcard-category?post=20237"}],"curies":[{"name":"wp","href":"https:\/\/api.w.org\/{rel}","templated":true}]}}