{"id":229414,"date":"2024-11-08T16:15:05","date_gmt":"2024-11-08T15:15:05","guid":{"rendered":"https:\/\/piano-academie.com\/produit\/prelude-en-do-majeur-bach\/"},"modified":"2024-11-08T16:20:14","modified_gmt":"2024-11-08T15:20:14","slug":"prelude-en-do-majeur-bach","status":"publish","type":"product","link":"https:\/\/piano-academie.com\/en\/produit\/prelude-en-do-majeur-bach\/","title":{"rendered":"Prelude en Do majeur &#8211; Bach"},"content":{"rendered":"<p>Le <em>Pr\u00e9lude en Do majeur<\/em> de Bach, issu du <em>Clavier bien temp\u00e9r\u00e9<\/em>, est une pi\u00e8ce accessible \u00e0 des \u00e9l\u00e8ves de niveau interm\u00e9diaire. Sa structure r\u00e9p\u00e9titive et ses motifs arp\u00e9gi\u00e9s en font une excellente \u00e9tude pour d\u00e9velopper la fluidit\u00e9 et la pr\u00e9cision. Cependant, la pi\u00e8ce demande une bonne ma\u00eetrise de la coordination et une compr\u00e9hension de la dynamique pour interpr\u00e9ter correctement les nuances et les transitions.<\/p>\n","protected":false},"excerpt":{"rendered":"<p>Le <em>Pr\u00e9lude en Do majeur<\/em> de Bach, issu du <em>Clavier bien temp\u00e9r\u00e9<\/em>, est une pi\u00e8ce accessible \u00e0 des \u00e9l\u00e8ves de niveau interm\u00e9diaire. Sa structure r\u00e9p\u00e9titive et ses motifs arp\u00e9gi\u00e9s en font une excellente \u00e9tude pour d\u00e9velopper la fluidit\u00e9 et la pr\u00e9cision.<\/p>\n","protected":false},"featured_media":229416,"template":"","meta":{"_acf_changed":false,"_bbp_topic_count":0,"_bbp_reply_count":0,"_bbp_total_topic_count":0,"_bbp_total_reply_count":0,"_bbp_voice_count":0,"_bbp_anonymous_reply_count":0,"_bbp_topic_count_hidden":0,"_bbp_reply_count_hidden":0,"_bbp_forum_subforum_count":0},"product_brand":[],"product_cat":[256],"product_tag":[],"giftcard-category":[],"class_list":{"0":"post-229414","1":"product","2":"type-product","3":"status-publish","4":"has-post-thumbnail","6":"product_cat-classic-score","8":"first","9":"instock","10":"downloadable","11":"taxable","12":"shipping-taxable","13":"purchasable","14":"product-type-simple"},"acf":[],"_links":{"self":[{"href":"https:\/\/piano-academie.com\/en\/wp-json\/wp\/v2\/product\/229414","targetHints":{"allow":["GET"]}}],"collection":[{"href":"https:\/\/piano-academie.com\/en\/wp-json\/wp\/v2\/product"}],"about":[{"href":"https:\/\/piano-academie.com\/en\/wp-json\/wp\/v2\/types\/product"}],"version-history":[{"count":0,"href":"https:\/\/piano-academie.com\/en\/wp-json\/wp\/v2\/product\/229414\/revisions"}],"wp:featuredmedia":[{"embeddable":true,"href":"https:\/\/piano-academie.com\/en\/wp-json\/wp\/v2\/media\/229416"}],"wp:attachment":[{"href":"https:\/\/piano-academie.com\/en\/wp-json\/wp\/v2\/media?parent=229414"}],"wp:term":[{"taxonomy":"product_brand","embeddable":true,"href":"https:\/\/piano-academie.com\/en\/wp-json\/wp\/v2\/product_brand?post=229414"},{"taxonomy":"product_cat","embeddable":true,"href":"https:\/\/piano-academie.com\/en\/wp-json\/wp\/v2\/product_cat?post=229414"},{"taxonomy":"product_tag","embeddable":true,"href":"https:\/\/piano-academie.com\/en\/wp-json\/wp\/v2\/product_tag?post=229414"},{"taxonomy":"giftcard-category","embeddable":true,"href":"https:\/\/piano-academie.com\/en\/wp-json\/wp\/v2\/giftcard-category?post=229414"}],"curies":[{"name":"wp","href":"https:\/\/api.w.org\/{rel}","templated":true}]}}