{"id":236619,"date":"2024-11-27T13:34:15","date_gmt":"2024-11-27T12:34:15","guid":{"rendered":"https:\/\/piano-academie.com\/produit\/prelude-en-do-majeur-bach-copy\/"},"modified":"2025-05-15T18:06:05","modified_gmt":"2025-05-15T16:06:05","slug":"poupees-francaises-gillock","status":"publish","type":"product","link":"https:\/\/piano-academie.com\/en\/produit\/poupees-francaises-gillock\/","title":{"rendered":"Poup\u00e9es Fran\u00e7aises &#8211; Gillock"},"content":{"rendered":"<p>Transcription de French Doll de William Gillock adapt\u00e9e pour les \u00e9l\u00e8ves d\u00e9butants.<\/p>\n","protected":false},"excerpt":{"rendered":"<p>Transcription de French Doll de William Gillock adapt\u00e9e pour les \u00e9l\u00e8ves d\u00e9butants.<\/p>\n","protected":false},"featured_media":236622,"template":"","meta":{"_acf_changed":false,"_bbp_topic_count":0,"_bbp_reply_count":0,"_bbp_total_topic_count":0,"_bbp_total_reply_count":0,"_bbp_voice_count":0,"_bbp_anonymous_reply_count":0,"_bbp_topic_count_hidden":0,"_bbp_reply_count_hidden":0,"_bbp_forum_subforum_count":0},"product_brand":[],"product_cat":[161,156],"product_tag":[],"giftcard-category":[],"class_list":{"0":"post-236619","1":"product","2":"type-product","3":"status-publish","4":"has-post-thumbnail","6":"product_cat-classique-partition","7":"product_cat-classique","9":"first","10":"instock","11":"taxable","12":"shipping-taxable","13":"purchasable","14":"product-type-variable"},"acf":[],"_links":{"self":[{"href":"https:\/\/piano-academie.com\/en\/wp-json\/wp\/v2\/product\/236619","targetHints":{"allow":["GET"]}}],"collection":[{"href":"https:\/\/piano-academie.com\/en\/wp-json\/wp\/v2\/product"}],"about":[{"href":"https:\/\/piano-academie.com\/en\/wp-json\/wp\/v2\/types\/product"}],"version-history":[{"count":0,"href":"https:\/\/piano-academie.com\/en\/wp-json\/wp\/v2\/product\/236619\/revisions"}],"wp:featuredmedia":[{"embeddable":true,"href":"https:\/\/piano-academie.com\/en\/wp-json\/wp\/v2\/media\/236622"}],"wp:attachment":[{"href":"https:\/\/piano-academie.com\/en\/wp-json\/wp\/v2\/media?parent=236619"}],"wp:term":[{"taxonomy":"product_brand","embeddable":true,"href":"https:\/\/piano-academie.com\/en\/wp-json\/wp\/v2\/product_brand?post=236619"},{"taxonomy":"product_cat","embeddable":true,"href":"https:\/\/piano-academie.com\/en\/wp-json\/wp\/v2\/product_cat?post=236619"},{"taxonomy":"product_tag","embeddable":true,"href":"https:\/\/piano-academie.com\/en\/wp-json\/wp\/v2\/product_tag?post=236619"},{"taxonomy":"giftcard-category","embeddable":true,"href":"https:\/\/piano-academie.com\/en\/wp-json\/wp\/v2\/giftcard-category?post=236619"}],"curies":[{"name":"wp","href":"https:\/\/api.w.org\/{rel}","templated":true}]}}