{"id":236954,"date":"2022-11-28T18:41:20","date_gmt":"2022-11-28T17:41:20","guid":{"rendered":"https:\/\/piano-academie.com\/produit\/carte-cadeau-votre-1er-morceau-copy\/"},"modified":"2025-11-03T17:55:40","modified_gmt":"2025-11-03T16:55:40","slug":"apprenez-votre-1er-morceau-a-bar-le-duc","status":"publish","type":"product","link":"https:\/\/piano-academie.com\/en\/produit\/apprenez-votre-1er-morceau-a-bar-le-duc\/","title":{"rendered":"Apprenez votre 1er morceau \u00e0 Bar le Duc"},"content":{"rendered":"","protected":false},"excerpt":{"rendered":"<p>La formule comprend :<\/p>\n<p>&#8211;<\/p>\n<ul>\n<li>6 cours collectifs de piano de 1h (pr\u00e9sentiel)<\/li>\n<li>6 cours de solf\u00e8ge en ligne (30mn)<\/li>\n<\/ul>\n<p><span style=\"color: #0000ff;\">En savoir plus<\/span> : <a href=\"https:\/\/piano-academie.com\/carte-cadeau-mon-1er-morceau-a-bar-le-duc\/\">cliquez ici<\/a><\/p>\n<p>&nbsp;<\/p>\n<p><span style=\"color: #ff0000;\">Veuillez \u00e9viter l&#8217;utilisation de caract\u00e8res sp\u00e9ciaux dans le message adress\u00e9 au destinataire du cadeau.<\/span><\/p>\n","protected":false},"featured_media":236857,"template":"","meta":{"_acf_changed":false,"_bbp_topic_count":0,"_bbp_reply_count":0,"_bbp_total_topic_count":0,"_bbp_total_reply_count":0,"_bbp_voice_count":0,"_bbp_anonymous_reply_count":0,"_bbp_topic_count_hidden":0,"_bbp_reply_count_hidden":0,"_bbp_forum_subforum_count":0},"product_brand":[],"product_cat":[438],"product_tag":[],"giftcard-category":[451],"class_list":{"0":"post-236954","1":"product","2":"type-product","3":"status-publish","4":"has-post-thumbnail","6":"product_cat-cartes-cadeaux","7":"product_shipping_class-carte-cadeau","8":"giftcard-category-cartes-cadeaux","10":"first","11":"instock","12":"taxable","13":"shipping-taxable","14":"purchasable","15":"product-type-gift-card"},"acf":[],"_links":{"self":[{"href":"https:\/\/piano-academie.com\/en\/wp-json\/wp\/v2\/product\/236954","targetHints":{"allow":["GET"]}}],"collection":[{"href":"https:\/\/piano-academie.com\/en\/wp-json\/wp\/v2\/product"}],"about":[{"href":"https:\/\/piano-academie.com\/en\/wp-json\/wp\/v2\/types\/product"}],"version-history":[{"count":0,"href":"https:\/\/piano-academie.com\/en\/wp-json\/wp\/v2\/product\/236954\/revisions"}],"wp:featuredmedia":[{"embeddable":true,"href":"https:\/\/piano-academie.com\/en\/wp-json\/wp\/v2\/media\/236857"}],"wp:attachment":[{"href":"https:\/\/piano-academie.com\/en\/wp-json\/wp\/v2\/media?parent=236954"}],"wp:term":[{"taxonomy":"product_brand","embeddable":true,"href":"https:\/\/piano-academie.com\/en\/wp-json\/wp\/v2\/product_brand?post=236954"},{"taxonomy":"product_cat","embeddable":true,"href":"https:\/\/piano-academie.com\/en\/wp-json\/wp\/v2\/product_cat?post=236954"},{"taxonomy":"product_tag","embeddable":true,"href":"https:\/\/piano-academie.com\/en\/wp-json\/wp\/v2\/product_tag?post=236954"},{"taxonomy":"giftcard-category","embeddable":true,"href":"https:\/\/piano-academie.com\/en\/wp-json\/wp\/v2\/giftcard-category?post=236954"}],"curies":[{"name":"wp","href":"https:\/\/api.w.org\/{rel}","templated":true}]}}