{"id":237282,"date":"2024-11-29T10:22:35","date_gmt":"2024-11-29T09:22:35","guid":{"rendered":"https:\/\/piano-academie.com\/produit\/apprenez-votre-1er-morceau-a-bar-le-duc-copy\/"},"modified":"2025-05-15T16:59:20","modified_gmt":"2025-05-15T14:59:20","slug":"carte-cadeau-5-ateliers-parents-enfants-eveil-musical","status":"publish","type":"product","link":"https:\/\/piano-academie.com\/en\/produit\/carte-cadeau-5-ateliers-parents-enfants-eveil-musical\/","title":{"rendered":"Carte Cadeau &#8211; 5 ateliers Parents-Enfants &#8211; Bar-le-Duc"},"content":{"rendered":"\t\t<div data-elementor-type=\"product-post\" data-elementor-id=\"237282\" class=\"elementor elementor-237282\" data-elementor-post-type=\"product\">\n\t\t\t\t\t\t<section class=\"elementor-section elementor-top-section elementor-element elementor-element-4e1df787 elementor-section-boxed elementor-section-height-default elementor-section-height-default\" data-id=\"4e1df787\" data-element_type=\"section\" data-settings=\"{&quot;dotlife_ext_is_background_parallax&quot;:&quot;false&quot;}\">\n\t\t\t\t\t\t<div class=\"elementor-container elementor-column-gap-default\">\n\t\t\t\t\t<div class=\"elementor-column elementor-col-100 elementor-top-column elementor-element elementor-element-f778dc1\" data-id=\"f778dc1\" data-element_type=\"column\" data-settings=\"{&quot;dotlife_ext_is_scrollme&quot;:&quot;false&quot;,&quot;dotlife_ext_is_smoove&quot;:&quot;false&quot;,&quot;dotlife_ext_is_parallax_mouse&quot;:&quot;false&quot;,&quot;dotlife_ext_is_infinite&quot;:&quot;false&quot;,&quot;dotlife_ext_is_fadeout_animation&quot;:&quot;false&quot;}\">\n\t\t\t<div class=\"elementor-widget-wrap elementor-element-populated\">\n\t\t\t\t\t\t<div class=\"elementor-element elementor-element-5890a857 elementor-widget elementor-widget-text-editor\" data-id=\"5890a857\" data-element_type=\"widget\" data-settings=\"{&quot;dotlife_ext_is_scrollme&quot;:&quot;false&quot;,&quot;dotlife_ext_is_smoove&quot;:&quot;false&quot;,&quot;dotlife_ext_is_parallax_mouse&quot;:&quot;false&quot;,&quot;dotlife_ext_is_infinite&quot;:&quot;false&quot;,&quot;dotlife_ext_is_fadeout_animation&quot;:&quot;false&quot;}\" data-widget_type=\"text-editor.default\">\n\t\t\t\t<div class=\"elementor-widget-container\">\n\t\t\t\t\t\t\t\t\t<p>Ateliers de 45mn propos\u00e9s uniquement sur Bar-le-Duc les samedis matin. Ces ateliers sont con\u00e7us pour les enfants de 1\u00e0 3 ans, accompagn\u00e9s d&#8217;un parent.\u00a0<\/p>\t\t\t\t\t\t\t\t<\/div>\n\t\t\t\t<\/div>\n\t\t\t\t\t<\/div>\n\t\t<\/div>\n\t\t\t\t\t<\/div>\n\t\t<\/section>\n\t\t<div class=\"elementor-element elementor-element-c8362ed e-flex e-con-boxed e-con e-parent\" data-id=\"c8362ed\" data-element_type=\"container\">\n\t\t\t\t\t<div class=\"e-con-inner\">\n\t\t\t\t<div class=\"elementor-element elementor-element-26bbc5c elementor-widget elementor-widget-text-editor\" data-id=\"26bbc5c\" data-element_type=\"widget\" data-settings=\"{&quot;dotlife_ext_is_scrollme&quot;:&quot;false&quot;,&quot;dotlife_ext_is_smoove&quot;:&quot;false&quot;,&quot;dotlife_ext_is_parallax_mouse&quot;:&quot;false&quot;,&quot;dotlife_ext_is_infinite&quot;:&quot;false&quot;,&quot;dotlife_ext_is_fadeout_animation&quot;:&quot;false&quot;}\" data-widget_type=\"text-editor.default\">\n\t\t\t\t<div class=\"elementor-widget-container\">\n\t\t\t\t\t\t\t\t\t<p style=\"font-weight: 400;\"><strong>Explorez les chefs-d\u2019\u0153uvre de la musique classique d\u2019une mani\u00e8re unique et captivante !<\/strong><\/p><ul style=\"font-weight: 400;\"><li><strong>Th\u00e9\u00e2tre Kamishibai<\/strong>: Plongez dans des histoires captivantes qui donnent vie aux grandes \u0153uvres classiques.<\/li><li><strong>Concerts interactifs<\/strong>\u00a0: \u00c9coutez et reconnaissez les m\u00e9lodies c\u00e9l\u00e8bres jou\u00e9es au piano par un pianiste professionnel, en direct.<\/li><li><strong>Expression artistique<\/strong>\u00a0: Exprimez-vous en chantant et en dansant sur des airs embl\u00e9matiques.<\/li><li><strong>Initiation rythmique<\/strong>\u00a0: Apprenez les bases du rythme en jouant avec divers instruments de percussion.<\/li><li><strong>Jeux musicaux<\/strong>\u00a0: Participez \u00e0 des activit\u00e9s et \u00e0 des jeux ludiques qui stimulent le mouvement et l\u2019\u00e9coute active.<\/li><\/ul><p style=\"font-weight: 400;\">\u00a0<\/p>\t\t\t\t\t\t\t\t<\/div>\n\t\t\t\t<\/div>\n\t\t\t\t\t<\/div>\n\t\t\t\t<\/div>\n\t\t<div class=\"elementor-element elementor-element-0b80c34 e-flex e-con-boxed e-con e-parent\" data-id=\"0b80c34\" data-element_type=\"container\">\n\t\t\t\t\t<div class=\"e-con-inner\">\n\t\t\t\t<div class=\"elementor-element elementor-element-5467e82 elementor-widget elementor-widget-global elementor-global-10803 elementor-widget-html\" data-id=\"5467e82\" data-element_type=\"widget\" data-settings=\"{&quot;dotlife_ext_is_scrollme&quot;:&quot;false&quot;,&quot;dotlife_ext_is_smoove&quot;:&quot;false&quot;,&quot;dotlife_ext_is_parallax_mouse&quot;:&quot;false&quot;,&quot;dotlife_ext_is_infinite&quot;:&quot;false&quot;,&quot;dotlife_ext_is_fadeout_animation&quot;:&quot;false&quot;}\" data-widget_type=\"html.default\">\n\t\t\t\t<div class=\"elementor-widget-container\">\n\t\t\t\t\t<!-- Start of piano-academie Zendesk Widget script -->\n<script id=\"ze-snippet\" src=\"https:\/\/static.zdassets.com\/ekr\/snippet.js?key=fa3deb6d-e96b-4ea2-b6f3-36a4c05b4bab\"> <\/script>\n<!-- End of piano-academie Zendesk Widget script -->\t\t\t\t<\/div>\n\t\t\t\t<\/div>\n\t\t\t\t\t<\/div>\n\t\t\t\t<\/div>\n\t\t\t\t<\/div>\n\t\t","protected":false},"excerpt":{"rendered":"<p>La formule comprend :<\/p>\n<p>&#8211; Participation \u00e0 5 ateliers Parents-Enfants &#8211; Eveil Musical de 45mn dans notre local de Bar-le-Duc<\/p>\n<p><span style=\"color: #0000ff;\">En savoir plus<\/span> : <a href=\"https:\/\/piano-academie.com\/barleduc\/les-1-3-ans-les-ateliers-deveil-musical\/\">cliquez ici<\/a><\/p>\n<p>&nbsp;<\/p>\n<p><span style=\"color: #ff0000;\">Veuillez \u00e9viter l&#8217;utilisation de caract\u00e8res sp\u00e9ciaux dans le message adress\u00e9 au destinataire du cadeau.<\/span><\/p>\n","protected":false},"featured_media":237313,"template":"","meta":{"_acf_changed":false,"_bbp_topic_count":0,"_bbp_reply_count":0,"_bbp_total_topic_count":0,"_bbp_total_reply_count":0,"_bbp_voice_count":0,"_bbp_anonymous_reply_count":0,"_bbp_topic_count_hidden":0,"_bbp_reply_count_hidden":0,"_bbp_forum_subforum_count":0},"product_brand":[],"product_cat":[438],"product_tag":[],"giftcard-category":[451],"class_list":{"0":"post-237282","1":"product","2":"type-product","3":"status-publish","4":"has-post-thumbnail","6":"product_cat-cartes-cadeaux","7":"product_shipping_class-carte-cadeau","8":"giftcard-category-cartes-cadeaux","10":"first","11":"instock","12":"taxable","13":"shipping-taxable","14":"purchasable","15":"product-type-gift-card"},"acf":[],"_links":{"self":[{"href":"https:\/\/piano-academie.com\/en\/wp-json\/wp\/v2\/product\/237282","targetHints":{"allow":["GET"]}}],"collection":[{"href":"https:\/\/piano-academie.com\/en\/wp-json\/wp\/v2\/product"}],"about":[{"href":"https:\/\/piano-academie.com\/en\/wp-json\/wp\/v2\/types\/product"}],"version-history":[{"count":0,"href":"https:\/\/piano-academie.com\/en\/wp-json\/wp\/v2\/product\/237282\/revisions"}],"wp:featuredmedia":[{"embeddable":true,"href":"https:\/\/piano-academie.com\/en\/wp-json\/wp\/v2\/media\/237313"}],"wp:attachment":[{"href":"https:\/\/piano-academie.com\/en\/wp-json\/wp\/v2\/media?parent=237282"}],"wp:term":[{"taxonomy":"product_brand","embeddable":true,"href":"https:\/\/piano-academie.com\/en\/wp-json\/wp\/v2\/product_brand?post=237282"},{"taxonomy":"product_cat","embeddable":true,"href":"https:\/\/piano-academie.com\/en\/wp-json\/wp\/v2\/product_cat?post=237282"},{"taxonomy":"product_tag","embeddable":true,"href":"https:\/\/piano-academie.com\/en\/wp-json\/wp\/v2\/product_tag?post=237282"},{"taxonomy":"giftcard-category","embeddable":true,"href":"https:\/\/piano-academie.com\/en\/wp-json\/wp\/v2\/giftcard-category?post=237282"}],"curies":[{"name":"wp","href":"https:\/\/api.w.org\/{rel}","templated":true}]}}