{"id":275307,"date":"2025-03-22T17:16:39","date_gmt":"2025-03-22T16:16:39","guid":{"rendered":"https:\/\/piano-academie.com\/?post_type=product&#038;p=275307"},"modified":"2025-03-23T12:04:55","modified_gmt":"2025-03-23T11:04:55","slug":"married-life","status":"publish","type":"product","link":"https:\/\/piano-academie.com\/en\/produit\/married-life\/","title":{"rendered":"Married Life (L\u00e0-haut)"},"content":{"rendered":"<p>Transcription de la musique du film anim\u00e9 L\u00e0-Haut &#8211; 2 niveaux propos\u00e9s<\/p>\n<p>&nbsp;<\/p>\n","protected":false},"excerpt":{"rendered":"<p>Transcription du th\u00e8me de film de Pixar Married Life (L\u00e0-Haut)<\/p>\n","protected":false},"featured_media":275313,"template":"","meta":{"_acf_changed":false,"_bbp_topic_count":0,"_bbp_reply_count":0,"_bbp_total_topic_count":0,"_bbp_total_reply_count":0,"_bbp_voice_count":0,"_bbp_anonymous_reply_count":0,"_bbp_topic_count_hidden":0,"_bbp_reply_count_hidden":0,"_bbp_forum_subforum_count":0},"product_brand":[],"product_cat":[250,244,262],"product_tag":[],"giftcard-category":[],"class_list":{"0":"post-275307","1":"product","2":"type-product","3":"status-publish","4":"has-post-thumbnail","6":"product_cat-film-music","7":"product_cat-music-score","8":"product_cat-pop","9":"product_shipping_class-standard-delivery","10":"pa_niveau-advanced","11":"pa_niveau-beginner","12":"pa_telechargement-downloadable","14":"first","15":"instock","16":"taxable","17":"shipping-taxable","18":"purchasable","19":"product-type-variable"},"acf":[],"_links":{"self":[{"href":"https:\/\/piano-academie.com\/en\/wp-json\/wp\/v2\/product\/275307","targetHints":{"allow":["GET"]}}],"collection":[{"href":"https:\/\/piano-academie.com\/en\/wp-json\/wp\/v2\/product"}],"about":[{"href":"https:\/\/piano-academie.com\/en\/wp-json\/wp\/v2\/types\/product"}],"version-history":[{"count":0,"href":"https:\/\/piano-academie.com\/en\/wp-json\/wp\/v2\/product\/275307\/revisions"}],"wp:featuredmedia":[{"embeddable":true,"href":"https:\/\/piano-academie.com\/en\/wp-json\/wp\/v2\/media\/275313"}],"wp:attachment":[{"href":"https:\/\/piano-academie.com\/en\/wp-json\/wp\/v2\/media?parent=275307"}],"wp:term":[{"taxonomy":"product_brand","embeddable":true,"href":"https:\/\/piano-academie.com\/en\/wp-json\/wp\/v2\/product_brand?post=275307"},{"taxonomy":"product_cat","embeddable":true,"href":"https:\/\/piano-academie.com\/en\/wp-json\/wp\/v2\/product_cat?post=275307"},{"taxonomy":"product_tag","embeddable":true,"href":"https:\/\/piano-academie.com\/en\/wp-json\/wp\/v2\/product_tag?post=275307"},{"taxonomy":"giftcard-category","embeddable":true,"href":"https:\/\/piano-academie.com\/en\/wp-json\/wp\/v2\/giftcard-category?post=275307"}],"curies":[{"name":"wp","href":"https:\/\/api.w.org\/{rel}","templated":true}]}}