{"id":29739,"date":"2020-12-08T09:18:20","date_gmt":"2020-12-08T08:18:20","guid":{"rendered":"https:\/\/www.piano-academie.com\/produit\/box-shallow-copy\/"},"modified":"2020-12-08T09:18:20","modified_gmt":"2020-12-08T08:18:20","slug":"box-shallow-copy","status":"publish","type":"product","link":"https:\/\/piano-academie.com\/en\/produit\/box-shallow-copy\/","title":{"rendered":"Box &#8211; shallow  Exemplaire"},"content":{"rendered":"\n<nav aria-label=\"breadcrumbs\" class=\"rank-math-breadcrumb\"><p><span class=\"last\">Accueil<\/span><\/p><\/nav>\n","protected":false},"excerpt":{"rendered":"<p>Apprendre \u00e0 jouer le th\u00e8me du film a star is born interpr\u00e9t\u00e9 par Lady Gaga.\u00a0Ce cours en vid\u00e9os s&#8217;adresse aux \u00e9l\u00e8ves d\u00e9butants.<\/p>\n","protected":false},"featured_media":0,"template":"","meta":{"_acf_changed":false,"_bbp_topic_count":0,"_bbp_reply_count":0,"_bbp_total_topic_count":0,"_bbp_total_reply_count":0,"_bbp_voice_count":0,"_bbp_anonymous_reply_count":0,"_bbp_topic_count_hidden":0,"_bbp_reply_count_hidden":0,"_bbp_forum_subforum_count":0},"product_brand":[],"product_cat":[],"product_tag":[],"giftcard-category":[],"class_list":{"0":"post-29739","1":"product","2":"type-product","3":"status-publish","6":"first","7":"instock","8":"taxable","9":"shipping-taxable","10":"product-type-simple"},"acf":[],"_links":{"self":[{"href":"https:\/\/piano-academie.com\/en\/wp-json\/wp\/v2\/product\/29739","targetHints":{"allow":["GET"]}}],"collection":[{"href":"https:\/\/piano-academie.com\/en\/wp-json\/wp\/v2\/product"}],"about":[{"href":"https:\/\/piano-academie.com\/en\/wp-json\/wp\/v2\/types\/product"}],"version-history":[{"count":0,"href":"https:\/\/piano-academie.com\/en\/wp-json\/wp\/v2\/product\/29739\/revisions"}],"wp:attachment":[{"href":"https:\/\/piano-academie.com\/en\/wp-json\/wp\/v2\/media?parent=29739"}],"wp:term":[{"taxonomy":"product_brand","embeddable":true,"href":"https:\/\/piano-academie.com\/en\/wp-json\/wp\/v2\/product_brand?post=29739"},{"taxonomy":"product_cat","embeddable":true,"href":"https:\/\/piano-academie.com\/en\/wp-json\/wp\/v2\/product_cat?post=29739"},{"taxonomy":"product_tag","embeddable":true,"href":"https:\/\/piano-academie.com\/en\/wp-json\/wp\/v2\/product_tag?post=29739"},{"taxonomy":"giftcard-category","embeddable":true,"href":"https:\/\/piano-academie.com\/en\/wp-json\/wp\/v2\/giftcard-category?post=29739"}],"curies":[{"name":"wp","href":"https:\/\/api.w.org\/{rel}","templated":true}]}}