{"id":340856,"date":"2025-12-01T16:25:41","date_gmt":"2025-12-01T15:25:41","guid":{"rendered":"https:\/\/piano-academie.com\/produit\/offre-decouverte-cours-en-ligne-pour-enfants\/"},"modified":"2025-12-01T16:25:41","modified_gmt":"2025-12-01T15:25:41","slug":"offre-decouverte-cours-en-ligne-pour-enfants","status":"publish","type":"product","link":"https:\/\/piano-academie.com\/en\/produit\/offre-decouverte-cours-en-ligne-pour-enfants\/","title":{"rendered":"Offre d\u00e9couverte &#8211; cours en ligne pour enfants"},"content":{"rendered":"<h3>6 cours collectifs en ligne d\u2019une heure chacun<\/h3>\n<p>Cette offre d\u00e9couverte permet aux enfants et adolescents de 5 \u00e0 16 ans de suivre de vrais cours collectifs de piano en ligne, encadr\u00e9s par nos professeurs. Il suffit d\u2019une connexion Internet et d\u2019un t\u00e9l\u00e9phone, d\u2019une tablette ou d\u2019un ordinateur.<\/p>\n","protected":false},"excerpt":{"rendered":"<p>Des cours en visio, interactifs et adapt\u00e9s aux enfants de 5 \u00e0 16 ans, avec une m\u00e9thode progressive et un suivi individualis\u00e9 au sein du groupe.<\/p>\n","protected":false},"featured_media":329904,"template":"","meta":{"_acf_changed":false,"_bbp_topic_count":0,"_bbp_reply_count":0,"_bbp_total_topic_count":0,"_bbp_total_reply_count":0,"_bbp_voice_count":0,"_bbp_anonymous_reply_count":0,"_bbp_topic_count_hidden":0,"_bbp_reply_count_hidden":0,"_bbp_forum_subforum_count":0},"product_brand":[],"product_cat":[439],"product_tag":[],"giftcard-category":[],"class_list":{"0":"post-340856","1":"product","2":"type-product","3":"status-publish","4":"has-post-thumbnail","6":"product_cat-cartes-cadeaux-en","8":"first","9":"instock","10":"virtual","11":"taxable","12":"purchasable","13":"product-type-simple"},"acf":[],"_links":{"self":[{"href":"https:\/\/piano-academie.com\/en\/wp-json\/wp\/v2\/product\/340856","targetHints":{"allow":["GET"]}}],"collection":[{"href":"https:\/\/piano-academie.com\/en\/wp-json\/wp\/v2\/product"}],"about":[{"href":"https:\/\/piano-academie.com\/en\/wp-json\/wp\/v2\/types\/product"}],"version-history":[{"count":0,"href":"https:\/\/piano-academie.com\/en\/wp-json\/wp\/v2\/product\/340856\/revisions"}],"wp:featuredmedia":[{"embeddable":true,"href":"https:\/\/piano-academie.com\/en\/wp-json\/wp\/v2\/media\/329904"}],"wp:attachment":[{"href":"https:\/\/piano-academie.com\/en\/wp-json\/wp\/v2\/media?parent=340856"}],"wp:term":[{"taxonomy":"product_brand","embeddable":true,"href":"https:\/\/piano-academie.com\/en\/wp-json\/wp\/v2\/product_brand?post=340856"},{"taxonomy":"product_cat","embeddable":true,"href":"https:\/\/piano-academie.com\/en\/wp-json\/wp\/v2\/product_cat?post=340856"},{"taxonomy":"product_tag","embeddable":true,"href":"https:\/\/piano-academie.com\/en\/wp-json\/wp\/v2\/product_tag?post=340856"},{"taxonomy":"giftcard-category","embeddable":true,"href":"https:\/\/piano-academie.com\/en\/wp-json\/wp\/v2\/giftcard-category?post=340856"}],"curies":[{"name":"wp","href":"https:\/\/api.w.org\/{rel}","templated":true}]}}