{"id":362561,"date":"2026-01-26T15:00:44","date_gmt":"2026-01-26T14:00:44","guid":{"rendered":"https:\/\/piano-academie.com\/produit\/abonnement-mensuel-illimit-solfge-cours-en-ligne\/"},"modified":"2026-03-26T11:05:04","modified_gmt":"2026-03-26T10:05:04","slug":"abonnement-mensuel-illimit-solfge-cours-en-ligne","status":"publish","type":"product","link":"https:\/\/piano-academie.com\/en\/produit\/abonnement-mensuel-illimit-solfge-cours-en-ligne\/","title":{"rendered":"Abonnement mensuel illimit\u00e9 + solf\u00e8ge &#8211; cours en ligne"},"content":{"rendered":"\t\t<div data-elementor-type=\"product-post\" data-elementor-id=\"362561\" class=\"elementor elementor-362561 elementor-362497\" data-elementor-post-type=\"product\">\n\t\t\t\t<div class=\"elementor-element elementor-element-2161a029 e-flex e-con-boxed e-con e-parent\" data-id=\"2161a029\" data-element_type=\"container\" data-e-type=\"container\">\n\t\t\t\t\t<div class=\"e-con-inner\">\n\t\t\t\t<div class=\"elementor-element elementor-element-1acac24d elementor-widget elementor-widget-text-editor\" data-id=\"1acac24d\" data-element_type=\"widget\" data-e-type=\"widget\" data-settings=\"{&quot;dotlife_ext_is_scrollme&quot;:&quot;false&quot;,&quot;dotlife_ext_is_smoove&quot;:&quot;false&quot;,&quot;dotlife_ext_is_parallax_mouse&quot;:&quot;false&quot;,&quot;dotlife_ext_is_infinite&quot;:&quot;false&quot;,&quot;dotlife_ext_is_fadeout_animation&quot;:&quot;false&quot;}\" data-widget_type=\"text-editor.default\">\n\t\t\t\t<div class=\"elementor-widget-container\">\n\t\t\t\t\t\t\t\t\t<p data-start=\"223\" data-end=\"428\">Cet abonnement illimit\u00e9 de piano en ligne sur deux mois s\u2019adresse aux adultes souhaitant d\u00e9buter le piano ou reprendre dans un cadre structur\u00e9, s\u00e9rieux et bienveillant, avec une grande libert\u00e9 de pratique.<\/p><p data-start=\"430\" data-end=\"663\">Les cours se d\u00e9roulent en visioconf\u00e9rence (Zoom), sous forme de cours collectifs individualis\u00e9s. Chaque \u00e9l\u00e8ve travaille sur son propre r\u00e9pertoire et \u00e0 son rythme, au sein d\u2019un petit groupe encadr\u00e9 par un professeur de Piano Acad\u00e9mie.<\/p><p data-start=\"665\" data-end=\"969\">Pendant toute la dur\u00e9e de l\u2019abonnement, il est possible de suivre jusqu\u2019\u00e0 cinq cours de piano par semaine, selon les cr\u00e9neaux disponibles. Cette formule permet une immersion musicale intensive, id\u00e9ale pour progresser rapidement, retrouver des automatismes ou consolider des bases techniques et musicales.<\/p><p data-start=\"971\" data-end=\"1174\">Que vous soyez grand d\u00e9butant, ancien \u00e9l\u00e8ve ayant arr\u00eat\u00e9 depuis longtemps ou musicien amateur souhaitant structurer son travail, cet abonnement offre un cadre motivant et exigeant, sans pression inutile.<\/p><p data-start=\"1176\" data-end=\"1483\">\u00c0 qui s\u2019adresse cet abonnement<br data-start=\"1206\" data-end=\"1209\" \/>\u2013 Adultes d\u00e9butants souhaitant d\u00e9marrer avec un suivi r\u00e9gulier<br data-start=\"1271\" data-end=\"1274\" \/>\u2013 Adultes reprenant le piano apr\u00e8s une longue pause<br data-start=\"1325\" data-end=\"1328\" \/>\u2013 Adultes souhaitant progresser rapidement gr\u00e2ce \u00e0 une pratique fr\u00e9quente<br data-start=\"1401\" data-end=\"1404\" \/>\u2013 Personnes recherchant une formule souple et intensive, sans engagement long<\/p><p data-start=\"1485\" data-end=\"1789\">Ce que vous allez travailler au piano<br data-start=\"1522\" data-end=\"1525\" \/>\u2013 Lecture des notes et rep\u00e8res au clavier<br data-start=\"1566\" data-end=\"1569\" \/>\u2013 Coordination et ind\u00e9pendance des mains<br data-start=\"1609\" data-end=\"1612\" \/>\u2013 Travail du rythme, de l\u2019\u00e9coute et de la pr\u00e9cision<br data-start=\"1663\" data-end=\"1666\" \/>\u2013 Morceaux adapt\u00e9s \u00e0 votre niveau et \u00e0 vos objectifs<br data-start=\"1718\" data-end=\"1721\" \/>\u2013 M\u00e9thodes de travail pour progresser efficacement entre les cours<\/p><p data-start=\"1791\" data-end=\"2056\">Cours de solf\u00e8ge inclus<br data-start=\"1814\" data-end=\"1817\" \/>Cette formule inclut \u00e9galement l\u2019acc\u00e8s \u00e0 un cours de solf\u00e8ge en ligne de 30 minutes par semaine, en visioconf\u00e9rence (Zoom).<br data-start=\"1940\" data-end=\"1943\" \/>Ces cours s\u2019adressent aux \u00e9l\u00e8ves d\u00e9butants souhaitant devenir autonomes dans la lecture d\u2019une partition de piano.<\/p><p data-start=\"2058\" data-end=\"2189\">Deux niveaux de solf\u00e8ge sont propos\u00e9s, afin de s\u2019adapter au niveau de chacun.<br data-start=\"2135\" data-end=\"2138\" \/>Les cours ont lieu \u00e0 21h, les lundis et les jeudis.<\/p><p data-start=\"2191\" data-end=\"2466\">D\u00e9roulement des cours<br data-start=\"2212\" data-end=\"2215\" \/>\u2013 Cours collectifs individualis\u00e9s en ligne via Zoom<br data-start=\"2266\" data-end=\"2269\" \/>\u2013 Encadrement par les professeurs de Piano Acad\u00e9mie<br data-start=\"2320\" data-end=\"2323\" \/>\u2013 Acc\u00e8s \u00e0 plusieurs cr\u00e9neaux de piano par semaine<br data-start=\"2372\" data-end=\"2375\" \/>\u2013 Cours de solf\u00e8ge hebdomadaire inclus<br data-start=\"2413\" data-end=\"2416\" \/>\u2013 Suivi p\u00e9dagogique continu d\u2019un cours \u00e0 l\u2019autre<\/p><p data-start=\"2468\" data-end=\"2867\">Pourquoi choisir l\u2019abonnement illimit\u00e9 sur deux mois<br data-start=\"2520\" data-end=\"2523\" \/>\u2013 Possibilit\u00e9 de suivre jusqu\u2019\u00e0 cinq cours de piano par semaine<br data-start=\"2586\" data-end=\"2589\" \/>\u2013 Acc\u00e8s \u00e0 un cours de solf\u00e8ge hebdomadaire inclus<br data-start=\"2638\" data-end=\"2641\" \/>\u2013 Formule intensive id\u00e9ale pour progresser rapidement<br data-start=\"2694\" data-end=\"2697\" \/>\u2013 Souplesse du format en ligne, depuis chez vous<br data-start=\"2745\" data-end=\"2748\" \/>\u2013 Engagement limit\u00e9 dans le temps, sans contrainte annuelle<br data-start=\"2807\" data-end=\"2810\" \/>\u2013 D\u00e9couverte approfondie de la p\u00e9dagogie Piano Acad\u00e9mie<\/p><p data-start=\"2869\" data-end=\"3082\">Cet abonnement constitue une formule id\u00e9ale pour s\u2019installer durablement au piano, d\u00e9velopper des bases solides et gagner en autonomie dans la lecture musicale, dans un cadre professionnel, structur\u00e9 et stimulant.<\/p>\t\t\t\t\t\t\t\t<\/div>\n\t\t\t\t<\/div>\n\t\t\t\t\t<\/div>\n\t\t\t\t<\/div>\n\t\t\t\t<\/div>\n\t\t","protected":false},"excerpt":{"rendered":"<p>2 mois d&#8217;abonnement mensuel, illimit\u00e9 &#8211; Cours de piano en ligne. Les cours se d\u00e9roulent en visioconf\u00e9rence avec un professeur de Piano Acad\u00e9mie et s\u2019adaptent \u00e0 votre niveau, votre rythme et vos objectifs. Ce produit vous permet \u00e9galement d&#8217;acc\u00e9der \u00e0 des cours de solf\u00e8ge en ligne de 30mn \u00e0 raison d&#8217;un cours par semaine.<\/p>\n","protected":false},"featured_media":362559,"template":"","meta":{"_acf_changed":false,"_bbp_topic_count":0,"_bbp_reply_count":0,"_bbp_total_topic_count":0,"_bbp_total_reply_count":0,"_bbp_voice_count":0,"_bbp_anonymous_reply_count":0,"_bbp_topic_count_hidden":0,"_bbp_reply_count_hidden":0,"_bbp_forum_subforum_count":0},"product_brand":[],"product_cat":[540],"product_tag":[529,530],"giftcard-category":[],"class_list":{"0":"post-362561","1":"product","2":"type-product","3":"status-publish","4":"has-post-thumbnail","6":"product_cat-cours-en-ligne","7":"product_tag-abonnement","8":"product_tag-solfege","10":"first","11":"instock","12":"virtual","13":"taxable","14":"purchasable","15":"product-type-simple"},"acf":[],"_links":{"self":[{"href":"https:\/\/piano-academie.com\/en\/wp-json\/wp\/v2\/product\/362561","targetHints":{"allow":["GET"]}}],"collection":[{"href":"https:\/\/piano-academie.com\/en\/wp-json\/wp\/v2\/product"}],"about":[{"href":"https:\/\/piano-academie.com\/en\/wp-json\/wp\/v2\/types\/product"}],"version-history":[{"count":0,"href":"https:\/\/piano-academie.com\/en\/wp-json\/wp\/v2\/product\/362561\/revisions"}],"wp:featuredmedia":[{"embeddable":true,"href":"https:\/\/piano-academie.com\/en\/wp-json\/wp\/v2\/media\/362559"}],"wp:attachment":[{"href":"https:\/\/piano-academie.com\/en\/wp-json\/wp\/v2\/media?parent=362561"}],"wp:term":[{"taxonomy":"product_brand","embeddable":true,"href":"https:\/\/piano-academie.com\/en\/wp-json\/wp\/v2\/product_brand?post=362561"},{"taxonomy":"product_cat","embeddable":true,"href":"https:\/\/piano-academie.com\/en\/wp-json\/wp\/v2\/product_cat?post=362561"},{"taxonomy":"product_tag","embeddable":true,"href":"https:\/\/piano-academie.com\/en\/wp-json\/wp\/v2\/product_tag?post=362561"},{"taxonomy":"giftcard-category","embeddable":true,"href":"https:\/\/piano-academie.com\/en\/wp-json\/wp\/v2\/giftcard-category?post=362561"}],"curies":[{"name":"wp","href":"https:\/\/api.w.org\/{rel}","templated":true}]}}