{"id":39318,"date":"2020-12-15T14:35:10","date_gmt":"2020-12-15T13:35:10","guid":{"rendered":"https:\/\/www.piano-academie.com\/produit\/box-lalaland-copy\/"},"modified":"2020-12-15T14:48:31","modified_gmt":"2020-12-15T13:48:31","slug":"box-moon-river","status":"publish","type":"product","link":"https:\/\/piano-academie.com\/en\/produit\/box-moon-river\/","title":{"rendered":"Box &#8211; Moon River- d\u00e9butant"},"content":{"rendered":"\t\t<div data-elementor-type=\"product-post\" data-elementor-id=\"39318\" class=\"elementor elementor-39318\" data-elementor-post-type=\"product\">\n\t\t\t\t\t\t<section class=\"elementor-section elementor-top-section elementor-element elementor-element-2cc1742 elementor-section-boxed elementor-section-height-default elementor-section-height-default\" data-id=\"2cc1742\" data-element_type=\"section\" data-settings=\"{&quot;dotlife_ext_is_background_parallax&quot;:&quot;false&quot;}\">\n\t\t\t\t\t\t<div class=\"elementor-container elementor-column-gap-default\">\n\t\t\t\t\t<div class=\"elementor-column elementor-col-100 elementor-top-column elementor-element elementor-element-5b7ff63\" data-id=\"5b7ff63\" data-element_type=\"column\" data-settings=\"{&quot;dotlife_ext_is_scrollme&quot;:&quot;false&quot;,&quot;dotlife_ext_is_smoove&quot;:&quot;false&quot;,&quot;dotlife_ext_is_parallax_mouse&quot;:&quot;false&quot;,&quot;dotlife_ext_is_infinite&quot;:&quot;false&quot;,&quot;dotlife_ext_is_fadeout_animation&quot;:&quot;false&quot;}\">\n\t\t\t<div class=\"elementor-widget-wrap elementor-element-populated\">\n\t\t\t\t\t\t<div class=\"elementor-element elementor-element-ee52c41 elementor-widget elementor-widget-text-editor\" data-id=\"ee52c41\" data-element_type=\"widget\" data-settings=\"{&quot;dotlife_ext_is_scrollme&quot;:&quot;false&quot;,&quot;dotlife_ext_is_smoove&quot;:&quot;false&quot;,&quot;dotlife_ext_is_parallax_mouse&quot;:&quot;false&quot;,&quot;dotlife_ext_is_infinite&quot;:&quot;false&quot;,&quot;dotlife_ext_is_fadeout_animation&quot;:&quot;false&quot;}\" data-widget_type=\"text-editor.default\">\n\t\t\t\t<div class=\"elementor-widget-container\">\n\t\t\t\t\t\t\t\t\t<p><div class=\"learndash-wrapper learndash-wrap learndash-shortcode-wrap learndash-shortcode-wrap-course_content-39270_39270_0\"><div class=\"learndash user_has_no_access\" id=\"learndash_post_39270\">\t\t<div class=\"learndash-wrapper\">\n\t\t\t\t\t\t<div class=\"ld-item-list ld-lesson-list ld-course-content-39270\" data-shortcode_instance=\"{&quot;course_id&quot;:39270,&quot;post_id&quot;:39270,&quot;group_id&quot;:0,&quot;paged&quot;:1,&quot;num&quot;:5,&quot;wrapper&quot;:true,&quot;user_id&quot;:0}\">\n\t\t\t<div class=\"ld-section-heading\">\n\n\t\t\t\t\n\t\t\t\t<h2>\n\t\t\t\tCourse Content\t\t\t\t<\/h2>\n\n\t\t\t\t\n\t\t\t\t<div class=\"ld-item-list-actions\" data-ld-expand-list=\"true\">\n\n\t\t\t\t\t\n\t\t\t\t\t\n\t\t\t\t<\/div> <!--\/.ld-item-list-actions-->\n\t\t\t<\/div> <!--\/.ld-section-heading-->\n\n\t\t\t\n\t<div class=\"ld-item-list-items  ld-item-list-39270\" id=\"ld-item-list-39270\" data-ld-expand-id=\"ld-item-list-39270\" data-ld-expand-list=\"true\">\n\t\t\n<div\n\tclass=\"ld-item-list-item ld-item-lesson-item ld-lesson-item-39271 is_not_sample learndash-not-available learndash-incomplete\"\n\tid=\"ld-expand-39271\"\n\tdata-ld-expand-id=\"ld-expand-39271\"\n\t>\n\t<div class=\"ld-item-list-item-preview\">\n\t\t<div class=\"ld-tooltip\">\n\t\t\t\n\t\t\t<a\n\t\t\t\t\t\t\t\t\taria-describedby=\"ld-lesson__row-tooltip--39271\"\n\t\t\t\t\t\t\t\tclass=\"ld-item-name ld-primary-color-hover\"\n\t\t\t\thref=\"https:\/\/piano-academie.com\/courses\/moon-river-debutant\/lessons\/moon-river-le-morceau-en-couleurs\/\"\n\t\t\t>\n\t\t\t\t<div class=\"ld-status-icon ld-status-incomplete\" role=\"img\" aria-label=\"Not started\"><\/div>\t\t\t\t<div class=\"ld-item-title\">\n\t\t\t\t\tMoon River  &#8211; le morceau en couleurs\n\t\t\t\t<\/div> <!--\/.ld-item-title-->\n\t\t\t<\/a>\n\n\t\t\t\t\t\t\t<div\n\t\t\t\t\tclass=\"ld-tooltip__text\"\n\t\t\t\t\tid=\"ld-lesson__row-tooltip--39271\"\n\t\t\t\t\trole=\"tooltip\"\n\t\t\t\t>\n\t\t\t\t\tYou don&#039;t currently have access to this content\t\t\t\t<\/div>\n\t\t\t\t\t<\/div>\n\n\t\t\n\t\t<div class=\"ld-item-details\">\n\t\t\t\t\t<\/div> <!--\/.ld-item-details-->\n\n\t\t\n\t<\/div> <!--\/.ld-item-list-item-preview-->\n\t<\/div> <!--\/.ld-item-list-item-->\n\t\n<div\n\tclass=\"ld-item-list-item ld-item-lesson-item ld-lesson-item-39272 is_not_sample learndash-not-available learndash-incomplete\"\n\tid=\"ld-expand-39272\"\n\tdata-ld-expand-id=\"ld-expand-39272\"\n\t>\n\t<div class=\"ld-item-list-item-preview\">\n\t\t<div class=\"ld-tooltip\">\n\t\t\t\n\t\t\t<a\n\t\t\t\t\t\t\t\t\taria-describedby=\"ld-lesson__row-tooltip--39272\"\n\t\t\t\t\t\t\t\tclass=\"ld-item-name ld-primary-color-hover\"\n\t\t\t\thref=\"https:\/\/piano-academie.com\/courses\/moon-river-debutant\/lessons\/moon-river-lecon-jaune\/\"\n\t\t\t>\n\t\t\t\t<div class=\"ld-status-icon ld-status-incomplete\" role=\"img\" aria-label=\"Not started\"><\/div>\t\t\t\t<div class=\"ld-item-title\">\n\t\t\t\t\tMoon River  &#8211; le\u00e7on jaune\n\t\t\t\t<\/div> <!--\/.ld-item-title-->\n\t\t\t<\/a>\n\n\t\t\t\t\t\t\t<div\n\t\t\t\t\tclass=\"ld-tooltip__text\"\n\t\t\t\t\tid=\"ld-lesson__row-tooltip--39272\"\n\t\t\t\t\trole=\"tooltip\"\n\t\t\t\t>\n\t\t\t\t\tYou don&#039;t currently have access to this content\t\t\t\t<\/div>\n\t\t\t\t\t<\/div>\n\n\t\t\n\t\t<div class=\"ld-item-details\">\n\t\t\t\t\t<\/div> <!--\/.ld-item-details-->\n\n\t\t\n\t<\/div> <!--\/.ld-item-list-item-preview-->\n\t<\/div> <!--\/.ld-item-list-item-->\n\t\n<div\n\tclass=\"ld-item-list-item ld-item-lesson-item ld-lesson-item-39273 is_not_sample learndash-not-available learndash-incomplete\"\n\tid=\"ld-expand-39273\"\n\tdata-ld-expand-id=\"ld-expand-39273\"\n\t>\n\t<div class=\"ld-item-list-item-preview\">\n\t\t<div class=\"ld-tooltip\">\n\t\t\t\n\t\t\t<a\n\t\t\t\t\t\t\t\t\taria-describedby=\"ld-lesson__row-tooltip--39273\"\n\t\t\t\t\t\t\t\tclass=\"ld-item-name ld-primary-color-hover\"\n\t\t\t\thref=\"https:\/\/piano-academie.com\/courses\/moon-river-debutant\/lessons\/moon-river-lecon-rouge\/\"\n\t\t\t>\n\t\t\t\t<div class=\"ld-status-icon ld-status-incomplete\" role=\"img\" aria-label=\"Not started\"><\/div>\t\t\t\t<div class=\"ld-item-title\">\n\t\t\t\t\tMoon River  &#8211; le\u00e7on rouge\n\t\t\t\t<\/div> <!--\/.ld-item-title-->\n\t\t\t<\/a>\n\n\t\t\t\t\t\t\t<div\n\t\t\t\t\tclass=\"ld-tooltip__text\"\n\t\t\t\t\tid=\"ld-lesson__row-tooltip--39273\"\n\t\t\t\t\trole=\"tooltip\"\n\t\t\t\t>\n\t\t\t\t\tYou don&#039;t currently have access to this content\t\t\t\t<\/div>\n\t\t\t\t\t<\/div>\n\n\t\t\n\t\t<div class=\"ld-item-details\">\n\t\t\t\t\t<\/div> <!--\/.ld-item-details-->\n\n\t\t\n\t<\/div> <!--\/.ld-item-list-item-preview-->\n\t<\/div> <!--\/.ld-item-list-item-->\n\t\n<div\n\tclass=\"ld-item-list-item ld-item-lesson-item ld-lesson-item-39274 is_not_sample learndash-not-available learndash-incomplete\"\n\tid=\"ld-expand-39274\"\n\tdata-ld-expand-id=\"ld-expand-39274\"\n\t>\n\t<div class=\"ld-item-list-item-preview\">\n\t\t<div class=\"ld-tooltip\">\n\t\t\t\n\t\t\t<a\n\t\t\t\t\t\t\t\t\taria-describedby=\"ld-lesson__row-tooltip--39274\"\n\t\t\t\t\t\t\t\tclass=\"ld-item-name ld-primary-color-hover\"\n\t\t\t\thref=\"https:\/\/piano-academie.com\/courses\/moon-river-debutant\/lessons\/moon-river-lecon-violette\/\"\n\t\t\t>\n\t\t\t\t<div class=\"ld-status-icon ld-status-incomplete\" role=\"img\" aria-label=\"Not started\"><\/div>\t\t\t\t<div class=\"ld-item-title\">\n\t\t\t\t\tMoon River  &#8211; le\u00e7on violette\n\t\t\t\t<\/div> <!--\/.ld-item-title-->\n\t\t\t<\/a>\n\n\t\t\t\t\t\t\t<div\n\t\t\t\t\tclass=\"ld-tooltip__text\"\n\t\t\t\t\tid=\"ld-lesson__row-tooltip--39274\"\n\t\t\t\t\trole=\"tooltip\"\n\t\t\t\t>\n\t\t\t\t\tYou don&#039;t currently have access to this content\t\t\t\t<\/div>\n\t\t\t\t\t<\/div>\n\n\t\t\n\t\t<div class=\"ld-item-details\">\n\t\t\t\t\t<\/div> <!--\/.ld-item-details-->\n\n\t\t\n\t<\/div> <!--\/.ld-item-list-item-preview-->\n\t<\/div> <!--\/.ld-item-list-item-->\n\t\n<div\n\tclass=\"ld-item-list-item ld-item-lesson-item ld-lesson-item-39275 is_not_sample learndash-not-available learndash-incomplete\"\n\tid=\"ld-expand-39275\"\n\tdata-ld-expand-id=\"ld-expand-39275\"\n\t>\n\t<div class=\"ld-item-list-item-preview\">\n\t\t<div class=\"ld-tooltip\">\n\t\t\t\n\t\t\t<a\n\t\t\t\t\t\t\t\t\taria-describedby=\"ld-lesson__row-tooltip--39275\"\n\t\t\t\t\t\t\t\tclass=\"ld-item-name ld-primary-color-hover\"\n\t\t\t\thref=\"https:\/\/piano-academie.com\/courses\/moon-river-debutant\/lessons\/moon-river-lecon-verte\/\"\n\t\t\t>\n\t\t\t\t<div class=\"ld-status-icon ld-status-incomplete\" role=\"img\" aria-label=\"Not started\"><\/div>\t\t\t\t<div class=\"ld-item-title\">\n\t\t\t\t\tMoon River  &#8211; le\u00e7on verte\n\t\t\t\t<\/div> <!--\/.ld-item-title-->\n\t\t\t<\/a>\n\n\t\t\t\t\t\t\t<div\n\t\t\t\t\tclass=\"ld-tooltip__text\"\n\t\t\t\t\tid=\"ld-lesson__row-tooltip--39275\"\n\t\t\t\t\trole=\"tooltip\"\n\t\t\t\t>\n\t\t\t\t\tYou don&#039;t currently have access to this content\t\t\t\t<\/div>\n\t\t\t\t\t<\/div>\n\n\t\t\n\t\t<div class=\"ld-item-details\">\n\t\t\t\t\t<\/div> <!--\/.ld-item-details-->\n\n\t\t\n\t<\/div> <!--\/.ld-item-list-item-preview-->\n\t<\/div> <!--\/.ld-item-list-item-->\n\t<div class=\"ld-pagination ld-pagination-page-course_content_shortcode\" data-pager-nonce=\"de8641dfb3\" data-pager-results=\"{&quot;paged&quot;:1,&quot;total_items&quot;:7,&quot;total_pages&quot;:2}\">\n\t\t\t\t\t\t<div class=\"ld-pages\">\n\t\t<a class=\"prev ld-primary-color-hover disabled\" \t\t\thref=\"\/en\/wp-json\/wp\/v2\/product\/39318?ld-courseinfo-lesson-page=1\"\n\t\t data-context=\"course_content_shortcode\" data-paged=\"1\" data-course_id=\"39270\"   class=\"disabled\"  disabled=&quot;disabled&quot;  title=\"Previous Page\" aria-label=\"Previous Page\">\n\t\t\t\t\t<span class=\"ld-icon-arrow-left ld-icon\"><\/span><\/a>\n\t\t\t\t<\/span>\n\t\t<span>\n\t\t1 of 2\t\t<\/span>\n\t\t\t<a class=\"next ld-primary-color-hover \" \t\t\t\thref=\"\/en\/wp-json\/wp\/v2\/product\/39318?ld-courseinfo-lesson-page=2\"\n\t\t\t data-context=\"course_content_shortcode\" data-paged=\"2\" data-course_id=\"39270\"   class=\"\"  title=\"Next Page\" aria-label=\"Next Page\">\n\t\t\t\t\t\t\t<span class=\"ld-icon-arrow-right ld-icon\"><\/span><\/a>\n\t\t\t\n\t\t<\/div>\n\t\t\t\t\t\t<\/div>\t<\/div> <!--\/.ld-item-list-items-->\n\n\t\t<\/div> <!--\/.ld-item-list-->\n\n\t\t\t<\/div> <!--\/.learndash-wrapper-->\n\t\t<\/div><\/div><\/p>\t\t\t\t\t\t\t\t<\/div>\n\t\t\t\t<\/div>\n\t\t\t\t\t<\/div>\n\t\t<\/div>\n\t\t\t\t\t<\/div>\n\t\t<\/section>\n\t\t\t\t<\/div>\n\t\t","protected":false},"excerpt":{"rendered":"<p>Apprendre \u00e0 jouer le th\u00e8me du film Diamants sur canap\u00e9 qui a immortalis\u00e9 L&#8217;immense Audrey Hepburn. Ce cours en 6 vid\u00e9os s&#8217;adresse aux \u00e9l\u00e8ves d\u00e9butants.<\/p>\n","protected":false},"featured_media":39319,"template":"","meta":{"_acf_changed":false,"_bbp_topic_count":0,"_bbp_reply_count":0,"_bbp_total_topic_count":0,"_bbp_total_reply_count":0,"_bbp_voice_count":0,"_bbp_anonymous_reply_count":0,"_bbp_topic_count_hidden":0,"_bbp_reply_count_hidden":0,"_bbp_forum_subforum_count":0},"product_brand":[],"product_cat":[155,55],"product_tag":[279],"giftcard-category":[],"class_list":{"0":"post-39318","1":"product","2":"type-product","3":"status-publish","4":"has-post-thumbnail","6":"product_cat-musique-de-film","7":"product_cat-piano-boxes","8":"product_tag-6-lecons","10":"first","11":"instock","12":"virtual","13":"sold-individually","14":"taxable","15":"purchasable","16":"product-type-course"},"acf":[],"_links":{"self":[{"href":"https:\/\/piano-academie.com\/en\/wp-json\/wp\/v2\/product\/39318","targetHints":{"allow":["GET"]}}],"collection":[{"href":"https:\/\/piano-academie.com\/en\/wp-json\/wp\/v2\/product"}],"about":[{"href":"https:\/\/piano-academie.com\/en\/wp-json\/wp\/v2\/types\/product"}],"version-history":[{"count":0,"href":"https:\/\/piano-academie.com\/en\/wp-json\/wp\/v2\/product\/39318\/revisions"}],"wp:featuredmedia":[{"embeddable":true,"href":"https:\/\/piano-academie.com\/en\/wp-json\/wp\/v2\/media\/39319"}],"wp:attachment":[{"href":"https:\/\/piano-academie.com\/en\/wp-json\/wp\/v2\/media?parent=39318"}],"wp:term":[{"taxonomy":"product_brand","embeddable":true,"href":"https:\/\/piano-academie.com\/en\/wp-json\/wp\/v2\/product_brand?post=39318"},{"taxonomy":"product_cat","embeddable":true,"href":"https:\/\/piano-academie.com\/en\/wp-json\/wp\/v2\/product_cat?post=39318"},{"taxonomy":"product_tag","embeddable":true,"href":"https:\/\/piano-academie.com\/en\/wp-json\/wp\/v2\/product_tag?post=39318"},{"taxonomy":"giftcard-category","embeddable":true,"href":"https:\/\/piano-academie.com\/en\/wp-json\/wp\/v2\/giftcard-category?post=39318"}],"curies":[{"name":"wp","href":"https:\/\/api.w.org\/{rel}","templated":true}]}}